{"id":3284,"date":"2024-06-10T11:36:47","date_gmt":"2024-06-10T09:36:47","guid":{"rendered":"https:\/\/konfigurator.nu\/3d\/"},"modified":"2026-04-13T14:42:20","modified_gmt":"2026-04-13T12:42:20","slug":"3d-nettet","status":"publish","type":"page","link":"https:\/\/konfigurator.nu\/da\/3d-nettet\/","title":{"rendered":"3D"},"content":{"rendered":"\n<div class=\"wp-block-uagb-container uagb-block-c54c600d alignfull uagb-is-root-container\"><div class=\"uagb-container__video-wrap\"><video autoplay loop muted playsinline><source src=\"https:\/\/konfigurator.nu\/wp-content\/uploads\/2024\/09\/603603_Future_Futuristic_1280x720.mp4\" type=\"video\/mp4\"\/><\/video><\/div><div class=\"uagb-container-inner-blocks-wrap\">\n<div class=\"wp-block-uagb-advanced-heading uagb-block-8b796fc7\"><h1 class=\"uagb-heading-text\">3D p\u00e5 nettet<\/h1><\/div>\n<\/div><\/div>\n\n\n\n<div class=\"wp-block-uagb-container uagb-block-7637fadb alignfull uagb-is-root-container\"><div class=\"uagb-container-inner-blocks-wrap\">\n<div class=\"wp-block-media-text is-stacked-on-mobile\"><figure class=\"wp-block-media-text__media\"><img fetchpriority=\"high\" decoding=\"async\" width=\"1024\" height=\"1024\" src=\"https:\/\/konfigurator.nu\/wp-content\/uploads\/2024\/09\/DALL\u00b7E-2024-09-05-16.19.10-A-realistic-depiction-of-the-future-of-virtual-reality-VR-and-how-the-web-may-look.-The-image-shows-a-person-wearing-a-sleek-modern-VR-headset-in-a.webp\" alt=\"Nettet\" class=\"wp-image-3242 size-full\" srcset=\"https:\/\/konfigurator.nu\/wp-content\/uploads\/2024\/09\/DALL\u00b7E-2024-09-05-16.19.10-A-realistic-depiction-of-the-future-of-virtual-reality-VR-and-how-the-web-may-look.-The-image-shows-a-person-wearing-a-sleek-modern-VR-headset-in-a.webp 1024w, https:\/\/konfigurator.nu\/wp-content\/uploads\/2024\/09\/DALL\u00b7E-2024-09-05-16.19.10-A-realistic-depiction-of-the-future-of-virtual-reality-VR-and-how-the-web-may-look.-The-image-shows-a-person-wearing-a-sleek-modern-VR-headset-in-a-300x300.webp 300w, https:\/\/konfigurator.nu\/wp-content\/uploads\/2024\/09\/DALL\u00b7E-2024-09-05-16.19.10-A-realistic-depiction-of-the-future-of-virtual-reality-VR-and-how-the-web-may-look.-The-image-shows-a-person-wearing-a-sleek-modern-VR-headset-in-a-150x150.webp 150w, https:\/\/konfigurator.nu\/wp-content\/uploads\/2024\/09\/DALL\u00b7E-2024-09-05-16.19.10-A-realistic-depiction-of-the-future-of-virtual-reality-VR-and-how-the-web-may-look.-The-image-shows-a-person-wearing-a-sleek-modern-VR-headset-in-a-768x768.webp 768w\" sizes=\"(max-width: 1024px) 100vw, 1024px\" \/><\/figure><div class=\"wp-block-media-text__content\">\n<h3 class=\"wp-block-heading\">Fordele ved 3D p\u00e5 nettet<\/h3>\n\n\n\n<p style=\"font-size:18px\">I dagens hurtigt udviklende digitale landskab spiller 3D-visualisering en stadig vigtigere rolle p\u00e5 nettet. Teknologien giver virksomheder og kunder en rigere og mere engagerende oplevelse, hvilket er afg\u00f8rende for at holde sig i front p\u00e5 markedet. Her er en oversigt over, hvorfor 3D p\u00e5 nettet er s\u00e5 gavnligt, samt almindelige anvendelser og specifikke fordele ved 3D-visualisering.  <\/p>\n<\/div><\/div>\n\n\n\n<div class=\"wp-block-uagb-info-box uagb-block-1de365e1 uagb-infobox__content-wrap  uagb-infobox-icon-above-title uagb-infobox-image-valign-top wp-block-uagb-info-box--has-margin\"><div class=\"uagb-infobox-margin-wrapper\"><div class=\"uagb-ifb-content\"><div class=\"uagb-ifb-title-wrap\"><h2 class=\"uagb-ifb-title\">Hvorfor 3D p\u00e5 nettet er fremtiden<\/h2><\/div><\/div><\/div><\/div>\n\n\n\n<div class=\"wp-block-uagb-container uagb-layout-grid uagb-block-c7842b82\">\n<div class=\"wp-block-uagb-info-box uagb-block-8b0629f9 uagb-infobox__content-wrap  uagb-infobox-icon-above-title uagb-infobox-image-valign-top\"><div class=\"uagb-ifb-content\"><div class=\"uagb-ifb-title-wrap\"><h3 class=\"uagb-ifb-title\">Forbedring af kundeoplevelsen<\/h3><\/div><p class=\"uagb-ifb-desc\">3D-visualiseringer p\u00e5 nettet giver en interaktiv og dynamisk brugeroplevelse, som traditionelle todimensionelle billeder og tekster ikke kan matche. Kunderne kan rotere, zoome og interagere med produktet i realtid, hvilket giver en dybere forst\u00e5else af produktets udseende, funktion og kvalitet. Det \u00f8ger kundernes tillid og kan f\u00f8re til hurtigere og mere informerede k\u00f8bsbeslutninger.  <\/p><div class=\"uagb-ifb-separator\"><\/div><\/div><\/div>\n\n\n\n<div class=\"wp-block-uagb-info-box uagb-block-8d79e3a5 uagb-infobox__content-wrap  uagb-infobox-icon-above-title uagb-infobox-image-valign-top\"><div class=\"uagb-ifb-content\"><div class=\"uagb-ifb-title-wrap\"><h3 class=\"uagb-ifb-title\">H\u00f8jere konverteringsrate<\/h3><\/div><p class=\"uagb-ifb-desc\">N\u00e5r kunderne f\u00e5r et mere pr\u00e6cist og realistisk billede af produktet, mindskes risikoen for d\u00e5rlig samvittighed og forkerte bestillinger. Denne klarhed og gennemsigtighed kan f\u00f8re til h\u00f8jere konverteringsrater, da kunderne f\u00f8ler sig mere sikre p\u00e5 deres k\u00f8b. 3D-visualiseringer kan ogs\u00e5 reducere antallet af returneringer og klager ved at sikre, at kunden ved pr\u00e6cis, hvad de f\u00e5r.  <\/p><div class=\"uagb-ifb-separator\"><\/div><\/div><\/div>\n\n\n\n<div class=\"wp-block-uagb-info-box uagb-block-cba06e60 uagb-infobox__content-wrap  uagb-infobox-icon-above-title uagb-infobox-image-valign-top\"><div class=\"uagb-ifb-content\"><div class=\"uagb-ifb-title-wrap\"><h3 class=\"uagb-ifb-title\">Konkurrencem\u00e6ssig fordel<\/h3><\/div><p class=\"uagb-ifb-desc\">Ved at tilbyde 3D-visualisering p\u00e5 nettet kan en virksomhed differentiere sig fra sine konkurrenter. Det viser, at virksomheden er p\u00e5 forkant med teknologien og er engageret i at tilbyde den bedst mulige kundeoplevelse. Det kan v\u00e6re en afg\u00f8rende faktor i en kundes beslutning om at v\u00e6lge dit brand frem for et andet.  <\/p><\/div><\/div>\n\n\n\n<div class=\"wp-block-uagb-info-box uagb-block-1eb12d96 uagb-infobox__content-wrap  uagb-infobox-icon-above-title uagb-infobox-image-valign-top\"><div class=\"uagb-ifb-content\"><div class=\"uagb-ifb-title-wrap\"><h3 class=\"uagb-ifb-title\">Bedre markedsf\u00f8ring<\/h3><\/div><p class=\"uagb-ifb-desc\">3D-visualiseringer kan bruges i markedsf\u00f8ringsmateriale til at skabe mere engagerende og mindev\u00e6rdige kampagner. De kan bruges p\u00e5 sociale medier, i reklamer og p\u00e5 andre digitale platforme til at fange kundernes opm\u00e6rksomhed og fremvise produkter p\u00e5 en mere tiltr\u00e6kkende m\u00e5de. <\/p><\/div><\/div>\n<\/div>\n\n\n\n<figure class=\"wp-block-image alignfull size-large\"><img decoding=\"async\" width=\"1024\" height=\"576\" src=\"https:\/\/konfigurator.nu\/wp-content\/uploads\/2024\/07\/Macbook_iPad_iPhone-Mockup-Mall_Ewellix-edited-1024x576.png\" alt=\"\" class=\"wp-image-3086\" srcset=\"https:\/\/konfigurator.nu\/wp-content\/uploads\/2024\/07\/Macbook_iPad_iPhone-Mockup-Mall_Ewellix-edited-1024x576.png 1024w, https:\/\/konfigurator.nu\/wp-content\/uploads\/2024\/07\/Macbook_iPad_iPhone-Mockup-Mall_Ewellix-edited-300x169.png 300w, https:\/\/konfigurator.nu\/wp-content\/uploads\/2024\/07\/Macbook_iPad_iPhone-Mockup-Mall_Ewellix-edited-768x432.png 768w, https:\/\/konfigurator.nu\/wp-content\/uploads\/2024\/07\/Macbook_iPad_iPhone-Mockup-Mall_Ewellix-edited-1536x864.png 1536w, https:\/\/konfigurator.nu\/wp-content\/uploads\/2024\/07\/Macbook_iPad_iPhone-Mockup-Mall_Ewellix-edited-2048x1153.png 2048w\" sizes=\"(max-width: 1024px) 100vw, 1024px\" \/><\/figure>\n\n\n\n<div class=\"wp-block-uagb-info-box uagb-block-f5f5fdc4 uagb-infobox__content-wrap  uagb-infobox-icon-above-title uagb-infobox-image-valign-top\"><div class=\"uagb-ifb-content\"><div class=\"uagb-ifb-title-wrap\"><h2 class=\"uagb-ifb-title\">F\u00e6lles anvendelsesomr\u00e5der<\/h2><\/div><\/div><\/div>\n\n\n\n<div class=\"wp-block-uagb-container uagb-layout-grid uagb-block-b1a6a8d0\">\n<div class=\"wp-block-uagb-info-box uagb-block-b45c349d uagb-infobox__content-wrap  uagb-infobox-icon-above-title uagb-infobox-image-valign-top\"><div class=\"uagb-ifb-content\"><div class=\"uagb-ifb-title-wrap\"><h3 class=\"uagb-ifb-title\">E-handel<\/h3><\/div><p class=\"uagb-ifb-desc\">I e-handel bruges 3D-visualiseringer til at forbedre produktpr\u00e6sentationen. Kunderne kan se detaljerede 3D-modeller af produkter som t\u00f8j, m\u00f8bler, elektronik og smykker, hvilket hj\u00e6lper dem med at tr\u00e6ffe bedre k\u00f8bsbeslutninger. <\/p><div class=\"uagb-ifb-separator\"><\/div><\/div><\/div>\n\n\n\n<div class=\"wp-block-uagb-info-box uagb-block-1566ed18 uagb-infobox__content-wrap  uagb-infobox-icon-above-title uagb-infobox-image-valign-top\"><div class=\"uagb-ifb-content\"><div class=\"uagb-ifb-title-wrap\"><h3 class=\"uagb-ifb-title\">Bilindustrien<\/h3><\/div><p class=\"uagb-ifb-desc\">Bilproducenter og -forhandlere bruger <a href=\"https:\/\/konfigurator.nu\/da\/3d-konfigurator\/\" data-type=\"link\" data-id=\"https:\/\/konfigurator.nu\/da\/3d-konfigurator\/\">3D-konfiguratorer<\/a> til at give kunderne mulighed for at tilpasse og visualisere biler online. Kunderne kan v\u00e6lge farver, f\u00e6lge, interi\u00f8rmaterialer og tilbeh\u00f8r og se, hvordan deres valg p\u00e5virker bilens udseende og funktion.<\/p><div class=\"uagb-ifb-separator\"><\/div><\/div><\/div>\n\n\n\n<div class=\"wp-block-uagb-info-box uagb-block-653e03ed uagb-infobox__content-wrap  uagb-infobox-icon-above-title uagb-infobox-image-valign-top\"><div class=\"uagb-ifb-content\"><div class=\"uagb-ifb-title-wrap\"><h3 class=\"uagb-ifb-title\">Mode og design<\/h3><\/div><p class=\"uagb-ifb-desc\">I modebranchen bruges 3D-visualiseringer til at vise t\u00f8j og tilbeh\u00f8r p\u00e5 modeller eller som en del af en virtuel catwalk. Det giver kunderne en bedre id\u00e9 om, hvordan t\u00f8jet vil se ud og passe p\u00e5 en virkelig person. <\/p><\/div><\/div>\n\n\n\n<div class=\"wp-block-uagb-info-box uagb-block-43797ea1 uagb-infobox__content-wrap  uagb-infobox-icon-above-title uagb-infobox-image-valign-top\"><div class=\"uagb-ifb-content\"><div class=\"uagb-ifb-title-wrap\"><h3 class=\"uagb-ifb-title\">M\u00f8bler og interi\u00f8rdesign<\/h3><\/div><p class=\"uagb-ifb-desc\">Inden for m\u00f8bel- og indretningsdesign bruges 3D-visualiseringer til at vise, hvordan m\u00f8bler og inventar ser ud i forskellige milj\u00f8er. Kunderne kan se, hvordan forskellige m\u00f8bler passer sammen i et rum, justere farver, materialer og placering for at f\u00e5 en bedre id\u00e9 om slutresultatet, f\u00f8r de foretager et k\u00f8b. <\/p><\/div><\/div>\n<\/div>\n\n\n\n<div class=\"wp-block-uagb-separator uagb-block-0fe696ca\"><div class=\"uagb-separator-spacing-wrapper\"><div class=\"wp-block-uagb-separator__inner\" style=\"--my-background-image:\"><\/div><\/div><\/div>\n\n\n\n<div class=\"wp-block-uagb-info-box uagb-block-376ade61 uagb-infobox__content-wrap  uagb-infobox-icon-above-title uagb-infobox-image-valign-top\"><div class=\"uagb-ifb-content\"><div class=\"uagb-ifb-title-wrap\"><h2 class=\"uagb-ifb-title\">Pr\u00f8v forskellige 3D-oplevelser p\u00e5 nettet<\/h2><\/div><\/div><\/div>\n<\/div><\/div>\n\n\n\n<div class=\"wp-block-media-text is-stacked-on-mobile\" style=\"padding-top:0;padding-bottom:var(--wp--preset--spacing--40)\"><figure class=\"wp-block-media-text__media\"><img decoding=\"async\" width=\"800\" height=\"450\" src=\"https:\/\/konfigurator.nu\/wp-content\/uploads\/2024\/09\/Elfa-GIF.gif\" alt=\"Verkossa\" class=\"wp-image-4057 size-full\"\/><\/figure><div class=\"wp-block-media-text__content\">\n<p class=\"has-medium-font-size\">Fj\u00e4llr\u00e4ven &#8220;K\u00e5nken Me&#8221; 3D-konfigurator: <a href=\"https:\/\/www.fjallraven.com\/se\/sv-se\/vaskor-utrustning\/kanken\/kanken-ryggsackar\/kanken-me\/?v=F23520::7323450746926\" target=\"_blank\" rel=\"noopener\">LINK<\/a><\/p>\n\n\n\n<p class=\"has-medium-font-size\">Ewellix&#8217; virtuelle 3D-showroom: <a href=\"https:\/\/virtual-showroom.ewellix.com\/\" target=\"_blank\" rel=\"noopener\">LINK<\/a><\/p>\n\n\n\n<p class=\"has-medium-font-size\">ELFA &#8220;Planner&#8221; 3D Builder: <a href=\"https:\/\/elfa.com\/sv-se\/planering\" target=\"_blank\" rel=\"noopener\">LINK<\/a><\/p>\n\n\n\n<p class=\"has-medium-font-size\">Digital 3D Twin med ekstremt h\u00f8j kvalitet: <a href=\"https:\/\/watch.animech.com\/\" target=\"_blank\" rel=\"noopener\">LINK<\/a><\/p>\n<\/div><\/div>\n\n\n\n<p><\/p>\n","protected":false},"excerpt":{"rendered":"<p>3D p\u00e5 nettet Fordele ved 3D p\u00e5 nettet I dagens hurtigt udviklende digitale landskab spiller 3D-visualisering en stadig vigtigere rolle p\u00e5 nettet. Teknologien giver virksomheder og kunder en rigere og mere engagerende oplevelse, hvilket er afg\u00f8rende for at holde sig i front p\u00e5 markedet. Her er en oversigt over, hvorfor 3D p\u00e5 nettet er s\u00e5 [&hellip;]<\/p>\n","protected":false},"author":2,"featured_media":0,"parent":0,"menu_order":0,"comment_status":"closed","ping_status":"closed","template":"","meta":{"_uag_custom_page_level_css":"","site-sidebar-layout":"no-sidebar","site-content-layout":"plain-container","ast-site-content-layout":"normal-width-container","site-content-style":"unboxed","site-sidebar-style":"unboxed","ast-global-header-display":"","ast-banner-title-visibility":"","ast-main-header-display":"","ast-hfb-above-header-display":"","ast-hfb-below-header-display":"","ast-hfb-mobile-header-display":"","site-post-title":"disabled","ast-breadcrumbs-content":"","ast-featured-img":"disabled","footer-sml-layout":"","ast-disable-related-posts":"","theme-transparent-header-meta":"enabled","adv-header-id-meta":"","stick-header-meta":"","header-above-stick-meta":"","header-main-stick-meta":"","header-below-stick-meta":"","astra-migrate-meta-layouts":"set","ast-page-background-enabled":"default","ast-page-background-meta":{"desktop":{"background-color":"","background-image":"","background-repeat":"repeat","background-position":"center center","background-size":"auto","background-attachment":"scroll","background-type":"","background-media":"","overlay-type":"","overlay-color":"","overlay-opacity":"","overlay-gradient":""},"tablet":{"background-color":"","background-image":"","background-repeat":"repeat","background-position":"center center","background-size":"auto","background-attachment":"scroll","background-type":"","background-media":"","overlay-type":"","overlay-color":"","overlay-opacity":"","overlay-gradient":""},"mobile":{"background-color":"","background-image":"","background-repeat":"repeat","background-position":"center center","background-size":"auto","background-attachment":"scroll","background-type":"","background-media":"","overlay-type":"","overlay-color":"","overlay-opacity":"","overlay-gradient":""}},"ast-content-background-meta":{"desktop":{"background-color":"var(--ast-global-color-5)","background-image":"","background-repeat":"repeat","background-position":"center center","background-size":"auto","background-attachment":"scroll","background-type":"","background-media":"","overlay-type":"","overlay-color":"","overlay-opacity":"","overlay-gradient":""},"tablet":{"background-color":"var(--ast-global-color-5)","background-image":"","background-repeat":"repeat","background-position":"center center","background-size":"auto","background-attachment":"scroll","background-type":"","background-media":"","overlay-type":"","overlay-color":"","overlay-opacity":"","overlay-gradient":""},"mobile":{"background-color":"var(--ast-global-color-5)","background-image":"","background-repeat":"repeat","background-position":"center center","background-size":"auto","background-attachment":"scroll","background-type":"","background-media":"","overlay-type":"","overlay-color":"","overlay-opacity":"","overlay-gradient":""}},"footnotes":""},"class_list":["post-3284","page","type-page","status-publish","hentry"],"uagb_featured_image_src":{"full":false,"thumbnail":false,"medium":false,"medium_large":false,"large":false,"1536x1536":false,"2048x2048":false},"uagb_author_info":{"display_name":"Staffan Hagberg","author_link":"https:\/\/konfigurator.nu\/da\/author\/staffan_konfigurator-nu\/"},"uagb_comment_info":0,"uagb_excerpt":"3D p\u00e5 nettet Fordele ved 3D p\u00e5 nettet I dagens hurtigt udviklende digitale landskab spiller 3D-visualisering en stadig vigtigere rolle p\u00e5 nettet. Teknologien giver virksomheder og kunder en rigere og mere engagerende oplevelse, hvilket er afg\u00f8rende for at holde sig i front p\u00e5 markedet. Her er en oversigt over, hvorfor 3D p\u00e5 nettet er s\u00e5&hellip;","_links":{"self":[{"href":"https:\/\/konfigurator.nu\/da\/wp-json\/wp\/v2\/pages\/3284","targetHints":{"allow":["GET"]}}],"collection":[{"href":"https:\/\/konfigurator.nu\/da\/wp-json\/wp\/v2\/pages"}],"about":[{"href":"https:\/\/konfigurator.nu\/da\/wp-json\/wp\/v2\/types\/page"}],"author":[{"embeddable":true,"href":"https:\/\/konfigurator.nu\/da\/wp-json\/wp\/v2\/users\/2"}],"replies":[{"embeddable":true,"href":"https:\/\/konfigurator.nu\/da\/wp-json\/wp\/v2\/comments?post=3284"}],"version-history":[{"count":7,"href":"https:\/\/konfigurator.nu\/da\/wp-json\/wp\/v2\/pages\/3284\/revisions"}],"predecessor-version":[{"id":4321,"href":"https:\/\/konfigurator.nu\/da\/wp-json\/wp\/v2\/pages\/3284\/revisions\/4321"}],"wp:attachment":[{"href":"https:\/\/konfigurator.nu\/da\/wp-json\/wp\/v2\/media?parent=3284"}],"curies":[{"name":"wp","href":"https:\/\/api.w.org\/{rel}","templated":true}]}}