{"id":3286,"date":"2024-07-23T10:44:33","date_gmt":"2024-07-23T08:44:33","guid":{"rendered":"https:\/\/konfigurator.nu\/3d-konfigurator\/"},"modified":"2026-04-13T14:43:29","modified_gmt":"2026-04-13T12:43:29","slug":"3d-konfigurator","status":"publish","type":"page","link":"https:\/\/konfigurator.nu\/da\/3d-konfigurator\/","title":{"rendered":"3D-konfigurator"},"content":{"rendered":"\n<div class=\"wp-block-uagb-container uagb-block-d6924da0 alignfull uagb-is-root-container\"><div class=\"uagb-container__video-wrap\"><video autoplay loop muted playsinline><source src=\"https:\/\/konfigurator.nu\/wp-content\/uploads\/2024\/09\/Car01_0000.mp4\" type=\"video\/mp4\"\/><\/video><\/div><div class=\"uagb-container-inner-blocks-wrap\">\n<div class=\"wp-block-uagb-advanced-heading uagb-block-efa76908\"><h1 class=\"uagb-heading-text\">3D-KONFIGURATOR<\/h1><\/div>\n<\/div><\/div>\n\n\n\n<div class=\"wp-block-uagb-container uagb-layout-grid uagb-block-24299646 alignfull uagb-is-root-container\"><div class=\"uagb-container-inner-blocks-wrap\">\n<div class=\"wp-block-uagb-info-box uagb-block-f02872bf uagb-infobox__content-wrap  uagb-infobox-icon-above-title uagb-infobox-image-valign-top\"><div class=\"uagb-ifb-content\"><div class=\"uagb-ifb-title-wrap\"><h3 class=\"uagb-ifb-title\">Konfiguration i 3D<\/h3><\/div><p class=\"uagb-ifb-desc\">I dagens digitale \u00e6ra er <a href=\"https:\/\/animech.com\/en\/3d-configurator\/\" target=\"_blank\" rel=\"noopener\">3D-konfiguratorer<\/a> en uundv\u00e6rlig del af den moderne salgs- og marketingstrategi. Disse avancerede v\u00e6rkt\u00f8jer giver en revolutionerende oplevelse for b\u00e5de virksomheder og kunder og vil sandsynligvis blive afg\u00f8rende for at n\u00e5 ud til potentielle kunder i fremtiden. Virksomheder, der ikke tr\u00e6der ind i verden, risikerer at sakke bagud og miste v\u00e6rdifulde salgsmuligheder.  <br><br>3D-konfiguratorer er utvivlsomt fremtiden for web- og digitalt salg. De giver en unik og engagerende indk\u00f8bsoplevelse, som er sv\u00e6r at genskabe p\u00e5 andre platforme. Virksomheder, der investerer i denne teknologi, vil v\u00e6re godt rustet til at im\u00f8dekomme de voksende krav fra et stadig mere digitaliseret marked, mens de, der ikke g\u00f8r det, risikerer at sakke bagud og g\u00e5 glip af muligheder for salg og v\u00e6kst.  <\/p><\/div><\/div>\n\n\n\n<figure class=\"wp-block-image size-full\"><img fetchpriority=\"high\" decoding=\"async\" width=\"574\" height=\"400\" src=\"https:\/\/konfigurator.nu\/wp-content\/uploads\/2024\/07\/Showroom_SKF-Small-20-fps.gif\" alt=\"3D\" class=\"wp-image-4320\"\/><\/figure>\n<\/div><\/div>\n\n\n\n<div class=\"wp-block-uagb-container uagb-block-6be40f00 alignfull uagb-is-root-container\"><div class=\"uagb-container-inner-blocks-wrap\">\n<div class=\"wp-block-uagb-advanced-heading uagb-block-8e598847\"><h3 class=\"uagb-heading-text\">Funktionalitet og anvendelser<\/h3><\/div>\n\n\n\n<div class=\"wp-block-uagb-container uagb-layout-grid uagb-block-2b8639e4\">\n<div class=\"wp-block-uagb-advanced-heading uagb-block-dda0e0fa\"><h4 class=\"uagb-heading-text\">Fordele ved 3D-konfiguratorer<\/h4><p class=\"uagb-desc-text\"><strong>Forbedret kundeengagement<\/strong>: Interaktive 3D-modeller engagerer kunderne ved at give dem mulighed for at udforske og personligg\u00f8re produkter p\u00e5 en m\u00e5de, der er b\u00e5de sjov og informativ.Det forbedrer kundeoplevelsen og kan f\u00f8re til h\u00f8jere konverteringsrater. <br><br><strong>F\u00e6rre returneringer og reklamationer<\/strong>: Ved at give kunderne et klart og pr\u00e6cist billede af produktet f\u00f8r k\u00f8bet mindskes risikoen for misforst\u00e5elser og forkerte bestillinger.Det f\u00f8rer til f\u00e6rre returneringer og reklamationer, hvilket sparer din virksomhed tid og penge. <br><br><strong>St\u00e6rkere konkurrencefordel<\/strong>: Virksomheder, der bruger 3D-konfiguratorer, kan differentiere sig ved at tilbyde en overlegen og unik kundeoplevelse.Det kan tiltr\u00e6kke flere kunder og \u00f8ge de eksisterende kunders loyalitet. <br><br><strong>\u00d8get effektivitet og l\u00f8nsomhed<\/strong>: Med f\u00e6rre fejl og en mere effektiv konfigurationsproces kan virksomheder forbedre deres samlede effektivitet.Denne \u00f8gede n\u00f8jagtighed og effektivitet kan f\u00f8re til h\u00f8jere rentabilitet og en bedre udnyttelse af ressourcerne. <\/p><\/div>\n\n\n\n<div class=\"wp-block-uagb-advanced-heading uagb-block-b946363e\"><h4 class=\"uagb-heading-text\">F\u00e6lles anvendelsesomr\u00e5der<\/h4><p class=\"uagb-desc-text\"><br><strong>E-handel<\/strong>: At skabe en mere engagerende indk\u00f8bsoplevelse, hvor kunderne kan tilpasse produkter som m\u00f8bler, t\u00f8j, smykker og elektronik.<br><strong>Bilindustrien<\/strong>: Kunderne kan konfigurere og visualisere deres biler med forskellige farver, indretninger og muligheder, hvilket giver et realistisk billede af det endelige produkt.<br><strong>Ejendomsudvikling<\/strong>: G\u00f8r det muligt for k\u00f8bere at se og tilpasse forskellige aspekter af et hjem eller en erhvervsejendom f\u00f8r k\u00f8b.<br><strong>M\u00f8belindustri<\/strong>: Kunder kan tilpasse m\u00f8bler med forskellige materialer, farver og dimensioner og se, hvordan de ser ud i et virtuelt milj\u00f8.<br><strong>Industrielt design og fremstilling<\/strong>: Hj\u00e6lper ingeni\u00f8rer og designere med at visualisere og justere komplekse maskiner og udstyr f\u00f8r produktion.<\/p><\/div>\n\n\n\n<figure class=\"wp-block-gallery has-nested-images columns-default is-cropped wp-block-gallery-1 is-layout-flex wp-block-gallery-is-layout-flex\">\n<figure class=\"wp-block-image size-full has-custom-border is-style-default\"><img decoding=\"async\" width=\"1024\" height=\"1792\" data-id=\"4322\" src=\"https:\/\/konfigurator.nu\/wp-content\/uploads\/2024\/09\/DALL\u00b7E-2024-09-05-16.13.32-A-realistic-image-of-a-PC-monitor-in-portrait-mode-displaying-3D-models-with-a-simplified-user-interface.-The-screen-shows-a-clean-minimalistic-layou.webp\" alt=\"3D\" class=\"wp-image-4322\" style=\"border-style:none;border-width:0px;border-radius:0px\" srcset=\"https:\/\/konfigurator.nu\/wp-content\/uploads\/2024\/09\/DALL\u00b7E-2024-09-05-16.13.32-A-realistic-image-of-a-PC-monitor-in-portrait-mode-displaying-3D-models-with-a-simplified-user-interface.-The-screen-shows-a-clean-minimalistic-layou.webp 1024w, https:\/\/konfigurator.nu\/wp-content\/uploads\/2024\/09\/DALL\u00b7E-2024-09-05-16.13.32-A-realistic-image-of-a-PC-monitor-in-portrait-mode-displaying-3D-models-with-a-simplified-user-interface.-The-screen-shows-a-clean-minimalistic-layou-171x300.webp 171w, https:\/\/konfigurator.nu\/wp-content\/uploads\/2024\/09\/DALL\u00b7E-2024-09-05-16.13.32-A-realistic-image-of-a-PC-monitor-in-portrait-mode-displaying-3D-models-with-a-simplified-user-interface.-The-screen-shows-a-clean-minimalistic-layou-585x1024.webp 585w, https:\/\/konfigurator.nu\/wp-content\/uploads\/2024\/09\/DALL\u00b7E-2024-09-05-16.13.32-A-realistic-image-of-a-PC-monitor-in-portrait-mode-displaying-3D-models-with-a-simplified-user-interface.-The-screen-shows-a-clean-minimalistic-layou-768x1344.webp 768w, https:\/\/konfigurator.nu\/wp-content\/uploads\/2024\/09\/DALL\u00b7E-2024-09-05-16.13.32-A-realistic-image-of-a-PC-monitor-in-portrait-mode-displaying-3D-models-with-a-simplified-user-interface.-The-screen-shows-a-clean-minimalistic-layou-878x1536.webp 878w\" sizes=\"(max-width: 1024px) 100vw, 1024px\" \/><\/figure>\n<\/figure>\n<\/div>\n\n\n\n<p><\/p>\n\n\n\n<p><a href=\"https:\/\/konfigurator.nu\/da\/kontakt-os\/\">Kontakt os<\/a>, hvis du vil vide mere om, hvordan du kan f\u00e5 dine produkter i 3D p\u00e5 nettet.<\/p>\n\n\n\n<p><\/p>\n\n\n\n<div class=\"wp-block-uagb-advanced-heading uagb-block-9f28fc9e\"><p class=\"uagb-heading-text\">Et eksempel p\u00e5 3D-konfigurator er <strong><a href=\"https:\/\/www.inr.se\/planera-badrum\/planera-badrum-verktyg-3d\/\" target=\"_blank\" rel=\"noopener\">m\u00f8belv\u00e6rkstedet<\/a> <\/strong>udviklet af <a href=\"https:\/\/animech.com\/sv\/\" target=\"_blank\" rel=\"noopener\"><strong>Animech<\/strong><\/a>.<\/p><\/div>\n<\/div><\/div>\n\n\n\n<p><\/p>\n","protected":false},"excerpt":{"rendered":"<p>3D-KONFIGURATOR Funktionalitet og anvendelser Fordele ved 3D-konfiguratorer Forbedret kundeengagement: Interaktive 3D-modeller engagerer kunderne ved at give dem mulighed for at udforske og personligg\u00f8re produkter p\u00e5 en m\u00e5de, der er b\u00e5de sjov og informativ.Det forbedrer kundeoplevelsen og kan f\u00f8re til h\u00f8jere konverteringsrater. F\u00e6rre returneringer og reklamationer: Ved at give kunderne et klart og pr\u00e6cist billede af [&hellip;]<\/p>\n","protected":false},"author":3,"featured_media":0,"parent":0,"menu_order":0,"comment_status":"closed","ping_status":"closed","template":"","meta":{"_uag_custom_page_level_css":"","site-sidebar-layout":"default","site-content-layout":"","ast-site-content-layout":"default","site-content-style":"default","site-sidebar-style":"default","ast-global-header-display":"","ast-banner-title-visibility":"","ast-main-header-display":"","ast-hfb-above-header-display":"","ast-hfb-below-header-display":"","ast-hfb-mobile-header-display":"","site-post-title":"disabled","ast-breadcrumbs-content":"","ast-featured-img":"","footer-sml-layout":"","ast-disable-related-posts":"","theme-transparent-header-meta":"","adv-header-id-meta":"","stick-header-meta":"","header-above-stick-meta":"","header-main-stick-meta":"","header-below-stick-meta":"","astra-migrate-meta-layouts":"set","ast-page-background-enabled":"default","ast-page-background-meta":{"desktop":{"background-color":"","background-image":"","background-repeat":"repeat","background-position":"center center","background-size":"auto","background-attachment":"scroll","background-type":"","background-media":"","overlay-type":"","overlay-color":"","overlay-opacity":"","overlay-gradient":""},"tablet":{"background-color":"","background-image":"","background-repeat":"repeat","background-position":"center center","background-size":"auto","background-attachment":"scroll","background-type":"","background-media":"","overlay-type":"","overlay-color":"","overlay-opacity":"","overlay-gradient":""},"mobile":{"background-color":"","background-image":"","background-repeat":"repeat","background-position":"center center","background-size":"auto","background-attachment":"scroll","background-type":"","background-media":"","overlay-type":"","overlay-color":"","overlay-opacity":"","overlay-gradient":""}},"ast-content-background-meta":{"desktop":{"background-color":"var(--ast-global-color-5)","background-image":"","background-repeat":"repeat","background-position":"center center","background-size":"auto","background-attachment":"scroll","background-type":"","background-media":"","overlay-type":"","overlay-color":"","overlay-opacity":"","overlay-gradient":""},"tablet":{"background-color":"var(--ast-global-color-5)","background-image":"","background-repeat":"repeat","background-position":"center center","background-size":"auto","background-attachment":"scroll","background-type":"","background-media":"","overlay-type":"","overlay-color":"","overlay-opacity":"","overlay-gradient":""},"mobile":{"background-color":"var(--ast-global-color-5)","background-image":"","background-repeat":"repeat","background-position":"center center","background-size":"auto","background-attachment":"scroll","background-type":"","background-media":"","overlay-type":"","overlay-color":"","overlay-opacity":"","overlay-gradient":""}},"footnotes":""},"class_list":["post-3286","page","type-page","status-publish","hentry"],"uagb_featured_image_src":{"full":false,"thumbnail":false,"medium":false,"medium_large":false,"large":false,"1536x1536":false,"2048x2048":false},"uagb_author_info":{"display_name":"Tino Karazeimbekis","author_link":"https:\/\/konfigurator.nu\/da\/author\/tino\/"},"uagb_comment_info":0,"uagb_excerpt":"3D-KONFIGURATOR Funktionalitet og anvendelser Fordele ved 3D-konfiguratorer Forbedret kundeengagement: Interaktive 3D-modeller engagerer kunderne ved at give dem mulighed for at udforske og personligg\u00f8re produkter p\u00e5 en m\u00e5de, der er b\u00e5de sjov og informativ.Det forbedrer kundeoplevelsen og kan f\u00f8re til h\u00f8jere konverteringsrater. F\u00e6rre returneringer og reklamationer: Ved at give kunderne et klart og pr\u00e6cist billede af&hellip;","_links":{"self":[{"href":"https:\/\/konfigurator.nu\/da\/wp-json\/wp\/v2\/pages\/3286","targetHints":{"allow":["GET"]}}],"collection":[{"href":"https:\/\/konfigurator.nu\/da\/wp-json\/wp\/v2\/pages"}],"about":[{"href":"https:\/\/konfigurator.nu\/da\/wp-json\/wp\/v2\/types\/page"}],"author":[{"embeddable":true,"href":"https:\/\/konfigurator.nu\/da\/wp-json\/wp\/v2\/users\/3"}],"replies":[{"embeddable":true,"href":"https:\/\/konfigurator.nu\/da\/wp-json\/wp\/v2\/comments?post=3286"}],"version-history":[{"count":4,"href":"https:\/\/konfigurator.nu\/da\/wp-json\/wp\/v2\/pages\/3286\/revisions"}],"predecessor-version":[{"id":4323,"href":"https:\/\/konfigurator.nu\/da\/wp-json\/wp\/v2\/pages\/3286\/revisions\/4323"}],"wp:attachment":[{"href":"https:\/\/konfigurator.nu\/da\/wp-json\/wp\/v2\/media?parent=3286"}],"curies":[{"name":"wp","href":"https:\/\/api.w.org\/{rel}","templated":true}]}}