{"id":3304,"date":"2024-07-23T16:13:25","date_gmt":"2024-07-23T14:13:25","guid":{"rendered":"https:\/\/konfigurator.nu\/rumlig-konfigurator\/"},"modified":"2026-04-13T14:50:38","modified_gmt":"2026-04-13T12:50:38","slug":"rumlig-konfigurator","status":"publish","type":"page","link":"https:\/\/konfigurator.nu\/da\/rumlig-konfigurator\/","title":{"rendered":"Rumlig konfigurator"},"content":{"rendered":"\n<div class=\"wp-block-uagb-container uagb-block-d6924da0 alignfull uagb-is-root-container\"><div class=\"uagb-container__video-wrap\"><video autoplay loop muted playsinline><source src=\"https:\/\/konfigurator.nu\/wp-content\/uploads\/2024\/09\/Room01_0000.mp4\" type=\"video\/mp4\"\/><\/video><\/div><div class=\"uagb-container-inner-blocks-wrap\">\n<div class=\"wp-block-uagb-advanced-heading uagb-block-efa76908\"><h1 class=\"uagb-heading-text\">sPATIAL kONFIGURATOR<\/h1><\/div>\n<\/div><\/div>\n\n\n\n<div class=\"wp-block-uagb-container uagb-layout-grid uagb-block-24299646 alignfull uagb-is-root-container\"><div class=\"uagb-container-inner-blocks-wrap\"><\/div><\/div>\n\n\n\n<div class=\"wp-block-media-text is-stacked-on-mobile\"><figure class=\"wp-block-media-text__media\"><img fetchpriority=\"high\" decoding=\"async\" width=\"1024\" height=\"768\" src=\"https:\/\/konfigurator.nu\/wp-content\/uploads\/2024\/09\/Bild4_klar_mobler-1024x768.webp\" alt=\"Spatial\" class=\"wp-image-4337 size-full\" srcset=\"https:\/\/konfigurator.nu\/wp-content\/uploads\/2024\/09\/Bild4_klar_mobler-1024x768.webp 1024w, https:\/\/konfigurator.nu\/wp-content\/uploads\/2024\/09\/Bild4_klar_mobler-300x225.webp 300w, https:\/\/konfigurator.nu\/wp-content\/uploads\/2024\/09\/Bild4_klar_mobler-768x576.webp 768w, https:\/\/konfigurator.nu\/wp-content\/uploads\/2024\/09\/Bild4_klar_mobler-1536x1152.webp 1536w, https:\/\/konfigurator.nu\/wp-content\/uploads\/2024\/09\/Bild4_klar_mobler-2048x1536.webp 2048w\" sizes=\"(max-width: 1024px) 100vw, 1024px\" \/><\/figure><div class=\"wp-block-media-text__content\">\n<h3 class=\"wp-block-heading\">Rumlig konfigurator<\/h3>\n\n\n\n<p style=\"font-size:18px\">En <a href=\"https:\/\/animech.com\/en\/portfolio\/elfa\/\" target=\"_blank\" rel=\"noopener\">rumlig konfigur<\/a>ator, ogs\u00e5 kendt som en spatial konfigurator, er et kraftfuldt v\u00e6rkt\u00f8j, der g\u00f8r det muligt at tilpasse og visualisere produkter eller milj\u00f8er i et tredimensionelt (3D) rum. Denne type konfigurator er s\u00e6rligt v\u00e6rdifuld i sammenh\u00e6nge, hvor rumlige forhold og placeringer er afg\u00f8rende. Her er en oversigt over, hvorfor konfiguratorer er gavnlige, samt almindelige anvendelser og specifikke fordele ved denne teknologi.  <br><br>Rumlige konfiguratorer giver mange fordele for b\u00e5de virksomheder og kunder ved at forbedre visualiseringen, \u00f8ge interaktiviteten og engagementet, reducere risikoen for fejl og \u00f8ge effektiviteten. Almindelige anvendelser omfatter indretningsdesign, ejendomsudvikling, industrielt design, e-handel og eventplanl\u00e6gning. Ved at investere i rumlige konfiguratorer kan virksomheder tilbyde deres kunder en overlegen og moderne oplevelse, der hj\u00e6lper dem med at tr\u00e6ffe bedre beslutninger og \u00f8ge kundetilfredsheden.  <\/p>\n<\/div><\/div>\n\n\n\n<div class=\"wp-block-uagb-container uagb-block-6be40f00 alignfull uagb-is-root-container\"><div class=\"uagb-container-inner-blocks-wrap\">\n<div class=\"wp-block-uagb-advanced-heading uagb-block-8e598847\"><h3 class=\"uagb-heading-text\">Funktionalitet og anvendelser<\/h3><\/div>\n\n\n\n<div class=\"wp-block-uagb-container uagb-layout-grid uagb-block-2b8639e4\">\n<div class=\"wp-block-uagb-advanced-heading uagb-block-dda0e0fa\"><h4 class=\"uagb-heading-text\">Fordele ved rumlige konfiguratorer<\/h4><p class=\"uagb-desc-text\"><strong>Forbedret visualisering og forst\u00e5else<\/strong>: En af de mest indlysende fordele ved en rumlig konfigurator er dens evne til at forbedre visualiseringen og forst\u00e5elsen af komplekse produkter eller milj\u00f8er. Brugerne kan se, hvordan forskellige elementer interagerer i et virkeligt 3D-milj\u00f8, hvilket g\u00f8r det lettere at forst\u00e5 komponenternes proportioner, placering og interaktion. Det er is\u00e6r nyttigt for produkter, der skal passe ind i bestemte rum eller til komplekse installationer.  <br><br><strong>Interaktiv og engagerende bruger<\/strong>oplevelse:<br>Spatial-konfiguratorer tilbyder en interaktiv og engagerende brugeroplevelse ved at give brugerne mulighed for at manipulere og udforske 3D-modeller i realtid. Brugerne kan rotere, zoome og flytte objekter i det virtuelle milj\u00f8, hvilket giver dem en f\u00f8lelse af kontrol og engagement. Denne interaktivitet g\u00f8r konfigurationsprocessen mere intuitiv og tilfredsstillende.  <br><br><strong>Omhyggelig planl\u00e6gning og<\/strong> design: Til projekter, der involverer omhyggelig planl\u00e6gning og design, som f.eks. arkitektur og indretning, er rumkonfiguratorer uvurderlige. De giver brugerne mulighed for at placere m\u00f8bler, udstyr og andre genstande i en virtuel kopi af det faktiske milj\u00f8 og hj\u00e6lper med at sikre, at alt passer ordentligt, f\u00f8r den faktiske installation eller konstruktion begynder. Det minimerer risikoen for fejl og dyrt omarbejde.  <\/p><\/div>\n\n\n\n<div class=\"wp-block-uagb-advanced-heading uagb-block-b946363e\"><h4 class=\"uagb-heading-text\">F\u00e6lles anvendelsesomr\u00e5der<\/h4><p class=\"uagb-desc-text\">Indretning <strong>og m\u00f8blering<\/strong>: Indretningsarkitekter og <a href=\"https:\/\/konfigurator.nu\/da\/salgskonfigurator\/\">kunder <\/a>kan bruge rumkonfiguratorer til at placere m\u00f8bler og pyntegenstande i virtuelle rum. Det giver mulighed for at eksperimentere med forskellige layouts og stilarter for at finde den perfekte kombination, f\u00f8r noget k\u00f8bes eller \u00e6ndres fysisk. Kunderne kan se, hvordan m\u00f8blerne passer ind i deres hjem, og justere farver og materialer i realtid.  <br><br><strong>Ejendomsudvikling og arkitektur<\/strong>: For ejendomsudviklere og arkitekter er rumlige konfiguratorer vigtige v\u00e6rkt\u00f8jer til at visualisere bygninger og deres interi\u00f8r i detaljer. Brugerne kan g\u00e5 gennem virtuelle modeller af bygninger, se hvordan forskellige designvalg p\u00e5virker det endelige resultat og foretage justeringer, f\u00f8r byggeprocessen begynder. Det sikrer, at designet lever op til kundernes forventninger og krav.  <br><br>Industrielt <strong>design og produktion<\/strong>: Industrielle designere og producenter bruger rumlige konfiguratorer til at skabe og teste prototyper i et virtuelt milj\u00f8. Det g\u00f8r det muligt at identificere og l\u00f8se potentielle problemer tidligt i designprocessen, hvilket sparer tid og ressourcer. Konfiguratorer kan ogs\u00e5 bruges til at optimere produktionslayouts og sikre, at alle komponenter passer korrekt sammen.  <br><br><strong>E-handel og virtuelle showrooms: Rumlige konfiguratorer kan bruges i e-handel<\/strong> til at skabe virtuelle showrooms, hvor kunderne kan udforske og tilpasse produkter i et 3D-milj\u00f8. Det er is\u00e6r nyttigt for produkter som m\u00f8bler, k\u00f8ret\u00f8jer og fast ejendom. Kunderne kan se, hvordan produkterne ser ud og fungerer i et realistisk milj\u00f8, hvilket g\u00f8r det lettere at tr\u00e6ffe k\u00f8bsbeslutninger.  <\/p><\/div>\n\n\n\n<figure class=\"wp-block-gallery has-nested-images columns-default is-cropped wp-block-gallery-1 is-layout-flex wp-block-gallery-is-layout-flex\">\n<figure class=\"wp-block-image size-full has-custom-border\"><img decoding=\"async\" width=\"1024\" height=\"1792\" data-id=\"4026\" src=\"https:\/\/konfigurator.nu\/wp-content\/uploads\/2024\/09\/DALL\u00b7E-2024-09-05-15.54.11-A-realistic-image-of-a-PC-monitor-in-portrait-mode-displaying-a-spatial-planning-tool-interface.-The-screen-shows-a-detailed-city-layout-with-roads-b.webp\" alt=\"Spatial\" class=\"wp-image-4026\" style=\"border-style:none;border-width:0px;border-radius:0px\" srcset=\"https:\/\/konfigurator.nu\/wp-content\/uploads\/2024\/09\/DALL\u00b7E-2024-09-05-15.54.11-A-realistic-image-of-a-PC-monitor-in-portrait-mode-displaying-a-spatial-planning-tool-interface.-The-screen-shows-a-detailed-city-layout-with-roads-b.webp 1024w, https:\/\/konfigurator.nu\/wp-content\/uploads\/2024\/09\/DALL\u00b7E-2024-09-05-15.54.11-A-realistic-image-of-a-PC-monitor-in-portrait-mode-displaying-a-spatial-planning-tool-interface.-The-screen-shows-a-detailed-city-layout-with-roads-b-171x300.webp 171w, https:\/\/konfigurator.nu\/wp-content\/uploads\/2024\/09\/DALL\u00b7E-2024-09-05-15.54.11-A-realistic-image-of-a-PC-monitor-in-portrait-mode-displaying-a-spatial-planning-tool-interface.-The-screen-shows-a-detailed-city-layout-with-roads-b-585x1024.webp 585w, https:\/\/konfigurator.nu\/wp-content\/uploads\/2024\/09\/DALL\u00b7E-2024-09-05-15.54.11-A-realistic-image-of-a-PC-monitor-in-portrait-mode-displaying-a-spatial-planning-tool-interface.-The-screen-shows-a-detailed-city-layout-with-roads-b-768x1344.webp 768w, https:\/\/konfigurator.nu\/wp-content\/uploads\/2024\/09\/DALL\u00b7E-2024-09-05-15.54.11-A-realistic-image-of-a-PC-monitor-in-portrait-mode-displaying-a-spatial-planning-tool-interface.-The-screen-shows-a-detailed-city-layout-with-roads-b-878x1536.webp 878w\" sizes=\"(max-width: 1024px) 100vw, 1024px\" \/><\/figure>\n<\/figure>\n<\/div>\n\n\n\n<p><\/p>\n<\/div><\/div>\n\n\n\n<p><\/p>\n","protected":false},"excerpt":{"rendered":"<p>sPATIAL kONFIGURATOR Rumlig konfigurator En rumlig konfigurator, ogs\u00e5 kendt som en spatial konfigurator, er et kraftfuldt v\u00e6rkt\u00f8j, der g\u00f8r det muligt at tilpasse og visualisere produkter eller milj\u00f8er i et tredimensionelt (3D) rum. Denne type konfigurator er s\u00e6rligt v\u00e6rdifuld i sammenh\u00e6nge, hvor rumlige forhold og placeringer er afg\u00f8rende. Her er en oversigt over, hvorfor konfiguratorer [&hellip;]<\/p>\n","protected":false},"author":3,"featured_media":0,"parent":0,"menu_order":0,"comment_status":"closed","ping_status":"closed","template":"","meta":{"_uag_custom_page_level_css":"","site-sidebar-layout":"default","site-content-layout":"","ast-site-content-layout":"default","site-content-style":"default","site-sidebar-style":"default","ast-global-header-display":"","ast-banner-title-visibility":"","ast-main-header-display":"","ast-hfb-above-header-display":"","ast-hfb-below-header-display":"","ast-hfb-mobile-header-display":"","site-post-title":"disabled","ast-breadcrumbs-content":"","ast-featured-img":"","footer-sml-layout":"","ast-disable-related-posts":"","theme-transparent-header-meta":"","adv-header-id-meta":"","stick-header-meta":"","header-above-stick-meta":"","header-main-stick-meta":"","header-below-stick-meta":"","astra-migrate-meta-layouts":"set","ast-page-background-enabled":"default","ast-page-background-meta":{"desktop":{"background-color":"","background-image":"","background-repeat":"repeat","background-position":"center center","background-size":"auto","background-attachment":"scroll","background-type":"","background-media":"","overlay-type":"","overlay-color":"","overlay-opacity":"","overlay-gradient":""},"tablet":{"background-color":"","background-image":"","background-repeat":"repeat","background-position":"center center","background-size":"auto","background-attachment":"scroll","background-type":"","background-media":"","overlay-type":"","overlay-color":"","overlay-opacity":"","overlay-gradient":""},"mobile":{"background-color":"","background-image":"","background-repeat":"repeat","background-position":"center center","background-size":"auto","background-attachment":"scroll","background-type":"","background-media":"","overlay-type":"","overlay-color":"","overlay-opacity":"","overlay-gradient":""}},"ast-content-background-meta":{"desktop":{"background-color":"var(--ast-global-color-5)","background-image":"","background-repeat":"repeat","background-position":"center center","background-size":"auto","background-attachment":"scroll","background-type":"","background-media":"","overlay-type":"","overlay-color":"","overlay-opacity":"","overlay-gradient":""},"tablet":{"background-color":"var(--ast-global-color-5)","background-image":"","background-repeat":"repeat","background-position":"center center","background-size":"auto","background-attachment":"scroll","background-type":"","background-media":"","overlay-type":"","overlay-color":"","overlay-opacity":"","overlay-gradient":""},"mobile":{"background-color":"var(--ast-global-color-5)","background-image":"","background-repeat":"repeat","background-position":"center center","background-size":"auto","background-attachment":"scroll","background-type":"","background-media":"","overlay-type":"","overlay-color":"","overlay-opacity":"","overlay-gradient":""}},"footnotes":""},"class_list":["post-3304","page","type-page","status-publish","hentry"],"uagb_featured_image_src":{"full":false,"thumbnail":false,"medium":false,"medium_large":false,"large":false,"1536x1536":false,"2048x2048":false},"uagb_author_info":{"display_name":"Tino Karazeimbekis","author_link":"https:\/\/konfigurator.nu\/da\/author\/tino\/"},"uagb_comment_info":0,"uagb_excerpt":"sPATIAL kONFIGURATOR Rumlig konfigurator En rumlig konfigurator, ogs\u00e5 kendt som en spatial konfigurator, er et kraftfuldt v\u00e6rkt\u00f8j, der g\u00f8r det muligt at tilpasse og visualisere produkter eller milj\u00f8er i et tredimensionelt (3D) rum. Denne type konfigurator er s\u00e6rligt v\u00e6rdifuld i sammenh\u00e6nge, hvor rumlige forhold og placeringer er afg\u00f8rende. Her er en oversigt over, hvorfor konfiguratorer&hellip;","_links":{"self":[{"href":"https:\/\/konfigurator.nu\/da\/wp-json\/wp\/v2\/pages\/3304","targetHints":{"allow":["GET"]}}],"collection":[{"href":"https:\/\/konfigurator.nu\/da\/wp-json\/wp\/v2\/pages"}],"about":[{"href":"https:\/\/konfigurator.nu\/da\/wp-json\/wp\/v2\/types\/page"}],"author":[{"embeddable":true,"href":"https:\/\/konfigurator.nu\/da\/wp-json\/wp\/v2\/users\/3"}],"replies":[{"embeddable":true,"href":"https:\/\/konfigurator.nu\/da\/wp-json\/wp\/v2\/comments?post=3304"}],"version-history":[{"count":6,"href":"https:\/\/konfigurator.nu\/da\/wp-json\/wp\/v2\/pages\/3304\/revisions"}],"predecessor-version":[{"id":4338,"href":"https:\/\/konfigurator.nu\/da\/wp-json\/wp\/v2\/pages\/3304\/revisions\/4338"}],"wp:attachment":[{"href":"https:\/\/konfigurator.nu\/da\/wp-json\/wp\/v2\/media?parent=3304"}],"curies":[{"name":"wp","href":"https:\/\/api.w.org\/{rel}","templated":true}]}}