{"id":3398,"date":"2024-06-10T11:36:47","date_gmt":"2024-06-10T09:36:47","guid":{"rendered":"https:\/\/konfigurator.nu\/konfiguratorer\/"},"modified":"2026-04-13T14:47:12","modified_gmt":"2026-04-13T12:47:12","slug":"konfiguratorer","status":"publish","type":"page","link":"https:\/\/konfigurator.nu\/da\/konfiguratorer\/","title":{"rendered":"Konfiguratorer"},"content":{"rendered":"\n<div class=\"wp-block-uagb-container uagb-block-7154df4d alignfull uagb-is-root-container\"><div class=\"uagb-container__video-wrap\"><video autoplay loop muted playsinline><source src=\"https:\/\/konfigurator.nu\/wp-content\/uploads\/2024\/07\/6454963_Animation_Data-Processing_1920x1080.mp4\" type=\"video\/mp4\"\/><\/video><\/div><div class=\"uagb-container-inner-blocks-wrap\">\n<div class=\"wp-block-uagb-advanced-heading uagb-block-c0791479\"><h1 class=\"uagb-heading-text\">Konfiguratorer<\/h1><\/div>\n<\/div><\/div>\n\n\n\n<p><\/p>\n\n\n\n<h2 class=\"wp-block-heading\">Konfiguratorer<\/h2>\n\n\n\n<p>Der findes forskellige typer konfiguratorer, og hver har sine unikke fordele og ulemper.\nDette afsnit beskriver de forskellige typer konfiguratorer, og hvordan de fungerer, med eksempler fra forskellige brancher og anvendelsesomr\u00e5der.\nForklaringerne er noget forenklede for at give en grundl\u00e6ggende forst\u00e5else, da konfiguratorer ofte er en blanding af forskellige typer l\u00f8sninger og kan tilpasses specifikke behov og kompleksiteter.\nDette er dog en introduktion til de forskellige m\u00e5der at angribe et konfigurationsproblem p\u00e5, som kan hj\u00e6lpe virksomheder og enkeltpersoner med at v\u00e6lge det rigtige v\u00e6rkt\u00f8j til deres specifikke situation.   <\/p>\n\n\n\n<p><strong>F\u00f8lgende typer konfiguratorer er beskrevet her:<\/strong><\/p>\n\n\n\n<div class=\"wp-block-uagb-info-box uagb-block-86bf9543 uagb-infobox__content-wrap  uagb-infobox-icon-above-title uagb-infobox-image-valign-top\"><div class=\"uagb-ifb-content\"><div class=\"uagb-ifb-image-content\"><img decoding=\"async\" src=\"https:\/\/konfigurator.nu\/wp-content\/uploads\/2024\/07\/Cytiva_ipad-scaled.webp\" alt=\"Configurators\" width=\"\" height=\"0\" loading=\"lazy\"\/><\/div><div class=\"uagb-ifb-title-wrap\"><h4 class=\"uagb-ifb-title\">Sekventiel konfigurator<\/h4><\/div><p class=\"uagb-ifb-desc\">En sekventiel konfigurator guider brugeren gennem et forudbestemt flow af trin, hvor hvert trin bygger videre p\u00e5 det foreg\u00e5ende.\nBrugeren tr\u00e6ffer valg i en bestemt r\u00e6kkef\u00f8lge, og disse valg p\u00e5virker de muligheder, der er tilg\u00e6ngelige i de efterf\u00f8lgende trin.\nDenne type konfigurator er almindelig inden for bilindustrien, computerbyggeri og lignende omr\u00e5der, hvor valgene har klare og logiske sekvenser.\nFordelen ved denne metode er, at den er enkel og intuitiv for brugeren, og at den reducerer risikoen for at tr\u00e6ffe inkompatible valg.   <br><br><br><br>F<strong>ordele<\/strong> Let at skabe &#8211; intuitivt Der kr\u00e6ves ingen ekstra software<br><br><br><br><br>U<strong>lemper<\/strong> Brugeren skal besvare sp\u00f8rgsm\u00e5lene i en bestemt r\u00e6kkef\u00f8lge Vanskeligt at lave konfliktl\u00f8sning for brugeren \u00c6ndringer i data kr\u00e6ver \u00e6ndringer i konfiguratorkoden.\n<br>\u00c6ndringer skal normalt foretages af en programm\u00f8r Det er meget tidskr\u00e6vende at vedligeholde logikken <\/p><\/div><\/div>\n\n\n\n<div class=\"wp-block-uagb-separator uagb-block-eec44656\"><div class=\"uagb-separator-spacing-wrapper\"><div class=\"wp-block-uagb-separator__inner\" style=\"--my-background-image:\"><\/div><\/div><\/div>\n\n\n\n<div class=\"wp-block-uagb-info-box uagb-block-7799c1a1 uagb-infobox__content-wrap  uagb-infobox-icon-above-title uagb-infobox-image-valign-top\"><div class=\"uagb-ifb-content\"><div class=\"uagb-ifb-image-content\"><img decoding=\"async\" src=\"https:\/\/konfigurator.nu\/wp-content\/uploads\/2024\/07\/cibes1-scaled.webp\" alt=\"\" width=\"\" height=\"0\" loading=\"lazy\"\/><\/div><div class=\"uagb-ifb-title-wrap\"><h4 class=\"uagb-ifb-title\">Relationsbaseret konfigurator<\/h4><\/div><p class=\"uagb-ifb-desc\">En relationel konfigurator bruger logik og regler til at h\u00e5ndtere komplekse relationer mellem forskellige komponenter eller valg.<br>Det g\u00f8r den meget fleksibel og i stand til at h\u00e5ndtere produkter eller tjenester med mange afh\u00e6ngigheder.<br>For eksempel kan valget af en bestemt motor i en maskinkonfigurator have indflydelse p\u00e5, hvilke andre komponenter der er kompatible.<br>Denne tilgang er is\u00e6r nyttig inden for industriel produktion og softwarekonfiguration, hvor komplekse afh\u00e6ngigheder skal h\u00e5ndteres omhyggeligt.   <br><br><br><br>F<strong>ordele<\/strong> Let at skabe &#8211; kr\u00e6ver ingen programmeringsf\u00e6rdigheder Intuitive forbindelser<br><br><br><br><br>U<strong>lemper<\/strong> Tabellen vokser drastisk for hver ny komponent, der tilf\u00f8jes Vedligeholdelse kan blive et mareridt, n\u00e5r databasen vokser Hvis betingelserne for komponenternes kompatibilitet \u00e6ndres, skal konfiguratoren stort set laves om.<br>OK \/ Ikke OK siger ikke noget om, hvad der faktisk g\u00f8r komponenterne kompatible.<\/p><\/div><\/div>\n\n\n\n<figure class=\"wp-block-table is-style-regular\"><table class=\"has-light-green-cyan-background-color has-background has-fixed-layout\" style=\"border-width:1px\"><tbody><tr><td><\/td><td class=\"has-text-align-center\" data-align=\"center\"><strong>Maskine A<\/strong><\/td><td class=\"has-text-align-center\" data-align=\"center\"><strong>Maskine B<\/strong><\/td><td class=\"has-text-align-center\" data-align=\"center\"><strong>Maskine C<\/strong><\/td><td class=\"has-text-align-center\" data-align=\"center\"><strong>Maskine D<\/strong><\/td><\/tr><tr><td><strong>Comp X<\/strong><\/td><td class=\"has-text-align-center\" data-align=\"center\">EJ OK<\/td><td class=\"has-text-align-center\" data-align=\"center\">OK<\/td><td class=\"has-text-align-center\" data-align=\"center\">OK<\/td><td class=\"has-text-align-center\" data-align=\"center\">OK<\/td><\/tr><tr><td><strong>Comp Y<\/strong><\/td><td class=\"has-text-align-center\" data-align=\"center\">EJ OK<\/td><td class=\"has-text-align-center\" data-align=\"center\">EJ OK<\/td><td class=\"has-text-align-center\" data-align=\"center\">EJ OK<\/td><td class=\"has-text-align-center\" data-align=\"center\">OK<\/td><\/tr><tr><td><strong>Comp Z<\/strong><\/td><td class=\"has-text-align-center\" data-align=\"center\">EJ OK<\/td><td class=\"has-text-align-center\" data-align=\"center\">OK<\/td><td class=\"has-text-align-center\" data-align=\"center\">EJ OK<\/td><td class=\"has-text-align-center\" data-align=\"center\">OK<\/td><\/tr><tr><td><strong>Comp W<\/strong><\/td><td class=\"has-text-align-center\" data-align=\"center\">OK<\/td><td class=\"has-text-align-center\" data-align=\"center\">EJ OK<\/td><td class=\"has-text-align-center\" data-align=\"center\">OK<\/td><td class=\"has-text-align-center\" data-align=\"center\">OK<\/td><\/tr><\/tbody><\/table><\/figure>\n\n\n\n<div class=\"wp-block-uagb-separator uagb-block-56925262\"><div class=\"uagb-separator-spacing-wrapper\"><div class=\"wp-block-uagb-separator__inner\" style=\"--my-background-image:\"><\/div><\/div><\/div>\n\n\n\n<div class=\"wp-block-uagb-info-box uagb-block-ace10fa5 uagb-infobox__content-wrap  uagb-infobox-icon-above-title uagb-infobox-image-valign-top\"><div class=\"uagb-ifb-content\"><div class=\"uagb-ifb-image-content\"><img decoding=\"async\" src=\"https:\/\/konfigurator.nu\/wp-content\/uploads\/2024\/07\/excel1-scaled.webp\" alt=\"Konfiguratorer\" width=\"\" height=\"0\" loading=\"lazy\"\/><\/div><div class=\"uagb-ifb-title-wrap\"><h4 class=\"uagb-ifb-title\">Excel-konfigurator<\/h4><\/div><p class=\"uagb-ifb-desc\">En Excel-konfigurator er en enklere og ofte mere tilg\u00e6ngelig l\u00f8sning, der bruger Microsoft Excel til at skabe og styre konfigurationsprocesser.\nVed at udnytte Excels formler, makroer og datavalidering kan virksomheder skabe skr\u00e6ddersyede l\u00f8sninger til produktkonfiguration, projektstyring og meget mere.\nDet er en omkostningseffektiv tilgang, som er nem at implementere og tilpasse, is\u00e6r for mindre virksomheder eller projekter, som ikke kr\u00e6ver avancerede konfigurationssystemer.  <br><br><br><br><br>F<strong>ordele<\/strong> Ingen grund til at k\u00f8be ny software (normalt) Viden findes ofte internt Milj\u00f8et er velkendt for de fleste brugere<br><br><br><br><br>U<strong>lemper<\/strong> Ofte sv\u00e6rt<strong>at<\/strong> vedligeholde Ofte sv\u00e6rt for brugeren Kan ikke (nemt) linkes til nettet<\/p><\/div><\/div>\n\n\n\n<div class=\"wp-block-uagb-separator uagb-block-afe58e57\"><div class=\"uagb-separator-spacing-wrapper\"><div class=\"wp-block-uagb-separator__inner\" style=\"--my-background-image:\"><\/div><\/div><\/div>\n\n\n\n<div class=\"wp-block-uagb-info-box uagb-block-6c8ab49b uagb-infobox__content-wrap  uagb-infobox-icon-above-title uagb-infobox-image-valign-top\"><div class=\"uagb-ifb-content\"><div class=\"uagb-ifb-image-content\"><img decoding=\"async\" src=\"https:\/\/konfigurator.nu\/wp-content\/uploads\/2024\/07\/multi_nobackground.png\" alt=\"https:\/\/animech.com\/en\/animech-platform\/\" width=\"\" height=\"0\" loading=\"lazy\"\/><\/div><div class=\"uagb-ifb-title-wrap\"><h4 class=\"uagb-ifb-title\">Database-<a href=\"https:\/\/animech.com\/en\/animech-platform\/\" data-type=\"link\" data-id=\"https:\/\/animech.com\/en\/animech-platform\/\" target=\"_blank\" rel=\"noopener\">konfigurator<\/a><\/h4><\/div><p class=\"uagb-ifb-desc\">En databasekonfigurator bruger en database til at administrere og gemme alle mulige valg og kombinationer af produkter eller tjenester.<br>Denne type konfigurator er ofte integreret med en virksomheds ERP- eller CRM-system og bruges til at h\u00e5ndtere store m\u00e6ngder data og komplekse produktstrukturer.<br>Databasekonfiguratorer er kraftfulde og skalerbare l\u00f8sninger, der kan h\u00e5ndtere omfattende og detaljerede produktkataloger, hvilket g\u00f8r dem ideelle til <a href=\"https:\/\/konfigurator.nu\/da\/produktkonfigurator\/\" data-type=\"link\" data-id=\"https:\/\/konfigurator.nu\/da\/produktkonfigurator\/\">e-handelsplatforme og industrielle applikationer.<\/a><br><br><br><br>F<strong>ordele<\/strong> Relativt st\u00e6rk Brugeren kan besvare sp\u00f8rgsm\u00e5l i den r\u00e6kkef\u00f8lge, han eller hun \u00f8nsker<br><br><br><br><br>U<strong>lemper<\/strong> Du kan komme i en situation, hvor konfiguratoren ikke kan finde en l\u00f8sning (efter at have besvaret et dusin sp\u00f8rgsm\u00e5l) Tung at vedligeholde Den bliver langsommere, jo mere data man har i databasen.<\/p><\/div><\/div>\n\n\n\n<figure class=\"wp-block-table is-style-regular\"><table class=\"has-pale-cyan-blue-background-color has-background has-fixed-layout\" style=\"border-width:1px\"><tbody><tr><td><\/td><td class=\"has-text-align-center\" data-align=\"center\"><strong>Display-sk\u00e6rm<\/strong><\/td><td class=\"has-text-align-center\" data-align=\"center\"><strong>Processor<\/strong><\/td><td class=\"has-text-align-center\" data-align=\"center\"><strong>Hukommelse<\/strong><\/td><\/tr><tr><td><strong>L\u00f8sning 1<\/strong><\/td><td class=\"has-text-align-center\" data-align=\"center\">14&#8243;, 15&#8243;<\/td><td class=\"has-text-align-center\" data-align=\"center\">1,3 GHz, 1,4 GHz<\/td><td class=\"has-text-align-center\" data-align=\"center\">256 MB, 512 MB<\/td><\/tr><tr><td><strong>L\u00f8sning 2<\/strong><\/td><td class=\"has-text-align-center\" data-align=\"center\">15&#8243;<\/td><td class=\"has-text-align-center\" data-align=\"center\">1,5 GHz<\/td><td class=\"has-text-align-center\" data-align=\"center\">1024 MB<\/td><\/tr><tr><td><strong>L\u00f8sning 3<\/strong><\/td><td class=\"has-text-align-center\" data-align=\"center\">14&#8243;, 17&#8243;<\/td><td class=\"has-text-align-center\" data-align=\"center\">1,3 GHz, 1,5 GHz<\/td><td class=\"has-text-align-center\" data-align=\"center\">512 MB, 1024 MB<\/td><\/tr><\/tbody><\/table><\/figure>\n","protected":false},"excerpt":{"rendered":"<p>Konfiguratorer Konfiguratorer Der findes forskellige typer konfiguratorer, og hver har sine unikke fordele og ulemper. Dette afsnit beskriver de forskellige typer konfiguratorer, og hvordan de fungerer, med eksempler fra forskellige brancher og anvendelsesomr\u00e5der. Forklaringerne er noget forenklede for at give en grundl\u00e6ggende forst\u00e5else, da konfiguratorer ofte er en blanding af forskellige typer l\u00f8sninger og kan [&hellip;]<\/p>\n","protected":false},"author":2,"featured_media":0,"parent":0,"menu_order":0,"comment_status":"closed","ping_status":"closed","template":"","meta":{"_uag_custom_page_level_css":"","site-sidebar-layout":"no-sidebar","site-content-layout":"plain-container","ast-site-content-layout":"normal-width-container","site-content-style":"unboxed","site-sidebar-style":"unboxed","ast-global-header-display":"","ast-banner-title-visibility":"","ast-main-header-display":"","ast-hfb-above-header-display":"","ast-hfb-below-header-display":"","ast-hfb-mobile-header-display":"","site-post-title":"disabled","ast-breadcrumbs-content":"","ast-featured-img":"disabled","footer-sml-layout":"","ast-disable-related-posts":"","theme-transparent-header-meta":"enabled","adv-header-id-meta":"","stick-header-meta":"","header-above-stick-meta":"","header-main-stick-meta":"","header-below-stick-meta":"","astra-migrate-meta-layouts":"set","ast-page-background-enabled":"default","ast-page-background-meta":{"desktop":{"background-color":"","background-image":"","background-repeat":"repeat","background-position":"center center","background-size":"auto","background-attachment":"scroll","background-type":"","background-media":"","overlay-type":"","overlay-color":"","overlay-opacity":"","overlay-gradient":""},"tablet":{"background-color":"","background-image":"","background-repeat":"repeat","background-position":"center center","background-size":"auto","background-attachment":"scroll","background-type":"","background-media":"","overlay-type":"","overlay-color":"","overlay-opacity":"","overlay-gradient":""},"mobile":{"background-color":"","background-image":"","background-repeat":"repeat","background-position":"center center","background-size":"auto","background-attachment":"scroll","background-type":"","background-media":"","overlay-type":"","overlay-color":"","overlay-opacity":"","overlay-gradient":""}},"ast-content-background-meta":{"desktop":{"background-color":"var(--ast-global-color-5)","background-image":"","background-repeat":"repeat","background-position":"center center","background-size":"auto","background-attachment":"scroll","background-type":"","background-media":"","overlay-type":"","overlay-color":"","overlay-opacity":"","overlay-gradient":""},"tablet":{"background-color":"var(--ast-global-color-5)","background-image":"","background-repeat":"repeat","background-position":"center center","background-size":"auto","background-attachment":"scroll","background-type":"","background-media":"","overlay-type":"","overlay-color":"","overlay-opacity":"","overlay-gradient":""},"mobile":{"background-color":"var(--ast-global-color-5)","background-image":"","background-repeat":"repeat","background-position":"center center","background-size":"auto","background-attachment":"scroll","background-type":"","background-media":"","overlay-type":"","overlay-color":"","overlay-opacity":"","overlay-gradient":""}},"footnotes":""},"class_list":["post-3398","page","type-page","status-publish","hentry"],"uagb_featured_image_src":{"full":false,"thumbnail":false,"medium":false,"medium_large":false,"large":false,"1536x1536":false,"2048x2048":false},"uagb_author_info":{"display_name":"Staffan Hagberg","author_link":"https:\/\/konfigurator.nu\/da\/author\/staffan_konfigurator-nu\/"},"uagb_comment_info":0,"uagb_excerpt":"Konfiguratorer Konfiguratorer Der findes forskellige typer konfiguratorer, og hver har sine unikke fordele og ulemper. Dette afsnit beskriver de forskellige typer konfiguratorer, og hvordan de fungerer, med eksempler fra forskellige brancher og anvendelsesomr\u00e5der. Forklaringerne er noget forenklede for at give en grundl\u00e6ggende forst\u00e5else, da konfiguratorer ofte er en blanding af forskellige typer l\u00f8sninger og kan&hellip;","_links":{"self":[{"href":"https:\/\/konfigurator.nu\/da\/wp-json\/wp\/v2\/pages\/3398","targetHints":{"allow":["GET"]}}],"collection":[{"href":"https:\/\/konfigurator.nu\/da\/wp-json\/wp\/v2\/pages"}],"about":[{"href":"https:\/\/konfigurator.nu\/da\/wp-json\/wp\/v2\/types\/page"}],"author":[{"embeddable":true,"href":"https:\/\/konfigurator.nu\/da\/wp-json\/wp\/v2\/users\/2"}],"replies":[{"embeddable":true,"href":"https:\/\/konfigurator.nu\/da\/wp-json\/wp\/v2\/comments?post=3398"}],"version-history":[{"count":4,"href":"https:\/\/konfigurator.nu\/da\/wp-json\/wp\/v2\/pages\/3398\/revisions"}],"predecessor-version":[{"id":4330,"href":"https:\/\/konfigurator.nu\/da\/wp-json\/wp\/v2\/pages\/3398\/revisions\/4330"}],"wp:attachment":[{"href":"https:\/\/konfigurator.nu\/da\/wp-json\/wp\/v2\/media?parent=3398"}],"curies":[{"name":"wp","href":"https:\/\/api.w.org\/{rel}","templated":true}]}}