{"id":3421,"date":"2024-09-05T07:28:22","date_gmt":"2024-09-05T05:28:22","guid":{"rendered":"https:\/\/konfigurator.nu\/om-os\/"},"modified":"2026-04-13T14:48:54","modified_gmt":"2026-04-13T12:48:54","slug":"om-os","status":"publish","type":"page","link":"https:\/\/konfigurator.nu\/da\/om-os\/","title":{"rendered":"Om os"},"content":{"rendered":"\n<header class=\"wp-block-uagb-container uagb-block-c54c600d alignfull uagb-is-root-container\"><div class=\"uagb-container__video-wrap\"><video autoplay loop muted playsinline><source src=\"https:\/\/konfigurator.nu\/wp-content\/uploads\/2024\/09\/7891_Particles_Particle_1920x1080.mp4\" type=\"video\/mp4\"\/><\/video><\/div>\n<div class=\"wp-block-uagb-advanced-heading uagb-block-8b796fc7\"><h1 class=\"uagb-heading-text\">Om os<\/h1><\/div>\n<\/header>\n\n\n\n<p><\/p>\n\n\n\n<div class=\"wp-block-uagb-container uagb-block-bca1f375 alignfull uagb-is-root-container\"><div class=\"uagb-container-inner-blocks-wrap\">\n<h2 class=\"wp-block-heading has-text-align-center\">Velkommen til <a href=\"https:\/\/konfigurator.nu\/da\/\" target=\"_blank\" rel=\"noreferrer noopener\">Konfigurator.nu<\/a><\/h2>\n<\/div><\/div>\n\n\n\n<div class=\"wp-block-uagb-container uagb-layout-grid uagb-block-f919d7e3 alignfull uagb-is-root-container\"><div class=\"uagb-container-inner-blocks-wrap\">\n<div class=\"wp-block-uagb-info-box uagb-block-6acb23fb uagb-infobox__content-wrap  uagb-infobox-icon-above-title uagb-infobox-image-valign-top\"><div class=\"uagb-ifb-content\"><div class=\"uagb-ifb-title-wrap\"><h2 class=\"uagb-ifb-title\">En uddannelsesplatform skabt af <a href=\"https:\/\/animech.com\/sv\/\" data-type=\"link\" data-id=\"https:\/\/animech.com\/sv\/\" target=\"_blank\" rel=\"noopener\">Animech<\/a>!<\/h2><\/div><p class=\"uagb-ifb-desc\">En uddannelsesplatform skabt af Animech &#8211; hvor passion for teknologi, innovation og b\u00e6redygtighed m\u00f8des. Hos Animech er vi engagerede i at udvikle avancerede og skr\u00e6ddersyede l\u00f8sninger til 3D-konfiguratorer og andre softwaresystemer, der hj\u00e6lper virksomheder med at forbedre deres processer og opfylde de voksende krav i en digital verden. <br\/><br\/>Konfiguratorer er blevet et stadig mere relevant og kraftfuldt v\u00e6rkt\u00f8j i nutidens hurtigt skiftende forretningsmilj\u00f8. Med den stigende eftersp\u00f8rgsel efter digitalisering, automatisering og skr\u00e6ddersyede l\u00f8sninger, is\u00e6r i produktions- og e-handelsbranchen, kan den rigtige konfigurator g\u00f8re en stor forskel. Vi forst\u00e5r, at emnet kan f\u00f8les overv\u00e6ldende for virksomheder, der er nye p\u00e5 dette omr\u00e5de, og derfor har vi skabt Configurator.nu &#8211; en ressource og vidensbase, der kan hj\u00e6lpe dig med at navigere i denne hurtigt voksende branche.  <\/p><div class=\"uagb-ifb-button-wrapper wp-block-button\"><a href=\"konfigurator.nu\/konfiguratorer\" class=\"uagb-infobox-cta-link wp-block-button__link\" target=\"_self\" rel=\"noopener noreferrer\" onclick=\"return true;\"><span class=\"uagb-inline-editing\">L\u00e6s mere om det<\/span><\/a><\/div><\/div><\/div>\n\n\n\n<figure class=\"wp-block-image size-large is-resized\"><img fetchpriority=\"high\" decoding=\"async\" width=\"1024\" height=\"793\" src=\"https:\/\/konfigurator.nu\/wp-content\/uploads\/2024\/07\/multi_nobackground-1024x793.webp\" alt=\"Om\" class=\"wp-image-4328\" style=\"width:601px;height:auto\" srcset=\"https:\/\/konfigurator.nu\/wp-content\/uploads\/2024\/07\/multi_nobackground-1024x793.webp 1024w, https:\/\/konfigurator.nu\/wp-content\/uploads\/2024\/07\/multi_nobackground-300x232.webp 300w, https:\/\/konfigurator.nu\/wp-content\/uploads\/2024\/07\/multi_nobackground-768x595.webp 768w, https:\/\/konfigurator.nu\/wp-content\/uploads\/2024\/07\/multi_nobackground-1536x1190.webp 1536w, https:\/\/konfigurator.nu\/wp-content\/uploads\/2024\/07\/multi_nobackground-2048x1587.webp 2048w\" sizes=\"(max-width: 1024px) 100vw, 1024px\" \/><\/figure>\n<\/div><\/div>\n\n\n\n<div class=\"wp-block-uagb-container uagb-block-7637fadb alignfull uagb-is-root-container\"><div class=\"uagb-container-inner-blocks-wrap\">\n<div class=\"wp-block-uagb-info-box uagb-block-1de365e1 uagb-infobox__content-wrap  uagb-infobox-icon-above-title uagb-infobox-image-valign-top\"><div class=\"uagb-ifb-content\"><div class=\"uagb-ifb-title-wrap\"><h3 class=\"uagb-ifb-title\">Konfiguratorer: Et st\u00e6rkt v\u00e6rkt\u00f8j til digital transformation<\/h3><\/div><\/div><\/div>\n\n\n\n<div class=\"wp-block-uagb-container uagb-layout-grid uagb-block-c7842b82\">\n<div class=\"wp-block-uagb-info-box uagb-block-8b0629f9 uagb-infobox__content-wrap  uagb-infobox-icon-above-title uagb-infobox-image-valign-top\"><div class=\"uagb-ifb-content\"><div class=\"uagb-ifb-title-wrap\"><h4 class=\"uagb-ifb-title\">\u00d8get effektivitet og forbedret kundeoplevelse<\/h4><\/div><p class=\"uagb-ifb-desc\">Ved at tilbyde indsigtsfuld tr\u00e6ning og praktiske v\u00e6rkt\u00f8jer \u00f8nsker vi at hj\u00e6lpe med at forst\u00e5 de muligheder, konfiguratorer tilbyder. Ikke alene muligg\u00f8r disse systemer \u00f8get effektivitet og reducerede kostninger med automatisering, men de spiller ogs\u00e5 en afg\u00f8rende rolle i at forbedre kundeoplevelsen ved at tilbyde individualiserede l\u00f8sninger. I takt med at forbrugernes forventninger til tilpasning og b\u00e6redygtighed forts\u00e6tter med at vokse, bliver konfiguratorer en kritisk del af, hvordan virksomheder kan differentiere sig p\u00e5 markedet og disse krav p\u00e5 en b\u00e6redygtig m\u00e5de.  <\/p><div class=\"uagb-ifb-separator\"><\/div><\/div><\/div>\n\n\n\n<div class=\"wp-block-uagb-info-box uagb-block-8d79e3a5 uagb-infobox__content-wrap  uagb-infobox-icon-above-title uagb-infobox-image-valign-top\"><div class=\"uagb-ifb-content\"><div class=\"uagb-ifb-title-wrap\"><h4 class=\"uagb-ifb-title\">B\u00e6redygtighed og reducerede produktionskostninger<\/h4><\/div><p class=\"uagb-ifb-desc\">I en tid, hvor milj\u00f8bevidsthed og b\u00e6redygtighed er afg\u00f8rende for succes, giver konfiguratorer ogs\u00e5 mulighed for at reducere materialespild og overproduktion ved at optimere produktionsprocesser og sikre, at der kun produceres pr\u00e6cis det, der er brug for. Det betyder ikke kun fordele for virksomhederne, men ogs\u00e5 en positiv indvirkning p\u00e5 vores planet &#8211; noget, vi hos Animech er stolte af at bidrage til. <br><br><br><\/p><div class=\"uagb-ifb-separator\"><\/div><\/div><\/div>\n\n\n\n<div class=\"wp-block-uagb-info-box uagb-block-cba06e60 uagb-infobox__content-wrap  uagb-infobox-icon-above-title uagb-infobox-image-valign-top\"><div class=\"uagb-ifb-content\"><div class=\"uagb-ifb-title-wrap\"><h4 class=\"uagb-ifb-title\">Din ressource til tr\u00e6ning og vejledning<\/h4><\/div><p class=\"uagb-ifb-desc\">P\u00e5 Configurator.nu finder du et v\u00e6ld af ressourcer, herunder artikler, vejledninger og casestudier, der d\u00e6kker alt fra grundl\u00e6ggende forst\u00e5else af konfiguratorer til mere avancerede emner med integration og andre systemer, og hvordan disse l\u00f8sninger kan bruges til at opskalere din virksomhed. Vi tilbyder ogs\u00e5 indsigt i de seneste tendenser inden for Industri 4.0, digital transformation, og hvordan teknologi, AI og maskinl\u00e6ring i stigende grad integreres i moderne konfiguratorl\u00f8sninger. <\/p><\/div><\/div>\n\n\n\n<div class=\"wp-block-uagb-info-box uagb-block-1eb12d96 uagb-infobox__content-wrap  uagb-infobox-icon-above-title uagb-infobox-image-valign-top\"><div class=\"uagb-ifb-content\"><div class=\"uagb-ifb-title-wrap\"><h4 class=\"uagb-ifb-title\">St\u00f8tte til at tr\u00e6ffe de rigtige beslutninger<\/h4><\/div><p class=\"uagb-ifb-desc\">Vi tror fuldt og fast p\u00e5, at veluddannede kunder ikke kun er bedre rustet til at tr\u00e6ffe de rigtige beslutninger, men ogs\u00e5 til at maksimere fordelene ved de teknologier, de implementerer. Ved hj\u00e6lp af Configurator.nu, din uddannelsesplatform, f\u00e5r du adgang til den nyeste indsigt og de v\u00e6rkt\u00f8jer, der er n\u00f8dvendige for at f\u00e5 succes i en digitaliseret fremtid. <\/p><\/div><\/div>\n<\/div>\n\n\n\n<figure class=\"wp-block-gallery alignfull has-nested-images columns-default is-cropped wp-block-gallery-1 is-layout-flex wp-block-gallery-is-layout-flex\">\n<figure class=\"wp-block-image size-large\"><img decoding=\"async\" width=\"1024\" height=\"793\" data-id=\"2930\" src=\"https:\/\/konfigurator.nu\/wp-content\/uploads\/2024\/07\/Cytiva_ipad-1024x793.webp\" alt=\"Configurators\" class=\"wp-image-2930\" srcset=\"https:\/\/konfigurator.nu\/wp-content\/uploads\/2024\/07\/Cytiva_ipad-1024x793.webp 1024w, https:\/\/konfigurator.nu\/wp-content\/uploads\/2024\/07\/Cytiva_ipad-300x232.webp 300w, https:\/\/konfigurator.nu\/wp-content\/uploads\/2024\/07\/Cytiva_ipad-768x595.webp 768w, https:\/\/konfigurator.nu\/wp-content\/uploads\/2024\/07\/Cytiva_ipad-1536x1190.webp 1536w, https:\/\/konfigurator.nu\/wp-content\/uploads\/2024\/07\/Cytiva_ipad-2048x1587.webp 2048w\" sizes=\"(max-width: 1024px) 100vw, 1024px\" \/><\/figure>\n\n\n\n<figure class=\"wp-block-image size-large\"><img decoding=\"async\" width=\"1024\" height=\"793\" data-id=\"4328\" src=\"https:\/\/konfigurator.nu\/wp-content\/uploads\/2024\/07\/multi_nobackground-1024x793.webp\" alt=\"Om\" class=\"wp-image-4328\" srcset=\"https:\/\/konfigurator.nu\/wp-content\/uploads\/2024\/07\/multi_nobackground-1024x793.webp 1024w, https:\/\/konfigurator.nu\/wp-content\/uploads\/2024\/07\/multi_nobackground-300x232.webp 300w, https:\/\/konfigurator.nu\/wp-content\/uploads\/2024\/07\/multi_nobackground-768x595.webp 768w, https:\/\/konfigurator.nu\/wp-content\/uploads\/2024\/07\/multi_nobackground-1536x1190.webp 1536w, https:\/\/konfigurator.nu\/wp-content\/uploads\/2024\/07\/multi_nobackground-2048x1587.webp 2048w\" sizes=\"(max-width: 1024px) 100vw, 1024px\" \/><\/figure>\n\n\n\n<figure class=\"wp-block-image size-large\"><img loading=\"lazy\" decoding=\"async\" width=\"1024\" height=\"640\" data-id=\"4083\" src=\"https:\/\/konfigurator.nu\/wp-content\/uploads\/2024\/09\/Anipart_isolated_tablet_laptop_and_smartphone_composition-1024x640.png\" alt=\"About\" class=\"wp-image-4083\" srcset=\"https:\/\/konfigurator.nu\/wp-content\/uploads\/2024\/09\/Anipart_isolated_tablet_laptop_and_smartphone_composition-1024x640.png 1024w, https:\/\/konfigurator.nu\/wp-content\/uploads\/2024\/09\/Anipart_isolated_tablet_laptop_and_smartphone_composition-300x188.png 300w, https:\/\/konfigurator.nu\/wp-content\/uploads\/2024\/09\/Anipart_isolated_tablet_laptop_and_smartphone_composition-768x480.png 768w, https:\/\/konfigurator.nu\/wp-content\/uploads\/2024\/09\/Anipart_isolated_tablet_laptop_and_smartphone_composition-1536x960.png 1536w, https:\/\/konfigurator.nu\/wp-content\/uploads\/2024\/09\/Anipart_isolated_tablet_laptop_and_smartphone_composition-2048x1280.png 2048w\" sizes=\"(max-width: 1024px) 100vw, 1024px\" \/><\/figure>\n<\/figure>\n\n\n\n<div class=\"wp-block-uagb-separator uagb-block-09d80435\"><div class=\"uagb-separator-spacing-wrapper\"><div class=\"wp-block-uagb-separator__inner\" style=\"--my-background-image:\"><\/div><\/div><\/div>\n\n\n\n<div class=\"wp-block-uagb-info-box uagb-block-f5f5fdc4 uagb-infobox__content-wrap  uagb-infobox-icon-above-title uagb-infobox-image-valign-top wp-block-uagb-info-box--has-margin\"><div class=\"uagb-infobox-margin-wrapper\"><div class=\"uagb-ifb-content\"><div class=\"uagb-ifb-title-wrap\"><h3 class=\"uagb-ifb-title\">Kontakt os for mere information<\/h3><\/div><\/div><\/div><\/div>\n\n\n\n<div class=\"wp-block-columns is-layout-flex wp-container-core-columns-is-layout-28f84493 wp-block-columns-is-layout-flex\">\n<div class=\"wp-block-column is-layout-flow wp-block-column-is-layout-flow\" style=\"flex-basis:100%\">\n<p class=\"has-text-align-center has-medium-font-size\">Tak, fordi du bes\u00f8gte Konfigurator.nu!  <\/p>\n\n\n\n<p class=\"has-text-align-center\">Vi er her for at st\u00f8tte dig p\u00e5 din rejse mod en vellykket digital transformation.Hvis du har sp\u00f8rgsm\u00e5l, eller hvis du gerne vil diskutere, hvordan en konfigurator kan passe til din virksomhed, s\u00e5 t\u00f8v ikke med at kontakte os hos Animech.Vi ser frem til at hj\u00e6lpe dig med at realisere alle de fordele, konfiguratorer kan tilbyde!<\/p>\n<\/div>\n<\/div>\n<\/div><\/div>\n\n\n\n<p><\/p>\n","protected":false},"excerpt":{"rendered":"<p>Om os Velkommen til Konfigurator.nu Tak, fordi du bes\u00f8gte Konfigurator.nu! Vi er her for at st\u00f8tte dig p\u00e5 din rejse mod en vellykket digital transformation.Hvis du har sp\u00f8rgsm\u00e5l, eller hvis du gerne vil diskutere, hvordan en konfigurator kan passe til din virksomhed, s\u00e5 t\u00f8v ikke med at kontakte os hos Animech.Vi ser frem til at [&hellip;]<\/p>\n","protected":false},"author":3,"featured_media":0,"parent":0,"menu_order":0,"comment_status":"closed","ping_status":"closed","template":"","meta":{"_uag_custom_page_level_css":"","site-sidebar-layout":"default","site-content-layout":"","ast-site-content-layout":"default","site-content-style":"default","site-sidebar-style":"default","ast-global-header-display":"","ast-banner-title-visibility":"","ast-main-header-display":"","ast-hfb-above-header-display":"","ast-hfb-below-header-display":"","ast-hfb-mobile-header-display":"","site-post-title":"disabled","ast-breadcrumbs-content":"","ast-featured-img":"","footer-sml-layout":"","ast-disable-related-posts":"","theme-transparent-header-meta":"","adv-header-id-meta":"","stick-header-meta":"","header-above-stick-meta":"","header-main-stick-meta":"","header-below-stick-meta":"","astra-migrate-meta-layouts":"set","ast-page-background-enabled":"default","ast-page-background-meta":{"desktop":{"background-color":"","background-image":"","background-repeat":"repeat","background-position":"center center","background-size":"auto","background-attachment":"scroll","background-type":"","background-media":"","overlay-type":"","overlay-color":"","overlay-opacity":"","overlay-gradient":""},"tablet":{"background-color":"","background-image":"","background-repeat":"repeat","background-position":"center center","background-size":"auto","background-attachment":"scroll","background-type":"","background-media":"","overlay-type":"","overlay-color":"","overlay-opacity":"","overlay-gradient":""},"mobile":{"background-color":"","background-image":"","background-repeat":"repeat","background-position":"center center","background-size":"auto","background-attachment":"scroll","background-type":"","background-media":"","overlay-type":"","overlay-color":"","overlay-opacity":"","overlay-gradient":""}},"ast-content-background-meta":{"desktop":{"background-color":"var(--ast-global-color-5)","background-image":"","background-repeat":"repeat","background-position":"center center","background-size":"auto","background-attachment":"scroll","background-type":"","background-media":"","overlay-type":"","overlay-color":"","overlay-opacity":"","overlay-gradient":""},"tablet":{"background-color":"var(--ast-global-color-5)","background-image":"","background-repeat":"repeat","background-position":"center center","background-size":"auto","background-attachment":"scroll","background-type":"","background-media":"","overlay-type":"","overlay-color":"","overlay-opacity":"","overlay-gradient":""},"mobile":{"background-color":"var(--ast-global-color-5)","background-image":"","background-repeat":"repeat","background-position":"center center","background-size":"auto","background-attachment":"scroll","background-type":"","background-media":"","overlay-type":"","overlay-color":"","overlay-opacity":"","overlay-gradient":""}},"footnotes":""},"class_list":["post-3421","page","type-page","status-publish","hentry"],"uagb_featured_image_src":{"full":false,"thumbnail":false,"medium":false,"medium_large":false,"large":false,"1536x1536":false,"2048x2048":false},"uagb_author_info":{"display_name":"Tino Karazeimbekis","author_link":"https:\/\/konfigurator.nu\/da\/author\/tino\/"},"uagb_comment_info":0,"uagb_excerpt":"Om os Velkommen til Konfigurator.nu Tak, fordi du bes\u00f8gte Konfigurator.nu! Vi er her for at st\u00f8tte dig p\u00e5 din rejse mod en vellykket digital transformation.Hvis du har sp\u00f8rgsm\u00e5l, eller hvis du gerne vil diskutere, hvordan en konfigurator kan passe til din virksomhed, s\u00e5 t\u00f8v ikke med at kontakte os hos Animech.Vi ser frem til at&hellip;","_links":{"self":[{"href":"https:\/\/konfigurator.nu\/da\/wp-json\/wp\/v2\/pages\/3421","targetHints":{"allow":["GET"]}}],"collection":[{"href":"https:\/\/konfigurator.nu\/da\/wp-json\/wp\/v2\/pages"}],"about":[{"href":"https:\/\/konfigurator.nu\/da\/wp-json\/wp\/v2\/types\/page"}],"author":[{"embeddable":true,"href":"https:\/\/konfigurator.nu\/da\/wp-json\/wp\/v2\/users\/3"}],"replies":[{"embeddable":true,"href":"https:\/\/konfigurator.nu\/da\/wp-json\/wp\/v2\/comments?post=3421"}],"version-history":[{"count":6,"href":"https:\/\/konfigurator.nu\/da\/wp-json\/wp\/v2\/pages\/3421\/revisions"}],"predecessor-version":[{"id":4333,"href":"https:\/\/konfigurator.nu\/da\/wp-json\/wp\/v2\/pages\/3421\/revisions\/4333"}],"wp:attachment":[{"href":"https:\/\/konfigurator.nu\/da\/wp-json\/wp\/v2\/media?parent=3421"}],"curies":[{"name":"wp","href":"https:\/\/api.w.org\/{rel}","templated":true}]}}