{"id":3482,"date":"2024-07-23T10:43:08","date_gmt":"2024-07-23T08:43:08","guid":{"rendered":"https:\/\/konfigurator.nu\/produktkonfigurator\/"},"modified":"2026-04-13T14:49:49","modified_gmt":"2026-04-13T12:49:49","slug":"produktkonfigurator","status":"publish","type":"page","link":"https:\/\/konfigurator.nu\/da\/produktkonfigurator\/","title":{"rendered":"Produktkonfigurator"},"content":{"rendered":"\n<div class=\"wp-block-uagb-container uagb-block-d6924da0 alignfull uagb-is-root-container\"><div class=\"uagb-container__video-wrap\"><video autoplay loop muted playsinline><source src=\"https:\/\/konfigurator.nu\/wp-content\/uploads\/2024\/09\/Bags.mp4\" type=\"video\/mp4\"\/><\/video><\/div><div class=\"uagb-container-inner-blocks-wrap\">\n<div class=\"wp-block-uagb-advanced-heading uagb-block-efa76908\"><h1 class=\"uagb-heading-text\">PRODUKTKONFIGURATOR<\/h1><\/div>\n<\/div><\/div>\n\n\n\n<div class=\"wp-block-uagb-container uagb-layout-grid uagb-block-24299646 alignfull uagb-is-root-container\"><div class=\"uagb-container-inner-blocks-wrap\">\n<div class=\"wp-block-uagb-info-box uagb-block-f02872bf uagb-infobox__content-wrap  uagb-infobox-icon-above-title uagb-infobox-image-valign-top\"><div class=\"uagb-ifb-content\"><div class=\"uagb-ifb-title-wrap\"><h3 class=\"uagb-ifb-title\">Produktkonfigurator<\/h3><\/div><p class=\"uagb-ifb-desc\">En produktkonfigurator er et st\u00e6rkt digitalt v\u00e6rkt\u00f8j, der revolutionerer den m\u00e5de, produkter s\u00e6lges og konfigureres p\u00e5. Ved at integrere avanceret teknologi med omfattende viden kan en produktkonfigurator give et imponerende niveau af effektivitet og n\u00f8jagtighed i salgsprocessen. Denne type v\u00e6rkt\u00f8j reducerer behovet for, at eksperter skal tage sig af hvert enkelt sp\u00f8rgsm\u00e5l, hvilket frig\u00f8r deres tid til mere avancerede og specialiserede opgaver.  <\/p><\/div><\/div>\n\n\n\n<figure class=\"wp-block-image size-full has-custom-border\"><img fetchpriority=\"high\" decoding=\"async\" width=\"2560\" height=\"1440\" src=\"https:\/\/konfigurator.nu\/wp-content\/uploads\/2024\/08\/Shoes04.jpg\" alt=\"\" class=\"has-border-color has-ast-global-color-5-border-color wp-image-4334\" style=\"border-width:16px;border-radius:0px\" srcset=\"https:\/\/konfigurator.nu\/wp-content\/uploads\/2024\/08\/Shoes04.jpg 2560w, https:\/\/konfigurator.nu\/wp-content\/uploads\/2024\/08\/Shoes04-300x169.jpg 300w, https:\/\/konfigurator.nu\/wp-content\/uploads\/2024\/08\/Shoes04-1024x576.jpg 1024w, https:\/\/konfigurator.nu\/wp-content\/uploads\/2024\/08\/Shoes04-768x432.jpg 768w, https:\/\/konfigurator.nu\/wp-content\/uploads\/2024\/08\/Shoes04-1536x864.jpg 1536w, https:\/\/konfigurator.nu\/wp-content\/uploads\/2024\/08\/Shoes04-2048x1152.jpg 2048w\" sizes=\"(max-width: 2560px) 100vw, 2560px\" \/><\/figure>\n<\/div><\/div>\n\n\n\n<div class=\"wp-block-uagb-container uagb-block-6be40f00 alignfull uagb-is-root-container\"><div class=\"uagb-container-inner-blocks-wrap\">\n<div class=\"wp-block-uagb-advanced-heading uagb-block-8e598847\"><h3 class=\"uagb-heading-text\">Funktionalitet og anvendelser<\/h3><\/div>\n\n\n\n<div class=\"wp-block-uagb-container uagb-layout-grid uagb-block-2b8639e4\">\n<div class=\"wp-block-uagb-advanced-heading uagb-block-dda0e0fa\"><h4 class=\"uagb-heading-text\">Fordele ved produktkonfiguratorer<\/h4><p class=\"uagb-desc-text\"><strong>Str\u00f8mlining af salgsprocessen<\/strong>: <a href=\"https:\/\/konfigurator.nu\/da\/konfiguratorer\/\">Automatisering af komplekse valg og konfigurationer<\/a> sparer ikke kun tid og ressourcer, men skaber ogs\u00e5 en mere str\u00f8mlinet salgsproces. Traditionelt kr\u00e6ver skr\u00e6ddersyet konfiguration, at en ekspert er til stede for at guide kunderne gennem hvert trin. <br><br><strong>Reduceret fejlmargin<\/strong>: En af de st\u00f8rste udfordringer ved produktkonfiguration er at sikre, at alle komponenter og specifikationer er kompatible. Forkerte konfigurationer kan f\u00f8re til dyre returneringer, klager og tabt kundetilfredshed. Konfiguratorer bruger intelligente algoritmer til automatisk at tjekke kompatibilitet og specifikationer i realtid.  <br><br><strong>\u00d8get kundeengagement<\/strong>: Konfiguratorer giver kunderne en engagerende og interaktiv oplevelse. Ved at levere visuelle opdateringer i realtid kan kunderne se, hvordan deres valg p\u00e5virker det endelige resultat direkte. Det skaber en f\u00f8lelse af involvering og personalisering, som kan \u00f8ge kundetilfredsheden og -loyaliteten. For mange kunder er muligheden for visuelt at udforske og personligg\u00f8re produkter en vigtig del af indk\u00f8bsoplevelsen.   <br><br><strong>Dataanalyse og kundeindsigt<\/strong>: Muligheden for at indsamle og analysere data om kundernes pr\u00e6ferencer og adf\u00e6rd er et af de mest v\u00e6rdifulde aspekter ved produktkonfiguratorer. Ved at spore, hvilke valg og kombinationer kunderne foretager, kan virksomheder f\u00e5 dyb indsigt i markedstendenser og kundepr\u00e6ferencer. Disse oplysninger kan bruges til at forbedre tilbuddet ved at identificere, hvilke funktioner og muligheder der er mest popul\u00e6re, og hvilke der m\u00e5ske skal justeres eller fjernes.  <\/p><\/div>\n\n\n\n<div class=\"wp-block-uagb-advanced-heading uagb-block-b946363e\"><h4 class=\"uagb-heading-text\">F\u00e6lles anvendelsesomr\u00e5der<\/h4><p class=\"uagb-desc-text\"><strong>Biler<\/strong><br>I <a href=\"https:\/\/virtual-showroom.ewellix.com\/\" target=\"_blank\" rel=\"noopener\">bilindustrien <\/a>er produktkonfiguratorer en vigtig del af salgsprocessen. Kunderne kan tilpasse deres biler ved at v\u00e6lge model, motor, farve, interi\u00f8r, ekstraudstyr og tilbeh\u00f8r. Ved at bruge en konfigurator kan kunderne f\u00e5 en visuel repr\u00e6sentation af deres tilpassede bil og straks se, hvordan deres valg p\u00e5virker prisen. Det \u00f8ger kundeengagementet og g\u00f8r k\u00f8bsoplevelsen mere interaktiv og tilfredsstillende.   <br><br><strong>M\u00f8belproduktion<\/strong><br>M\u00f8belproducenter bruger konfiguratorer til at give kunderne mulighed for at tilpasse deres m\u00f8bler. Kunderne kan v\u00e6lge materialer, farver, st\u00f8rrelser og andre specifikationer for at skabe m\u00f8bler, der passer perfekt ind i deres hjem. Denne type konfigurator g\u00f8r det nemt for kunderne at visualisere slutresultatet og sikrer, at de f\u00e5r pr\u00e6cis, hvad de vil have.  <br><br>Elektronik <strong>og computere<br><\/strong>I elektronik- og computerbranchen er konfiguratorer meget nyttige til at bygge skr\u00e6ddersyede computere og andre elektroniske enheder. Kunderne kan v\u00e6lge forskellige komponenter som processorer, grafikkort, hukommelse og lagringsenheder for at skabe en computer, der opfylder deres specifikke behov. Det giver kunderne kontrol over ydeevne og pris, samtidig med at risikoen for inkompatible komponenter reduceres.  <\/p><\/div>\n\n\n\n<figure class=\"wp-block-gallery has-nested-images columns-default is-cropped wp-block-gallery-1 is-layout-flex wp-block-gallery-is-layout-flex\">\n<figure class=\"wp-block-image alignfull size-full\"><img decoding=\"async\" width=\"1024\" height=\"1792\" data-id=\"4335\" src=\"https:\/\/konfigurator.nu\/wp-content\/uploads\/2024\/08\/DALL\u00b7E-2024-08-28-14.29.29-A-realistic-scene-of-a-person-sitting-comfortably-with-a-tablet-in-hand-using-a-product-configurator-to-design-a-pair-of-sneakers.-The-tablet-screen-.webp\" alt=\"Produkt\" class=\"wp-image-4335\" srcset=\"https:\/\/konfigurator.nu\/wp-content\/uploads\/2024\/08\/DALL\u00b7E-2024-08-28-14.29.29-A-realistic-scene-of-a-person-sitting-comfortably-with-a-tablet-in-hand-using-a-product-configurator-to-design-a-pair-of-sneakers.-The-tablet-screen-.webp 1024w, https:\/\/konfigurator.nu\/wp-content\/uploads\/2024\/08\/DALL\u00b7E-2024-08-28-14.29.29-A-realistic-scene-of-a-person-sitting-comfortably-with-a-tablet-in-hand-using-a-product-configurator-to-design-a-pair-of-sneakers.-The-tablet-screen--171x300.webp 171w, https:\/\/konfigurator.nu\/wp-content\/uploads\/2024\/08\/DALL\u00b7E-2024-08-28-14.29.29-A-realistic-scene-of-a-person-sitting-comfortably-with-a-tablet-in-hand-using-a-product-configurator-to-design-a-pair-of-sneakers.-The-tablet-screen--585x1024.webp 585w, https:\/\/konfigurator.nu\/wp-content\/uploads\/2024\/08\/DALL\u00b7E-2024-08-28-14.29.29-A-realistic-scene-of-a-person-sitting-comfortably-with-a-tablet-in-hand-using-a-product-configurator-to-design-a-pair-of-sneakers.-The-tablet-screen--768x1344.webp 768w, https:\/\/konfigurator.nu\/wp-content\/uploads\/2024\/08\/DALL\u00b7E-2024-08-28-14.29.29-A-realistic-scene-of-a-person-sitting-comfortably-with-a-tablet-in-hand-using-a-product-configurator-to-design-a-pair-of-sneakers.-The-tablet-screen--878x1536.webp 878w\" sizes=\"(max-width: 1024px) 100vw, 1024px\" \/><\/figure>\n<\/figure>\n<\/div>\n\n\n\n<div class=\"wp-block-uagb-advanced-heading uagb-block-b1b03653\"><\/div>\n<\/div><\/div>\n\n\n\n<p><\/p>\n","protected":false},"excerpt":{"rendered":"<p>PRODUKTKONFIGURATOR Funktionalitet og anvendelser Fordele ved produktkonfiguratorer Str\u00f8mlining af salgsprocessen: Automatisering af komplekse valg og konfigurationer sparer ikke kun tid og ressourcer, men skaber ogs\u00e5 en mere str\u00f8mlinet salgsproces. Traditionelt kr\u00e6ver skr\u00e6ddersyet konfiguration, at en ekspert er til stede for at guide kunderne gennem hvert trin. Reduceret fejlmargin: En af de st\u00f8rste udfordringer ved produktkonfiguration [&hellip;]<\/p>\n","protected":false},"author":3,"featured_media":0,"parent":0,"menu_order":0,"comment_status":"closed","ping_status":"closed","template":"","meta":{"_uag_custom_page_level_css":"","site-sidebar-layout":"default","site-content-layout":"","ast-site-content-layout":"default","site-content-style":"default","site-sidebar-style":"default","ast-global-header-display":"","ast-banner-title-visibility":"","ast-main-header-display":"","ast-hfb-above-header-display":"","ast-hfb-below-header-display":"","ast-hfb-mobile-header-display":"","site-post-title":"disabled","ast-breadcrumbs-content":"","ast-featured-img":"","footer-sml-layout":"","ast-disable-related-posts":"","theme-transparent-header-meta":"","adv-header-id-meta":"","stick-header-meta":"","header-above-stick-meta":"","header-main-stick-meta":"","header-below-stick-meta":"","astra-migrate-meta-layouts":"set","ast-page-background-enabled":"default","ast-page-background-meta":{"desktop":{"background-color":"","background-image":"","background-repeat":"repeat","background-position":"center center","background-size":"auto","background-attachment":"scroll","background-type":"","background-media":"","overlay-type":"","overlay-color":"","overlay-opacity":"","overlay-gradient":""},"tablet":{"background-color":"","background-image":"","background-repeat":"repeat","background-position":"center center","background-size":"auto","background-attachment":"scroll","background-type":"","background-media":"","overlay-type":"","overlay-color":"","overlay-opacity":"","overlay-gradient":""},"mobile":{"background-color":"","background-image":"","background-repeat":"repeat","background-position":"center center","background-size":"auto","background-attachment":"scroll","background-type":"","background-media":"","overlay-type":"","overlay-color":"","overlay-opacity":"","overlay-gradient":""}},"ast-content-background-meta":{"desktop":{"background-color":"var(--ast-global-color-5)","background-image":"","background-repeat":"repeat","background-position":"center center","background-size":"auto","background-attachment":"scroll","background-type":"","background-media":"","overlay-type":"","overlay-color":"","overlay-opacity":"","overlay-gradient":""},"tablet":{"background-color":"var(--ast-global-color-5)","background-image":"","background-repeat":"repeat","background-position":"center center","background-size":"auto","background-attachment":"scroll","background-type":"","background-media":"","overlay-type":"","overlay-color":"","overlay-opacity":"","overlay-gradient":""},"mobile":{"background-color":"var(--ast-global-color-5)","background-image":"","background-repeat":"repeat","background-position":"center center","background-size":"auto","background-attachment":"scroll","background-type":"","background-media":"","overlay-type":"","overlay-color":"","overlay-opacity":"","overlay-gradient":""}},"footnotes":""},"class_list":["post-3482","page","type-page","status-publish","hentry"],"uagb_featured_image_src":{"full":false,"thumbnail":false,"medium":false,"medium_large":false,"large":false,"1536x1536":false,"2048x2048":false},"uagb_author_info":{"display_name":"Tino Karazeimbekis","author_link":"https:\/\/konfigurator.nu\/da\/author\/tino\/"},"uagb_comment_info":0,"uagb_excerpt":"PRODUKTKONFIGURATOR Funktionalitet og anvendelser Fordele ved produktkonfiguratorer Str\u00f8mlining af salgsprocessen: Automatisering af komplekse valg og konfigurationer sparer ikke kun tid og ressourcer, men skaber ogs\u00e5 en mere str\u00f8mlinet salgsproces. Traditionelt kr\u00e6ver skr\u00e6ddersyet konfiguration, at en ekspert er til stede for at guide kunderne gennem hvert trin. Reduceret fejlmargin: En af de st\u00f8rste udfordringer ved produktkonfiguration&hellip;","_links":{"self":[{"href":"https:\/\/konfigurator.nu\/da\/wp-json\/wp\/v2\/pages\/3482","targetHints":{"allow":["GET"]}}],"collection":[{"href":"https:\/\/konfigurator.nu\/da\/wp-json\/wp\/v2\/pages"}],"about":[{"href":"https:\/\/konfigurator.nu\/da\/wp-json\/wp\/v2\/types\/page"}],"author":[{"embeddable":true,"href":"https:\/\/konfigurator.nu\/da\/wp-json\/wp\/v2\/users\/3"}],"replies":[{"embeddable":true,"href":"https:\/\/konfigurator.nu\/da\/wp-json\/wp\/v2\/comments?post=3482"}],"version-history":[{"count":5,"href":"https:\/\/konfigurator.nu\/da\/wp-json\/wp\/v2\/pages\/3482\/revisions"}],"predecessor-version":[{"id":4336,"href":"https:\/\/konfigurator.nu\/da\/wp-json\/wp\/v2\/pages\/3482\/revisions\/4336"}],"wp:attachment":[{"href":"https:\/\/konfigurator.nu\/da\/wp-json\/wp\/v2\/media?parent=3482"}],"curies":[{"name":"wp","href":"https:\/\/api.w.org\/{rel}","templated":true}]}}