{"id":3484,"date":"2024-07-23T10:38:47","date_gmt":"2024-07-23T08:38:47","guid":{"rendered":"https:\/\/konfigurator.nu\/salgskonfigurator\/"},"modified":"2026-04-13T14:52:02","modified_gmt":"2026-04-13T12:52:02","slug":"salgskonfigurator","status":"publish","type":"page","link":"https:\/\/konfigurator.nu\/da\/salgskonfigurator\/","title":{"rendered":"Salgskonfigurator"},"content":{"rendered":"\n<div class=\"wp-block-uagb-container uagb-block-d6924da0 alignfull uagb-is-root-container\"><div class=\"uagb-container__video-wrap\"><video autoplay loop muted playsinline><source src=\"https:\/\/konfigurator.nu\/wp-content\/uploads\/2024\/07\/5705647_Coll_wavebreak_Animation_1920x1080.mp4\" type=\"video\/mp4\"\/><\/video><\/div><div class=\"uagb-container-inner-blocks-wrap\">\n<div class=\"wp-block-uagb-advanced-heading uagb-block-efa76908\"><h1 class=\"uagb-heading-text\">SALGSKONFIGURATOR<\/h1><\/div>\n<\/div><\/div>\n\n\n\n<div class=\"wp-block-uagb-container uagb-layout-grid uagb-block-24299646 alignfull uagb-is-root-container\"><div class=\"uagb-container-inner-blocks-wrap\">\n<div class=\"wp-block-uagb-info-box uagb-block-f02872bf uagb-infobox__content-wrap  uagb-infobox-icon-above-title uagb-infobox-image-valign-top\"><div class=\"uagb-ifb-content\"><div class=\"uagb-ifb-title-wrap\"><h3 class=\"uagb-ifb-title\">Salgskonfigurator<\/h3><\/div><p class=\"uagb-ifb-desc\">En salgskonfigurator er en sofistikeret type konfigurator, der bruges til at lette processen b\u00e5de internt af virksomhedens <a href=\"https:\/\/www.salesforce.com\/sales\/cpq\/what-is-cpq\/\" data-type=\"link\" data-id=\"https:\/\/www.salesforce.com\/sales\/cpq\/what-is-cpq\/\" target=\"_blank\" rel=\"noopener\">salgsteam <\/a>og eksternt af kunderne via nettet. Denne type konfigurator er designet til at v\u00e6re meget brugervenlig og indeholder ofte avancerede funktioner til at h\u00e5ndtere komplekse produkt- eller servicekonfigurationer. <br><br>Disse konfiguratorer adskiller sig fra traditionelle produktkonfiguratorer ved deres mere avancerede logik og evne til at stille brugervenlige sp\u00f8rgsm\u00e5l. Mens en almindelig produktkonfigurator kan sp\u00f8rge brugeren &#8220;Hvilken slags maskine vil du have?&#8221; og pr\u00e6sentere et udvalg af specifikke maskiner (f.eks. maskine X, maskine Y), vil konfiguratorer i stedet stille mere \u00e5bne og behovsbaserede sp\u00f8rgsm\u00e5l som &#8220;Hvad skal maskinen bruges til?&#8221;. Baseret p\u00e5 svarene kan konfiguratoren derefter foresl\u00e5 en skr\u00e6ddersyet konfiguration, der bedst opfylder brugerens behov.  <\/p><\/div><\/div>\n\n\n\n<div class=\"wp-block-columns is-layout-flex wp-container-core-columns-is-layout-28f84493 wp-block-columns-is-layout-flex\">\n<div class=\"wp-block-column is-layout-flow wp-block-column-is-layout-flow\" style=\"flex-basis:100%\">\n<figure class=\"wp-block-image size-large\"><img fetchpriority=\"high\" decoding=\"async\" width=\"1024\" height=\"793\" src=\"https:\/\/konfigurator.nu\/wp-content\/uploads\/2024\/07\/multi_nobackground-1024x793.png\" alt=\"https:\/\/animech.com\/en\/animech-platform\/\" class=\"wp-image-2960\" srcset=\"https:\/\/konfigurator.nu\/wp-content\/uploads\/2024\/07\/multi_nobackground-1024x793.png 1024w, https:\/\/konfigurator.nu\/wp-content\/uploads\/2024\/07\/multi_nobackground-300x232.png 300w, https:\/\/konfigurator.nu\/wp-content\/uploads\/2024\/07\/multi_nobackground-768x595.png 768w, https:\/\/konfigurator.nu\/wp-content\/uploads\/2024\/07\/multi_nobackground-1536x1190.png 1536w, https:\/\/konfigurator.nu\/wp-content\/uploads\/2024\/07\/multi_nobackground-2048x1587.png 2048w\" sizes=\"(max-width: 1024px) 100vw, 1024px\" \/><\/figure>\n<\/div>\n<\/div>\n<\/div><\/div>\n\n\n\n<div class=\"wp-block-uagb-container uagb-block-6be40f00 alignfull uagb-is-root-container\"><div class=\"uagb-container-inner-blocks-wrap\">\n<div class=\"wp-block-uagb-advanced-heading uagb-block-8e598847\"><h3 class=\"uagb-heading-text\">Funktionalitet og anvendelser<\/h3><\/div>\n\n\n\n<div class=\"wp-block-uagb-container uagb-layout-grid uagb-block-2b8639e4\">\n<div class=\"wp-block-uagb-advanced-heading uagb-block-dda0e0fa\"><h4 class=\"uagb-heading-text\">Fordele ved salgskonfiguratorer<\/h4><p class=\"uagb-desc-text\"><strong>Brugervenlighed<\/strong>: En af de st\u00f8rste fordele er fokus p\u00e5 brugervenlighed. Ved at stille enkle, behovsbaserede sp\u00f8rgsm\u00e5l kan selv brugere uden teknisk ekspertise skabe komplekse konfigurationer. <br><br><strong>Avanceret log<\/strong>ik: <a href=\"https:\/\/konfigurator.nu\/3d\/\">Konfiguratorer <\/a>har indbygget avanceret logik, der kan h\u00e5ndtere komplekse afh\u00e6ngigheder og regler. Det g\u00f8r det muligt at skabe mere pr\u00e6cise og relevante produktforslag baseret p\u00e5 brugerens specifikke behov og pr\u00e6ferencer. <br><br><strong>Informativ konfliktl\u00f8sning<\/strong>: Disse konfiguratorer kan h\u00e5ndtere og l\u00f8se konflikter i realtid. Hvis en brugers valg ikke er kompatibelt med tidligere valg, tilbyder konfiguratoren muligheder og forklaringer for at hj\u00e6lpe brugeren med at foretage de korrekte justeringer. <br><br><strong>Fleksibilitet i sp\u00f8rgsm\u00e5lsr\u00e6kkef\u00f8lgen<\/strong>: Brugerne kan ofte besvare sp\u00f8rgsm\u00e5l i en hvilken som helst r\u00e6kkef\u00f8lge, hvilket giver en mere fleksibel og brugertilpasset oplevelse. Det giver brugeren mulighed for at navigere gennem konfigurationsprocessen p\u00e5 den m\u00e5de, der f\u00f8les mest naturlig for dem. <br><br><strong>Rapportgenerering<\/strong>: Konfiguratorer tilbyder ofte funktioner til at generere tilpassede rapporter, der opsummerer konfigurationen. Det kan omfatte oplysninger om produktspecifikationer, omkostninger og leveringstider, hvilket er meget v\u00e6rdifuldt for b\u00e5de s\u00e6lgere og kunder. <\/p><\/div>\n\n\n\n<div class=\"wp-block-uagb-advanced-heading uagb-block-b946363e\"><h4 class=\"uagb-heading-text\">F\u00e6lles anvendelsesomr\u00e5der<\/h4><p class=\"uagb-desc-text\">Salgskonfiguratorer bruges i en lang r\u00e6kke brancher og sammenh\u00e6nge, bl.a:<br><strong>E-handel<\/strong>: p\u00e5 hjemmesider, hvor kunderne kan konfigurere og k\u00f8be produkter direkte online; konfiguratorer g\u00f8r det nemt for kunderne at tilpasse produkter til deres specifikke behov og f\u00e5 et klart billede af omkostninger og leveringstid. <br><strong>Virksomhedssalg<\/strong>: Internt i virksomheder, hvor teamet bruger konfiguratorer til hurtigt og effektivt at skabe tilpassede produktforslag til kunderne. Det sparer tid og reducerer risikoen for forkerte ordrer. <br><strong>Industrielt og teknisk salg<\/strong>: I brancher, hvor produkterne er teknisk komplekse og kr\u00e6ver omhyggelig konfiguration, kan konfiguratorer h\u00e5ndtere de mange variabler og specifikationer, som disse produkter ofte indeb\u00e6rer. <\/p><\/div>\n\n\n\n<figure class=\"wp-block-gallery has-nested-images columns-default is-cropped wp-block-gallery-1 is-layout-flex wp-block-gallery-is-layout-flex\">\n<figure class=\"wp-block-image size-full has-custom-border is-style-default\"><img decoding=\"async\" width=\"1024\" height=\"1783\" data-id=\"4187\" src=\"https:\/\/konfigurator.nu\/wp-content\/uploads\/2026\/03\/2024-08-28-14.43.45-A-realistic-scene-of-a-salesperson-sitting-in-an-office-focused-on-a-laptop-screen-where-they-are-configuring-a-warehouse-system.-The-interface-on-th-e1773735162943.webp\" alt=\"Salg\" class=\"wp-image-4187\" style=\"border-style:none;border-width:0px\" srcset=\"https:\/\/konfigurator.nu\/wp-content\/uploads\/2026\/03\/2024-08-28-14.43.45-A-realistic-scene-of-a-salesperson-sitting-in-an-office-focused-on-a-laptop-screen-where-they-are-configuring-a-warehouse-system.-The-interface-on-th-e1773735162943.webp 1024w, https:\/\/konfigurator.nu\/wp-content\/uploads\/2026\/03\/2024-08-28-14.43.45-A-realistic-scene-of-a-salesperson-sitting-in-an-office-focused-on-a-laptop-screen-where-they-are-configuring-a-warehouse-system.-The-interface-on-th-e1773735162943-172x300.webp 172w, https:\/\/konfigurator.nu\/wp-content\/uploads\/2026\/03\/2024-08-28-14.43.45-A-realistic-scene-of-a-salesperson-sitting-in-an-office-focused-on-a-laptop-screen-where-they-are-configuring-a-warehouse-system.-The-interface-on-th-e1773735162943-588x1024.webp 588w, https:\/\/konfigurator.nu\/wp-content\/uploads\/2026\/03\/2024-08-28-14.43.45-A-realistic-scene-of-a-salesperson-sitting-in-an-office-focused-on-a-laptop-screen-where-they-are-configuring-a-warehouse-system.-The-interface-on-th-e1773735162943-768x1337.webp 768w, https:\/\/konfigurator.nu\/wp-content\/uploads\/2026\/03\/2024-08-28-14.43.45-A-realistic-scene-of-a-salesperson-sitting-in-an-office-focused-on-a-laptop-screen-where-they-are-configuring-a-warehouse-system.-The-interface-on-th-e1773735162943-882x1536.webp 882w\" sizes=\"(max-width: 1024px) 100vw, 1024px\" \/><\/figure>\n<\/figure>\n\n\n\n<p><\/p>\n\n\n\n<p><\/p>\n\n\n\n<div class=\"wp-block-uagb-advanced-heading uagb-block-c4c70dbd\"><\/div>\n\n\n\n<p><\/p>\n<\/div>\n<\/div><\/div>\n\n\n\n<p><\/p>\n","protected":false},"excerpt":{"rendered":"<p>SALGSKONFIGURATOR Funktionalitet og anvendelser Fordele ved salgskonfiguratorer Brugervenlighed: En af de st\u00f8rste fordele er fokus p\u00e5 brugervenlighed. Ved at stille enkle, behovsbaserede sp\u00f8rgsm\u00e5l kan selv brugere uden teknisk ekspertise skabe komplekse konfigurationer. Avanceret logik: Konfiguratorer har indbygget avanceret logik, der kan h\u00e5ndtere komplekse afh\u00e6ngigheder og regler. Det g\u00f8r det muligt at skabe mere pr\u00e6cise og [&hellip;]<\/p>\n","protected":false},"author":3,"featured_media":0,"parent":0,"menu_order":0,"comment_status":"closed","ping_status":"closed","template":"","meta":{"_uag_custom_page_level_css":"","site-sidebar-layout":"default","site-content-layout":"","ast-site-content-layout":"default","site-content-style":"default","site-sidebar-style":"default","ast-global-header-display":"","ast-banner-title-visibility":"","ast-main-header-display":"","ast-hfb-above-header-display":"","ast-hfb-below-header-display":"","ast-hfb-mobile-header-display":"","site-post-title":"disabled","ast-breadcrumbs-content":"","ast-featured-img":"","footer-sml-layout":"","ast-disable-related-posts":"","theme-transparent-header-meta":"","adv-header-id-meta":"","stick-header-meta":"","header-above-stick-meta":"","header-main-stick-meta":"","header-below-stick-meta":"","astra-migrate-meta-layouts":"set","ast-page-background-enabled":"default","ast-page-background-meta":{"desktop":{"background-color":"","background-image":"","background-repeat":"repeat","background-position":"center center","background-size":"auto","background-attachment":"scroll","background-type":"","background-media":"","overlay-type":"","overlay-color":"","overlay-opacity":"","overlay-gradient":""},"tablet":{"background-color":"","background-image":"","background-repeat":"repeat","background-position":"center center","background-size":"auto","background-attachment":"scroll","background-type":"","background-media":"","overlay-type":"","overlay-color":"","overlay-opacity":"","overlay-gradient":""},"mobile":{"background-color":"","background-image":"","background-repeat":"repeat","background-position":"center center","background-size":"auto","background-attachment":"scroll","background-type":"","background-media":"","overlay-type":"","overlay-color":"","overlay-opacity":"","overlay-gradient":""}},"ast-content-background-meta":{"desktop":{"background-color":"var(--ast-global-color-5)","background-image":"","background-repeat":"repeat","background-position":"center center","background-size":"auto","background-attachment":"scroll","background-type":"","background-media":"","overlay-type":"","overlay-color":"","overlay-opacity":"","overlay-gradient":""},"tablet":{"background-color":"var(--ast-global-color-5)","background-image":"","background-repeat":"repeat","background-position":"center center","background-size":"auto","background-attachment":"scroll","background-type":"","background-media":"","overlay-type":"","overlay-color":"","overlay-opacity":"","overlay-gradient":""},"mobile":{"background-color":"var(--ast-global-color-5)","background-image":"","background-repeat":"repeat","background-position":"center center","background-size":"auto","background-attachment":"scroll","background-type":"","background-media":"","overlay-type":"","overlay-color":"","overlay-opacity":"","overlay-gradient":""}},"footnotes":""},"class_list":["post-3484","page","type-page","status-publish","hentry"],"uagb_featured_image_src":{"full":false,"thumbnail":false,"medium":false,"medium_large":false,"large":false,"1536x1536":false,"2048x2048":false},"uagb_author_info":{"display_name":"Tino Karazeimbekis","author_link":"https:\/\/konfigurator.nu\/da\/author\/tino\/"},"uagb_comment_info":0,"uagb_excerpt":"SALGSKONFIGURATOR Funktionalitet og anvendelser Fordele ved salgskonfiguratorer Brugervenlighed: En af de st\u00f8rste fordele er fokus p\u00e5 brugervenlighed. Ved at stille enkle, behovsbaserede sp\u00f8rgsm\u00e5l kan selv brugere uden teknisk ekspertise skabe komplekse konfigurationer. Avanceret logik: Konfiguratorer har indbygget avanceret logik, der kan h\u00e5ndtere komplekse afh\u00e6ngigheder og regler. Det g\u00f8r det muligt at skabe mere pr\u00e6cise og&hellip;","_links":{"self":[{"href":"https:\/\/konfigurator.nu\/da\/wp-json\/wp\/v2\/pages\/3484","targetHints":{"allow":["GET"]}}],"collection":[{"href":"https:\/\/konfigurator.nu\/da\/wp-json\/wp\/v2\/pages"}],"about":[{"href":"https:\/\/konfigurator.nu\/da\/wp-json\/wp\/v2\/types\/page"}],"author":[{"embeddable":true,"href":"https:\/\/konfigurator.nu\/da\/wp-json\/wp\/v2\/users\/3"}],"replies":[{"embeddable":true,"href":"https:\/\/konfigurator.nu\/da\/wp-json\/wp\/v2\/comments?post=3484"}],"version-history":[{"count":4,"href":"https:\/\/konfigurator.nu\/da\/wp-json\/wp\/v2\/pages\/3484\/revisions"}],"predecessor-version":[{"id":4340,"href":"https:\/\/konfigurator.nu\/da\/wp-json\/wp\/v2\/pages\/3484\/revisions\/4340"}],"wp:attachment":[{"href":"https:\/\/konfigurator.nu\/da\/wp-json\/wp\/v2\/media?parent=3484"}],"curies":[{"name":"wp","href":"https:\/\/api.w.org\/{rel}","templated":true}]}}