{"id":3310,"date":"2024-07-23T16:13:25","date_gmt":"2024-07-23T14:13:25","guid":{"rendered":"https:\/\/konfigurator.nu\/raeumlicher-konfigurator\/"},"modified":"2026-04-13T15:07:13","modified_gmt":"2026-04-13T13:07:13","slug":"raumlicher-konfigurator","status":"publish","type":"page","link":"https:\/\/konfigurator.nu\/de\/raumlicher-konfigurator\/","title":{"rendered":"R\u00e4umlicher Konfigurator"},"content":{"rendered":"\n<div class=\"wp-block-uagb-container uagb-block-d6924da0 alignfull uagb-is-root-container\"><div class=\"uagb-container__video-wrap\"><video autoplay loop muted playsinline><source src=\"https:\/\/konfigurator.nu\/wp-content\/uploads\/2024\/09\/Room01_0000.mp4\" type=\"video\/mp4\"\/><\/video><\/div><div class=\"uagb-container-inner-blocks-wrap\">\n<div class=\"wp-block-uagb-advanced-heading uagb-block-efa76908\"><h1 class=\"uagb-heading-text\">sPATIAL kONFIGURATOR<\/h1><\/div>\n<\/div><\/div>\n\n\n\n<div class=\"wp-block-uagb-container uagb-layout-grid uagb-block-24299646 alignfull uagb-is-root-container\"><div class=\"uagb-container-inner-blocks-wrap\"><\/div><\/div>\n\n\n\n<div class=\"wp-block-media-text is-stacked-on-mobile\"><figure class=\"wp-block-media-text__media\"><img fetchpriority=\"high\" decoding=\"async\" width=\"1024\" height=\"768\" src=\"https:\/\/konfigurator.nu\/wp-content\/uploads\/2024\/09\/Bild4_klar_mobler-1024x768.png\" alt=\"R\u00e4umlicher\" class=\"wp-image-3270 size-full\" srcset=\"https:\/\/konfigurator.nu\/wp-content\/uploads\/2024\/09\/Bild4_klar_mobler-1024x768.png 1024w, https:\/\/konfigurator.nu\/wp-content\/uploads\/2024\/09\/Bild4_klar_mobler-300x225.png 300w, https:\/\/konfigurator.nu\/wp-content\/uploads\/2024\/09\/Bild4_klar_mobler-768x576.png 768w, https:\/\/konfigurator.nu\/wp-content\/uploads\/2024\/09\/Bild4_klar_mobler-1536x1152.png 1536w, https:\/\/konfigurator.nu\/wp-content\/uploads\/2024\/09\/Bild4_klar_mobler-2048x1536.png 2048w\" sizes=\"(max-width: 1024px) 100vw, 1024px\" \/><\/figure><div class=\"wp-block-media-text__content\">\n<h3 class=\"wp-block-heading\">R\u00e4umlicher Konfigurator<\/h3>\n\n\n\n<p style=\"font-size:18px\">Ein <a href=\"https:\/\/animech.com\/en\/portfolio\/elfa\/\" target=\"_blank\" rel=\"noopener\">r\u00e4umlicher Konfigurator<\/a>, auch bekannt als Spatial Configurator, ist ein leistungsstarkes Werkzeug, das die Anpassung und Visualisierung von Produkten oder Umgebungen in einem dreidimensionalen (3D) Raum erm\u00f6glicht. Diese Art von Konfigurator ist besonders wertvoll in Kontexten, in denen r\u00e4umliche Beziehungen und Platzierungen entscheidend sind. Hier finden Sie einen \u00dcberblick dar\u00fcber, warum Konfiguratoren von Vorteil sind, sowie \u00fcber g\u00e4ngige Anwendungen und spezifische Vorteile dieser Technologie. <br><br>Raumkonfiguratoren bieten sowohl Unternehmen als auch Kunden viele Vorteile, indem sie die Visualisierung verbessern, die Interaktivit\u00e4t und das Engagement erh\u00f6hen, das Fehlerrisiko verringern und die Effizienz steigern. Sie werden h\u00e4ufig in den Bereichen Innenarchitektur, Immobilienentwicklung, Industriedesign, E-Commerce und Veranstaltungsplanung eingesetzt. Durch die Investition in konfiguratoren k\u00f6nnen Unternehmen ihren Kunden ein \u00fcberlegenes und modernes Erlebnis bieten, das ihnen hilft, bessere Entscheidungen zu treffen und die Kundenzufriedenheit zu erh\u00f6hen.<\/p>\n<\/div><\/div>\n\n\n\n<div class=\"wp-block-uagb-container uagb-block-6be40f00 alignfull uagb-is-root-container\"><div class=\"uagb-container-inner-blocks-wrap\">\n<div class=\"wp-block-uagb-advanced-heading uagb-block-8e598847\"><h3 class=\"uagb-heading-text\">Funktionalit\u00e4t und Einsatzm\u00f6glichkeiten<\/h3><\/div>\n\n\n\n<div class=\"wp-block-uagb-container uagb-layout-grid uagb-block-2b8639e4\">\n<div class=\"wp-block-uagb-advanced-heading uagb-block-dda0e0fa\"><h4 class=\"uagb-heading-text\">Vorteile der r\u00e4umlichen Konfiguratoren<\/h4><p class=\"uagb-desc-text\"><strong>Bessere Visualisierung und besseres Verst\u00e4ndnis<\/strong>: Einer der offensichtlichsten Vorteile eines r\u00e4umlichen Konfigurators ist seine F\u00e4higkeit, komplexe Produkte oder Umgebungen besser zu visualisieren und zu verstehen. Die Benutzer k\u00f6nnen sehen, wie verschiedene Elemente in einer realen 3D-Umgebung zusammenwirken, was es einfacher macht, die Proportionen, die Platzierung und das Zusammenspiel der Komponenten zu verstehen. Dies ist besonders n\u00fctzlich f\u00fcr Produkte, die in bestimmte R\u00e4ume passen m\u00fcssen, oder f\u00fcr komplexe Installationen.  <br><br><strong>Interaktives und fesselndes Benutzererlebnis<\/strong>:<br>Spatial-Konfiguratoren bieten ein interaktives und fesselndes Benutzererlebnis, indem sie es dem Benutzer erm\u00f6glichen, 3D-Modelle in Echtzeit zu manipulieren und zu erkunden. Die Benutzer k\u00f6nnen Objekte in der virtuellen Umgebung drehen, zoomen und verschieben, was ihnen ein Gef\u00fchl der Kontrolle und Beteiligung vermittelt. Diese Interaktivit\u00e4t macht den Konfigurationsprozess intuitiver und zufriedenstellender.  <br><br><strong>Sorgf\u00e4ltige Planung und Gestaltung<\/strong>: F\u00fcr Projekte, die eine sorgf\u00e4ltige Planung und Gestaltung erfordern, wie z.B. Architektur und Innenarchitektur, sind konfiguratoren von unsch\u00e4tzbarem Wert. Sie erm\u00f6glichen es dem Benutzer, M\u00f6bel, Ger\u00e4te und andere Objekte in einer virtuellen Nachbildung der tats\u00e4chlichen Umgebung zu platzieren. So k\u00f6nnen Sie sicherstellen, dass alles richtig passt, bevor die eigentliche Installation oder der Bau beginnt. Dadurch wird das Risiko von Fehlern und kostspieligen Nacharbeiten minimiert.  <\/p><\/div>\n\n\n\n<div class=\"wp-block-uagb-advanced-heading uagb-block-b946363e\"><h4 class=\"uagb-heading-text\">Gemeinsame Bereiche der Nutzung<\/h4><p class=\"uagb-desc-text\"><strong>Innenarchitektur und Einrichtung<\/strong>: Innenarchitekten und <a href=\"https:\/\/konfigurator.nu\/de\/verkaufs-konfigurator\/\">Kunden <\/a>k\u00f6nnen mithilfe von Raumkonfiguratoren M\u00f6bel und dekorative Objekte in virtuellen platzieren. So k\u00f6nnen Sie mit verschiedenen Layouts und Stilen experimentieren, um die perfekte Kombination zu finden, bevor etwas physisch gekauft oder ver\u00e4ndert wird. Kunden k\u00f6nnen sehen, wie die M\u00f6bel in ihre Wohnung passen und Farben und Materialien in Echtzeit anpassen.  <br><br><strong>Immobilienentwicklung und Architektur<\/strong>: F\u00fcr Immobilienentwickler und Architekten sind konfiguratoren unverzichtbare Werkzeuge, um Geb\u00e4ude und ihre Innenr\u00e4ume im Detail zu visualisieren. Die Benutzer k\u00f6nnen durch virtuelle Geb\u00e4udemodelle gehen, sehen, wie sich verschiedene Designentscheidungen auf das Endergebnis auswirken und Anpassungen vornehmen, bevor der Bauprozess beginnt. So wird sichergestellt, dass das Design den Erwartungen und Anforderungen der Kunden entspricht.  <br><br><strong>Industriedesign und Fertigung<\/strong>: Industriedesigner und Hersteller verwenden r\u00e4umliche Konfiguratoren, um Prototypen in einer virtuellen Umgebung zu erstellen und zu testen. Auf diese Weise k\u00f6nnen potenzielle Probleme fr\u00fchzeitig im Designprozess erkannt und gel\u00f6st werden, was Zeit und Ressourcen spart. Konfiguratoren k\u00f6nnen auch verwendet werden, um Produktionslayouts zu optimieren und sicherzustellen, dass alle Komponenten richtig zusammenpassen.  <br><br><strong>E-Commerce und virtuelle Ausstellungsr\u00e4ume<\/strong>: Konfiguratoren k\u00f6nnen im E-Commerce eingesetzt werden, um virtuelle Ausstellungsr\u00e4ume zu schaffen, in denen Kunden Produkte in einer 3D-Umgebung erkunden und individuell gestalten k\u00f6nnen. Dies ist besonders n\u00fctzlich f\u00fcr Produkte wie M\u00f6bel, Fahrzeuge und Immobilien. Die Kunden k\u00f6nnen sehen, wie die Produkte in einer realistischen Umgebung aussehen und funktionieren, was die Kaufentscheidung erleichtert.  <\/p><\/div>\n\n\n\n<figure class=\"wp-block-gallery has-nested-images columns-default is-cropped wp-block-gallery-1 is-layout-flex wp-block-gallery-is-layout-flex\">\n<figure class=\"wp-block-image size-full has-custom-border\"><img decoding=\"async\" width=\"1024\" height=\"1792\" data-id=\"4039\" src=\"https:\/\/konfigurator.nu\/wp-content\/uploads\/2024\/09\/DALL\u00b7E-2024-09-05-15.54.11-A-realistic-image-of-a-PC-monitor-in-portrait-mode-displaying-a-spatial-planning-tool-interface.-The-screen-shows-a-detailed-city-layout-with-roads-b.webp\" alt=\"Spatial\" class=\"wp-image-4039\" style=\"border-style:none;border-width:0px;border-radius:0px\" srcset=\"https:\/\/konfigurator.nu\/wp-content\/uploads\/2024\/09\/DALL\u00b7E-2024-09-05-15.54.11-A-realistic-image-of-a-PC-monitor-in-portrait-mode-displaying-a-spatial-planning-tool-interface.-The-screen-shows-a-detailed-city-layout-with-roads-b.webp 1024w, https:\/\/konfigurator.nu\/wp-content\/uploads\/2024\/09\/DALL\u00b7E-2024-09-05-15.54.11-A-realistic-image-of-a-PC-monitor-in-portrait-mode-displaying-a-spatial-planning-tool-interface.-The-screen-shows-a-detailed-city-layout-with-roads-b-171x300.webp 171w, https:\/\/konfigurator.nu\/wp-content\/uploads\/2024\/09\/DALL\u00b7E-2024-09-05-15.54.11-A-realistic-image-of-a-PC-monitor-in-portrait-mode-displaying-a-spatial-planning-tool-interface.-The-screen-shows-a-detailed-city-layout-with-roads-b-585x1024.webp 585w, https:\/\/konfigurator.nu\/wp-content\/uploads\/2024\/09\/DALL\u00b7E-2024-09-05-15.54.11-A-realistic-image-of-a-PC-monitor-in-portrait-mode-displaying-a-spatial-planning-tool-interface.-The-screen-shows-a-detailed-city-layout-with-roads-b-768x1344.webp 768w, https:\/\/konfigurator.nu\/wp-content\/uploads\/2024\/09\/DALL\u00b7E-2024-09-05-15.54.11-A-realistic-image-of-a-PC-monitor-in-portrait-mode-displaying-a-spatial-planning-tool-interface.-The-screen-shows-a-detailed-city-layout-with-roads-b-878x1536.webp 878w\" sizes=\"(max-width: 1024px) 100vw, 1024px\" \/><\/figure>\n<\/figure>\n<\/div>\n\n\n\n<p><\/p>\n<\/div><\/div>\n\n\n\n<p><\/p>\n","protected":false},"excerpt":{"rendered":"<p>sPATIAL kONFIGURATOR R\u00e4umlicher Konfigurator Ein r\u00e4umlicher Konfigurator, auch bekannt als Spatial Configurator, ist ein leistungsstarkes Werkzeug, das die Anpassung und Visualisierung von Produkten oder Umgebungen in einem dreidimensionalen (3D) Raum erm\u00f6glicht. Diese Art von Konfigurator ist besonders wertvoll in Kontexten, in denen r\u00e4umliche Beziehungen und Platzierungen entscheidend sind. Hier finden Sie einen \u00dcberblick dar\u00fcber, warum [&hellip;]<\/p>\n","protected":false},"author":3,"featured_media":0,"parent":0,"menu_order":0,"comment_status":"closed","ping_status":"closed","template":"","meta":{"_uag_custom_page_level_css":"","site-sidebar-layout":"default","site-content-layout":"","ast-site-content-layout":"default","site-content-style":"default","site-sidebar-style":"default","ast-global-header-display":"","ast-banner-title-visibility":"","ast-main-header-display":"","ast-hfb-above-header-display":"","ast-hfb-below-header-display":"","ast-hfb-mobile-header-display":"","site-post-title":"disabled","ast-breadcrumbs-content":"","ast-featured-img":"","footer-sml-layout":"","ast-disable-related-posts":"","theme-transparent-header-meta":"","adv-header-id-meta":"","stick-header-meta":"","header-above-stick-meta":"","header-main-stick-meta":"","header-below-stick-meta":"","astra-migrate-meta-layouts":"set","ast-page-background-enabled":"default","ast-page-background-meta":{"desktop":{"background-color":"","background-image":"","background-repeat":"repeat","background-position":"center center","background-size":"auto","background-attachment":"scroll","background-type":"","background-media":"","overlay-type":"","overlay-color":"","overlay-opacity":"","overlay-gradient":""},"tablet":{"background-color":"","background-image":"","background-repeat":"repeat","background-position":"center center","background-size":"auto","background-attachment":"scroll","background-type":"","background-media":"","overlay-type":"","overlay-color":"","overlay-opacity":"","overlay-gradient":""},"mobile":{"background-color":"","background-image":"","background-repeat":"repeat","background-position":"center center","background-size":"auto","background-attachment":"scroll","background-type":"","background-media":"","overlay-type":"","overlay-color":"","overlay-opacity":"","overlay-gradient":""}},"ast-content-background-meta":{"desktop":{"background-color":"var(--ast-global-color-5)","background-image":"","background-repeat":"repeat","background-position":"center center","background-size":"auto","background-attachment":"scroll","background-type":"","background-media":"","overlay-type":"","overlay-color":"","overlay-opacity":"","overlay-gradient":""},"tablet":{"background-color":"var(--ast-global-color-5)","background-image":"","background-repeat":"repeat","background-position":"center center","background-size":"auto","background-attachment":"scroll","background-type":"","background-media":"","overlay-type":"","overlay-color":"","overlay-opacity":"","overlay-gradient":""},"mobile":{"background-color":"var(--ast-global-color-5)","background-image":"","background-repeat":"repeat","background-position":"center center","background-size":"auto","background-attachment":"scroll","background-type":"","background-media":"","overlay-type":"","overlay-color":"","overlay-opacity":"","overlay-gradient":""}},"footnotes":""},"class_list":["post-3310","page","type-page","status-publish","hentry"],"uagb_featured_image_src":{"full":false,"thumbnail":false,"medium":false,"medium_large":false,"large":false,"1536x1536":false,"2048x2048":false},"uagb_author_info":{"display_name":"Tino Karazeimbekis","author_link":"https:\/\/konfigurator.nu\/de\/author\/tino\/"},"uagb_comment_info":0,"uagb_excerpt":"sPATIAL kONFIGURATOR R\u00e4umlicher Konfigurator Ein r\u00e4umlicher Konfigurator, auch bekannt als Spatial Configurator, ist ein leistungsstarkes Werkzeug, das die Anpassung und Visualisierung von Produkten oder Umgebungen in einem dreidimensionalen (3D) Raum erm\u00f6glicht. Diese Art von Konfigurator ist besonders wertvoll in Kontexten, in denen r\u00e4umliche Beziehungen und Platzierungen entscheidend sind. Hier finden Sie einen \u00dcberblick dar\u00fcber, warum&hellip;","_links":{"self":[{"href":"https:\/\/konfigurator.nu\/de\/wp-json\/wp\/v2\/pages\/3310","targetHints":{"allow":["GET"]}}],"collection":[{"href":"https:\/\/konfigurator.nu\/de\/wp-json\/wp\/v2\/pages"}],"about":[{"href":"https:\/\/konfigurator.nu\/de\/wp-json\/wp\/v2\/types\/page"}],"author":[{"embeddable":true,"href":"https:\/\/konfigurator.nu\/de\/wp-json\/wp\/v2\/users\/3"}],"replies":[{"embeddable":true,"href":"https:\/\/konfigurator.nu\/de\/wp-json\/wp\/v2\/comments?post=3310"}],"version-history":[{"count":7,"href":"https:\/\/konfigurator.nu\/de\/wp-json\/wp\/v2\/pages\/3310\/revisions"}],"predecessor-version":[{"id":4376,"href":"https:\/\/konfigurator.nu\/de\/wp-json\/wp\/v2\/pages\/3310\/revisions\/4376"}],"wp:attachment":[{"href":"https:\/\/konfigurator.nu\/de\/wp-json\/wp\/v2\/media?parent=3310"}],"curies":[{"name":"wp","href":"https:\/\/api.w.org\/{rel}","templated":true}]}}