{"id":3320,"date":"2024-07-23T10:43:08","date_gmt":"2024-07-23T08:43:08","guid":{"rendered":"https:\/\/konfigurator.nu\/produkt-konfigurator\/"},"modified":"2026-04-13T15:06:37","modified_gmt":"2026-04-13T13:06:37","slug":"produkt-konfigurator","status":"publish","type":"page","link":"https:\/\/konfigurator.nu\/de\/produkt-konfigurator\/","title":{"rendered":"Produkt-Konfigurator"},"content":{"rendered":"\n<div class=\"wp-block-uagb-container uagb-block-d6924da0 alignfull uagb-is-root-container\"><div class=\"uagb-container__video-wrap\"><video autoplay loop muted playsinline><source src=\"https:\/\/konfigurator.nu\/wp-content\/uploads\/2024\/09\/Bags.mp4\" type=\"video\/mp4\"\/><\/video><\/div><div class=\"uagb-container-inner-blocks-wrap\">\n<div class=\"wp-block-uagb-advanced-heading uagb-block-efa76908\"><h1 class=\"uagb-heading-text\">PRODUKTKONFIGURATOR<\/h1><\/div>\n<\/div><\/div>\n\n\n\n<div class=\"wp-block-uagb-container uagb-layout-grid uagb-block-24299646 alignfull uagb-is-root-container\"><div class=\"uagb-container-inner-blocks-wrap\">\n<div class=\"wp-block-uagb-info-box uagb-block-f02872bf uagb-infobox__content-wrap  uagb-infobox-icon-above-title uagb-infobox-image-valign-top\"><div class=\"uagb-ifb-content\"><div class=\"uagb-ifb-title-wrap\"><h3 class=\"uagb-ifb-title\">Produkt-Konfigurator<\/h3><\/div><p class=\"uagb-ifb-desc\">Ein Produktkonfigurator ist ein leistungsstarkes digitales Tool, das die Art und Weise, wie Produkte verkauft und konfiguriert werden, revolutioniert. Durch die Integration von fortschrittlicher Technologie und umfassendem Wissen kann ein Produktkonfigurator ein beeindruckendes Ma\u00df an Effizienz und Genauigkeit in den Verkaufsprozess bringen. Diese Art von Tool reduziert den Bedarf an Experten, die sich mit jedem einzelnen Problem befassen m\u00fcssen, und setzt ihre Zeit f\u00fcr fortgeschrittenere und spezialisierte Aufgaben frei.  <\/p><\/div><\/div>\n\n\n\n<figure class=\"wp-block-image size-full has-custom-border\"><img fetchpriority=\"high\" decoding=\"async\" width=\"2560\" height=\"1440\" src=\"https:\/\/konfigurator.nu\/wp-content\/uploads\/2024\/08\/Shoes04.jpg\" alt=\"\" class=\"has-border-color has-ast-global-color-5-border-color wp-image-4372\" style=\"border-width:16px;border-radius:0px\" srcset=\"https:\/\/konfigurator.nu\/wp-content\/uploads\/2024\/08\/Shoes04.jpg 2560w, https:\/\/konfigurator.nu\/wp-content\/uploads\/2024\/08\/Shoes04-300x169.jpg 300w, https:\/\/konfigurator.nu\/wp-content\/uploads\/2024\/08\/Shoes04-1024x576.jpg 1024w, https:\/\/konfigurator.nu\/wp-content\/uploads\/2024\/08\/Shoes04-768x432.jpg 768w, https:\/\/konfigurator.nu\/wp-content\/uploads\/2024\/08\/Shoes04-1536x864.jpg 1536w, https:\/\/konfigurator.nu\/wp-content\/uploads\/2024\/08\/Shoes04-2048x1152.jpg 2048w\" sizes=\"(max-width: 2560px) 100vw, 2560px\" \/><\/figure>\n<\/div><\/div>\n\n\n\n<div class=\"wp-block-uagb-container uagb-block-6be40f00 alignfull uagb-is-root-container\"><div class=\"uagb-container-inner-blocks-wrap\">\n<div class=\"wp-block-uagb-advanced-heading uagb-block-8e598847\"><h3 class=\"uagb-heading-text\">Funktionalit\u00e4t und Einsatzm\u00f6glichkeiten<\/h3><\/div>\n\n\n\n<div class=\"wp-block-uagb-container uagb-layout-grid uagb-block-2b8639e4\">\n<div class=\"wp-block-uagb-advanced-heading uagb-block-dda0e0fa\"><h4 class=\"uagb-heading-text\">Vorteile von Produktkonfiguratoren<\/h4><p class=\"uagb-desc-text\"><strong>Rationalisierung des Verkaufsprozesses<\/strong>: <a href=\"https:\/\/konfigurator.nu\/de\/konfiguratoren\/\">Die Automatisierung komplexer Auswahlen und Konfigurationen<\/a> spart nicht nur Zeit und Ressourcen, sondern sorgt auch f\u00fcr einen effizienteren Verkaufsprozess. Traditionell muss bei der kundenspezifischen Konfiguration ein Experte anwesend sein, der den Kunden durch jeden Schritt f\u00fchrt. <br><br><strong>Geringere Fehlerquote<\/strong>: Eine der gr\u00f6\u00dften Herausforderungen bei der Produktkonfiguration besteht darin, sicherzustellen, dass alle Komponenten und Spezifikationen kompatibel sind. Falsche Konfigurationen k\u00f6nnen zu kostspieligen R\u00fccksendungen, Beschwerden und verlorener Kundenzufriedenheit f\u00fchren. Konfiguratoren verwenden intelligente Algorithmen, um Kompatibilit\u00e4t und Spezifikationen automatisch und in Echtzeit zu \u00fcberpr\u00fcfen.  <br><br><strong>Erh\u00f6hte Kundenbindung<\/strong>: Konfiguratoren bieten eine ansprechende und interaktive Erfahrung f\u00fcr Kunden. Durch visuelle und Echtzeit-Updates k\u00f6nnen Kunden sehen, wie sich ihre Entscheidungen direkt auf das Endergebnis auswirken. Dies schafft ein Gef\u00fchl der Beteiligung und Personalisierung, das die Kundenzufriedenheit und -treue erh\u00f6hen kann. F\u00fcr viele Kunden ist die M\u00f6glichkeit, Produkte visuell zu erkunden und zu personalisieren, ein wichtiger Teil des Einkaufserlebnisses.   <br><br><strong>Datenanalyse und Kundeneinblicke<\/strong>: Die M\u00f6glichkeit, Daten \u00fcber Kundenpr\u00e4ferenzen und -verhaltensweisen zu sammeln und zu analysieren, ist einer der wertvollsten Aspekte von Produktkonfiguratoren. Indem sie verfolgen, welche Entscheidungen und Kombinationen die Kunden treffen, k\u00f6nnen Unternehmen tiefe Einblicke in Markttrends und Kundenpr\u00e4ferenzen gewinnen. Diese Informationen k\u00f6nnen genutzt werden, um das Angebot zu verbessern, indem ermittelt wird, welche Funktionen und Optionen am beliebtesten sind und welche eventuell angepasst oder entfernt werden m\u00fcssen.  <\/p><\/div>\n\n\n\n<div class=\"wp-block-uagb-advanced-heading uagb-block-b946363e\"><h4 class=\"uagb-heading-text\">Gemeinsame Bereiche der Nutzung<\/h4><p class=\"uagb-desc-text\"><strong>Automotive<\/strong><br>In der <a href=\"https:\/\/virtual-showroom.ewellix.com\/\" target=\"_blank\" rel=\"noopener\">Automobilindustrie <\/a>sind Produktkonfiguratoren ein wichtiger Bestandteil des Verkaufsprozesses. Kunden k\u00f6nnen ihr Auto individuell gestalten, indem sie Modell, Motor, Farbe, Innenausstattung, Optionen und Zubeh\u00f6r ausw\u00e4hlen. Mit Hilfe eines Konfigurators k\u00f6nnen Kunden eine visuelle Darstellung ihres individuellen Autos erhalten und sofort sehen, wie sich ihre Auswahl auf den Preis auswirkt. Dies erh\u00f6ht die Kundenbindung und macht das Kauferlebnis interaktiver und zufriedenstellender.   <br><br><strong>M\u00f6belherstellung<\/strong><br>M\u00f6belhersteller verwenden Konfiguratoren, um Kunden die M\u00f6glichkeit zu geben, ihre M\u00f6bel individuell zu gestalten. Kunden k\u00f6nnen Materialien, Farben, Gr\u00f6\u00dfen und andere Spezifikationen ausw\u00e4hlen, um M\u00f6bel zu kreieren, die perfekt in ihre Wohnung passen. Diese Art von Konfigurator macht es dem Kunden leicht, sich das Endergebnis vorzustellen und stellt sicher, dass er genau das bekommt, was er m\u00f6chte.  <br><br><strong>Elektronik und Computer<br><\/strong>In der Elektronik- und Computerbranche sind Produktkonfiguratoren sehr n\u00fctzlich, um ma\u00dfgeschneiderte Computer und andere elektronische Ger\u00e4te zu erstellen. Kunden k\u00f6nnen verschiedene Komponenten wie Prozessoren, Grafikkarten, Arbeitsspeicher und Speicherger\u00e4te ausw\u00e4hlen, um einen Computer zu erstellen, der ihren speziellen Anforderungen entspricht. So haben die Kunden die Kontrolle \u00fcber Leistung und Preis und verringern gleichzeitig das Risiko inkompatibler Komponenten.  <\/p><\/div>\n\n\n\n<figure class=\"wp-block-gallery has-nested-images columns-default is-cropped wp-block-gallery-1 is-layout-flex wp-block-gallery-is-layout-flex\">\n<figure class=\"wp-block-image alignfull size-full\"><img decoding=\"async\" width=\"1024\" height=\"1792\" data-id=\"4373\" src=\"https:\/\/konfigurator.nu\/wp-content\/uploads\/2024\/08\/DALL\u00b7E-2024-08-28-14.29.29-A-realistic-scene-of-a-person-sitting-comfortably-with-a-tablet-in-hand-using-a-product-configurator-to-design-a-pair-of-sneakers.-The-tablet-screen-.webp\" alt=\"Produkt\" class=\"wp-image-4373\" srcset=\"https:\/\/konfigurator.nu\/wp-content\/uploads\/2024\/08\/DALL\u00b7E-2024-08-28-14.29.29-A-realistic-scene-of-a-person-sitting-comfortably-with-a-tablet-in-hand-using-a-product-configurator-to-design-a-pair-of-sneakers.-The-tablet-screen-.webp 1024w, https:\/\/konfigurator.nu\/wp-content\/uploads\/2024\/08\/DALL\u00b7E-2024-08-28-14.29.29-A-realistic-scene-of-a-person-sitting-comfortably-with-a-tablet-in-hand-using-a-product-configurator-to-design-a-pair-of-sneakers.-The-tablet-screen--171x300.webp 171w, https:\/\/konfigurator.nu\/wp-content\/uploads\/2024\/08\/DALL\u00b7E-2024-08-28-14.29.29-A-realistic-scene-of-a-person-sitting-comfortably-with-a-tablet-in-hand-using-a-product-configurator-to-design-a-pair-of-sneakers.-The-tablet-screen--585x1024.webp 585w, https:\/\/konfigurator.nu\/wp-content\/uploads\/2024\/08\/DALL\u00b7E-2024-08-28-14.29.29-A-realistic-scene-of-a-person-sitting-comfortably-with-a-tablet-in-hand-using-a-product-configurator-to-design-a-pair-of-sneakers.-The-tablet-screen--768x1344.webp 768w, https:\/\/konfigurator.nu\/wp-content\/uploads\/2024\/08\/DALL\u00b7E-2024-08-28-14.29.29-A-realistic-scene-of-a-person-sitting-comfortably-with-a-tablet-in-hand-using-a-product-configurator-to-design-a-pair-of-sneakers.-The-tablet-screen--878x1536.webp 878w\" sizes=\"(max-width: 1024px) 100vw, 1024px\" \/><\/figure>\n<\/figure>\n<\/div>\n\n\n\n<div class=\"wp-block-uagb-advanced-heading uagb-block-b1b03653\"><\/div>\n<\/div><\/div>\n\n\n\n<p><\/p>\n","protected":false},"excerpt":{"rendered":"<p>PRODUKTKONFIGURATOR Funktionalit\u00e4t und Einsatzm\u00f6glichkeiten Vorteile von Produktkonfiguratoren Rationalisierung des Verkaufsprozesses: Die Automatisierung komplexer Auswahlen und Konfigurationen spart nicht nur Zeit und Ressourcen, sondern sorgt auch f\u00fcr einen effizienteren Verkaufsprozess. Traditionell muss bei der kundenspezifischen Konfiguration ein Experte anwesend sein, der den Kunden durch jeden Schritt f\u00fchrt. Geringere Fehlerquote: Eine der gr\u00f6\u00dften Herausforderungen bei der Produktkonfiguration [&hellip;]<\/p>\n","protected":false},"author":3,"featured_media":0,"parent":0,"menu_order":0,"comment_status":"closed","ping_status":"closed","template":"","meta":{"_uag_custom_page_level_css":"","site-sidebar-layout":"default","site-content-layout":"","ast-site-content-layout":"default","site-content-style":"default","site-sidebar-style":"default","ast-global-header-display":"","ast-banner-title-visibility":"","ast-main-header-display":"","ast-hfb-above-header-display":"","ast-hfb-below-header-display":"","ast-hfb-mobile-header-display":"","site-post-title":"disabled","ast-breadcrumbs-content":"","ast-featured-img":"","footer-sml-layout":"","ast-disable-related-posts":"","theme-transparent-header-meta":"","adv-header-id-meta":"","stick-header-meta":"","header-above-stick-meta":"","header-main-stick-meta":"","header-below-stick-meta":"","astra-migrate-meta-layouts":"set","ast-page-background-enabled":"default","ast-page-background-meta":{"desktop":{"background-color":"","background-image":"","background-repeat":"repeat","background-position":"center center","background-size":"auto","background-attachment":"scroll","background-type":"","background-media":"","overlay-type":"","overlay-color":"","overlay-opacity":"","overlay-gradient":""},"tablet":{"background-color":"","background-image":"","background-repeat":"repeat","background-position":"center center","background-size":"auto","background-attachment":"scroll","background-type":"","background-media":"","overlay-type":"","overlay-color":"","overlay-opacity":"","overlay-gradient":""},"mobile":{"background-color":"","background-image":"","background-repeat":"repeat","background-position":"center center","background-size":"auto","background-attachment":"scroll","background-type":"","background-media":"","overlay-type":"","overlay-color":"","overlay-opacity":"","overlay-gradient":""}},"ast-content-background-meta":{"desktop":{"background-color":"var(--ast-global-color-5)","background-image":"","background-repeat":"repeat","background-position":"center center","background-size":"auto","background-attachment":"scroll","background-type":"","background-media":"","overlay-type":"","overlay-color":"","overlay-opacity":"","overlay-gradient":""},"tablet":{"background-color":"var(--ast-global-color-5)","background-image":"","background-repeat":"repeat","background-position":"center center","background-size":"auto","background-attachment":"scroll","background-type":"","background-media":"","overlay-type":"","overlay-color":"","overlay-opacity":"","overlay-gradient":""},"mobile":{"background-color":"var(--ast-global-color-5)","background-image":"","background-repeat":"repeat","background-position":"center center","background-size":"auto","background-attachment":"scroll","background-type":"","background-media":"","overlay-type":"","overlay-color":"","overlay-opacity":"","overlay-gradient":""}},"footnotes":""},"class_list":["post-3320","page","type-page","status-publish","hentry"],"uagb_featured_image_src":{"full":false,"thumbnail":false,"medium":false,"medium_large":false,"large":false,"1536x1536":false,"2048x2048":false},"uagb_author_info":{"display_name":"Tino Karazeimbekis","author_link":"https:\/\/konfigurator.nu\/de\/author\/tino\/"},"uagb_comment_info":0,"uagb_excerpt":"PRODUKTKONFIGURATOR Funktionalit\u00e4t und Einsatzm\u00f6glichkeiten Vorteile von Produktkonfiguratoren Rationalisierung des Verkaufsprozesses: Die Automatisierung komplexer Auswahlen und Konfigurationen spart nicht nur Zeit und Ressourcen, sondern sorgt auch f\u00fcr einen effizienteren Verkaufsprozess. Traditionell muss bei der kundenspezifischen Konfiguration ein Experte anwesend sein, der den Kunden durch jeden Schritt f\u00fchrt. Geringere Fehlerquote: Eine der gr\u00f6\u00dften Herausforderungen bei der Produktkonfiguration&hellip;","_links":{"self":[{"href":"https:\/\/konfigurator.nu\/de\/wp-json\/wp\/v2\/pages\/3320","targetHints":{"allow":["GET"]}}],"collection":[{"href":"https:\/\/konfigurator.nu\/de\/wp-json\/wp\/v2\/pages"}],"about":[{"href":"https:\/\/konfigurator.nu\/de\/wp-json\/wp\/v2\/types\/page"}],"author":[{"embeddable":true,"href":"https:\/\/konfigurator.nu\/de\/wp-json\/wp\/v2\/users\/3"}],"replies":[{"embeddable":true,"href":"https:\/\/konfigurator.nu\/de\/wp-json\/wp\/v2\/comments?post=3320"}],"version-history":[{"count":5,"href":"https:\/\/konfigurator.nu\/de\/wp-json\/wp\/v2\/pages\/3320\/revisions"}],"predecessor-version":[{"id":4374,"href":"https:\/\/konfigurator.nu\/de\/wp-json\/wp\/v2\/pages\/3320\/revisions\/4374"}],"wp:attachment":[{"href":"https:\/\/konfigurator.nu\/de\/wp-json\/wp\/v2\/media?parent=3320"}],"curies":[{"name":"wp","href":"https:\/\/api.w.org\/{rel}","templated":true}]}}