{"id":3382,"date":"2024-06-10T11:36:47","date_gmt":"2024-06-10T09:36:47","guid":{"rendered":"https:\/\/konfigurator.nu\/3d\/"},"modified":"2026-04-13T15:02:44","modified_gmt":"2026-04-13T13:02:44","slug":"3d","status":"publish","type":"page","link":"https:\/\/konfigurator.nu\/de\/3d\/","title":{"rendered":"3D"},"content":{"rendered":"\n<div class=\"wp-block-uagb-container uagb-block-c54c600d alignfull uagb-is-root-container\"><div class=\"uagb-container__video-wrap\"><video autoplay loop muted playsinline><source src=\"https:\/\/konfigurator.nu\/wp-content\/uploads\/2024\/09\/603603_Future_Futuristic_1280x720.mp4\" type=\"video\/mp4\"\/><\/video><\/div><div class=\"uagb-container-inner-blocks-wrap\">\n<div class=\"wp-block-uagb-advanced-heading uagb-block-8b796fc7\"><h1 class=\"uagb-heading-text\">3D im Internet<\/h1><\/div>\n<\/div><\/div>\n\n\n\n<div class=\"wp-block-uagb-container uagb-block-7637fadb alignfull uagb-is-root-container\"><div class=\"uagb-container-inner-blocks-wrap\">\n<div class=\"wp-block-media-text is-stacked-on-mobile\"><figure class=\"wp-block-media-text__media\"><img fetchpriority=\"high\" decoding=\"async\" width=\"1024\" height=\"1024\" src=\"https:\/\/konfigurator.nu\/wp-content\/uploads\/2024\/09\/DALL\u00b7E-2024-09-05-16.19.10-A-realistic-depiction-of-the-future-of-virtual-reality-VR-and-how-the-web-may-look.-The-image-shows-a-person-wearing-a-sleek-modern-VR-headset-in-a-1.webp\" alt=\"Webben\" class=\"wp-image-4361 size-full\" srcset=\"https:\/\/konfigurator.nu\/wp-content\/uploads\/2024\/09\/DALL\u00b7E-2024-09-05-16.19.10-A-realistic-depiction-of-the-future-of-virtual-reality-VR-and-how-the-web-may-look.-The-image-shows-a-person-wearing-a-sleek-modern-VR-headset-in-a-1.webp 1024w, https:\/\/konfigurator.nu\/wp-content\/uploads\/2024\/09\/DALL\u00b7E-2024-09-05-16.19.10-A-realistic-depiction-of-the-future-of-virtual-reality-VR-and-how-the-web-may-look.-The-image-shows-a-person-wearing-a-sleek-modern-VR-headset-in-a-1-300x300.webp 300w, https:\/\/konfigurator.nu\/wp-content\/uploads\/2024\/09\/DALL\u00b7E-2024-09-05-16.19.10-A-realistic-depiction-of-the-future-of-virtual-reality-VR-and-how-the-web-may-look.-The-image-shows-a-person-wearing-a-sleek-modern-VR-headset-in-a-1-150x150.webp 150w, https:\/\/konfigurator.nu\/wp-content\/uploads\/2024\/09\/DALL\u00b7E-2024-09-05-16.19.10-A-realistic-depiction-of-the-future-of-virtual-reality-VR-and-how-the-web-may-look.-The-image-shows-a-person-wearing-a-sleek-modern-VR-headset-in-a-1-768x768.webp 768w\" sizes=\"(max-width: 1024px) 100vw, 1024px\" \/><\/figure><div class=\"wp-block-media-text__content\">\n<h3 class=\"wp-block-heading\">Vorteile von 3D im Web<\/h3>\n\n\n\n<p style=\"font-size:18px\">In der sich schnell entwickelnden digitalen Landschaft von heute spielt die 3D-Visualisierung im Internet eine immer wichtigere Rolle. Die Technologie bietet Unternehmen und Kunden eine reichhaltigere und ansprechendere Erfahrung, die entscheidend ist, um auf dem Markt die Nase vorn zu haben. Im Folgenden finden Sie einen \u00dcberblick dar\u00fcber, warum 3D im Internet so vorteilhaft ist, sowie \u00fcber g\u00e4ngige Anwendungen und spezifische Vorteile der 3D-Visualisierung.  <\/p>\n<\/div><\/div>\n\n\n\n<div class=\"wp-block-uagb-info-box uagb-block-1de365e1 uagb-infobox__content-wrap  uagb-infobox-icon-above-title uagb-infobox-image-valign-top wp-block-uagb-info-box--has-margin\"><div class=\"uagb-infobox-margin-wrapper\"><div class=\"uagb-ifb-content\"><div class=\"uagb-ifb-title-wrap\"><h2 class=\"uagb-ifb-title\">Warum 3D im Web die Zukunft ist<\/h2><\/div><\/div><\/div><\/div>\n\n\n\n<div class=\"wp-block-uagb-container uagb-layout-grid uagb-block-c7842b82\">\n<div class=\"wp-block-uagb-info-box uagb-block-8b0629f9 uagb-infobox__content-wrap  uagb-infobox-icon-above-title uagb-infobox-image-valign-top\"><div class=\"uagb-ifb-content\"><div class=\"uagb-ifb-title-wrap\"><h3 class=\"uagb-ifb-title\">Verbessern Sie das Kundenerlebnis<\/h3><\/div><p class=\"uagb-ifb-desc\">Web 3D-Visualisierungen im Internet bieten ein interaktives und dynamisches Benutzererlebnis, mit dem herk\u00f6mmliche zweidimensionale Bilder und Texte nicht mithalten k\u00f6nnen. Kunden k\u00f6nnen das Produkt in Echtzeit drehen, zoomen und mit ihm interagieren und so ein tieferes Verst\u00e4ndnis f\u00fcr das Aussehen, die Funktion und die Qualit\u00e4t des Produkts gewinnen. Dies st\u00e4rkt das Vertrauen der Kunden und kann zu schnelleren und fundierteren Kaufentscheidungen f\u00fchren.  <\/p><div class=\"uagb-ifb-separator\"><\/div><\/div><\/div>\n\n\n\n<div class=\"wp-block-uagb-info-box uagb-block-8d79e3a5 uagb-infobox__content-wrap  uagb-infobox-icon-above-title uagb-infobox-image-valign-top\"><div class=\"uagb-ifb-content\"><div class=\"uagb-ifb-title-wrap\"><h3 class=\"uagb-ifb-title\">H\u00f6here Konversionsrate<\/h3><\/div><p class=\"uagb-ifb-desc\">Wenn Kunden ein genaueres und realistischeres Bild des Produkts erhalten, sinkt das Risiko von Kaufreue und Fehlbestellungen. Diese Klarheit und Transparenz kann zu h\u00f6heren Konversionsraten f\u00fchren, da sich die Kunden beim Kauf sicherer f\u00fchlen. 3D-Visualisierungen k\u00f6nnen auch R\u00fcckgaben und Reklamationen reduzieren, da der Kunde genau wei\u00df, was er bekommt.  <\/p><div class=\"uagb-ifb-separator\"><\/div><\/div><\/div>\n\n\n\n<div class=\"wp-block-uagb-info-box uagb-block-cba06e60 uagb-infobox__content-wrap  uagb-infobox-icon-above-title uagb-infobox-image-valign-top\"><div class=\"uagb-ifb-content\"><div class=\"uagb-ifb-title-wrap\"><h3 class=\"uagb-ifb-title\">Wettbewerbsvorteil<\/h3><\/div><p class=\"uagb-ifb-desc\">Das Angebot von Web 3D-Visualisierungen im Internet kann ein Unternehmen von seinen Mitbewerbern abheben. Es zeigt, dass das Unternehmen an der Spitze der Technologie steht und sich bem\u00fcht, seinen Kunden das bestm\u00f6gliche Erlebnis zu bieten. Dies kann ein entscheidender Faktor bei der Entscheidung eines Kunden sein, Ihre Marke einer anderen vorzuziehen.  <\/p><\/div><\/div>\n\n\n\n<div class=\"wp-block-uagb-info-box uagb-block-1eb12d96 uagb-infobox__content-wrap  uagb-infobox-icon-above-title uagb-infobox-image-valign-top\"><div class=\"uagb-ifb-content\"><div class=\"uagb-ifb-title-wrap\"><h3 class=\"uagb-ifb-title\">Besseres Marketing<\/h3><\/div><p class=\"uagb-ifb-desc\">Web 3D-Visualisierungen k\u00f6nnen in Marketingmaterialien verwendet werden, um Kampagnen ansprechender und einpr\u00e4gsamer zu gestalten. Sie k\u00f6nnen in den sozialen Medien, in Anzeigen und auf anderen digitalen Plattformen verwendet werden, um die Aufmerksamkeit der Kunden zu wecken und Produkte auf eine verlockende Weise zu pr\u00e4sentieren. <\/p><\/div><\/div>\n<\/div>\n\n\n\n<figure class=\"wp-block-image alignfull size-large\"><img decoding=\"async\" width=\"1024\" height=\"640\" src=\"https:\/\/konfigurator.nu\/wp-content\/uploads\/2024\/07\/Macbook_iPad_iPhone-Mockup-Mall_Ewellix-1024x640.png\" alt=\"Web\" class=\"wp-image-4071\" srcset=\"https:\/\/konfigurator.nu\/wp-content\/uploads\/2024\/07\/Macbook_iPad_iPhone-Mockup-Mall_Ewellix-1024x640.png 1024w, https:\/\/konfigurator.nu\/wp-content\/uploads\/2024\/07\/Macbook_iPad_iPhone-Mockup-Mall_Ewellix-300x188.png 300w, https:\/\/konfigurator.nu\/wp-content\/uploads\/2024\/07\/Macbook_iPad_iPhone-Mockup-Mall_Ewellix-768x480.png 768w, https:\/\/konfigurator.nu\/wp-content\/uploads\/2024\/07\/Macbook_iPad_iPhone-Mockup-Mall_Ewellix-1536x960.png 1536w, https:\/\/konfigurator.nu\/wp-content\/uploads\/2024\/07\/Macbook_iPad_iPhone-Mockup-Mall_Ewellix-2048x1280.png 2048w\" sizes=\"(max-width: 1024px) 100vw, 1024px\" \/><\/figure>\n\n\n\n<div class=\"wp-block-uagb-info-box uagb-block-f5f5fdc4 uagb-infobox__content-wrap  uagb-infobox-icon-above-title uagb-infobox-image-valign-top\"><div class=\"uagb-ifb-content\"><div class=\"uagb-ifb-title-wrap\"><h2 class=\"uagb-ifb-title\">Gemeinsame Bereiche der Nutzung<\/h2><\/div><\/div><\/div>\n\n\n\n<div class=\"wp-block-uagb-container uagb-layout-grid uagb-block-b1a6a8d0\">\n<div class=\"wp-block-uagb-info-box uagb-block-b45c349d uagb-infobox__content-wrap  uagb-infobox-icon-above-title uagb-infobox-image-valign-top\"><div class=\"uagb-ifb-content\"><div class=\"uagb-ifb-title-wrap\"><h3 class=\"uagb-ifb-title\">E-Commerce<\/h3><\/div><p class=\"uagb-ifb-desc\">Im E-Commerce werden 3D-Visualisierungen verwendet, um die Produktpr\u00e4sentation zu verbessern. Kunden k\u00f6nnen detaillierte 3D-Modelle von Produkten wie Kleidung, M\u00f6beln, Elektronik und Schmuck sehen, was ihnen hilft, bessere Kaufentscheidungen zu treffen. <\/p><div class=\"uagb-ifb-separator\"><\/div><\/div><\/div>\n\n\n\n<div class=\"wp-block-uagb-info-box uagb-block-1566ed18 uagb-infobox__content-wrap  uagb-infobox-icon-above-title uagb-infobox-image-valign-top\"><div class=\"uagb-ifb-content\"><div class=\"uagb-ifb-title-wrap\"><h3 class=\"uagb-ifb-title\">Autoindustrie<\/h3><\/div><p class=\"uagb-ifb-desc\">Autohersteller und -h\u00e4ndler verwenden <a href=\"https:\/\/konfigurator.nu\/de\/3d-konfigurator\/\" data-type=\"link\" data-id=\"https:\/\/konfigurator.nu\/3d-konfigurator\/\">3D-Konfiguratoren<\/a>, um Kunden die M\u00f6glichkeit zu geben, Autos online individuell zu gestalten und zu visualisieren. Kunden k\u00f6nnen Farben, Felgen, Innenraummaterialien und Zubeh\u00f6r ausw\u00e4hlen und sehen, wie sich ihre Entscheidungen auf das Aussehen und die Funktion des Autos auswirken. <\/p><div class=\"uagb-ifb-separator\"><\/div><\/div><\/div>\n\n\n\n<div class=\"wp-block-uagb-info-box uagb-block-653e03ed uagb-infobox__content-wrap  uagb-infobox-icon-above-title uagb-infobox-image-valign-top\"><div class=\"uagb-ifb-content\"><div class=\"uagb-ifb-title-wrap\"><h3 class=\"uagb-ifb-title\">Mode und Design<\/h3><\/div><p class=\"uagb-ifb-desc\">In der Modebranche werden 3D-Visualisierungen verwendet, um Kleidung und Accessoires an Models oder als Teil eines virtuellen Laufstegs zu zeigen. So erhalten die Kunden eine bessere Vorstellung davon, wie die Kleidungsst\u00fccke an einer echten Person aussehen und passen werden. <\/p><\/div><\/div>\n\n\n\n<div class=\"wp-block-uagb-info-box uagb-block-43797ea1 uagb-infobox__content-wrap  uagb-infobox-icon-above-title uagb-infobox-image-valign-top\"><div class=\"uagb-ifb-content\"><div class=\"uagb-ifb-title-wrap\"><h3 class=\"uagb-ifb-title\">M\u00f6bel und Innenarchitektur<\/h3><\/div><p class=\"uagb-ifb-desc\">Im M\u00f6bel- und Innendesign werden 3D-Visualisierungen verwendet, um zu zeigen, wie M\u00f6bel und Einrichtungsgegenst\u00e4nde in verschiedenen Umgebungen aussehen. Kunden k\u00f6nnen sehen, wie verschiedene M\u00f6belst\u00fccke in einem Raum zusammenpassen und dabei Farben, Materialien und Platzierung anpassen, um sich vor dem Kauf ein besseres Bild vom Endergebnis machen zu k\u00f6nnen. <\/p><\/div><\/div>\n<\/div>\n\n\n\n<div class=\"wp-block-uagb-separator uagb-block-0fe696ca\"><div class=\"uagb-separator-spacing-wrapper\"><div class=\"wp-block-uagb-separator__inner\" style=\"--my-background-image:\"><\/div><\/div><\/div>\n\n\n\n<div class=\"wp-block-uagb-info-box uagb-block-376ade61 uagb-infobox__content-wrap  uagb-infobox-icon-above-title uagb-infobox-image-valign-top\"><div class=\"uagb-ifb-content\"><div class=\"uagb-ifb-title-wrap\"><h2 class=\"uagb-ifb-title\">Probieren Sie verschiedene 3D-Erlebnisse im Internet aus<\/h2><\/div><\/div><\/div>\n<\/div><\/div>\n\n\n\n<div class=\"wp-block-media-text is-stacked-on-mobile\" style=\"padding-top:0;padding-bottom:var(--wp--preset--spacing--40)\"><figure class=\"wp-block-media-text__media\"><img decoding=\"async\" width=\"800\" height=\"450\" src=\"https:\/\/konfigurator.nu\/wp-content\/uploads\/2024\/09\/Elfa-GIF.gif\" alt=\"Verkossa\" class=\"wp-image-4072 size-full\"\/><\/figure><div class=\"wp-block-media-text__content\">\n<p class=\"has-medium-font-size\">Fj\u00e4llr\u00e4ven &#8222;K\u00e5nken Me&#8220; 3D-Konfigurator: <a href=\"https:\/\/www.fjallraven.com\/se\/sv-se\/vaskor-utrustning\/kanken\/kanken-ryggsackar\/kanken-me\/?v=F23520::7323450746926\" target=\"_blank\" rel=\"noopener\">LINK<\/a><\/p>\n\n\n\n<p class=\"has-medium-font-size\">Ewellix Virtueller 3D-Ausstellungsraum: <a href=\"https:\/\/virtual-showroom.ewellix.com\/\" target=\"_blank\" rel=\"noopener\">LINK<\/a><\/p>\n\n\n\n<p class=\"has-medium-font-size\">ELFA &#8222;Planner&#8220; 3D Builder: <a href=\"https:\/\/elfa.com\/sv-se\/planering\" target=\"_blank\" rel=\"noopener\">LINK<\/a><\/p>\n\n\n\n<p class=\"has-medium-font-size\">Digitaler 3D-Zwilling mit extrem hoher Qualit\u00e4t: <a href=\"https:\/\/watch.animech.com\/\" target=\"_blank\" rel=\"noopener\">LINK<\/a><\/p>\n<\/div><\/div>\n\n\n\n<p><\/p>\n","protected":false},"excerpt":{"rendered":"<p>3D im Internet Vorteile von 3D im Web In der sich schnell entwickelnden digitalen Landschaft von heute spielt die 3D-Visualisierung im Internet eine immer wichtigere Rolle. Die Technologie bietet Unternehmen und Kunden eine reichhaltigere und ansprechendere Erfahrung, die entscheidend ist, um auf dem Markt die Nase vorn zu haben. Im Folgenden finden Sie einen \u00dcberblick [&hellip;]<\/p>\n","protected":false},"author":2,"featured_media":0,"parent":0,"menu_order":0,"comment_status":"closed","ping_status":"closed","template":"","meta":{"_uag_custom_page_level_css":"","site-sidebar-layout":"no-sidebar","site-content-layout":"plain-container","ast-site-content-layout":"normal-width-container","site-content-style":"unboxed","site-sidebar-style":"unboxed","ast-global-header-display":"","ast-banner-title-visibility":"","ast-main-header-display":"","ast-hfb-above-header-display":"","ast-hfb-below-header-display":"","ast-hfb-mobile-header-display":"","site-post-title":"disabled","ast-breadcrumbs-content":"","ast-featured-img":"disabled","footer-sml-layout":"","ast-disable-related-posts":"","theme-transparent-header-meta":"enabled","adv-header-id-meta":"","stick-header-meta":"","header-above-stick-meta":"","header-main-stick-meta":"","header-below-stick-meta":"","astra-migrate-meta-layouts":"set","ast-page-background-enabled":"default","ast-page-background-meta":{"desktop":{"background-color":"","background-image":"","background-repeat":"repeat","background-position":"center center","background-size":"auto","background-attachment":"scroll","background-type":"","background-media":"","overlay-type":"","overlay-color":"","overlay-opacity":"","overlay-gradient":""},"tablet":{"background-color":"","background-image":"","background-repeat":"repeat","background-position":"center center","background-size":"auto","background-attachment":"scroll","background-type":"","background-media":"","overlay-type":"","overlay-color":"","overlay-opacity":"","overlay-gradient":""},"mobile":{"background-color":"","background-image":"","background-repeat":"repeat","background-position":"center center","background-size":"auto","background-attachment":"scroll","background-type":"","background-media":"","overlay-type":"","overlay-color":"","overlay-opacity":"","overlay-gradient":""}},"ast-content-background-meta":{"desktop":{"background-color":"var(--ast-global-color-5)","background-image":"","background-repeat":"repeat","background-position":"center center","background-size":"auto","background-attachment":"scroll","background-type":"","background-media":"","overlay-type":"","overlay-color":"","overlay-opacity":"","overlay-gradient":""},"tablet":{"background-color":"var(--ast-global-color-5)","background-image":"","background-repeat":"repeat","background-position":"center center","background-size":"auto","background-attachment":"scroll","background-type":"","background-media":"","overlay-type":"","overlay-color":"","overlay-opacity":"","overlay-gradient":""},"mobile":{"background-color":"var(--ast-global-color-5)","background-image":"","background-repeat":"repeat","background-position":"center center","background-size":"auto","background-attachment":"scroll","background-type":"","background-media":"","overlay-type":"","overlay-color":"","overlay-opacity":"","overlay-gradient":""}},"footnotes":""},"class_list":["post-3382","page","type-page","status-publish","hentry"],"uagb_featured_image_src":{"full":false,"thumbnail":false,"medium":false,"medium_large":false,"large":false,"1536x1536":false,"2048x2048":false},"uagb_author_info":{"display_name":"Staffan Hagberg","author_link":"https:\/\/konfigurator.nu\/de\/author\/staffan_konfigurator-nu\/"},"uagb_comment_info":0,"uagb_excerpt":"3D im Internet Vorteile von 3D im Web In der sich schnell entwickelnden digitalen Landschaft von heute spielt die 3D-Visualisierung im Internet eine immer wichtigere Rolle. Die Technologie bietet Unternehmen und Kunden eine reichhaltigere und ansprechendere Erfahrung, die entscheidend ist, um auf dem Markt die Nase vorn zu haben. Im Folgenden finden Sie einen \u00dcberblick&hellip;","_links":{"self":[{"href":"https:\/\/konfigurator.nu\/de\/wp-json\/wp\/v2\/pages\/3382","targetHints":{"allow":["GET"]}}],"collection":[{"href":"https:\/\/konfigurator.nu\/de\/wp-json\/wp\/v2\/pages"}],"about":[{"href":"https:\/\/konfigurator.nu\/de\/wp-json\/wp\/v2\/types\/page"}],"author":[{"embeddable":true,"href":"https:\/\/konfigurator.nu\/de\/wp-json\/wp\/v2\/users\/2"}],"replies":[{"embeddable":true,"href":"https:\/\/konfigurator.nu\/de\/wp-json\/wp\/v2\/comments?post=3382"}],"version-history":[{"count":7,"href":"https:\/\/konfigurator.nu\/de\/wp-json\/wp\/v2\/pages\/3382\/revisions"}],"predecessor-version":[{"id":4363,"href":"https:\/\/konfigurator.nu\/de\/wp-json\/wp\/v2\/pages\/3382\/revisions\/4363"}],"wp:attachment":[{"href":"https:\/\/konfigurator.nu\/de\/wp-json\/wp\/v2\/media?parent=3382"}],"curies":[{"name":"wp","href":"https:\/\/api.w.org\/{rel}","templated":true}]}}