{"id":3388,"date":"2024-07-23T10:38:47","date_gmt":"2024-07-23T08:38:47","guid":{"rendered":"https:\/\/konfigurator.nu\/verkaufs-konfigurator\/"},"modified":"2026-04-13T15:09:35","modified_gmt":"2026-04-13T13:09:35","slug":"verkaufs-konfigurator","status":"publish","type":"page","link":"https:\/\/konfigurator.nu\/de\/verkaufs-konfigurator\/","title":{"rendered":"Verkaufs-Konfigurator"},"content":{"rendered":"\n<div class=\"wp-block-uagb-container uagb-block-d6924da0 alignfull uagb-is-root-container\"><div class=\"uagb-container__video-wrap\"><video autoplay loop muted playsinline><source src=\"https:\/\/konfigurator.nu\/wp-content\/uploads\/2024\/07\/5705647_Coll_wavebreak_Animation_1920x1080.mp4\" type=\"video\/mp4\"\/><\/video><\/div><div class=\"uagb-container-inner-blocks-wrap\">\n<div class=\"wp-block-uagb-advanced-heading uagb-block-efa76908\"><h1 class=\"uagb-heading-text\">VERTRIEBSKONFIGURATOR<\/h1><\/div>\n<\/div><\/div>\n\n\n\n<div class=\"wp-block-uagb-container uagb-layout-grid uagb-block-24299646 alignfull uagb-is-root-container\"><div class=\"uagb-container-inner-blocks-wrap\">\n<div class=\"wp-block-uagb-info-box uagb-block-f02872bf uagb-infobox__content-wrap  uagb-infobox-icon-above-title uagb-infobox-image-valign-top\"><div class=\"uagb-ifb-content\"><div class=\"uagb-ifb-title-wrap\"><h3 class=\"uagb-ifb-title\">Verkaufs-Konfigurator<\/h3><\/div><p class=\"uagb-ifb-desc\">Ein Vertriebskonfigurator ist eine hochentwickelte Art von Konfigurator, der dazu dient, den Verkaufsprozess sowohl intern durch das <a href=\"https:\/\/www.salesforce.com\/sales\/cpq\/what-is-cpq\/\" data-type=\"link\" data-id=\"https:\/\/www.salesforce.com\/sales\/cpq\/what-is-cpq\/\" target=\"_blank\" rel=\"noopener\">Vertriebsteam <\/a>des Unternehmens als auch extern durch Kunden \u00fcber das Internet zu erleichtern.<br>Diese Art von Konfigurator ist sehr benutzerfreundlich gestaltet und enth\u00e4lt oft erweiterte Funktionen zur Verwaltung komplexer Produkt- oder Servicekonfigurationen. <br><br>Vertriebskonfiguratoren unterscheiden sich von herk\u00f6mmlichen Produktkonfiguratoren durch ihre fortschrittlichere Logik und die M\u00f6glichkeit, benutzerfreundliche Fragen zu stellen.<br>W\u00e4hrend ein herk\u00f6mmlicher Produktkonfigurator den Benutzer fragen kann: &#8222;Welche Art von Maschine m\u00f6chten Sie?&#8220; und eine Auswahl bestimmter Maschinen pr\u00e4sentiert (z.B. Maschine X, Maschine Y), stellt ein Vertriebskonfigurator stattdessen offenere und bedarfsorientiertere Fragen wie z.B. &#8222;Wof\u00fcr wird die Maschine verwendet?&#8220;.<br>Auf der Grundlage der Antworten kann der Vertriebskonfigurator dann eine ma\u00dfgeschneiderte Konfiguration vorschlagen, die den Bed\u00fcrfnissen des Benutzers am besten entspricht.  <\/p><\/div><\/div>\n\n\n\n<div class=\"wp-block-columns is-layout-flex wp-container-core-columns-is-layout-28f84493 wp-block-columns-is-layout-flex\">\n<div class=\"wp-block-column is-layout-flow wp-block-column-is-layout-flow\" style=\"flex-basis:100%\">\n<figure class=\"wp-block-image size-large\"><img fetchpriority=\"high\" decoding=\"async\" width=\"1024\" height=\"793\" src=\"https:\/\/konfigurator.nu\/wp-content\/uploads\/2024\/07\/iphone_multi-1024x793.webp\" alt=\"Verkaufs\" class=\"wp-image-2946\" srcset=\"https:\/\/konfigurator.nu\/wp-content\/uploads\/2024\/07\/iphone_multi-1024x793.webp 1024w, https:\/\/konfigurator.nu\/wp-content\/uploads\/2024\/07\/iphone_multi-300x232.webp 300w, https:\/\/konfigurator.nu\/wp-content\/uploads\/2024\/07\/iphone_multi-768x595.webp 768w, https:\/\/konfigurator.nu\/wp-content\/uploads\/2024\/07\/iphone_multi-1536x1190.webp 1536w, https:\/\/konfigurator.nu\/wp-content\/uploads\/2024\/07\/iphone_multi-2048x1587.webp 2048w\" sizes=\"(max-width: 1024px) 100vw, 1024px\" \/><\/figure>\n<\/div>\n<\/div>\n<\/div><\/div>\n\n\n\n<div class=\"wp-block-uagb-container uagb-block-6be40f00 alignfull uagb-is-root-container\"><div class=\"uagb-container-inner-blocks-wrap\">\n<div class=\"wp-block-uagb-advanced-heading uagb-block-8e598847\"><h3 class=\"uagb-heading-text\">Funktionalit\u00e4t und Einsatzm\u00f6glichkeiten<\/h3><\/div>\n\n\n\n<div class=\"wp-block-uagb-container uagb-layout-grid uagb-block-2b8639e4\">\n<div class=\"wp-block-uagb-advanced-heading uagb-block-dda0e0fa\"><h4 class=\"uagb-heading-text\">Vorteile der Verkaufskonfiguratoren<\/h4><p class=\"uagb-desc-text\"><strong>Benutzerfreundlichkeit<\/strong>: Einer der gr\u00f6\u00dften Vorteile von konfiguratoren ist ihre Benutzerfreundlichkeit.<br>Durch das Stellen einfacher, bedarfsorientierter Fragen k\u00f6nnen auch Benutzer ohne technische Kenntnisse komplexe Konfigurationen erstellen.<br><br><strong>Erweiterte Logik<\/strong>: <a href=\"https:\/\/konfigurator.nu\/de\/3d\/\" data-type=\"link\" data-id=\"https:\/\/konfigurator.nu\/de\/3d\/\">Konfiguratoren <\/a>verf\u00fcgen \u00fcber eine eingebaute erweiterte Logik, die komplexe Abh\u00e4ngigkeiten und Regeln verarbeiten kann.<br>So k\u00f6nnen genauere und relevantere Produktvorschl\u00e4ge erstellt werden, die auf den spezifischen Bed\u00fcrfnissen und Vorlieben des Benutzers basieren.<br><strong>Informative Konfliktl\u00f6sung<\/strong>: Diese Konfiguratoren k\u00f6nnen Konflikte in Echtzeit verwalten und aufl\u00f6sen.<br>Wenn die Auswahl eines Benutzers nicht mit fr\u00fcheren Auswahlen kompatibel ist, bietet der Vertriebskonfigurator Optionen und Erkl\u00e4rungen, um dem Benutzer zu helfen, die richtigen Anpassungen vorzunehmen.<br><br><strong>Flexibilit\u00e4t bei der Reihenfolge der Fragen<\/strong>: Benutzer k\u00f6nnen die Fragen oft in beliebiger Reihenfolge beantworten, was eine flexiblere und individuell anpassbare Erfahrung erm\u00f6glicht.<br>So kann der Benutzer auf eine Weise durch den Konfigurationsprozess navigieren, die ihm am nat\u00fcrlichsten erscheint.<br><br><strong>Erstellung von Berichten<\/strong>: Verkaufskonfiguratoren bieten oft Funktionen zur Erstellung individueller Berichte, die die Konfiguration zusammenfassen.<br>Diese k\u00f6nnen Details zu Produktspezifikationen, Kosten und Lieferzeiten enthalten, was sowohl f\u00fcr Verk\u00e4ufer als auch f\u00fcr Kunden sehr wertvoll ist.<\/p><\/div>\n\n\n\n<div class=\"wp-block-uagb-advanced-heading uagb-block-b946363e\"><h4 class=\"uagb-heading-text\">Gemeinsame Bereiche der Nutzung<\/h4><p class=\"uagb-desc-text\">Verkaufskonfiguratoren werden in einer Vielzahl von Branchen und Kontexten eingesetzt, z. B:<br><strong>E-Commerce<\/strong>: auf Websites, auf denen Kunden Produkte direkt online konfigurieren und kaufen k\u00f6nnen.\nVerkaufskonfiguratoren machen es den Kunden leicht, Produkte an ihre speziellen Bed\u00fcrfnisse anzupassen und sich ein klares Bild von den Kosten und der Lieferzeit zu machen. <br><strong>Vertrieb in Unternehmen<\/strong>: Innerhalb von Unternehmen, in denen das Vertriebsteam Konfiguratoren verwendet, um schnell und effizient ma\u00dfgeschneiderte Produktangebote f\u00fcr Kunden zu erstellen.\nDas spart Zeit und reduziert das Risiko von Fehlbestellungen. <br><strong>Industrieller und technischer Vertrieb<\/strong>: In Branchen, in denen die Produkte technisch komplex sind und eine sorgf\u00e4ltige Konfiguration erfordern.\nVertriebskonfiguratoren k\u00f6nnen mit den vielen Variablen und Spezifikationen umgehen, die diese Produkte oft aufweisen. <\/p><\/div>\n\n\n\n<figure class=\"wp-block-gallery has-nested-images columns-default is-cropped wp-block-gallery-1 is-layout-flex wp-block-gallery-is-layout-flex\">\n<figure class=\"wp-block-image size-full has-custom-border is-style-default\"><img decoding=\"async\" width=\"1024\" height=\"1792\" data-id=\"3138\" src=\"https:\/\/konfigurator.nu\/wp-content\/uploads\/2024\/08\/DALL\u00b7E-2024-08-28-14.43.45-A-realistic-scene-of-a-salesperson-sitting-in-an-office-focused-on-a-laptop-screen-where-they-are-configuring-a-warehouse-system.-The-interface-on-th.webp\" alt=\"Sales\" class=\"wp-image-3138\" style=\"border-style:none;border-width:0px\" srcset=\"https:\/\/konfigurator.nu\/wp-content\/uploads\/2024\/08\/DALL\u00b7E-2024-08-28-14.43.45-A-realistic-scene-of-a-salesperson-sitting-in-an-office-focused-on-a-laptop-screen-where-they-are-configuring-a-warehouse-system.-The-interface-on-th.webp 1024w, https:\/\/konfigurator.nu\/wp-content\/uploads\/2024\/08\/DALL\u00b7E-2024-08-28-14.43.45-A-realistic-scene-of-a-salesperson-sitting-in-an-office-focused-on-a-laptop-screen-where-they-are-configuring-a-warehouse-system.-The-interface-on-th-171x300.webp 171w, https:\/\/konfigurator.nu\/wp-content\/uploads\/2024\/08\/DALL\u00b7E-2024-08-28-14.43.45-A-realistic-scene-of-a-salesperson-sitting-in-an-office-focused-on-a-laptop-screen-where-they-are-configuring-a-warehouse-system.-The-interface-on-th-585x1024.webp 585w, https:\/\/konfigurator.nu\/wp-content\/uploads\/2024\/08\/DALL\u00b7E-2024-08-28-14.43.45-A-realistic-scene-of-a-salesperson-sitting-in-an-office-focused-on-a-laptop-screen-where-they-are-configuring-a-warehouse-system.-The-interface-on-th-768x1344.webp 768w, https:\/\/konfigurator.nu\/wp-content\/uploads\/2024\/08\/DALL\u00b7E-2024-08-28-14.43.45-A-realistic-scene-of-a-salesperson-sitting-in-an-office-focused-on-a-laptop-screen-where-they-are-configuring-a-warehouse-system.-The-interface-on-th-878x1536.webp 878w\" sizes=\"(max-width: 1024px) 100vw, 1024px\" \/><\/figure>\n<\/figure>\n\n\n\n<p><\/p>\n\n\n\n<p><\/p>\n\n\n\n<div class=\"wp-block-uagb-advanced-heading uagb-block-c4c70dbd\"><\/div>\n\n\n\n<p><\/p>\n<\/div>\n<\/div><\/div>\n\n\n\n<p><\/p>\n","protected":false},"excerpt":{"rendered":"<p>VERTRIEBSKONFIGURATOR Funktionalit\u00e4t und Einsatzm\u00f6glichkeiten Vorteile der Verkaufskonfiguratoren Benutzerfreundlichkeit: Einer der gr\u00f6\u00dften Vorteile von konfiguratoren ist ihre Benutzerfreundlichkeit.Durch das Stellen einfacher, bedarfsorientierter Fragen k\u00f6nnen auch Benutzer ohne technische Kenntnisse komplexe Konfigurationen erstellen. Erweiterte Logik: Konfiguratoren verf\u00fcgen \u00fcber eine eingebaute erweiterte Logik, die komplexe Abh\u00e4ngigkeiten und Regeln verarbeiten kann.So k\u00f6nnen genauere und relevantere Produktvorschl\u00e4ge erstellt werden, die [&hellip;]<\/p>\n","protected":false},"author":3,"featured_media":0,"parent":0,"menu_order":0,"comment_status":"closed","ping_status":"closed","template":"","meta":{"_uag_custom_page_level_css":"","site-sidebar-layout":"default","site-content-layout":"","ast-site-content-layout":"default","site-content-style":"default","site-sidebar-style":"default","ast-global-header-display":"","ast-banner-title-visibility":"","ast-main-header-display":"","ast-hfb-above-header-display":"","ast-hfb-below-header-display":"","ast-hfb-mobile-header-display":"","site-post-title":"disabled","ast-breadcrumbs-content":"","ast-featured-img":"","footer-sml-layout":"","ast-disable-related-posts":"","theme-transparent-header-meta":"","adv-header-id-meta":"","stick-header-meta":"","header-above-stick-meta":"","header-main-stick-meta":"","header-below-stick-meta":"","astra-migrate-meta-layouts":"set","ast-page-background-enabled":"default","ast-page-background-meta":{"desktop":{"background-color":"","background-image":"","background-repeat":"repeat","background-position":"center center","background-size":"auto","background-attachment":"scroll","background-type":"","background-media":"","overlay-type":"","overlay-color":"","overlay-opacity":"","overlay-gradient":""},"tablet":{"background-color":"","background-image":"","background-repeat":"repeat","background-position":"center center","background-size":"auto","background-attachment":"scroll","background-type":"","background-media":"","overlay-type":"","overlay-color":"","overlay-opacity":"","overlay-gradient":""},"mobile":{"background-color":"","background-image":"","background-repeat":"repeat","background-position":"center center","background-size":"auto","background-attachment":"scroll","background-type":"","background-media":"","overlay-type":"","overlay-color":"","overlay-opacity":"","overlay-gradient":""}},"ast-content-background-meta":{"desktop":{"background-color":"var(--ast-global-color-5)","background-image":"","background-repeat":"repeat","background-position":"center center","background-size":"auto","background-attachment":"scroll","background-type":"","background-media":"","overlay-type":"","overlay-color":"","overlay-opacity":"","overlay-gradient":""},"tablet":{"background-color":"var(--ast-global-color-5)","background-image":"","background-repeat":"repeat","background-position":"center center","background-size":"auto","background-attachment":"scroll","background-type":"","background-media":"","overlay-type":"","overlay-color":"","overlay-opacity":"","overlay-gradient":""},"mobile":{"background-color":"var(--ast-global-color-5)","background-image":"","background-repeat":"repeat","background-position":"center center","background-size":"auto","background-attachment":"scroll","background-type":"","background-media":"","overlay-type":"","overlay-color":"","overlay-opacity":"","overlay-gradient":""}},"footnotes":""},"class_list":["post-3388","page","type-page","status-publish","hentry"],"uagb_featured_image_src":{"full":false,"thumbnail":false,"medium":false,"medium_large":false,"large":false,"1536x1536":false,"2048x2048":false},"uagb_author_info":{"display_name":"Tino Karazeimbekis","author_link":"https:\/\/konfigurator.nu\/de\/author\/tino\/"},"uagb_comment_info":0,"uagb_excerpt":"VERTRIEBSKONFIGURATOR Funktionalit\u00e4t und Einsatzm\u00f6glichkeiten Vorteile der Verkaufskonfiguratoren Benutzerfreundlichkeit: Einer der gr\u00f6\u00dften Vorteile von konfiguratoren ist ihre Benutzerfreundlichkeit.Durch das Stellen einfacher, bedarfsorientierter Fragen k\u00f6nnen auch Benutzer ohne technische Kenntnisse komplexe Konfigurationen erstellen. Erweiterte Logik: Konfiguratoren verf\u00fcgen \u00fcber eine eingebaute erweiterte Logik, die komplexe Abh\u00e4ngigkeiten und Regeln verarbeiten kann.So k\u00f6nnen genauere und relevantere Produktvorschl\u00e4ge erstellt werden, die&hellip;","_links":{"self":[{"href":"https:\/\/konfigurator.nu\/de\/wp-json\/wp\/v2\/pages\/3388","targetHints":{"allow":["GET"]}}],"collection":[{"href":"https:\/\/konfigurator.nu\/de\/wp-json\/wp\/v2\/pages"}],"about":[{"href":"https:\/\/konfigurator.nu\/de\/wp-json\/wp\/v2\/types\/page"}],"author":[{"embeddable":true,"href":"https:\/\/konfigurator.nu\/de\/wp-json\/wp\/v2\/users\/3"}],"replies":[{"embeddable":true,"href":"https:\/\/konfigurator.nu\/de\/wp-json\/wp\/v2\/comments?post=3388"}],"version-history":[{"count":4,"href":"https:\/\/konfigurator.nu\/de\/wp-json\/wp\/v2\/pages\/3388\/revisions"}],"predecessor-version":[{"id":4380,"href":"https:\/\/konfigurator.nu\/de\/wp-json\/wp\/v2\/pages\/3388\/revisions\/4380"}],"wp:attachment":[{"href":"https:\/\/konfigurator.nu\/de\/wp-json\/wp\/v2\/media?parent=3388"}],"curies":[{"name":"wp","href":"https:\/\/api.w.org\/{rel}","templated":true}]}}