{"id":3412,"date":"2024-06-10T11:36:47","date_gmt":"2024-06-10T09:36:47","guid":{"rendered":"https:\/\/konfigurator.nu\/konfiguratoren\/"},"modified":"2026-04-13T15:05:13","modified_gmt":"2026-04-13T13:05:13","slug":"konfiguratoren","status":"publish","type":"page","link":"https:\/\/konfigurator.nu\/de\/konfiguratoren\/","title":{"rendered":"Konfiguratoren"},"content":{"rendered":"\n<div class=\"wp-block-uagb-container uagb-block-7154df4d alignfull uagb-is-root-container\"><div class=\"uagb-container__video-wrap\"><video autoplay loop muted playsinline><source src=\"https:\/\/konfigurator.nu\/wp-content\/uploads\/2024\/07\/6454963_Animation_Data-Processing_1920x1080.mp4\" type=\"video\/mp4\"\/><\/video><\/div><div class=\"uagb-container-inner-blocks-wrap\">\n<div class=\"wp-block-uagb-advanced-heading uagb-block-c0791479\"><h1 class=\"uagb-heading-text\">Konfiguratoren<\/h1><\/div>\n<\/div><\/div>\n\n\n\n<p><\/p>\n\n\n\n<h2 class=\"wp-block-heading\">Konfiguratoren<\/h2>\n\n\n\n<p>Es gibt verschiedene Arten von Konfiguratoren, und jeder hat seine eigenen Vor- und Nachteile.\nIn diesem Abschnitt werden die verschiedenen Arten von Konfiguratoren und ihre Funktionsweise anhand von Beispielen aus verschiedenen Branchen und Anwendungen beschrieben.\nDie Erkl\u00e4rungen sind etwas vereinfacht, um ein grundlegendes Verst\u00e4ndnis zu vermitteln, da Konfiguratoren oft eine Mischung aus verschiedenen Arten von L\u00f6sungen sind und an spezifische Bed\u00fcrfnisse und Komplexit\u00e4ten angepasst werden k\u00f6nnen.\nEs handelt sich jedoch um eine Einf\u00fchrung in die verschiedenen M\u00f6glichkeiten, ein Konfigurationsproblem anzugehen, die Unternehmen und Einzelpersonen bei der Auswahl des richtigen Tools f\u00fcr ihre spezifische Situation helfen kann.   <\/p>\n\n\n\n<p><strong>Die folgenden Arten von Konfiguratoren werden hier beschrieben:<\/strong><\/p>\n\n\n\n<div class=\"wp-block-uagb-info-box uagb-block-86bf9543 uagb-infobox__content-wrap  uagb-infobox-icon-above-title uagb-infobox-image-valign-top\"><div class=\"uagb-ifb-content\"><div class=\"uagb-ifb-image-content\"><img decoding=\"async\" src=\"https:\/\/konfigurator.nu\/wp-content\/uploads\/2024\/07\/Cytiva_ipad.png\" alt=\"Animechin luoma koulutusalusta\" width=\"\" height=\"0\" loading=\"lazy\"\/><\/div><div class=\"uagb-ifb-title-wrap\"><h4 class=\"uagb-ifb-title\">Sequentieller Konfigurator<\/h4><\/div><p class=\"uagb-ifb-desc\">Ein sequentieller Konfigurator f\u00fchrt den Benutzer durch einen vorgegebenen Ablauf von Schritten, wobei jeder Schritt auf dem vorherigen aufbaut.\nDer Benutzer trifft seine Auswahl in einer bestimmten Reihenfolge, und diese Auswahl wirkt sich auf die in den nachfolgenden Schritten verf\u00fcgbaren Optionen aus.\nDiese Art von Konfigurator ist in der Automobilindustrie, im Computerbau und \u00e4hnlichen Bereichen \u00fcblich, in denen die Auswahlm\u00f6glichkeiten eine klare und logische Abfolge haben.\nDer Vorteil dieser Methode ist, dass sie f\u00fcr den Benutzer einfach und intuitiv ist und das Risiko verringert, unvereinbare Auswahlen zu treffen.   <br><br><br><br>V<strong>orteile<\/strong> Einfach zu erstellen &#8211; intuitiv Keine zus\u00e4tzliche Software erforderlich<br><br><br><br><br>N<strong>achteile<\/strong> Der Benutzer muss die Fragen in einer bestimmten Reihenfolge beantworten Schwierige Konfliktl\u00f6sung f\u00fcr den Benutzer \u00c4nderungen an den Daten erfordern \u00c4nderungen am Code des Konfigurators.\n<br>\u00c4nderungen m\u00fcssen in der Regel von einem Programmierer vorgenommen werden. Die Pflege der Logik ist sehr zeitaufw\u00e4ndig. <\/p><\/div><\/div>\n\n\n\n<div class=\"wp-block-uagb-separator uagb-block-eec44656\"><div class=\"uagb-separator-spacing-wrapper\"><div class=\"wp-block-uagb-separator__inner\" style=\"--my-background-image:\"><\/div><\/div><\/div>\n\n\n\n<div class=\"wp-block-uagb-info-box uagb-block-7799c1a1 uagb-infobox__content-wrap  uagb-infobox-icon-above-title uagb-infobox-image-valign-top\"><div class=\"uagb-ifb-content\"><div class=\"uagb-ifb-image-content\"><img decoding=\"async\" src=\"https:\/\/konfigurator.nu\/wp-content\/uploads\/2024\/07\/cibes1-scaled.webp\" alt=\"\" width=\"\" height=\"0\" loading=\"lazy\"\/><\/div><div class=\"uagb-ifb-title-wrap\"><h4 class=\"uagb-ifb-title\">Beziehungsbasierter Konfigurator<\/h4><\/div><p class=\"uagb-ifb-desc\">Ein relationaler Konfigurator verwendet Logik und Regeln, um komplexe Beziehungen zwischen verschiedenen Komponenten oder Auswahlm\u00f6glichkeiten zu verwalten.<br>Dadurch ist er sehr flexibel und in der Lage, Produkte oder Dienstleistungen mit vielen Abh\u00e4ngigkeiten zu verwalten.<br>So kann beispielsweise die Wahl eines bestimmten Motors in einem Maschinenkonfigurator beeinflussen, welche anderen Komponenten kompatibel sind.<br>Dieser Ansatz ist besonders n\u00fctzlich in der industriellen Fertigung und bei der Softwarekonfiguration, wo komplexe Abh\u00e4ngigkeiten sorgf\u00e4ltig verwaltet werden m\u00fcssen.   <br><br><br><br>V<strong>orteile<\/strong> Einfach zu erstellen &#8211; keine Programmierkenntnisse erforderlich Intuitive Verbindungen<br><br><br><br><br>N<strong>achteile<\/strong> Die Tabelle vergr\u00f6\u00dfert sich mit jeder neu hinzugef\u00fcgten Komponente drastisch Die Wartung kann zu einem Albtraum werden, wenn die Datenbank w\u00e4chst Wenn sich die Bedingungen f\u00fcr die Kompatibilit\u00e4t der Komponenten \u00e4ndern, muss der Konfigurator im Grunde neu erstellt werden.<br>OK \/ Nicht OK sagt nichts dar\u00fcber aus, was die Komponenten tats\u00e4chlich kompatibel macht.<\/p><\/div><\/div>\n\n\n\n<figure class=\"wp-block-table is-style-regular\"><table class=\"has-light-green-cyan-background-color has-background has-fixed-layout\" style=\"border-width:1px\"><tbody><tr><td><\/td><td class=\"has-text-align-center\" data-align=\"center\"><strong>Maschine A<\/strong><\/td><td class=\"has-text-align-center\" data-align=\"center\"><strong>Maschine B<\/strong><\/td><td class=\"has-text-align-center\" data-align=\"center\"><strong>Maschine C<\/strong><\/td><td class=\"has-text-align-center\" data-align=\"center\"><strong>Maschine D<\/strong><\/td><\/tr><tr><td><strong>Komp X<\/strong><\/td><td class=\"has-text-align-center\" data-align=\"center\">EJ OK<\/td><td class=\"has-text-align-center\" data-align=\"center\">OK<\/td><td class=\"has-text-align-center\" data-align=\"center\">OK<\/td><td class=\"has-text-align-center\" data-align=\"center\">OK<\/td><\/tr><tr><td><strong>Komp Y<\/strong><\/td><td class=\"has-text-align-center\" data-align=\"center\">EJ OK<\/td><td class=\"has-text-align-center\" data-align=\"center\">EJ OK<\/td><td class=\"has-text-align-center\" data-align=\"center\">EJ OK<\/td><td class=\"has-text-align-center\" data-align=\"center\">OK<\/td><\/tr><tr><td><strong>Komp Z<\/strong><\/td><td class=\"has-text-align-center\" data-align=\"center\">EJ OK<\/td><td class=\"has-text-align-center\" data-align=\"center\">OK<\/td><td class=\"has-text-align-center\" data-align=\"center\">EJ OK<\/td><td class=\"has-text-align-center\" data-align=\"center\">OK<\/td><\/tr><tr><td><strong>Komp W<\/strong><\/td><td class=\"has-text-align-center\" data-align=\"center\">OK<\/td><td class=\"has-text-align-center\" data-align=\"center\">EJ OK<\/td><td class=\"has-text-align-center\" data-align=\"center\">OK<\/td><td class=\"has-text-align-center\" data-align=\"center\">OK<\/td><\/tr><\/tbody><\/table><\/figure>\n\n\n\n<div class=\"wp-block-uagb-separator uagb-block-56925262\"><div class=\"uagb-separator-spacing-wrapper\"><div class=\"wp-block-uagb-separator__inner\" style=\"--my-background-image:\"><\/div><\/div><\/div>\n\n\n\n<div class=\"wp-block-uagb-info-box uagb-block-ace10fa5 uagb-infobox__content-wrap  uagb-infobox-icon-above-title uagb-infobox-image-valign-top\"><div class=\"uagb-ifb-content\"><div class=\"uagb-ifb-image-content\"><img decoding=\"async\" src=\"https:\/\/konfigurator.nu\/wp-content\/uploads\/2024\/07\/excel1-scaled.webp\" alt=\"Konfiguratorer\" width=\"\" height=\"0\" loading=\"lazy\"\/><\/div><div class=\"uagb-ifb-title-wrap\"><h4 class=\"uagb-ifb-title\">Excel-Konfigurator<\/h4><\/div><p class=\"uagb-ifb-desc\">Ein Excel-Konfigurator ist eine einfachere und oft leichter zug\u00e4ngliche L\u00f6sung, die Microsoft Excel zur Erstellung und Verwaltung von Konfigurationsprozessen verwendet.\nDurch die Nutzung der Formeln, Makros und Datenvalidierung von Excel k\u00f6nnen Unternehmen ma\u00dfgeschneiderte L\u00f6sungen f\u00fcr die Produktkonfiguration, das Projektmanagement und mehr erstellen.\nDies ist ein kosteng\u00fcnstiger Ansatz, der einfach zu implementieren und anzupassen ist, insbesondere f\u00fcr kleinere Unternehmen oder Projekte, die keine fortgeschrittenen Konfigurationssysteme erfordern.  <br><br><br><br><br>V<strong>orteile<\/strong> Keine Notwendigkeit, neue Software zu kaufen (in der Regel) Das Wissen ist oft intern vorhanden Die Umgebung ist den meisten Benutzern vertraut<br><br><br><br><br>N<strong>achteile<\/strong> Oft schwierig zu pflegen Oft schwierig f\u00fcr den Benutzer Kann nicht (einfach) mit dem Web verkn\u00fcpft werden<\/p><\/div><\/div>\n\n\n\n<div class=\"wp-block-uagb-separator uagb-block-afe58e57\"><div class=\"uagb-separator-spacing-wrapper\"><div class=\"wp-block-uagb-separator__inner\" style=\"--my-background-image:\"><\/div><\/div><\/div>\n\n\n\n<div class=\"wp-block-uagb-info-box uagb-block-6c8ab49b uagb-infobox__content-wrap  uagb-infobox-icon-above-title uagb-infobox-image-valign-top\"><div class=\"uagb-ifb-content\"><div class=\"uagb-ifb-image-content\"><img decoding=\"async\" src=\"https:\/\/konfigurator.nu\/wp-content\/uploads\/2024\/07\/iphone_multi-scaled.webp\" alt=\"Verkaufs\" width=\"\" height=\"0\" loading=\"lazy\"\/><\/div><div class=\"uagb-ifb-title-wrap\"><h4 class=\"uagb-ifb-title\">Datenbank-<a href=\"https:\/\/konfigurator.nu\/de\/produkt-konfigurator\/\" data-type=\"link\" data-id=\"https:\/\/konfigurator.nu\/de\/produkt-konfigurator\/\">Konfigurator<\/a><\/h4><\/div><p class=\"uagb-ifb-desc\">Ein Datenbankkonfigurator verwendet eine Datenbank zur Verwaltung und Speicherung aller m\u00f6glichen Auswahlen und Kombinationen von Produkten oder Dienstleistungen.<br>Diese Art von Konfigurator ist h\u00e4ufig in das ERP- oder CRM-System eines Unternehmens integriert und wird f\u00fcr die Verwaltung gro\u00dfer Datenmengen und komplexer Produktstrukturen verwendet.<br>Datenbankkonfiguratoren sind leistungsstarke und skalierbare L\u00f6sungen, die umfangreiche und detaillierte Produktkataloge verwalten k\u00f6nnen und sich daher ideal f\u00fcr <a href=\"https:\/\/animech.com\/en\/animech-platform\/\" data-type=\"link\" data-id=\"https:\/\/animech.com\/en\/animech-platform\/\" target=\"_blank\" rel=\"noopener\">E-Commerce-Plattformen und industrielle Anwendungen eignen.<\/a><br><br><br><br>V<strong>orteile<\/strong> Relativ leistungsstark Der Benutzer kann die Fragen in beliebiger Reihenfolge beantworten<br><br><br><br><br>N<strong>achteile<\/strong>Es kann vorkommen, dass der Konfigurator keine L\u00f6sung findet (nachdem Sie ein Dutzend Fragen beantwortet haben) Schwer zu pflegen Wird langsamer, je mehr Daten Sie in der Datenbank haben<\/p><\/div><\/div>\n\n\n\n<figure class=\"wp-block-table is-style-regular\"><table class=\"has-pale-cyan-blue-background-color has-background has-fixed-layout\" style=\"border-width:1px\"><tbody><tr><td><\/td><td class=\"has-text-align-center\" data-align=\"center\"><strong>Bildschirm<\/strong><\/td><td class=\"has-text-align-center\" data-align=\"center\"><strong>Prozessor<\/strong><\/td><td class=\"has-text-align-center\" data-align=\"center\"><strong>Speicher<\/strong><\/td><\/tr><tr><td><strong>L\u00f6sung 1<\/strong><\/td><td class=\"has-text-align-center\" data-align=\"center\">14&#8243;, 15&#8243;<\/td><td class=\"has-text-align-center\" data-align=\"center\">1,3 GHz, 1,4 GHz<\/td><td class=\"has-text-align-center\" data-align=\"center\">256 MB, 512 MB<\/td><\/tr><tr><td><strong>L\u00f6sung 2<\/strong><\/td><td class=\"has-text-align-center\" data-align=\"center\">15&#8243;<\/td><td class=\"has-text-align-center\" data-align=\"center\">1,5 GHz<\/td><td class=\"has-text-align-center\" data-align=\"center\">1024 MB<\/td><\/tr><tr><td><strong>L\u00f6sung 3<\/strong><\/td><td class=\"has-text-align-center\" data-align=\"center\">14&#8243;, 17&#8243;<\/td><td class=\"has-text-align-center\" data-align=\"center\">1,3 GHz, 1,5 GHz<\/td><td class=\"has-text-align-center\" data-align=\"center\">512 MB, 1024 MB<\/td><\/tr><\/tbody><\/table><\/figure>\n\n\n\n<p><\/p>\n","protected":false},"excerpt":{"rendered":"<p>Konfiguratoren Konfiguratoren Es gibt verschiedene Arten von Konfiguratoren, und jeder hat seine eigenen Vor- und Nachteile. In diesem Abschnitt werden die verschiedenen Arten von Konfiguratoren und ihre Funktionsweise anhand von Beispielen aus verschiedenen Branchen und Anwendungen beschrieben. Die Erkl\u00e4rungen sind etwas vereinfacht, um ein grundlegendes Verst\u00e4ndnis zu vermitteln, da Konfiguratoren oft eine Mischung aus verschiedenen [&hellip;]<\/p>\n","protected":false},"author":2,"featured_media":0,"parent":0,"menu_order":0,"comment_status":"closed","ping_status":"closed","template":"","meta":{"_uag_custom_page_level_css":"","site-sidebar-layout":"no-sidebar","site-content-layout":"plain-container","ast-site-content-layout":"normal-width-container","site-content-style":"unboxed","site-sidebar-style":"unboxed","ast-global-header-display":"","ast-banner-title-visibility":"","ast-main-header-display":"","ast-hfb-above-header-display":"","ast-hfb-below-header-display":"","ast-hfb-mobile-header-display":"","site-post-title":"disabled","ast-breadcrumbs-content":"","ast-featured-img":"disabled","footer-sml-layout":"","ast-disable-related-posts":"","theme-transparent-header-meta":"enabled","adv-header-id-meta":"","stick-header-meta":"","header-above-stick-meta":"","header-main-stick-meta":"","header-below-stick-meta":"","astra-migrate-meta-layouts":"set","ast-page-background-enabled":"default","ast-page-background-meta":{"desktop":{"background-color":"","background-image":"","background-repeat":"repeat","background-position":"center center","background-size":"auto","background-attachment":"scroll","background-type":"","background-media":"","overlay-type":"","overlay-color":"","overlay-opacity":"","overlay-gradient":""},"tablet":{"background-color":"","background-image":"","background-repeat":"repeat","background-position":"center center","background-size":"auto","background-attachment":"scroll","background-type":"","background-media":"","overlay-type":"","overlay-color":"","overlay-opacity":"","overlay-gradient":""},"mobile":{"background-color":"","background-image":"","background-repeat":"repeat","background-position":"center center","background-size":"auto","background-attachment":"scroll","background-type":"","background-media":"","overlay-type":"","overlay-color":"","overlay-opacity":"","overlay-gradient":""}},"ast-content-background-meta":{"desktop":{"background-color":"var(--ast-global-color-5)","background-image":"","background-repeat":"repeat","background-position":"center center","background-size":"auto","background-attachment":"scroll","background-type":"","background-media":"","overlay-type":"","overlay-color":"","overlay-opacity":"","overlay-gradient":""},"tablet":{"background-color":"var(--ast-global-color-5)","background-image":"","background-repeat":"repeat","background-position":"center center","background-size":"auto","background-attachment":"scroll","background-type":"","background-media":"","overlay-type":"","overlay-color":"","overlay-opacity":"","overlay-gradient":""},"mobile":{"background-color":"var(--ast-global-color-5)","background-image":"","background-repeat":"repeat","background-position":"center center","background-size":"auto","background-attachment":"scroll","background-type":"","background-media":"","overlay-type":"","overlay-color":"","overlay-opacity":"","overlay-gradient":""}},"footnotes":""},"class_list":["post-3412","page","type-page","status-publish","hentry"],"uagb_featured_image_src":{"full":false,"thumbnail":false,"medium":false,"medium_large":false,"large":false,"1536x1536":false,"2048x2048":false},"uagb_author_info":{"display_name":"Staffan Hagberg","author_link":"https:\/\/konfigurator.nu\/de\/author\/staffan_konfigurator-nu\/"},"uagb_comment_info":0,"uagb_excerpt":"Konfiguratoren Konfiguratoren Es gibt verschiedene Arten von Konfiguratoren, und jeder hat seine eigenen Vor- und Nachteile. In diesem Abschnitt werden die verschiedenen Arten von Konfiguratoren und ihre Funktionsweise anhand von Beispielen aus verschiedenen Branchen und Anwendungen beschrieben. Die Erkl\u00e4rungen sind etwas vereinfacht, um ein grundlegendes Verst\u00e4ndnis zu vermitteln, da Konfiguratoren oft eine Mischung aus verschiedenen&hellip;","_links":{"self":[{"href":"https:\/\/konfigurator.nu\/de\/wp-json\/wp\/v2\/pages\/3412","targetHints":{"allow":["GET"]}}],"collection":[{"href":"https:\/\/konfigurator.nu\/de\/wp-json\/wp\/v2\/pages"}],"about":[{"href":"https:\/\/konfigurator.nu\/de\/wp-json\/wp\/v2\/types\/page"}],"author":[{"embeddable":true,"href":"https:\/\/konfigurator.nu\/de\/wp-json\/wp\/v2\/users\/2"}],"replies":[{"embeddable":true,"href":"https:\/\/konfigurator.nu\/de\/wp-json\/wp\/v2\/comments?post=3412"}],"version-history":[{"count":4,"href":"https:\/\/konfigurator.nu\/de\/wp-json\/wp\/v2\/pages\/3412\/revisions"}],"predecessor-version":[{"id":4370,"href":"https:\/\/konfigurator.nu\/de\/wp-json\/wp\/v2\/pages\/3412\/revisions\/4370"}],"wp:attachment":[{"href":"https:\/\/konfigurator.nu\/de\/wp-json\/wp\/v2\/media?parent=3412"}],"curies":[{"name":"wp","href":"https:\/\/api.w.org\/{rel}","templated":true}]}}