{"id":3450,"date":"2024-09-05T07:28:22","date_gmt":"2024-09-05T05:28:22","guid":{"rendered":"https:\/\/konfigurator.nu\/ueber-uns\/"},"modified":"2026-04-13T15:08:55","modified_gmt":"2026-04-13T13:08:55","slug":"ueber-uns","status":"publish","type":"page","link":"https:\/\/konfigurator.nu\/de\/ueber-uns\/","title":{"rendered":"\u00dcber uns"},"content":{"rendered":"\n<header class=\"wp-block-uagb-container uagb-block-c54c600d alignfull uagb-is-root-container\"><div class=\"uagb-container__video-wrap\"><video autoplay loop muted playsinline><source src=\"https:\/\/konfigurator.nu\/wp-content\/uploads\/2024\/09\/7891_Particles_Particle_1920x1080.mp4\" type=\"video\/mp4\"\/><\/video><\/div>\n<div class=\"wp-block-uagb-advanced-heading uagb-block-8b796fc7\"><h1 class=\"uagb-heading-text\">\u00dcber uns<\/h1><\/div>\n<\/header>\n\n\n\n<p><\/p>\n\n\n\n<div class=\"wp-block-uagb-container uagb-block-bca1f375 alignfull uagb-is-root-container\"><div class=\"uagb-container-inner-blocks-wrap\">\n<h2 class=\"wp-block-heading has-text-align-center\">Willkommen bei <a href=\"https:\/\/konfigurator.nu\/de\/\" target=\"_blank\" rel=\"noreferrer noopener\">Konfigurator.nu<\/a><\/h2>\n<\/div><\/div>\n\n\n\n<div class=\"wp-block-uagb-container uagb-layout-grid uagb-block-f919d7e3 alignfull uagb-is-root-container\"><div class=\"uagb-container-inner-blocks-wrap\">\n<div class=\"wp-block-uagb-info-box uagb-block-6acb23fb uagb-infobox__content-wrap  uagb-infobox-icon-above-title uagb-infobox-image-valign-top\"><div class=\"uagb-ifb-content\"><div class=\"uagb-ifb-title-wrap\"><h2 class=\"uagb-ifb-title\">Eine von <a href=\"https:\/\/animech.com\/en\/\" data-type=\"link\" data-id=\"https:\/\/animech.com\/sv\/\" target=\"_blank\" rel=\"noopener\">Animech<\/a> entwickelte Bildungsplattform!<\/h2><\/div><p class=\"uagb-ifb-desc\">Eine von Animech geschaffene Bildungsplattform &#8211; wo sich Leidenschaft f\u00fcr Technologie, Innovation und Nachhaltigkeit treffen. Wir bei Animech haben uns der Entwicklung fortschrittlicher und ma\u00dfgeschneiderter L\u00f6sungen f\u00fcr 3D-Konfiguratoren und andere Softwaresysteme verschrieben. Wir helfen Unternehmen, ihre Prozesse zu verbessern und den wachsenden Anforderungen einer digitalen Welt gerecht zu werden. <br\/><br\/>Konfiguratoren sind in der heutigen, sich schnell ver\u00e4ndernden Gesch\u00e4ftswelt zu einem immer wichtigeren und leistungsf\u00e4higeren Werkzeug geworden. Angesichts der steigenden Nachfrage nach Digitalisierung, Automatisierung und ma\u00dfgeschneiderten L\u00f6sungen, insbesondere in der Fertigungsindustrie und im E-Commerce, kann der richtige Konfigurator einen gro\u00dfen Unterschied machen. Wir verstehen, dass das Thema f\u00fcr Unternehmen, die neu in diesem Bereich sind, \u00fcberw\u00e4ltigend sein kann. Deshalb haben wir Configurator.nu ins Leben gerufen &#8211; eine Ressource und Wissensdatenbank, die Ihnen hilft, sich in dieser schnell wachsenden Branche zurechtzufinden.  <\/p><div class=\"uagb-ifb-button-wrapper wp-block-button\"><a href=\"konfigurator.nu\/konfiguratoren\" class=\"uagb-infobox-cta-link wp-block-button__link\" target=\"_self\" rel=\"noopener noreferrer\" onclick=\"return true;\"><span class=\"uagb-inline-editing\">Mehr lesen<\/span><\/a><\/div><\/div><\/div>\n\n\n\n<figure class=\"wp-block-image size-large is-resized\"><img fetchpriority=\"high\" decoding=\"async\" width=\"1024\" height=\"793\" src=\"https:\/\/konfigurator.nu\/wp-content\/uploads\/2024\/07\/iphone_multi-1024x793.webp\" alt=\"Verkaufs\" class=\"wp-image-2946\" style=\"width:601px;height:auto\" srcset=\"https:\/\/konfigurator.nu\/wp-content\/uploads\/2024\/07\/iphone_multi-1024x793.webp 1024w, https:\/\/konfigurator.nu\/wp-content\/uploads\/2024\/07\/iphone_multi-300x232.webp 300w, https:\/\/konfigurator.nu\/wp-content\/uploads\/2024\/07\/iphone_multi-768x595.webp 768w, https:\/\/konfigurator.nu\/wp-content\/uploads\/2024\/07\/iphone_multi-1536x1190.webp 1536w, https:\/\/konfigurator.nu\/wp-content\/uploads\/2024\/07\/iphone_multi-2048x1587.webp 2048w\" sizes=\"(max-width: 1024px) 100vw, 1024px\" \/><\/figure>\n<\/div><\/div>\n\n\n\n<div class=\"wp-block-uagb-container uagb-block-7637fadb alignfull uagb-is-root-container\"><div class=\"uagb-container-inner-blocks-wrap\">\n<div class=\"wp-block-uagb-info-box uagb-block-1de365e1 uagb-infobox__content-wrap  uagb-infobox-icon-above-title uagb-infobox-image-valign-top\"><div class=\"uagb-ifb-content\"><div class=\"uagb-ifb-title-wrap\"><h3 class=\"uagb-ifb-title\">Konfiguratoren: Ein leistungsstarkes Werkzeug f\u00fcr die digitale Transformation<\/h3><\/div><\/div><\/div>\n\n\n\n<div class=\"wp-block-uagb-container uagb-layout-grid uagb-block-c7842b82\">\n<div class=\"wp-block-uagb-info-box uagb-block-8b0629f9 uagb-infobox__content-wrap  uagb-infobox-icon-above-title uagb-infobox-image-valign-top\"><div class=\"uagb-ifb-content\"><div class=\"uagb-ifb-title-wrap\"><h4 class=\"uagb-ifb-title\">Gesteigerte Effizienz und verbesserte Kundenerfahrung<\/h4><\/div><p class=\"uagb-ifb-desc\">Mit aufschlussreichen Schulungen und praktischen Tools wollen wir Unternehmen helfen, die M\u00f6glichkeiten zu verstehen, die Konfiguratoren bieten. Diese Systeme erm\u00f6glichen nicht nur eine h\u00f6here Effizienz und geringere Kosten durch Automatisierung, sondern spielen auch eine entscheidende Rolle bei der Verbesserung des Kundenerlebnisses, indem sie individualisierte L\u00f6sungen anbieten. Da die Erwartungen der Verbraucher in Bezug auf Individualit\u00e4t und Nachhaltigkeit weiter steigen, werden Konfiguratoren zu einem entscheidenden Faktor daf\u00fcr, wie sich Unternehmen auf dem Markt differenzieren und diese Anforderungen nachhaltig erf\u00fcllen k\u00f6nnen.  <\/p><div class=\"uagb-ifb-separator\"><\/div><\/div><\/div>\n\n\n\n<div class=\"wp-block-uagb-info-box uagb-block-8d79e3a5 uagb-infobox__content-wrap  uagb-infobox-icon-above-title uagb-infobox-image-valign-top\"><div class=\"uagb-ifb-content\"><div class=\"uagb-ifb-title-wrap\"><h4 class=\"uagb-ifb-title\">Nachhaltigkeit und reduzierte Produktionskosten<\/h4><\/div><p class=\"uagb-ifb-desc\">In einer Zeit, in der Umweltbewusstsein und Nachhaltigkeit entscheidend f\u00fcr den Erfolg sind, bieten Konfiguratoren auch die M\u00f6glichkeit, Materialverschwendung und \u00dcberproduktion zu reduzieren, indem sie Produktionsprozesse optimieren und sicherstellen, dass nur genau das produziert wird, was ben\u00f6tigt wird. Dies bedeutet nicht nur wirtschaftliche Vorteile f\u00fcr Unternehmen, sondern auch eine positive Auswirkung auf unseren Planeten &#8211; etwas, zu dem wir bei Animech mit Stolz beitragen m\u00f6chten. <br><br><br><\/p><div class=\"uagb-ifb-separator\"><\/div><\/div><\/div>\n\n\n\n<div class=\"wp-block-uagb-info-box uagb-block-cba06e60 uagb-infobox__content-wrap  uagb-infobox-icon-above-title uagb-infobox-image-valign-top\"><div class=\"uagb-ifb-content\"><div class=\"uagb-ifb-title-wrap\"><h4 class=\"uagb-ifb-title\">Ihre Ressource f\u00fcr Schulung und Beratung<\/h4><\/div><p class=\"uagb-ifb-desc\"><mark>\u00dcber<\/mark> Configurator.nu finden Sie eine F\u00fclle von Ressourcen, darunter Artikel, Leitf\u00e4den und Fallstudien, die alles abdecken, vom grundlegenden Verst\u00e4ndnis von Konfiguratoren bis hin zu fortgeschritteneren Themen mit Integration und anderen Systemen und wie diese L\u00f6sungen genutzt werden k\u00f6nnen, um Ihr Unternehmen zu vergr\u00f6\u00dfern. Au\u00dferdem bieten wir Ihnen Einblicke in die neuesten Trends der Industrie 4.0, der digitalen Transformation und wie Technologie, KI und maschinelles Lernen zunehmend in moderne Konfiguratorl\u00f6sungen integriert werden. <\/p><\/div><\/div>\n\n\n\n<div class=\"wp-block-uagb-info-box uagb-block-1eb12d96 uagb-infobox__content-wrap  uagb-infobox-icon-above-title uagb-infobox-image-valign-top\"><div class=\"uagb-ifb-content\"><div class=\"uagb-ifb-title-wrap\"><h4 class=\"uagb-ifb-title\">Unterst\u00fctzung, um die richtigen Entscheidungen zu treffen<\/h4><\/div><p class=\"uagb-ifb-desc\">Wir sind der festen \u00dcberzeugung, dass gut ausgebildete Kunden nicht nur besser ger\u00fcstet sind, um die richtigen Entscheidungen zu treffen, sondern auch um die Vorteile der von ihnen eingesetzten Technologien zu maximieren. <mark>\u00dcber<\/mark> Configurator.nu, Ihrer Schulungsplattform, erhalten Sie Zugang zu den neuesten Erkenntnissen und Tools, die Sie brauchen, um in einer digitalisierten Zukunft erfolgreich zu sein. <\/p><\/div><\/div>\n<\/div>\n\n\n\n<figure class=\"wp-block-gallery alignfull has-nested-images columns-default is-cropped wp-block-gallery-1 is-layout-flex wp-block-gallery-is-layout-flex\">\n<figure class=\"wp-block-image size-large\"><img decoding=\"async\" width=\"1024\" height=\"793\" data-id=\"2934\" src=\"https:\/\/konfigurator.nu\/wp-content\/uploads\/2024\/07\/Cytiva_ipad-1024x793.webp\" alt=\"Configurators\" class=\"wp-image-2934\" srcset=\"https:\/\/konfigurator.nu\/wp-content\/uploads\/2024\/07\/Cytiva_ipad-1024x793.webp 1024w, https:\/\/konfigurator.nu\/wp-content\/uploads\/2024\/07\/Cytiva_ipad-300x232.webp 300w, https:\/\/konfigurator.nu\/wp-content\/uploads\/2024\/07\/Cytiva_ipad-768x595.webp 768w, https:\/\/konfigurator.nu\/wp-content\/uploads\/2024\/07\/Cytiva_ipad-1536x1190.webp 1536w, https:\/\/konfigurator.nu\/wp-content\/uploads\/2024\/07\/Cytiva_ipad-2048x1587.webp 2048w\" sizes=\"(max-width: 1024px) 100vw, 1024px\" \/><\/figure>\n\n\n\n<figure class=\"wp-block-image size-large\"><img decoding=\"async\" width=\"1024\" height=\"793\" data-id=\"2946\" src=\"https:\/\/konfigurator.nu\/wp-content\/uploads\/2024\/07\/iphone_multi-1024x793.webp\" alt=\"Verkaufs\" class=\"wp-image-2946\" srcset=\"https:\/\/konfigurator.nu\/wp-content\/uploads\/2024\/07\/iphone_multi-1024x793.webp 1024w, https:\/\/konfigurator.nu\/wp-content\/uploads\/2024\/07\/iphone_multi-300x232.webp 300w, https:\/\/konfigurator.nu\/wp-content\/uploads\/2024\/07\/iphone_multi-768x595.webp 768w, https:\/\/konfigurator.nu\/wp-content\/uploads\/2024\/07\/iphone_multi-1536x1190.webp 1536w, https:\/\/konfigurator.nu\/wp-content\/uploads\/2024\/07\/iphone_multi-2048x1587.webp 2048w\" sizes=\"(max-width: 1024px) 100vw, 1024px\" \/><\/figure>\n\n\n\n<figure class=\"wp-block-image size-large\"><img loading=\"lazy\" decoding=\"async\" width=\"1024\" height=\"640\" data-id=\"4132\" src=\"https:\/\/konfigurator.nu\/wp-content\/uploads\/2024\/09\/Anipart_isolated_tablet_laptop_and_smartphone_composition-1024x640.png\" alt=\"\u00dcber\" class=\"wp-image-4132\" srcset=\"https:\/\/konfigurator.nu\/wp-content\/uploads\/2024\/09\/Anipart_isolated_tablet_laptop_and_smartphone_composition-1024x640.png 1024w, https:\/\/konfigurator.nu\/wp-content\/uploads\/2024\/09\/Anipart_isolated_tablet_laptop_and_smartphone_composition-300x188.png 300w, https:\/\/konfigurator.nu\/wp-content\/uploads\/2024\/09\/Anipart_isolated_tablet_laptop_and_smartphone_composition-768x480.png 768w, https:\/\/konfigurator.nu\/wp-content\/uploads\/2024\/09\/Anipart_isolated_tablet_laptop_and_smartphone_composition-1536x960.png 1536w, https:\/\/konfigurator.nu\/wp-content\/uploads\/2024\/09\/Anipart_isolated_tablet_laptop_and_smartphone_composition-2048x1280.png 2048w\" sizes=\"(max-width: 1024px) 100vw, 1024px\" \/><\/figure>\n<\/figure>\n\n\n\n<div class=\"wp-block-uagb-separator uagb-block-09d80435\"><div class=\"uagb-separator-spacing-wrapper\"><div class=\"wp-block-uagb-separator__inner\" style=\"--my-background-image:\"><\/div><\/div><\/div>\n\n\n\n<div class=\"wp-block-uagb-info-box uagb-block-f5f5fdc4 uagb-infobox__content-wrap  uagb-infobox-icon-above-title uagb-infobox-image-valign-top wp-block-uagb-info-box--has-margin\"><div class=\"uagb-infobox-margin-wrapper\"><div class=\"uagb-ifb-content\"><div class=\"uagb-ifb-title-wrap\"><h3 class=\"uagb-ifb-title\">Kontaktieren Sie uns f\u00fcr weitere Informationen<\/h3><\/div><\/div><\/div><\/div>\n\n\n\n<div class=\"wp-block-columns is-layout-flex wp-container-core-columns-is-layout-28f84493 wp-block-columns-is-layout-flex\">\n<div class=\"wp-block-column is-layout-flow wp-block-column-is-layout-flow\" style=\"flex-basis:100%\">\n<p class=\"has-text-align-center has-medium-font-size\">Vielen Dank f\u00fcr Ihren Besuch bei Konfigurator.nu!  <\/p>\n\n\n\n<p class=\"has-text-align-center\">Wir sind hier, um Sie auf Ihrem Weg zur erfolgreichen digitalen Transformation zu unterst\u00fctzen.Wenn Sie Fragen haben oder besprechen m\u00f6chten, wie ein Konfigurator zu Ihrem Unternehmen passen k\u00f6nnte, z\u00f6gern Sie bitte nicht, uns bei Animech zu kontaktieren.Wir freuen uns darauf, Ihnen dabei zu helfen, alle Vorteile, die Konfiguratoren bieten k\u00f6nnen, zu nutzen!  <\/p>\n<\/div>\n<\/div>\n<\/div><\/div>\n\n\n\n<p><\/p>\n","protected":false},"excerpt":{"rendered":"<p>\u00dcber uns Willkommen bei Konfigurator.nu Vielen Dank f\u00fcr Ihren Besuch bei Konfigurator.nu! Wir sind hier, um Sie auf Ihrem Weg zur erfolgreichen digitalen Transformation zu unterst\u00fctzen.Wenn Sie Fragen haben oder besprechen m\u00f6chten, wie ein Konfigurator zu Ihrem Unternehmen passen k\u00f6nnte, z\u00f6gern Sie bitte nicht, uns bei Animech zu kontaktieren.Wir freuen uns darauf, Ihnen dabei zu [&hellip;]<\/p>\n","protected":false},"author":3,"featured_media":0,"parent":0,"menu_order":0,"comment_status":"closed","ping_status":"closed","template":"","meta":{"_uag_custom_page_level_css":"","site-sidebar-layout":"default","site-content-layout":"","ast-site-content-layout":"default","site-content-style":"default","site-sidebar-style":"default","ast-global-header-display":"","ast-banner-title-visibility":"","ast-main-header-display":"","ast-hfb-above-header-display":"","ast-hfb-below-header-display":"","ast-hfb-mobile-header-display":"","site-post-title":"disabled","ast-breadcrumbs-content":"","ast-featured-img":"","footer-sml-layout":"","ast-disable-related-posts":"","theme-transparent-header-meta":"","adv-header-id-meta":"","stick-header-meta":"","header-above-stick-meta":"","header-main-stick-meta":"","header-below-stick-meta":"","astra-migrate-meta-layouts":"set","ast-page-background-enabled":"default","ast-page-background-meta":{"desktop":{"background-color":"","background-image":"","background-repeat":"repeat","background-position":"center center","background-size":"auto","background-attachment":"scroll","background-type":"","background-media":"","overlay-type":"","overlay-color":"","overlay-opacity":"","overlay-gradient":""},"tablet":{"background-color":"","background-image":"","background-repeat":"repeat","background-position":"center center","background-size":"auto","background-attachment":"scroll","background-type":"","background-media":"","overlay-type":"","overlay-color":"","overlay-opacity":"","overlay-gradient":""},"mobile":{"background-color":"","background-image":"","background-repeat":"repeat","background-position":"center center","background-size":"auto","background-attachment":"scroll","background-type":"","background-media":"","overlay-type":"","overlay-color":"","overlay-opacity":"","overlay-gradient":""}},"ast-content-background-meta":{"desktop":{"background-color":"var(--ast-global-color-5)","background-image":"","background-repeat":"repeat","background-position":"center center","background-size":"auto","background-attachment":"scroll","background-type":"","background-media":"","overlay-type":"","overlay-color":"","overlay-opacity":"","overlay-gradient":""},"tablet":{"background-color":"var(--ast-global-color-5)","background-image":"","background-repeat":"repeat","background-position":"center center","background-size":"auto","background-attachment":"scroll","background-type":"","background-media":"","overlay-type":"","overlay-color":"","overlay-opacity":"","overlay-gradient":""},"mobile":{"background-color":"var(--ast-global-color-5)","background-image":"","background-repeat":"repeat","background-position":"center center","background-size":"auto","background-attachment":"scroll","background-type":"","background-media":"","overlay-type":"","overlay-color":"","overlay-opacity":"","overlay-gradient":""}},"footnotes":""},"class_list":["post-3450","page","type-page","status-publish","hentry"],"uagb_featured_image_src":{"full":false,"thumbnail":false,"medium":false,"medium_large":false,"large":false,"1536x1536":false,"2048x2048":false},"uagb_author_info":{"display_name":"Tino Karazeimbekis","author_link":"https:\/\/konfigurator.nu\/de\/author\/tino\/"},"uagb_comment_info":0,"uagb_excerpt":"\u00dcber uns Willkommen bei Konfigurator.nu Vielen Dank f\u00fcr Ihren Besuch bei Konfigurator.nu! Wir sind hier, um Sie auf Ihrem Weg zur erfolgreichen digitalen Transformation zu unterst\u00fctzen.Wenn Sie Fragen haben oder besprechen m\u00f6chten, wie ein Konfigurator zu Ihrem Unternehmen passen k\u00f6nnte, z\u00f6gern Sie bitte nicht, uns bei Animech zu kontaktieren.Wir freuen uns darauf, Ihnen dabei zu&hellip;","_links":{"self":[{"href":"https:\/\/konfigurator.nu\/de\/wp-json\/wp\/v2\/pages\/3450","targetHints":{"allow":["GET"]}}],"collection":[{"href":"https:\/\/konfigurator.nu\/de\/wp-json\/wp\/v2\/pages"}],"about":[{"href":"https:\/\/konfigurator.nu\/de\/wp-json\/wp\/v2\/types\/page"}],"author":[{"embeddable":true,"href":"https:\/\/konfigurator.nu\/de\/wp-json\/wp\/v2\/users\/3"}],"replies":[{"embeddable":true,"href":"https:\/\/konfigurator.nu\/de\/wp-json\/wp\/v2\/comments?post=3450"}],"version-history":[{"count":6,"href":"https:\/\/konfigurator.nu\/de\/wp-json\/wp\/v2\/pages\/3450\/revisions"}],"predecessor-version":[{"id":4379,"href":"https:\/\/konfigurator.nu\/de\/wp-json\/wp\/v2\/pages\/3450\/revisions\/4379"}],"wp:attachment":[{"href":"https:\/\/konfigurator.nu\/de\/wp-json\/wp\/v2\/media?parent=3450"}],"curies":[{"name":"wp","href":"https:\/\/api.w.org\/{rel}","templated":true}]}}