{"id":3468,"date":"2024-07-23T10:44:33","date_gmt":"2024-07-23T08:44:33","guid":{"rendered":"https:\/\/konfigurator.nu\/3d-konfigurator\/"},"modified":"2026-04-13T15:03:23","modified_gmt":"2026-04-13T13:03:23","slug":"3d-konfigurator","status":"publish","type":"page","link":"https:\/\/konfigurator.nu\/de\/3d-konfigurator\/","title":{"rendered":"3D-Konfigurator"},"content":{"rendered":"\n<div class=\"wp-block-uagb-container uagb-block-d6924da0 alignfull uagb-is-root-container\"><div class=\"uagb-container__video-wrap\"><video autoplay loop muted playsinline><source src=\"https:\/\/konfigurator.nu\/wp-content\/uploads\/2024\/09\/Car01_0000.mp4\" type=\"video\/mp4\"\/><\/video><\/div><div class=\"uagb-container-inner-blocks-wrap\">\n<div class=\"wp-block-uagb-advanced-heading uagb-block-efa76908\"><h1 class=\"uagb-heading-text\">3D-KONFIGURATOR<\/h1><\/div>\n<\/div><\/div>\n\n\n\n<div class=\"wp-block-uagb-container uagb-layout-grid uagb-block-24299646 alignfull uagb-is-root-container\"><div class=\"uagb-container-inner-blocks-wrap\">\n<div class=\"wp-block-uagb-info-box uagb-block-f02872bf uagb-infobox__content-wrap  uagb-infobox-icon-above-title uagb-infobox-image-valign-top\"><div class=\"uagb-ifb-content\"><div class=\"uagb-ifb-title-wrap\"><h3 class=\"uagb-ifb-title\">Konfiguration in 3D<\/h3><\/div><p class=\"uagb-ifb-desc\">Im heutigen digitalen Zeitalter sind 3D-Konfiguratoren ein unverzichtbarer Bestandteil der modernen Vertriebs- und Marketingstrategie.\nDiese fortschrittlichen Tools bieten sowohl f\u00fcr Unternehmen als auch f\u00fcr Kunden ein revolution\u00e4res Erlebnis und werden in Zukunft wahrscheinlich entscheidend sein, wenn es darum geht, potenzielle Kunden anzusprechen.\nUnternehmen, die sich nicht auf die 3D-Welt einlassen, riskieren, ins Hintertreffen zu geraten und wertvolle Verkaufschancen zu verlieren.  <br><br>3D-Konfiguratoren sind zweifellos die Zukunft des Internets und des digitalen Verkaufs.\nSie bieten ein einzigartiges und fesselndes Einkaufserlebnis, das sich auf anderen Plattformen nur schwer nachahmen l\u00e4sst.\nUnternehmen, die in diese Technologie investieren, werden gut ger\u00fcstet sein, um den wachsenden Anforderungen eines zunehmend digitalisierten Marktes gerecht zu werden, w\u00e4hrend diejenigen, die dies nicht tun, Gefahr laufen, ins Hintertreffen zu geraten und Umsatz- und Wachstumschancen zu verpassen.  <\/p><\/div><\/div>\n\n\n\n<figure class=\"wp-block-image size-full\"><img fetchpriority=\"high\" decoding=\"async\" width=\"574\" height=\"400\" src=\"https:\/\/konfigurator.nu\/wp-content\/uploads\/2024\/07\/Showroom_SKF-Small-20-fps.gif\" alt=\"3D\" class=\"wp-image-4362\"\/><\/figure>\n<\/div><\/div>\n\n\n\n<div class=\"wp-block-uagb-container uagb-block-6be40f00 alignfull uagb-is-root-container\"><div class=\"uagb-container-inner-blocks-wrap\">\n<div class=\"wp-block-uagb-advanced-heading uagb-block-8e598847\"><h3 class=\"uagb-heading-text\">Funktionalit\u00e4t und Einsatzm\u00f6glichkeiten<\/h3><\/div>\n\n\n\n<div class=\"wp-block-uagb-container uagb-layout-grid uagb-block-2b8639e4\">\n<div class=\"wp-block-uagb-advanced-heading uagb-block-dda0e0fa\"><h4 class=\"uagb-heading-text\">Vorteile von 3D-Konfiguratoren<\/h4><p class=\"uagb-desc-text\"><strong>Bessere Kundenbindung<\/strong>: Interaktive 3D-Modelle binden die Kunden ein, indem sie ihnen die M\u00f6glichkeit geben, Produkte auf spielerische und informative Art und Weise zu erkunden und zu personalisieren.<br>Dies verbessert das Kundenerlebnis und kann zu h\u00f6heren Konversionsraten f\u00fchren.<br><br><strong>Weniger R\u00fccksendungen und Reklamationen<\/strong>: Wenn Sie Ihren Kunden vor dem Kauf ein klares und genaues Bild von dem Produkt geben, verringert sich das Risiko von Missverst\u00e4ndnissen und Fehlbestellungen.<br>Dies f\u00fchrt zu weniger R\u00fccksendungen und Beschwerden und spart Ihrem Unternehmen Zeit und Geld.<br><br><strong>St\u00e4rkerer Wettbewerbsvorteil<\/strong>: Unternehmen, die 3D-Konfiguratoren verwenden, k\u00f6nnen sich durch ein \u00fcberlegenes und einzigartiges Kundenerlebnis differenzieren.<br>Dies kann mehr Kunden anziehen und die Loyalit\u00e4t bestehender Kunden erh\u00f6hen.<br><br><strong>H\u00f6here Effizienz und Rentabilit\u00e4t<\/strong>: Mit weniger Fehlern und einem effizienteren Konfigurationsprozess k\u00f6nnen Unternehmen ihre Gesamteffizienz verbessern.<br>Diese erh\u00f6hte Genauigkeit und Effizienz kann zu einer h\u00f6heren Rentabilit\u00e4t und einer besseren Nutzung der Ressourcen f\u00fchren.<\/p><\/div>\n\n\n\n<div class=\"wp-block-uagb-advanced-heading uagb-block-b946363e\"><h4 class=\"uagb-heading-text\">Gemeinsame Bereiche der Nutzung<\/h4><p class=\"uagb-desc-text\">Konfiguratoren werden in einer Vielzahl von Branchen und Anwendungen eingesetzt, darunter:<br><strong>E-Commerce<\/strong>: um ein attraktiveres Einkaufserlebnis zu schaffen, bei dem Kunden Produkte wie M\u00f6bel, Kleidung, Schmuck und Elektronik personalisieren k\u00f6nnen.<br><strong>Automobil<\/strong>: Kunden k\u00f6nnen ihre Autos mit verschiedenen Farben, Innenausstattungen und Optionen konfigurieren und visualisieren, um ein realistisches Bild des Endprodukts zu erhalten.<br><strong>Immobilienentwicklung<\/strong>: Erm\u00f6glicht es K\u00e4ufern, verschiedene Aspekte eines Hauses oder einer Gewerbeimmobilie vor dem Kauf zu besichtigen und individuell zu gestalten.<br><strong>M\u00f6belindustrie<\/strong>: Kunden k\u00f6nnen M\u00f6bel mit verschiedenen Materialien, Farben und Abmessungen individuell gestalten und in einer virtuellen Umgebung betrachten.<br><strong>Industriedesign und Fertigung<\/strong>: Hilft Ingenieuren und Designern, komplexe Maschinen und Ger\u00e4te vor der Produktion zu visualisieren und anzupassen.<\/p><\/div>\n\n\n\n<figure class=\"wp-block-gallery has-nested-images columns-default is-cropped wp-block-gallery-1 is-layout-flex wp-block-gallery-is-layout-flex\">\n<figure class=\"wp-block-image size-full has-custom-border is-style-default\"><img decoding=\"async\" width=\"1024\" height=\"1792\" data-id=\"4364\" src=\"https:\/\/konfigurator.nu\/wp-content\/uploads\/2024\/09\/DALL\u00b7E-2024-09-05-16.13.32-A-realistic-image-of-a-PC-monitor-in-portrait-mode-displaying-3D-models-with-a-simplified-user-interface.-The-screen-shows-a-clean-minimalistic-layou.webp\" alt=\"3D\" class=\"wp-image-4364\" style=\"border-style:none;border-width:0px;border-radius:0px\" srcset=\"https:\/\/konfigurator.nu\/wp-content\/uploads\/2024\/09\/DALL\u00b7E-2024-09-05-16.13.32-A-realistic-image-of-a-PC-monitor-in-portrait-mode-displaying-3D-models-with-a-simplified-user-interface.-The-screen-shows-a-clean-minimalistic-layou.webp 1024w, https:\/\/konfigurator.nu\/wp-content\/uploads\/2024\/09\/DALL\u00b7E-2024-09-05-16.13.32-A-realistic-image-of-a-PC-monitor-in-portrait-mode-displaying-3D-models-with-a-simplified-user-interface.-The-screen-shows-a-clean-minimalistic-layou-171x300.webp 171w, https:\/\/konfigurator.nu\/wp-content\/uploads\/2024\/09\/DALL\u00b7E-2024-09-05-16.13.32-A-realistic-image-of-a-PC-monitor-in-portrait-mode-displaying-3D-models-with-a-simplified-user-interface.-The-screen-shows-a-clean-minimalistic-layou-585x1024.webp 585w, https:\/\/konfigurator.nu\/wp-content\/uploads\/2024\/09\/DALL\u00b7E-2024-09-05-16.13.32-A-realistic-image-of-a-PC-monitor-in-portrait-mode-displaying-3D-models-with-a-simplified-user-interface.-The-screen-shows-a-clean-minimalistic-layou-768x1344.webp 768w, https:\/\/konfigurator.nu\/wp-content\/uploads\/2024\/09\/DALL\u00b7E-2024-09-05-16.13.32-A-realistic-image-of-a-PC-monitor-in-portrait-mode-displaying-3D-models-with-a-simplified-user-interface.-The-screen-shows-a-clean-minimalistic-layou-878x1536.webp 878w\" sizes=\"(max-width: 1024px) 100vw, 1024px\" \/><\/figure>\n<\/figure>\n<\/div>\n\n\n\n<p><\/p>\n\n\n\n<p><a href=\"https:\/\/konfigurator.nu\/de\/kontaktieren-sie-uns\/\">Kontaktieren Sie uns<\/a>, wenn Sie mehr dar\u00fcber erfahren m\u00f6chten, wie Sie Ihre Produkte in 3D im Web ver\u00f6ffentlichen k\u00f6nnen<\/p>\n\n\n\n<p><\/p>\n\n\n\n<div class=\"wp-block-uagb-advanced-heading uagb-block-9f28fc9e\"><p class=\"uagb-heading-text\">Ein Beispiel f\u00fcr einen 3D-Konfigurator ist der von <a href=\"http:\/\/www.animech.com\/en\" target=\"_blank\" rel=\"noopener\">Animech<\/a> entwickelte <a href=\"https:\/\/www.inr.se\/planera-badrum\/planera-badrum-verktyg-3d\/\" target=\"_blank\" rel=\"noopener\">Furniture Workshop<\/a>.<\/p><\/div>\n<\/div><\/div>\n\n\n\n<p><\/p>\n","protected":false},"excerpt":{"rendered":"<p>3D-KONFIGURATOR Funktionalit\u00e4t und Einsatzm\u00f6glichkeiten Vorteile von 3D-Konfiguratoren Bessere Kundenbindung: Interaktive 3D-Modelle binden die Kunden ein, indem sie ihnen die M\u00f6glichkeit geben, Produkte auf spielerische und informative Art und Weise zu erkunden und zu personalisieren.Dies verbessert das Kundenerlebnis und kann zu h\u00f6heren Konversionsraten f\u00fchren. Weniger R\u00fccksendungen und Reklamationen: Wenn Sie Ihren Kunden vor dem Kauf ein [&hellip;]<\/p>\n","protected":false},"author":3,"featured_media":0,"parent":0,"menu_order":0,"comment_status":"closed","ping_status":"closed","template":"","meta":{"_uag_custom_page_level_css":"","site-sidebar-layout":"default","site-content-layout":"","ast-site-content-layout":"default","site-content-style":"default","site-sidebar-style":"default","ast-global-header-display":"","ast-banner-title-visibility":"","ast-main-header-display":"","ast-hfb-above-header-display":"","ast-hfb-below-header-display":"","ast-hfb-mobile-header-display":"","site-post-title":"disabled","ast-breadcrumbs-content":"","ast-featured-img":"","footer-sml-layout":"","ast-disable-related-posts":"","theme-transparent-header-meta":"","adv-header-id-meta":"","stick-header-meta":"","header-above-stick-meta":"","header-main-stick-meta":"","header-below-stick-meta":"","astra-migrate-meta-layouts":"set","ast-page-background-enabled":"default","ast-page-background-meta":{"desktop":{"background-color":"","background-image":"","background-repeat":"repeat","background-position":"center center","background-size":"auto","background-attachment":"scroll","background-type":"","background-media":"","overlay-type":"","overlay-color":"","overlay-opacity":"","overlay-gradient":""},"tablet":{"background-color":"","background-image":"","background-repeat":"repeat","background-position":"center center","background-size":"auto","background-attachment":"scroll","background-type":"","background-media":"","overlay-type":"","overlay-color":"","overlay-opacity":"","overlay-gradient":""},"mobile":{"background-color":"","background-image":"","background-repeat":"repeat","background-position":"center center","background-size":"auto","background-attachment":"scroll","background-type":"","background-media":"","overlay-type":"","overlay-color":"","overlay-opacity":"","overlay-gradient":""}},"ast-content-background-meta":{"desktop":{"background-color":"var(--ast-global-color-5)","background-image":"","background-repeat":"repeat","background-position":"center center","background-size":"auto","background-attachment":"scroll","background-type":"","background-media":"","overlay-type":"","overlay-color":"","overlay-opacity":"","overlay-gradient":""},"tablet":{"background-color":"var(--ast-global-color-5)","background-image":"","background-repeat":"repeat","background-position":"center center","background-size":"auto","background-attachment":"scroll","background-type":"","background-media":"","overlay-type":"","overlay-color":"","overlay-opacity":"","overlay-gradient":""},"mobile":{"background-color":"var(--ast-global-color-5)","background-image":"","background-repeat":"repeat","background-position":"center center","background-size":"auto","background-attachment":"scroll","background-type":"","background-media":"","overlay-type":"","overlay-color":"","overlay-opacity":"","overlay-gradient":""}},"footnotes":""},"class_list":["post-3468","page","type-page","status-publish","hentry"],"uagb_featured_image_src":{"full":false,"thumbnail":false,"medium":false,"medium_large":false,"large":false,"1536x1536":false,"2048x2048":false},"uagb_author_info":{"display_name":"Tino Karazeimbekis","author_link":"https:\/\/konfigurator.nu\/de\/author\/tino\/"},"uagb_comment_info":0,"uagb_excerpt":"3D-KONFIGURATOR Funktionalit\u00e4t und Einsatzm\u00f6glichkeiten Vorteile von 3D-Konfiguratoren Bessere Kundenbindung: Interaktive 3D-Modelle binden die Kunden ein, indem sie ihnen die M\u00f6glichkeit geben, Produkte auf spielerische und informative Art und Weise zu erkunden und zu personalisieren.Dies verbessert das Kundenerlebnis und kann zu h\u00f6heren Konversionsraten f\u00fchren. Weniger R\u00fccksendungen und Reklamationen: Wenn Sie Ihren Kunden vor dem Kauf ein&hellip;","_links":{"self":[{"href":"https:\/\/konfigurator.nu\/de\/wp-json\/wp\/v2\/pages\/3468","targetHints":{"allow":["GET"]}}],"collection":[{"href":"https:\/\/konfigurator.nu\/de\/wp-json\/wp\/v2\/pages"}],"about":[{"href":"https:\/\/konfigurator.nu\/de\/wp-json\/wp\/v2\/types\/page"}],"author":[{"embeddable":true,"href":"https:\/\/konfigurator.nu\/de\/wp-json\/wp\/v2\/users\/3"}],"replies":[{"embeddable":true,"href":"https:\/\/konfigurator.nu\/de\/wp-json\/wp\/v2\/comments?post=3468"}],"version-history":[{"count":5,"href":"https:\/\/konfigurator.nu\/de\/wp-json\/wp\/v2\/pages\/3468\/revisions"}],"predecessor-version":[{"id":4365,"href":"https:\/\/konfigurator.nu\/de\/wp-json\/wp\/v2\/pages\/3468\/revisions\/4365"}],"wp:attachment":[{"href":"https:\/\/konfigurator.nu\/de\/wp-json\/wp\/v2\/media?parent=3468"}],"curies":[{"name":"wp","href":"https:\/\/api.w.org\/{rel}","templated":true}]}}