{"id":3300,"date":"2024-07-23T16:13:25","date_gmt":"2024-07-23T14:13:25","guid":{"rendered":"https:\/\/konfigurator.nu\/paikkatietokonfiguraattori\/"},"modified":"2026-04-13T15:16:52","modified_gmt":"2026-04-13T13:16:52","slug":"tilakonfiguraattori","status":"publish","type":"page","link":"https:\/\/konfigurator.nu\/fi\/tilakonfiguraattori\/","title":{"rendered":"Paikkatietokonfiguraattori"},"content":{"rendered":"\n<div class=\"wp-block-uagb-container uagb-block-d6924da0 alignfull uagb-is-root-container\"><div class=\"uagb-container__video-wrap\"><video autoplay loop muted playsinline><source src=\"https:\/\/konfigurator.nu\/wp-content\/uploads\/2024\/09\/Room01_0000.mp4\" type=\"video\/mp4\"\/><\/video><\/div><div class=\"uagb-container-inner-blocks-wrap\">\n<div class=\"wp-block-uagb-advanced-heading uagb-block-efa76908\"><h1 class=\"uagb-heading-text\">sPATIAALINEN kONFIGURAATTORI<\/h1><\/div>\n<\/div><\/div>\n\n\n\n<div class=\"wp-block-uagb-container uagb-layout-grid uagb-block-24299646 alignfull uagb-is-root-container\"><div class=\"uagb-container-inner-blocks-wrap\"><\/div><\/div>\n\n\n\n<div class=\"wp-block-media-text is-stacked-on-mobile\"><figure class=\"wp-block-media-text__media\"><img fetchpriority=\"high\" decoding=\"async\" width=\"1024\" height=\"768\" src=\"https:\/\/konfigurator.nu\/wp-content\/uploads\/2024\/09\/Bild4_klar_mobler-1024x768.webp\" alt=\"Tilakonfiguraattori\" class=\"wp-image-4035 size-full\" srcset=\"https:\/\/konfigurator.nu\/wp-content\/uploads\/2024\/09\/Bild4_klar_mobler-1024x768.webp 1024w, https:\/\/konfigurator.nu\/wp-content\/uploads\/2024\/09\/Bild4_klar_mobler-300x225.webp 300w, https:\/\/konfigurator.nu\/wp-content\/uploads\/2024\/09\/Bild4_klar_mobler-768x576.webp 768w, https:\/\/konfigurator.nu\/wp-content\/uploads\/2024\/09\/Bild4_klar_mobler-1536x1152.webp 1536w, https:\/\/konfigurator.nu\/wp-content\/uploads\/2024\/09\/Bild4_klar_mobler-2048x1536.webp 2048w\" sizes=\"(max-width: 1024px) 100vw, 1024px\" \/><\/figure><div class=\"wp-block-media-text__content\">\n<h3 class=\"wp-block-heading\">Paikkatietokonfiguraattori<\/h3>\n\n\n\n<p style=\"font-size:18px\"><a href=\"https:\/\/animech.com\/en\/portfolio\/elfa\/\" target=\"_blank\" rel=\"noopener\">Tilakonfiguraattori<\/a>, joka tunnetaan my\u00f6s nimell\u00e4 spatial configurator, on tehokas ty\u00f6kalu, joka mahdollistaa tuotteiden tai ymp\u00e4rist\u00f6jen r\u00e4\u00e4t\u00e4l\u00f6innin ja visualisoinnin kolmiulotteisessa 3D. T\u00e4m\u00e4ntyyppinen konfiguraattori on erityisen arvokas tilanteissa, joissa tilasuhteet ja sijoittelu ovat ratkaisevia. Seuraavassa on yleiskatsaus siihen, miksi konfiguraattoreista on hy\u00f6ty\u00e4, sek\u00e4 t\u00e4m\u00e4n tekniikan yleisiin k\u00e4ytt\u00f6tarkoituksiin ja erityisiin hy\u00f6tyihin. <br><br>Paikkatietokonfiguraattorit tarjoavat monia etuja sek\u00e4 yrityksille ett\u00e4 asiakkaille, sill\u00e4 ne parantavat visualisointia, lis\u00e4\u00e4v\u00e4t vuorovaikutteisuutta ja sitoutumista, v\u00e4hent\u00e4v\u00e4t virheriski\u00e4 ja lis\u00e4\u00e4v\u00e4t tehokkuutta. Yleisi\u00e4 k\u00e4ytt\u00f6kohteita ovat sisustussuunnittelu, kiinteist\u00f6kehitys, teollinen suunnittelu, s\u00e4hk\u00f6inen kaupank\u00e4ynti ja tapahtumasuunnittelu. Investoimalla tilakonfiguraattoreihin yritykset voivat tarjota asiakkailleen erinomaisen ja nykyaikaisen kokemuksen, joka auttaa heit\u00e4 tekem\u00e4\u00e4n parempia p\u00e4\u00e4t\u00f6ksi\u00e4 ja lis\u00e4\u00e4 asiakastyytyv\u00e4isyytt\u00e4.<\/p>\n<\/div><\/div>\n\n\n\n<div class=\"wp-block-uagb-container uagb-block-6be40f00 alignfull uagb-is-root-container\"><div class=\"uagb-container-inner-blocks-wrap\">\n<div class=\"wp-block-uagb-advanced-heading uagb-block-8e598847\"><h3 class=\"uagb-heading-text\">Toiminnallisuus ja k\u00e4ytt\u00f6tarkoitukset<\/h3><\/div>\n\n\n\n<div class=\"wp-block-uagb-container uagb-layout-grid uagb-block-2b8639e4\">\n<div class=\"wp-block-uagb-advanced-heading uagb-block-dda0e0fa\"><h4 class=\"uagb-heading-text\">Paikkatietokonfiguraattoreiden edut<\/h4><p class=\"uagb-desc-text\"><strong>Parempi visualisointi ja ymm\u00e4rt\u00e4minen<\/strong>: Yksi konfiguraattorin ilmeisimmist\u00e4 eduista on sen kyky parantaa monimutkaisten tuotteiden tai ymp\u00e4rist\u00f6jen visualisointia ja ymm\u00e4rt\u00e4mist\u00e4. K\u00e4ytt\u00e4j\u00e4t n\u00e4kev\u00e4t, miten eri elementit ovat vuorovaikutuksessa toisiinsa todellisessa 3D-ymp\u00e4rist\u00f6ss\u00e4, mik\u00e4 helpottaa komponenttien mittasuhteiden, sijoittelun ja vuorovaikutuksen ymm\u00e4rt\u00e4mist\u00e4. T\u00e4m\u00e4 on erityisen hy\u00f6dyllist\u00e4 tuotteille, joiden on sovittava tiettyihin tiloihin tai monimutkaisiin asennuksiin.  <br><br><strong>Vuorovaikutteinen ja mukaansatempaava k\u00e4ytt\u00e4j\u00e4kokemus<\/strong>:<br>Spatial-konfiguraattorit tarjoavat vuorovaikutteisen ja mukaansatempaavan k\u00e4ytt\u00e4j\u00e4kokemuksen, koska k\u00e4ytt\u00e4j\u00e4t voivat k\u00e4sitell\u00e4 ja tutkia 3D-malleja reaaliajassa. K\u00e4ytt\u00e4j\u00e4t voivat py\u00f6ritt\u00e4\u00e4, zoomata ja siirt\u00e4\u00e4 kohteita virtuaaliymp\u00e4rist\u00f6ss\u00e4, mik\u00e4 antaa heille hallinnan ja osallistumisen tunteen. T\u00e4m\u00e4 vuorovaikutteisuus tekee konfigurointiprosessista intuitiivisemman ja tyydytt\u00e4v\u00e4mm\u00e4n.  <br><br><strong>Huolellinen suunnittelu ja muotoilu<\/strong>: Tilakonfiguraattorit ovat korvaamattomia projekteissa, jotka edellytt\u00e4v\u00e4t huolellista suunnittelua ja muotoilua, kuten arkkitehtuurissa ja sisustussuunnittelussa. Niiden avulla k\u00e4ytt\u00e4j\u00e4t voivat sijoittaa huonekalut, laitteet ja muut esineet todellisen ymp\u00e4rist\u00f6n virtuaaliseen kopioon, mik\u00e4 auttaa varmistamaan, ett\u00e4 kaikki sopii oikein ennen varsinaisen asennuksen tai rakentamisen aloittamista. N\u00e4in minimoidaan virheiden ja kalliiden j\u00e4lkit\u00f6iden riski.  <\/p><\/div>\n\n\n\n<div class=\"wp-block-uagb-advanced-heading uagb-block-b946363e\"><h4 class=\"uagb-heading-text\">Yhteiset k\u00e4ytt\u00f6alueet<\/h4><p class=\"uagb-desc-text\"><strong>Sisustussuunnittelu ja kalustaminen<\/strong>: Sisustussuunnittelijat ja <a href=\"https:\/\/konfigurator.nu\/fi\/myyntikonfiguraattori\/\">asiakkaat <\/a>voivat k\u00e4ytt\u00e4\u00e4 tilakonfiguraattoreita huonekalujen ja koriste-esineiden sijoittamiseen virtuaalisiin huoneisiin. N\u00e4in voidaan kokeilla erilaisia asetteluja ja tyylej\u00e4 t\u00e4ydellisen yhdistelm\u00e4n l\u00f6yt\u00e4miseksi ennen kuin mit\u00e4\u00e4n ostetaan tai muutetaan fyysisesti. Asiakkaat voivat n\u00e4hd\u00e4, miten huonekalut sopivat heid\u00e4n kotiinsa, ja s\u00e4\u00e4t\u00e4\u00e4 v\u00e4rej\u00e4 ja materiaaleja reaaliajassa.  <br><br><strong>Kiinteist\u00f6kehitys ja arkkitehtuuri<\/strong>: Kiinteist\u00f6kehitt\u00e4jille ja arkkitehdeille tilakonfiguraattorit ovat v\u00e4ltt\u00e4m\u00e4tt\u00f6mi\u00e4 v\u00e4lineit\u00e4 rakennusten ja niiden sis\u00e4tilojen yksityiskohtaiseen visualisointiin. K\u00e4ytt\u00e4j\u00e4t voivat k\u00e4yd\u00e4 l\u00e4pi rakennusten virtuaalisia malleja, n\u00e4hd\u00e4, miten eri suunnitteluvalinnat vaikuttavat lopputulokseen, ja tehd\u00e4 muutoksia ennen rakennusprosessin alkua. N\u00e4in varmistetaan, ett\u00e4 suunnittelu vastaa asiakkaiden odotuksia ja vaatimuksia.  <br><br><strong>Teollinen suunnittelu ja valmistus<\/strong>: Teolliset suunnittelijat ja valmistajat k\u00e4ytt\u00e4v\u00e4t tilakonfiguraattoreita prototyyppien luomiseen ja testaamiseen virtuaaliymp\u00e4rist\u00f6ss\u00e4. N\u00e4in mahdolliset ongelmat voidaan tunnistaa ja ratkaista suunnitteluprosessin alkuvaiheessa, mik\u00e4 s\u00e4\u00e4st\u00e4\u00e4 aikaa ja resursseja. Konfiguraattoreita voidaan k\u00e4ytt\u00e4\u00e4 my\u00f6s tuotantosuunnitelmien optimointiin ja sen varmistamiseen, ett\u00e4 kaikki osat sopivat oikein yhteen.  <br><br><strong>S\u00e4hk\u00f6inen kaupank\u00e4ynti ja virtuaaliset esittelytilat<\/strong>: Tilakonfiguraattoreita voidaan k\u00e4ytt\u00e4\u00e4 s\u00e4hk\u00f6isess\u00e4 kaupank\u00e4ynniss\u00e4 virtuaalisten esittelytilojen luomiseen, joissa asiakkaat voivat tutustua tuotteisiin ja muokata niit\u00e4 3D-ymp\u00e4rist\u00f6ss\u00e4. T\u00e4m\u00e4 on erityisen hy\u00f6dyllist\u00e4 huonekalujen, ajoneuvojen ja kiinteist\u00f6jen kaltaisille tuotteille. Asiakkaat voivat n\u00e4hd\u00e4, milt\u00e4 tuotteet n\u00e4ytt\u00e4v\u00e4t ja miten ne toimivat realistisessa ymp\u00e4rist\u00f6ss\u00e4, mik\u00e4 helpottaa ostop\u00e4\u00e4t\u00f6sten tekemist\u00e4.  <\/p><\/div>\n\n\n\n<figure class=\"wp-block-gallery has-nested-images columns-default is-cropped wp-block-gallery-1 is-layout-flex wp-block-gallery-is-layout-flex\">\n<figure class=\"wp-block-image size-full has-custom-border\"><img decoding=\"async\" width=\"1024\" height=\"1792\" data-id=\"4036\" src=\"https:\/\/konfigurator.nu\/wp-content\/uploads\/2024\/09\/DALL\u00b7E-2024-09-05-15.54.11-A-realistic-image-of-a-PC-monitor-in-portrait-mode-displaying-a-spatial-planning-tool-interface.-The-screen-shows-a-detailed-city-layout-with-roads-b.webp\" alt=\"Spatial\" class=\"wp-image-4036\" style=\"border-style:none;border-width:0px;border-radius:0px\" srcset=\"https:\/\/konfigurator.nu\/wp-content\/uploads\/2024\/09\/DALL\u00b7E-2024-09-05-15.54.11-A-realistic-image-of-a-PC-monitor-in-portrait-mode-displaying-a-spatial-planning-tool-interface.-The-screen-shows-a-detailed-city-layout-with-roads-b.webp 1024w, https:\/\/konfigurator.nu\/wp-content\/uploads\/2024\/09\/DALL\u00b7E-2024-09-05-15.54.11-A-realistic-image-of-a-PC-monitor-in-portrait-mode-displaying-a-spatial-planning-tool-interface.-The-screen-shows-a-detailed-city-layout-with-roads-b-171x300.webp 171w, https:\/\/konfigurator.nu\/wp-content\/uploads\/2024\/09\/DALL\u00b7E-2024-09-05-15.54.11-A-realistic-image-of-a-PC-monitor-in-portrait-mode-displaying-a-spatial-planning-tool-interface.-The-screen-shows-a-detailed-city-layout-with-roads-b-585x1024.webp 585w, https:\/\/konfigurator.nu\/wp-content\/uploads\/2024\/09\/DALL\u00b7E-2024-09-05-15.54.11-A-realistic-image-of-a-PC-monitor-in-portrait-mode-displaying-a-spatial-planning-tool-interface.-The-screen-shows-a-detailed-city-layout-with-roads-b-768x1344.webp 768w, https:\/\/konfigurator.nu\/wp-content\/uploads\/2024\/09\/DALL\u00b7E-2024-09-05-15.54.11-A-realistic-image-of-a-PC-monitor-in-portrait-mode-displaying-a-spatial-planning-tool-interface.-The-screen-shows-a-detailed-city-layout-with-roads-b-878x1536.webp 878w\" sizes=\"(max-width: 1024px) 100vw, 1024px\" \/><\/figure>\n<\/figure>\n<\/div>\n\n\n\n<p><\/p>\n<\/div><\/div>\n\n\n\n<p><\/p>\n","protected":false},"excerpt":{"rendered":"<p>sPATIAALINEN kONFIGURAATTORI Paikkatietokonfiguraattori Tilakonfiguraattori, joka tunnetaan my\u00f6s nimell\u00e4 spatial configurator, on tehokas ty\u00f6kalu, joka mahdollistaa tuotteiden tai ymp\u00e4rist\u00f6jen r\u00e4\u00e4t\u00e4l\u00f6innin ja visualisoinnin kolmiulotteisessa 3D. T\u00e4m\u00e4ntyyppinen konfiguraattori on erityisen arvokas tilanteissa, joissa tilasuhteet ja sijoittelu ovat ratkaisevia. Seuraavassa on yleiskatsaus siihen, miksi konfiguraattoreista on hy\u00f6ty\u00e4, sek\u00e4 t\u00e4m\u00e4n tekniikan yleisiin k\u00e4ytt\u00f6tarkoituksiin ja erityisiin hy\u00f6tyihin. Paikkatietokonfiguraattorit tarjoavat monia etuja [&hellip;]<\/p>\n","protected":false},"author":3,"featured_media":0,"parent":0,"menu_order":0,"comment_status":"closed","ping_status":"closed","template":"","meta":{"_uag_custom_page_level_css":"","site-sidebar-layout":"default","site-content-layout":"","ast-site-content-layout":"default","site-content-style":"default","site-sidebar-style":"default","ast-global-header-display":"","ast-banner-title-visibility":"","ast-main-header-display":"","ast-hfb-above-header-display":"","ast-hfb-below-header-display":"","ast-hfb-mobile-header-display":"","site-post-title":"disabled","ast-breadcrumbs-content":"","ast-featured-img":"","footer-sml-layout":"","ast-disable-related-posts":"","theme-transparent-header-meta":"","adv-header-id-meta":"","stick-header-meta":"","header-above-stick-meta":"","header-main-stick-meta":"","header-below-stick-meta":"","astra-migrate-meta-layouts":"set","ast-page-background-enabled":"default","ast-page-background-meta":{"desktop":{"background-color":"","background-image":"","background-repeat":"repeat","background-position":"center center","background-size":"auto","background-attachment":"scroll","background-type":"","background-media":"","overlay-type":"","overlay-color":"","overlay-opacity":"","overlay-gradient":""},"tablet":{"background-color":"","background-image":"","background-repeat":"repeat","background-position":"center center","background-size":"auto","background-attachment":"scroll","background-type":"","background-media":"","overlay-type":"","overlay-color":"","overlay-opacity":"","overlay-gradient":""},"mobile":{"background-color":"","background-image":"","background-repeat":"repeat","background-position":"center center","background-size":"auto","background-attachment":"scroll","background-type":"","background-media":"","overlay-type":"","overlay-color":"","overlay-opacity":"","overlay-gradient":""}},"ast-content-background-meta":{"desktop":{"background-color":"var(--ast-global-color-5)","background-image":"","background-repeat":"repeat","background-position":"center center","background-size":"auto","background-attachment":"scroll","background-type":"","background-media":"","overlay-type":"","overlay-color":"","overlay-opacity":"","overlay-gradient":""},"tablet":{"background-color":"var(--ast-global-color-5)","background-image":"","background-repeat":"repeat","background-position":"center center","background-size":"auto","background-attachment":"scroll","background-type":"","background-media":"","overlay-type":"","overlay-color":"","overlay-opacity":"","overlay-gradient":""},"mobile":{"background-color":"var(--ast-global-color-5)","background-image":"","background-repeat":"repeat","background-position":"center center","background-size":"auto","background-attachment":"scroll","background-type":"","background-media":"","overlay-type":"","overlay-color":"","overlay-opacity":"","overlay-gradient":""}},"footnotes":""},"class_list":["post-3300","page","type-page","status-publish","hentry"],"uagb_featured_image_src":{"full":false,"thumbnail":false,"medium":false,"medium_large":false,"large":false,"1536x1536":false,"2048x2048":false},"uagb_author_info":{"display_name":"Tino Karazeimbekis","author_link":"https:\/\/konfigurator.nu\/fi\/author\/tino\/"},"uagb_comment_info":0,"uagb_excerpt":"sPATIAALINEN kONFIGURAATTORI Paikkatietokonfiguraattori Tilakonfiguraattori, joka tunnetaan my\u00f6s nimell\u00e4 spatial configurator, on tehokas ty\u00f6kalu, joka mahdollistaa tuotteiden tai ymp\u00e4rist\u00f6jen r\u00e4\u00e4t\u00e4l\u00f6innin ja visualisoinnin kolmiulotteisessa 3D. T\u00e4m\u00e4ntyyppinen konfiguraattori on erityisen arvokas tilanteissa, joissa tilasuhteet ja sijoittelu ovat ratkaisevia. Seuraavassa on yleiskatsaus siihen, miksi konfiguraattoreista on hy\u00f6ty\u00e4, sek\u00e4 t\u00e4m\u00e4n tekniikan yleisiin k\u00e4ytt\u00f6tarkoituksiin ja erityisiin hy\u00f6tyihin. Paikkatietokonfiguraattorit tarjoavat monia etuja&hellip;","_links":{"self":[{"href":"https:\/\/konfigurator.nu\/fi\/wp-json\/wp\/v2\/pages\/3300","targetHints":{"allow":["GET"]}}],"collection":[{"href":"https:\/\/konfigurator.nu\/fi\/wp-json\/wp\/v2\/pages"}],"about":[{"href":"https:\/\/konfigurator.nu\/fi\/wp-json\/wp\/v2\/types\/page"}],"author":[{"embeddable":true,"href":"https:\/\/konfigurator.nu\/fi\/wp-json\/wp\/v2\/users\/3"}],"replies":[{"embeddable":true,"href":"https:\/\/konfigurator.nu\/fi\/wp-json\/wp\/v2\/comments?post=3300"}],"version-history":[{"count":6,"href":"https:\/\/konfigurator.nu\/fi\/wp-json\/wp\/v2\/pages\/3300\/revisions"}],"predecessor-version":[{"id":4396,"href":"https:\/\/konfigurator.nu\/fi\/wp-json\/wp\/v2\/pages\/3300\/revisions\/4396"}],"wp:attachment":[{"href":"https:\/\/konfigurator.nu\/fi\/wp-json\/wp\/v2\/media?parent=3300"}],"curies":[{"name":"wp","href":"https:\/\/api.w.org\/{rel}","templated":true}]}}