{"id":3312,"date":"2024-09-05T07:28:22","date_gmt":"2024-09-05T05:28:22","guid":{"rendered":"https:\/\/konfigurator.nu\/tietoa-meista\/"},"modified":"2026-04-13T15:17:54","modified_gmt":"2026-04-13T13:17:54","slug":"tietoa-meista","status":"publish","type":"page","link":"https:\/\/konfigurator.nu\/fi\/tietoa-meista\/","title":{"rendered":"Tietoa meist\u00e4"},"content":{"rendered":"\n<header class=\"wp-block-uagb-container uagb-block-c54c600d alignfull uagb-is-root-container\"><div class=\"uagb-container__video-wrap\"><video autoplay loop muted playsinline><source src=\"https:\/\/konfigurator.nu\/wp-content\/uploads\/2024\/09\/7891_Particles_Particle_1920x1080.mp4\" type=\"video\/mp4\"\/><\/video><\/div>\n<div class=\"wp-block-uagb-advanced-heading uagb-block-8b796fc7\"><h1 class=\"uagb-heading-text\">Tietoa meist\u00e4<\/h1><\/div>\n<\/header>\n\n\n\n<p><\/p>\n\n\n\n<div class=\"wp-block-uagb-container uagb-block-bca1f375 alignfull uagb-is-root-container\"><div class=\"uagb-container-inner-blocks-wrap\">\n<h2 class=\"wp-block-heading has-text-align-center\">Tervetuloa osoitteeseen <a href=\"https:\/\/konfigurator.nu\/fi\/\" target=\"_blank\" rel=\"noreferrer noopener\">Konfigurator.nu<\/a><\/h2>\n<\/div><\/div>\n\n\n\n<div class=\"wp-block-uagb-container uagb-layout-grid uagb-block-f919d7e3 alignfull uagb-is-root-container\"><div class=\"uagb-container-inner-blocks-wrap\">\n<div class=\"wp-block-uagb-info-box uagb-block-6acb23fb uagb-infobox__content-wrap  uagb-infobox-icon-above-title uagb-infobox-image-valign-top\"><div class=\"uagb-ifb-content\"><div class=\"uagb-ifb-title-wrap\"><h2 class=\"uagb-ifb-title\">Tietoa, <a href=\"https:\/\/animech.com\/sv\/\" data-type=\"link\" data-id=\"https:\/\/animech.com\/sv\/\" target=\"_blank\" rel=\"noopener\">Animech<\/a> luoma koulutusalusta!<\/h2><\/div><p class=\"uagb-ifb-desc\">Animechin luoma tietoa- jossa kohtaavat intohimo teknologiaa, innovointia ja kest\u00e4vyytt\u00e4 kohtaan. Animech on sitoutunut kehitt\u00e4m\u00e4\u00e4n edistyksellisi\u00e4 ja r\u00e4\u00e4t\u00e4l\u00f6ityj\u00e4 ratkaisuja 3D-konfiguraattoreihin ja muihin ohjelmistoj\u00e4rjestelmiin, jotka auttavat yrityksi\u00e4 parantamaan prosessejaan ja vastaamaan digitaalisen maailman kasvaviin vaatimuksiin. <br><br>Konfiguraattoreista on tullut yh\u00e4 t\u00e4rke\u00e4mpi ja tehokkaampi ty\u00f6kalu nykyp\u00e4iv\u00e4n nopeasti muuttuvassa liiketoimintaymp\u00e4rist\u00f6ss\u00e4. Digitalisaation, automaation ja r\u00e4\u00e4t\u00e4l\u00f6ityjen ratkaisujen kysynt\u00e4 kasvaa erityisesti valmistusteollisuudessa ja s\u00e4hk\u00f6isess\u00e4 kaupank\u00e4ynniss\u00e4, joten oikealla konfiguraattorilla voi olla suuri merkitys. Ymm\u00e4rr\u00e4mme, ett\u00e4 aihe voi tuntua h\u00e4kellytt\u00e4v\u00e4lt\u00e4 yrityksille, jotka ovat vasta-alkajia t\u00e4ll\u00e4 alalla, ja siksi olemme luoneet Configurator.nu:n &#8211; resurssin ja tietopankin, joka voi auttaa sinua navigoimaan t\u00e4ll\u00e4 nopeasti kasvavalla alalla.  <\/p><div class=\"uagb-ifb-button-wrapper wp-block-button\"><a href=\"konfigurator.nu\/konfiguratorer\" class=\"uagb-infobox-cta-link wp-block-button__link\" target=\"_self\" rel=\"noopener noreferrer\" onclick=\"return true;\"><span class=\"uagb-inline-editing\">L\u00e4s mer<\/span><\/a><\/div><\/div><\/div>\n\n\n\n<figure class=\"wp-block-image size-large is-resized\"><img fetchpriority=\"high\" decoding=\"async\" width=\"1024\" height=\"793\" src=\"https:\/\/konfigurator.nu\/wp-content\/uploads\/2024\/07\/multi_nobackground-1024x793.png\" alt=\"https:\/\/animech.com\/en\/animech-platform\/\" class=\"wp-image-2963\" style=\"width:601px;height:auto\" srcset=\"https:\/\/konfigurator.nu\/wp-content\/uploads\/2024\/07\/multi_nobackground-1024x793.png 1024w, https:\/\/konfigurator.nu\/wp-content\/uploads\/2024\/07\/multi_nobackground-300x232.png 300w, https:\/\/konfigurator.nu\/wp-content\/uploads\/2024\/07\/multi_nobackground-768x595.png 768w, https:\/\/konfigurator.nu\/wp-content\/uploads\/2024\/07\/multi_nobackground-1536x1190.png 1536w, https:\/\/konfigurator.nu\/wp-content\/uploads\/2024\/07\/multi_nobackground-2048x1587.png 2048w\" sizes=\"(max-width: 1024px) 100vw, 1024px\" \/><\/figure>\n<\/div><\/div>\n\n\n\n<div class=\"wp-block-uagb-container uagb-block-7637fadb alignfull uagb-is-root-container\"><div class=\"uagb-container-inner-blocks-wrap\">\n<div class=\"wp-block-uagb-info-box uagb-block-1de365e1 uagb-infobox__content-wrap  uagb-infobox-icon-above-title uagb-infobox-image-valign-top\"><div class=\"uagb-ifb-content\"><div class=\"uagb-ifb-title-wrap\"><h3 class=\"uagb-ifb-title\">Konfiguraattorit: tehokas ty\u00f6kalu digitaaliseen muutokseen<\/h3><\/div><\/div><\/div>\n\n\n\n<div class=\"wp-block-uagb-container uagb-layout-grid uagb-block-c7842b82\">\n<div class=\"wp-block-uagb-info-box uagb-block-8b0629f9 uagb-infobox__content-wrap  uagb-infobox-icon-above-title uagb-infobox-image-valign-top\"><div class=\"uagb-ifb-content\"><div class=\"uagb-ifb-title-wrap\"><h4 class=\"uagb-ifb-title\">Lis\u00e4\u00e4ntynyt tehokkuus ja parantunut asiakaskokemus<\/h4><\/div><p class=\"uagb-ifb-desc\">Tarjoamalla oivaltavaa koulutusta ja k\u00e4yt\u00e4nn\u00f6n ty\u00f6kaluja haluamme auttaa yrityksi\u00e4 ymm\u00e4rt\u00e4m\u00e4\u00e4n konfiguraattoreiden tarjoamat mahdollisuudet. N\u00e4m\u00e4 j\u00e4rjestelm\u00e4t mahdollistavat tehokkuuden lis\u00e4\u00e4misen ja kustannusten v\u00e4hent\u00e4misen automaation avulla, mutta niill\u00e4 on my\u00f6s ratkaiseva rooli asiakaskokemuksen parantamisessa tarjoamalla yksil\u00f6llisi\u00e4 ratkaisuja. Koska kuluttajien odotukset r\u00e4\u00e4t\u00e4l\u00f6innin ja kest\u00e4vyyden suhteen kasvavat jatkuvasti, konfiguraattoreista on tulossa kriittinen osa sit\u00e4, miten yritykset voivat erottautua markkinoilla ja vastata n\u00e4ihin vaatimuksiin kest\u00e4v\u00e4ll\u00e4 tavalla.  <\/p><div class=\"uagb-ifb-separator\"><\/div><\/div><\/div>\n\n\n\n<div class=\"wp-block-uagb-info-box uagb-block-8d79e3a5 uagb-infobox__content-wrap  uagb-infobox-icon-above-title uagb-infobox-image-valign-top\"><div class=\"uagb-ifb-content\"><div class=\"uagb-ifb-title-wrap\"><h4 class=\"uagb-ifb-title\">Kest\u00e4vyys ja alhaisemmat tuotantokustannukset<\/h4><\/div><p class=\"uagb-ifb-desc\">Aikana, jolloin ymp\u00e4rist\u00f6tietoisuus ja kest\u00e4v\u00e4 kehitys ovat ratkaisevia menestyksen kannalta, konfiguraattorit tarjoavat my\u00f6s mahdollisuuksia v\u00e4hent\u00e4\u00e4 materiaalih\u00e4vikki\u00e4 ja ylituotantoa optimoimalla tuotantoprosesseja ja varmistamalla, ett\u00e4 tuotetaan vain juuri sit\u00e4, mit\u00e4 tarvitaan. T\u00e4m\u00e4 ei merkitse ainoastaan taloudellisia etuja yrityksille, vaan my\u00f6s my\u00f6nteist\u00e4 vaikutusta planeettaamme kohtaan &#8211; ja me Animechilla olemme ylpeit\u00e4 voidessamme osallistua t\u00e4h\u00e4n. <br><br><br><\/p><div class=\"uagb-ifb-separator\"><\/div><\/div><\/div>\n\n\n\n<div class=\"wp-block-uagb-info-box uagb-block-cba06e60 uagb-infobox__content-wrap  uagb-infobox-icon-above-title uagb-infobox-image-valign-top\"><div class=\"uagb-ifb-content\"><div class=\"uagb-ifb-title-wrap\"><h4 class=\"uagb-ifb-title\">Koulutuksen ja opastuksen resurssisi<\/h4><\/div><p class=\"uagb-ifb-desc\">Configurator.nu-sivustolta l\u00f6yd\u00e4t runsaasti resursseja, kuten artikkeleita, oppaita ja tapaustutkimuksia, jotka kattavat kaiken konfiguraattoreiden perusymm\u00e4rryksest\u00e4 edistyneempiin aiheisiin integraatioiden ja muiden j\u00e4rjestelmien kanssa sek\u00e4 sen, miten n\u00e4it\u00e4 ratkaisuja voidaan k\u00e4ytt\u00e4\u00e4 liiketoimintasi laajentamiseen. Tarjoamme my\u00f6s n\u00e4kemyksi\u00e4 uusimmista trendeist\u00e4 teollisuus 4.0:ssa, digitaalisesta transformaatiosta ja siit\u00e4, miten teknologiaa, teko\u00e4ly\u00e4 ja koneoppimista integroidaan yh\u00e4 useammin nykyaikaisiin konfiguraattoriratkaisuihin. <\/p><\/div><\/div>\n\n\n\n<div class=\"wp-block-uagb-info-box uagb-block-1eb12d96 uagb-infobox__content-wrap  uagb-infobox-icon-above-title uagb-infobox-image-valign-top\"><div class=\"uagb-ifb-content\"><div class=\"uagb-ifb-title-wrap\"><h4 class=\"uagb-ifb-title\">Tukea oikeiden p\u00e4\u00e4t\u00f6sten tekemiseen<\/h4><\/div><p class=\"uagb-ifb-desc\">Uskomme vahvasti, ett\u00e4 hyvin koulutetut asiakkaat pystyv\u00e4t paitsi tekem\u00e4\u00e4n oikeita p\u00e4\u00e4t\u00f6ksi\u00e4 my\u00f6s maksimoimaan k\u00e4ytt\u00f6\u00f6notettujen teknologioiden hy\u00f6dyt. Koulutusalustasi Configurator.nu:n avulla saat k\u00e4ytt\u00f6\u00f6si uusimmat n\u00e4kemykset ja ty\u00f6kalut, joita tarvitset menesty\u00e4ksesi digitalisoidussa tulevaisuudessa. <\/p><\/div><\/div>\n<\/div>\n\n\n\n<figure class=\"wp-block-gallery alignfull has-nested-images columns-default is-cropped wp-block-gallery-1 is-layout-flex wp-block-gallery-is-layout-flex\">\n<figure class=\"wp-block-image size-large\"><img decoding=\"async\" width=\"1024\" height=\"793\" data-id=\"2903\" src=\"https:\/\/konfigurator.nu\/wp-content\/uploads\/2024\/07\/Cytiva_ipad-1024x793.png\" alt=\"Tietoa\" class=\"wp-image-2903\" srcset=\"https:\/\/konfigurator.nu\/wp-content\/uploads\/2024\/07\/Cytiva_ipad-1024x793.png 1024w, https:\/\/konfigurator.nu\/wp-content\/uploads\/2024\/07\/Cytiva_ipad-300x232.png 300w, https:\/\/konfigurator.nu\/wp-content\/uploads\/2024\/07\/Cytiva_ipad-768x595.png 768w, https:\/\/konfigurator.nu\/wp-content\/uploads\/2024\/07\/Cytiva_ipad-1536x1190.png 1536w, https:\/\/konfigurator.nu\/wp-content\/uploads\/2024\/07\/Cytiva_ipad-2048x1587.png 2048w\" sizes=\"(max-width: 1024px) 100vw, 1024px\" \/><\/figure>\n\n\n\n<figure class=\"wp-block-image size-large\"><img decoding=\"async\" width=\"1024\" height=\"793\" data-id=\"2963\" src=\"https:\/\/konfigurator.nu\/wp-content\/uploads\/2024\/07\/multi_nobackground-1024x793.png\" alt=\"https:\/\/animech.com\/en\/animech-platform\/\" class=\"wp-image-2963\" srcset=\"https:\/\/konfigurator.nu\/wp-content\/uploads\/2024\/07\/multi_nobackground-1024x793.png 1024w, https:\/\/konfigurator.nu\/wp-content\/uploads\/2024\/07\/multi_nobackground-300x232.png 300w, https:\/\/konfigurator.nu\/wp-content\/uploads\/2024\/07\/multi_nobackground-768x595.png 768w, https:\/\/konfigurator.nu\/wp-content\/uploads\/2024\/07\/multi_nobackground-1536x1190.png 1536w, https:\/\/konfigurator.nu\/wp-content\/uploads\/2024\/07\/multi_nobackground-2048x1587.png 2048w\" sizes=\"(max-width: 1024px) 100vw, 1024px\" \/><\/figure>\n\n\n\n<figure class=\"wp-block-image size-large\"><img loading=\"lazy\" decoding=\"async\" width=\"1024\" height=\"640\" data-id=\"4130\" src=\"https:\/\/konfigurator.nu\/wp-content\/uploads\/2024\/09\/Anipart_isolated_tablet_laptop_and_smartphone_composition-1024x640.png\" alt=\"\u00dcber\" class=\"wp-image-4130\" srcset=\"https:\/\/konfigurator.nu\/wp-content\/uploads\/2024\/09\/Anipart_isolated_tablet_laptop_and_smartphone_composition-1024x640.png 1024w, https:\/\/konfigurator.nu\/wp-content\/uploads\/2024\/09\/Anipart_isolated_tablet_laptop_and_smartphone_composition-300x188.png 300w, https:\/\/konfigurator.nu\/wp-content\/uploads\/2024\/09\/Anipart_isolated_tablet_laptop_and_smartphone_composition-768x480.png 768w, https:\/\/konfigurator.nu\/wp-content\/uploads\/2024\/09\/Anipart_isolated_tablet_laptop_and_smartphone_composition-1536x960.png 1536w, https:\/\/konfigurator.nu\/wp-content\/uploads\/2024\/09\/Anipart_isolated_tablet_laptop_and_smartphone_composition-2048x1280.png 2048w\" sizes=\"(max-width: 1024px) 100vw, 1024px\" \/><\/figure>\n<\/figure>\n\n\n\n<div class=\"wp-block-uagb-separator uagb-block-09d80435\"><div class=\"uagb-separator-spacing-wrapper\"><div class=\"wp-block-uagb-separator__inner\" style=\"--my-background-image:\"><\/div><\/div><\/div>\n\n\n\n<div class=\"wp-block-uagb-info-box uagb-block-f5f5fdc4 uagb-infobox__content-wrap  uagb-infobox-icon-above-title uagb-infobox-image-valign-top wp-block-uagb-info-box--has-margin\"><div class=\"uagb-infobox-margin-wrapper\"><div class=\"uagb-ifb-content\"><div class=\"uagb-ifb-title-wrap\"><h3 class=\"uagb-ifb-title\">Ota yhteytt\u00e4 saadaksesi lis\u00e4tietoja<\/h3><\/div><\/div><\/div><\/div>\n\n\n\n<div class=\"wp-block-columns is-layout-flex wp-container-core-columns-is-layout-28f84493 wp-block-columns-is-layout-flex\">\n<div class=\"wp-block-column is-layout-flow wp-block-column-is-layout-flow\" style=\"flex-basis:100%\">\n<p class=\"has-text-align-center has-medium-font-size\">Kiitos, ett\u00e4 vierailit Konfigurator.nu-sivustolla!  <\/p>\n\n\n\n<p class=\"has-text-align-center\">Olemme t\u00e4\u00e4ll\u00e4 tukemassa sinua matkallasi kohti menestyksek\u00e4st\u00e4 digitaalista muutosta.Jos sinulla on kysytt\u00e4v\u00e4\u00e4 tai haluat keskustella siit\u00e4, miten konfiguraattori voisi sopia yrityksellesi, ota rohkeasti yhteytt\u00e4 Animechiin.Odotamme innolla, ett\u00e4 voimme auttaa sinua toteuttamaan kaikki konfiguraattoreiden tarjoamat edut!  <\/p>\n<\/div>\n<\/div>\n<\/div><\/div>\n\n\n\n<p><\/p>\n","protected":false},"excerpt":{"rendered":"<p>Tietoa meist\u00e4 Tervetuloa osoitteeseen Konfigurator.nu Kiitos, ett\u00e4 vierailit Konfigurator.nu-sivustolla! Olemme t\u00e4\u00e4ll\u00e4 tukemassa sinua matkallasi kohti menestyksek\u00e4st\u00e4 digitaalista muutosta.Jos sinulla on kysytt\u00e4v\u00e4\u00e4 tai haluat keskustella siit\u00e4, miten konfiguraattori voisi sopia yrityksellesi, ota rohkeasti yhteytt\u00e4 Animechiin.Odotamme innolla, ett\u00e4 voimme auttaa sinua toteuttamaan kaikki konfiguraattoreiden tarjoamat edut!<\/p>\n","protected":false},"author":3,"featured_media":0,"parent":0,"menu_order":0,"comment_status":"closed","ping_status":"closed","template":"","meta":{"_uag_custom_page_level_css":"","site-sidebar-layout":"default","site-content-layout":"","ast-site-content-layout":"default","site-content-style":"default","site-sidebar-style":"default","ast-global-header-display":"","ast-banner-title-visibility":"","ast-main-header-display":"","ast-hfb-above-header-display":"","ast-hfb-below-header-display":"","ast-hfb-mobile-header-display":"","site-post-title":"disabled","ast-breadcrumbs-content":"","ast-featured-img":"","footer-sml-layout":"","ast-disable-related-posts":"","theme-transparent-header-meta":"","adv-header-id-meta":"","stick-header-meta":"","header-above-stick-meta":"","header-main-stick-meta":"","header-below-stick-meta":"","astra-migrate-meta-layouts":"set","ast-page-background-enabled":"default","ast-page-background-meta":{"desktop":{"background-color":"","background-image":"","background-repeat":"repeat","background-position":"center center","background-size":"auto","background-attachment":"scroll","background-type":"","background-media":"","overlay-type":"","overlay-color":"","overlay-opacity":"","overlay-gradient":""},"tablet":{"background-color":"","background-image":"","background-repeat":"repeat","background-position":"center center","background-size":"auto","background-attachment":"scroll","background-type":"","background-media":"","overlay-type":"","overlay-color":"","overlay-opacity":"","overlay-gradient":""},"mobile":{"background-color":"","background-image":"","background-repeat":"repeat","background-position":"center center","background-size":"auto","background-attachment":"scroll","background-type":"","background-media":"","overlay-type":"","overlay-color":"","overlay-opacity":"","overlay-gradient":""}},"ast-content-background-meta":{"desktop":{"background-color":"var(--ast-global-color-5)","background-image":"","background-repeat":"repeat","background-position":"center center","background-size":"auto","background-attachment":"scroll","background-type":"","background-media":"","overlay-type":"","overlay-color":"","overlay-opacity":"","overlay-gradient":""},"tablet":{"background-color":"var(--ast-global-color-5)","background-image":"","background-repeat":"repeat","background-position":"center center","background-size":"auto","background-attachment":"scroll","background-type":"","background-media":"","overlay-type":"","overlay-color":"","overlay-opacity":"","overlay-gradient":""},"mobile":{"background-color":"var(--ast-global-color-5)","background-image":"","background-repeat":"repeat","background-position":"center center","background-size":"auto","background-attachment":"scroll","background-type":"","background-media":"","overlay-type":"","overlay-color":"","overlay-opacity":"","overlay-gradient":""}},"footnotes":""},"class_list":["post-3312","page","type-page","status-publish","hentry"],"uagb_featured_image_src":{"full":false,"thumbnail":false,"medium":false,"medium_large":false,"large":false,"1536x1536":false,"2048x2048":false},"uagb_author_info":{"display_name":"Tino Karazeimbekis","author_link":"https:\/\/konfigurator.nu\/fi\/author\/tino\/"},"uagb_comment_info":0,"uagb_excerpt":"Tietoa meist\u00e4 Tervetuloa osoitteeseen Konfigurator.nu Kiitos, ett\u00e4 vierailit Konfigurator.nu-sivustolla! Olemme t\u00e4\u00e4ll\u00e4 tukemassa sinua matkallasi kohti menestyksek\u00e4st\u00e4 digitaalista muutosta.Jos sinulla on kysytt\u00e4v\u00e4\u00e4 tai haluat keskustella siit\u00e4, miten konfiguraattori voisi sopia yrityksellesi, ota rohkeasti yhteytt\u00e4 Animechiin.Odotamme innolla, ett\u00e4 voimme auttaa sinua toteuttamaan kaikki konfiguraattoreiden tarjoamat edut!","_links":{"self":[{"href":"https:\/\/konfigurator.nu\/fi\/wp-json\/wp\/v2\/pages\/3312","targetHints":{"allow":["GET"]}}],"collection":[{"href":"https:\/\/konfigurator.nu\/fi\/wp-json\/wp\/v2\/pages"}],"about":[{"href":"https:\/\/konfigurator.nu\/fi\/wp-json\/wp\/v2\/types\/page"}],"author":[{"embeddable":true,"href":"https:\/\/konfigurator.nu\/fi\/wp-json\/wp\/v2\/users\/3"}],"replies":[{"embeddable":true,"href":"https:\/\/konfigurator.nu\/fi\/wp-json\/wp\/v2\/comments?post=3312"}],"version-history":[{"count":6,"href":"https:\/\/konfigurator.nu\/fi\/wp-json\/wp\/v2\/pages\/3312\/revisions"}],"predecessor-version":[{"id":4397,"href":"https:\/\/konfigurator.nu\/fi\/wp-json\/wp\/v2\/pages\/3312\/revisions\/4397"}],"wp:attachment":[{"href":"https:\/\/konfigurator.nu\/fi\/wp-json\/wp\/v2\/media?parent=3312"}],"curies":[{"name":"wp","href":"https:\/\/api.w.org\/{rel}","templated":true}]}}