{"id":3316,"date":"2024-07-23T10:38:47","date_gmt":"2024-07-23T08:38:47","guid":{"rendered":"https:\/\/konfigurator.nu\/myyntikonfiguraattori\/"},"modified":"2026-04-13T15:15:59","modified_gmt":"2026-04-13T13:15:59","slug":"myyntikonfiguraattori","status":"publish","type":"page","link":"https:\/\/konfigurator.nu\/fi\/myyntikonfiguraattori\/","title":{"rendered":"Myyntikonfiguraattori"},"content":{"rendered":"\n<div class=\"wp-block-uagb-container uagb-block-d6924da0 alignfull uagb-is-root-container\"><div class=\"uagb-container__video-wrap\"><video autoplay loop muted playsinline><source src=\"https:\/\/konfigurator.nu\/wp-content\/uploads\/2024\/07\/5705647_Coll_wavebreak_Animation_1920x1080.mp4\" type=\"video\/mp4\"\/><\/video><\/div><div class=\"uagb-container-inner-blocks-wrap\">\n<div class=\"wp-block-uagb-advanced-heading uagb-block-efa76908\"><h1 class=\"uagb-heading-text\">MYYNTIKONFIGURAATTORI<\/h1><\/div>\n<\/div><\/div>\n\n\n\n<div class=\"wp-block-uagb-container uagb-layout-grid uagb-block-24299646 alignfull uagb-is-root-container\"><div class=\"uagb-container-inner-blocks-wrap\">\n<div class=\"wp-block-uagb-info-box uagb-block-f02872bf uagb-infobox__content-wrap  uagb-infobox-icon-above-title uagb-infobox-image-valign-top\"><div class=\"uagb-ifb-content\"><div class=\"uagb-ifb-title-wrap\"><h3 class=\"uagb-ifb-title\">Myyntikonfiguraattori<\/h3><\/div><p class=\"uagb-ifb-desc\">Myyntikonfiguraattori on kehittynyt konfiguraattorityyppi, jota k\u00e4ytet\u00e4\u00e4n helpottamaan prosessia sek\u00e4 yrityksen <a href=\"https:\/\/www.salesforce.com\/sales\/cpq\/what-is-cpq\/\" data-type=\"link\" data-id=\"https:\/\/www.salesforce.com\/sales\/cpq\/what-is-cpq\/\" target=\"_blank\" rel=\"noopener\">myyntitiimin <\/a>sis\u00e4isesti ett\u00e4 asiakkaiden ulkoisesti verkon kautta. T\u00e4m\u00e4ntyyppinen konfiguraattori on suunniteltu eritt\u00e4in k\u00e4ytt\u00e4j\u00e4yst\u00e4v\u00e4lliseksi, ja se sis\u00e4lt\u00e4\u00e4 usein kehittyneit\u00e4 ominaisuuksia monimutkaisten tuote- tai palvelukokoonpanojen hallintaan. <br><br>N\u00e4m\u00e4 konfiguraattorit eroavat perinteisist\u00e4 tuotekonfiguraattoreista edistyneemm\u00e4n logiikan ja k\u00e4ytt\u00e4j\u00e4yst\u00e4v\u00e4llisten kysymysten esitt\u00e4misen ansiosta. Tavallinen tuotekonfiguraattori saattaa kysy\u00e4 k\u00e4ytt\u00e4j\u00e4lt\u00e4 &#8221;Millaisen koneen haluat?&#8221;. ja esitt\u00e4\u00e4 valikoiman tiettyj\u00e4 koneita (esim. kone X, kone Y), konfiguraattorit kysyv\u00e4t sen sijaan avoimempia ja tarvel\u00e4ht\u00f6isempi\u00e4 kysymyksi\u00e4, kuten &#8221;Mihin konetta k\u00e4ytet\u00e4\u00e4n?&#8221;. Vastausten perusteella konfiguraattori voi sitten ehdottaa r\u00e4\u00e4t\u00e4l\u00f6ity\u00e4 kokoonpanoa, joka vastaa parhaiten k\u00e4ytt\u00e4j\u00e4n tarpeita.  <\/p><\/div><\/div>\n\n\n\n<div class=\"wp-block-columns is-layout-flex wp-container-core-columns-is-layout-28f84493 wp-block-columns-is-layout-flex\">\n<div class=\"wp-block-column is-layout-flow wp-block-column-is-layout-flow\" style=\"flex-basis:100%\">\n<figure class=\"wp-block-image size-large\"><img fetchpriority=\"high\" decoding=\"async\" width=\"1024\" height=\"793\" src=\"https:\/\/konfigurator.nu\/wp-content\/uploads\/2024\/07\/multi_nobackground-1024x793.png\" alt=\"https:\/\/animech.com\/en\/animech-platform\/\" class=\"wp-image-2963\" srcset=\"https:\/\/konfigurator.nu\/wp-content\/uploads\/2024\/07\/multi_nobackground-1024x793.png 1024w, https:\/\/konfigurator.nu\/wp-content\/uploads\/2024\/07\/multi_nobackground-300x232.png 300w, https:\/\/konfigurator.nu\/wp-content\/uploads\/2024\/07\/multi_nobackground-768x595.png 768w, https:\/\/konfigurator.nu\/wp-content\/uploads\/2024\/07\/multi_nobackground-1536x1190.png 1536w, https:\/\/konfigurator.nu\/wp-content\/uploads\/2024\/07\/multi_nobackground-2048x1587.png 2048w\" sizes=\"(max-width: 1024px) 100vw, 1024px\" \/><\/figure>\n<\/div>\n<\/div>\n<\/div><\/div>\n\n\n\n<div class=\"wp-block-uagb-container uagb-block-6be40f00 alignfull uagb-is-root-container\"><div class=\"uagb-container-inner-blocks-wrap\">\n<div class=\"wp-block-uagb-advanced-heading uagb-block-8e598847\"><h3 class=\"uagb-heading-text\">Toiminnallisuus ja k\u00e4ytt\u00f6tarkoitukset<\/h3><\/div>\n\n\n\n<div class=\"wp-block-uagb-container uagb-layout-grid uagb-block-2b8639e4\">\n<div class=\"wp-block-uagb-advanced-heading uagb-block-dda0e0fa\"><h4 class=\"uagb-heading-text\">Myyntikonfiguraattoreiden edut<\/h4><p class=\"uagb-desc-text\"><strong>Helppok\u00e4ytt\u00f6isyys<\/strong>: Yksi sen suurimmista eduista on sen keskittyminen helppok\u00e4ytt\u00f6isyyteen. Yksinkertaisilla, tarpeisiin perustuvilla kysymyksill\u00e4 jopa k\u00e4ytt\u00e4j\u00e4t, joilla ei ole teknist\u00e4 asiantuntemusta, voivat luoda monimutkaisia kokoonpanoja. <br><br><strong>Kehittynyt logiikka<\/strong>: <a href=\"https:\/\/konfigurator.nu\/3d\/\">Konfiguraattoreissa <\/a>on sis\u00e4\u00e4nrakennettu kehittynyt logiikka, joka pystyy k\u00e4sittelem\u00e4\u00e4n monimutkaisia riippuvuuksia ja s\u00e4\u00e4nt\u00f6j\u00e4. T\u00e4m\u00e4 mahdollistaa tarkempien ja tarkoituksenmukaisempien tuote-ehdotusten luomisen k\u00e4ytt\u00e4j\u00e4n erityistarpeiden ja mieltymysten perusteella. <br><br><strong>Informatiivinen konfliktinratkaisu<\/strong>: N\u00e4m\u00e4 konfiguraattorit voivat hallita ja ratkaista konflikteja reaaliajassa. Jos k\u00e4ytt\u00e4j\u00e4n valinta ei ole yhteensopiva aiempien valintojen kanssa, konfiguraattori tarjoaa vaihtoehtoja ja selityksi\u00e4, jotka auttavat k\u00e4ytt\u00e4j\u00e4\u00e4 tekem\u00e4\u00e4n oikeat muutokset. <br><br><strong>Joustavuus kysymysten j\u00e4rjestyksess\u00e4<\/strong>: K\u00e4ytt\u00e4j\u00e4t voivat usein vastata kysymyksiin miss\u00e4 tahansa j\u00e4rjestyksess\u00e4, mik\u00e4 tarjoaa joustavamman ja r\u00e4\u00e4t\u00e4l\u00f6it\u00e4v\u00e4mm\u00e4n kokemuksen. N\u00e4in k\u00e4ytt\u00e4j\u00e4 voi navigoida konfigurointiprosessin l\u00e4pi tavalla, joka tuntuu h\u00e4nelle luonnollisimmalta. <br><br><strong>Raporttien luominen<\/strong>: Konfiguraattorit tarjoavat usein ominaisuuksia, joiden avulla voidaan luoda r\u00e4\u00e4t\u00e4l\u00f6ityj\u00e4 raportteja, joissa on yhteenveto konfiguraatiosta. N\u00e4ihin voi sis\u00e4lty\u00e4 yksityiskohtaisia tietoja tuotespesifikaatioista, kustannuksista ja toimitusajoista, mik\u00e4 on eritt\u00e4in arvokasta sek\u00e4 myyjille ett\u00e4 asiakkaille. <\/p><\/div>\n\n\n\n<div class=\"wp-block-uagb-advanced-heading uagb-block-b946363e\"><h4 class=\"uagb-heading-text\">Yhteiset k\u00e4ytt\u00f6alueet<\/h4><p class=\"uagb-desc-text\">Konfiguraattoreita k\u00e4ytet\u00e4\u00e4n monilla eri teollisuudenaloilla ja monissa eri yhteyksiss\u00e4, kuten:<br><strong>S\u00e4hk\u00f6inen kaupank\u00e4ynti<\/strong>: verkkosivustoilla, joilla asiakkaat voivat konfiguroida ja ostaa tuotteita suoraan verkossa; konfiguraattoreiden avulla asiakkaiden on helppo r\u00e4\u00e4t\u00e4l\u00f6id\u00e4 tuotteita omiin tarpeisiinsa ja saada selke\u00e4 kuva kustannuksista ja toimitusajasta. <br><strong>Yritysmyynti<\/strong>: Yritysten sis\u00e4inen, jossa tiimi k\u00e4ytt\u00e4\u00e4 konfiguraattoreita luodakseen nopeasti ja tehokkaasti r\u00e4\u00e4t\u00e4l\u00f6ityj\u00e4 tuote-ehdotuksia asiakkaille. T\u00e4m\u00e4 s\u00e4\u00e4st\u00e4\u00e4 aikaa ja v\u00e4hent\u00e4\u00e4 virheellisten tilausten riski\u00e4. <br><strong>Teollinen ja tekninen myynti<\/strong>: Teollisuudenaloilla, joilla tuotteet ovat teknisesti monimutkaisia ja vaativat huolellista konfigurointia, konfiguraattorit pystyv\u00e4t k\u00e4sittelem\u00e4\u00e4n monia muuttujia ja eritelmi\u00e4, joita n\u00e4ihin tuotteisiin usein liittyy. <\/p><\/div>\n\n\n\n<figure class=\"wp-block-gallery has-nested-images columns-default is-cropped wp-block-gallery-1 is-layout-flex wp-block-gallery-is-layout-flex\">\n<figure class=\"wp-block-image size-full has-custom-border is-style-default\"><img decoding=\"async\" width=\"1024\" height=\"1792\" data-id=\"3137\" src=\"https:\/\/konfigurator.nu\/wp-content\/uploads\/2024\/08\/DALL\u00b7E-2024-08-28-14.43.45-A-realistic-scene-of-a-salesperson-sitting-in-an-office-focused-on-a-laptop-screen-where-they-are-configuring-a-warehouse-system.-The-interface-on-th.webp\" alt=\"Sales\" class=\"wp-image-3137\" style=\"border-style:none;border-width:0px\" srcset=\"https:\/\/konfigurator.nu\/wp-content\/uploads\/2024\/08\/DALL\u00b7E-2024-08-28-14.43.45-A-realistic-scene-of-a-salesperson-sitting-in-an-office-focused-on-a-laptop-screen-where-they-are-configuring-a-warehouse-system.-The-interface-on-th.webp 1024w, https:\/\/konfigurator.nu\/wp-content\/uploads\/2024\/08\/DALL\u00b7E-2024-08-28-14.43.45-A-realistic-scene-of-a-salesperson-sitting-in-an-office-focused-on-a-laptop-screen-where-they-are-configuring-a-warehouse-system.-The-interface-on-th-171x300.webp 171w, https:\/\/konfigurator.nu\/wp-content\/uploads\/2024\/08\/DALL\u00b7E-2024-08-28-14.43.45-A-realistic-scene-of-a-salesperson-sitting-in-an-office-focused-on-a-laptop-screen-where-they-are-configuring-a-warehouse-system.-The-interface-on-th-585x1024.webp 585w, https:\/\/konfigurator.nu\/wp-content\/uploads\/2024\/08\/DALL\u00b7E-2024-08-28-14.43.45-A-realistic-scene-of-a-salesperson-sitting-in-an-office-focused-on-a-laptop-screen-where-they-are-configuring-a-warehouse-system.-The-interface-on-th-768x1344.webp 768w, https:\/\/konfigurator.nu\/wp-content\/uploads\/2024\/08\/DALL\u00b7E-2024-08-28-14.43.45-A-realistic-scene-of-a-salesperson-sitting-in-an-office-focused-on-a-laptop-screen-where-they-are-configuring-a-warehouse-system.-The-interface-on-th-878x1536.webp 878w\" sizes=\"(max-width: 1024px) 100vw, 1024px\" \/><\/figure>\n<\/figure>\n\n\n\n<p><\/p>\n\n\n\n<p><\/p>\n\n\n\n<div class=\"wp-block-uagb-advanced-heading uagb-block-c4c70dbd\"><\/div>\n\n\n\n<p><\/p>\n<\/div>\n<\/div><\/div>\n\n\n\n<p><\/p>\n","protected":false},"excerpt":{"rendered":"<p>MYYNTIKONFIGURAATTORI Toiminnallisuus ja k\u00e4ytt\u00f6tarkoitukset Myyntikonfiguraattoreiden edut Helppok\u00e4ytt\u00f6isyys: Yksi sen suurimmista eduista on sen keskittyminen helppok\u00e4ytt\u00f6isyyteen. Yksinkertaisilla, tarpeisiin perustuvilla kysymyksill\u00e4 jopa k\u00e4ytt\u00e4j\u00e4t, joilla ei ole teknist\u00e4 asiantuntemusta, voivat luoda monimutkaisia kokoonpanoja. Kehittynyt logiikka: Konfiguraattoreissa on sis\u00e4\u00e4nrakennettu kehittynyt logiikka, joka pystyy k\u00e4sittelem\u00e4\u00e4n monimutkaisia riippuvuuksia ja s\u00e4\u00e4nt\u00f6j\u00e4. T\u00e4m\u00e4 mahdollistaa tarkempien ja tarkoituksenmukaisempien tuote-ehdotusten luomisen k\u00e4ytt\u00e4j\u00e4n erityistarpeiden ja mieltymysten [&hellip;]<\/p>\n","protected":false},"author":3,"featured_media":0,"parent":0,"menu_order":0,"comment_status":"closed","ping_status":"closed","template":"","meta":{"_uag_custom_page_level_css":"","site-sidebar-layout":"default","site-content-layout":"","ast-site-content-layout":"default","site-content-style":"default","site-sidebar-style":"default","ast-global-header-display":"","ast-banner-title-visibility":"","ast-main-header-display":"","ast-hfb-above-header-display":"","ast-hfb-below-header-display":"","ast-hfb-mobile-header-display":"","site-post-title":"disabled","ast-breadcrumbs-content":"","ast-featured-img":"","footer-sml-layout":"","ast-disable-related-posts":"","theme-transparent-header-meta":"","adv-header-id-meta":"","stick-header-meta":"","header-above-stick-meta":"","header-main-stick-meta":"","header-below-stick-meta":"","astra-migrate-meta-layouts":"set","ast-page-background-enabled":"default","ast-page-background-meta":{"desktop":{"background-color":"","background-image":"","background-repeat":"repeat","background-position":"center center","background-size":"auto","background-attachment":"scroll","background-type":"","background-media":"","overlay-type":"","overlay-color":"","overlay-opacity":"","overlay-gradient":""},"tablet":{"background-color":"","background-image":"","background-repeat":"repeat","background-position":"center center","background-size":"auto","background-attachment":"scroll","background-type":"","background-media":"","overlay-type":"","overlay-color":"","overlay-opacity":"","overlay-gradient":""},"mobile":{"background-color":"","background-image":"","background-repeat":"repeat","background-position":"center center","background-size":"auto","background-attachment":"scroll","background-type":"","background-media":"","overlay-type":"","overlay-color":"","overlay-opacity":"","overlay-gradient":""}},"ast-content-background-meta":{"desktop":{"background-color":"var(--ast-global-color-5)","background-image":"","background-repeat":"repeat","background-position":"center center","background-size":"auto","background-attachment":"scroll","background-type":"","background-media":"","overlay-type":"","overlay-color":"","overlay-opacity":"","overlay-gradient":""},"tablet":{"background-color":"var(--ast-global-color-5)","background-image":"","background-repeat":"repeat","background-position":"center center","background-size":"auto","background-attachment":"scroll","background-type":"","background-media":"","overlay-type":"","overlay-color":"","overlay-opacity":"","overlay-gradient":""},"mobile":{"background-color":"var(--ast-global-color-5)","background-image":"","background-repeat":"repeat","background-position":"center center","background-size":"auto","background-attachment":"scroll","background-type":"","background-media":"","overlay-type":"","overlay-color":"","overlay-opacity":"","overlay-gradient":""}},"footnotes":""},"class_list":["post-3316","page","type-page","status-publish","hentry"],"uagb_featured_image_src":{"full":false,"thumbnail":false,"medium":false,"medium_large":false,"large":false,"1536x1536":false,"2048x2048":false},"uagb_author_info":{"display_name":"Tino Karazeimbekis","author_link":"https:\/\/konfigurator.nu\/fi\/author\/tino\/"},"uagb_comment_info":0,"uagb_excerpt":"MYYNTIKONFIGURAATTORI Toiminnallisuus ja k\u00e4ytt\u00f6tarkoitukset Myyntikonfiguraattoreiden edut Helppok\u00e4ytt\u00f6isyys: Yksi sen suurimmista eduista on sen keskittyminen helppok\u00e4ytt\u00f6isyyteen. Yksinkertaisilla, tarpeisiin perustuvilla kysymyksill\u00e4 jopa k\u00e4ytt\u00e4j\u00e4t, joilla ei ole teknist\u00e4 asiantuntemusta, voivat luoda monimutkaisia kokoonpanoja. Kehittynyt logiikka: Konfiguraattoreissa on sis\u00e4\u00e4nrakennettu kehittynyt logiikka, joka pystyy k\u00e4sittelem\u00e4\u00e4n monimutkaisia riippuvuuksia ja s\u00e4\u00e4nt\u00f6j\u00e4. T\u00e4m\u00e4 mahdollistaa tarkempien ja tarkoituksenmukaisempien tuote-ehdotusten luomisen k\u00e4ytt\u00e4j\u00e4n erityistarpeiden ja mieltymysten&hellip;","_links":{"self":[{"href":"https:\/\/konfigurator.nu\/fi\/wp-json\/wp\/v2\/pages\/3316","targetHints":{"allow":["GET"]}}],"collection":[{"href":"https:\/\/konfigurator.nu\/fi\/wp-json\/wp\/v2\/pages"}],"about":[{"href":"https:\/\/konfigurator.nu\/fi\/wp-json\/wp\/v2\/types\/page"}],"author":[{"embeddable":true,"href":"https:\/\/konfigurator.nu\/fi\/wp-json\/wp\/v2\/users\/3"}],"replies":[{"embeddable":true,"href":"https:\/\/konfigurator.nu\/fi\/wp-json\/wp\/v2\/comments?post=3316"}],"version-history":[{"count":4,"href":"https:\/\/konfigurator.nu\/fi\/wp-json\/wp\/v2\/pages\/3316\/revisions"}],"predecessor-version":[{"id":4394,"href":"https:\/\/konfigurator.nu\/fi\/wp-json\/wp\/v2\/pages\/3316\/revisions\/4394"}],"wp:attachment":[{"href":"https:\/\/konfigurator.nu\/fi\/wp-json\/wp\/v2\/media?parent=3316"}],"curies":[{"name":"wp","href":"https:\/\/api.w.org\/{rel}","templated":true}]}}