{"id":3384,"date":"2024-06-10T11:36:47","date_gmt":"2024-06-10T09:36:47","guid":{"rendered":"https:\/\/konfigurator.nu\/3d\/"},"modified":"2026-04-13T15:10:32","modified_gmt":"2026-04-13T13:10:32","slug":"3d-verkossa","status":"publish","type":"page","link":"https:\/\/konfigurator.nu\/fi\/3d-verkossa\/","title":{"rendered":"3D"},"content":{"rendered":"\n<div class=\"wp-block-uagb-container uagb-block-c54c600d alignfull uagb-is-root-container\"><div class=\"uagb-container__video-wrap\"><video autoplay loop muted playsinline><source src=\"https:\/\/konfigurator.nu\/wp-content\/uploads\/2024\/09\/603603_Future_Futuristic_1280x720.mp4\" type=\"video\/mp4\"\/><\/video><\/div><div class=\"uagb-container-inner-blocks-wrap\">\n<div class=\"wp-block-uagb-advanced-heading uagb-block-8b796fc7\"><h1 class=\"uagb-heading-text\">3D verkossa<\/h1><\/div>\n<\/div><\/div>\n\n\n\n<div class=\"wp-block-uagb-container uagb-block-7637fadb alignfull uagb-is-root-container\"><div class=\"uagb-container-inner-blocks-wrap\">\n<div class=\"wp-block-media-text is-stacked-on-mobile\"><figure class=\"wp-block-media-text__media\"><img fetchpriority=\"high\" decoding=\"async\" width=\"1024\" height=\"1024\" src=\"https:\/\/konfigurator.nu\/wp-content\/uploads\/2024\/09\/DALL\u00b7E-2024-09-05-16.19.10-A-realistic-depiction-of-the-future-of-virtual-reality-VR-and-how-the-web-may-look.-The-image-shows-a-person-wearing-a-sleek-modern-VR-headset-in-a.webp\" alt=\"Nettet\" class=\"wp-image-3245 size-full\" srcset=\"https:\/\/konfigurator.nu\/wp-content\/uploads\/2024\/09\/DALL\u00b7E-2024-09-05-16.19.10-A-realistic-depiction-of-the-future-of-virtual-reality-VR-and-how-the-web-may-look.-The-image-shows-a-person-wearing-a-sleek-modern-VR-headset-in-a.webp 1024w, https:\/\/konfigurator.nu\/wp-content\/uploads\/2024\/09\/DALL\u00b7E-2024-09-05-16.19.10-A-realistic-depiction-of-the-future-of-virtual-reality-VR-and-how-the-web-may-look.-The-image-shows-a-person-wearing-a-sleek-modern-VR-headset-in-a-300x300.webp 300w, https:\/\/konfigurator.nu\/wp-content\/uploads\/2024\/09\/DALL\u00b7E-2024-09-05-16.19.10-A-realistic-depiction-of-the-future-of-virtual-reality-VR-and-how-the-web-may-look.-The-image-shows-a-person-wearing-a-sleek-modern-VR-headset-in-a-150x150.webp 150w, https:\/\/konfigurator.nu\/wp-content\/uploads\/2024\/09\/DALL\u00b7E-2024-09-05-16.19.10-A-realistic-depiction-of-the-future-of-virtual-reality-VR-and-how-the-web-may-look.-The-image-shows-a-person-wearing-a-sleek-modern-VR-headset-in-a-768x768.webp 768w\" sizes=\"(max-width: 1024px) 100vw, 1024px\" \/><\/figure><div class=\"wp-block-media-text__content\">\n<h3 class=\"wp-block-heading\">3D:n edut verkossa<\/h3>\n\n\n\n<p style=\"font-size:18px\">Nykyp\u00e4iv\u00e4n nopeasti kehittyv\u00e4ss\u00e4 digitaalisessa ymp\u00e4rist\u00f6ss\u00e4 3D-visualisoinnilla on yh\u00e4 t\u00e4rke\u00e4mpi rooli verkossa. Teknologia tarjoaa yrityksille ja asiakkaille entist\u00e4 monipuolisemman ja kiinnostavamman kokemuksen, mik\u00e4 on ratkaisevan t\u00e4rke\u00e4\u00e4, jotta he pysyv\u00e4t markkinoilla k\u00e4rjess\u00e4. Seuraavassa on yleiskatsaus siihen, miksi 3D:st\u00e4 on niin paljon hy\u00f6ty\u00e4 verkossa, sek\u00e4 3D-visualisoinnin yleisiin k\u00e4ytt\u00f6tarkoituksiin ja erityisiin hy\u00f6tyihin.  <\/p>\n<\/div><\/div>\n\n\n\n<div class=\"wp-block-uagb-info-box uagb-block-1de365e1 uagb-infobox__content-wrap  uagb-infobox-icon-above-title uagb-infobox-image-valign-top wp-block-uagb-info-box--has-margin\"><div class=\"uagb-infobox-margin-wrapper\"><div class=\"uagb-ifb-content\"><div class=\"uagb-ifb-title-wrap\"><h2 class=\"uagb-ifb-title\">Miksi 3D verkossa on tulevaisuus<\/h2><\/div><\/div><\/div><\/div>\n\n\n\n<div class=\"wp-block-uagb-container uagb-layout-grid uagb-block-c7842b82\">\n<div class=\"wp-block-uagb-info-box uagb-block-8b0629f9 uagb-infobox__content-wrap  uagb-infobox-icon-above-title uagb-infobox-image-valign-top\"><div class=\"uagb-ifb-content\"><div class=\"uagb-ifb-title-wrap\"><h3 class=\"uagb-ifb-title\">Asiakaskokemuksen parantaminen<\/h3><\/div><p class=\"uagb-ifb-desc\">3D-visualisoinnit tarjoavat interaktiivisen ja dynaamisen k\u00e4ytt\u00e4j\u00e4kokemuksen, jota perinteiset kaksiulotteiset kuvat ja tekstit eiv\u00e4t pysty tarjoamaan.Asiakkaat voivat py\u00f6ritt\u00e4\u00e4, zoomata ja olla vuorovaikutuksessa tuotteen kanssa reaaliajassa, jolloin he saavat syvemm\u00e4n k\u00e4sityksen tuotteen ulkon\u00e4\u00f6st\u00e4, toiminnasta ja laadusta.T\u00e4m\u00e4 lis\u00e4\u00e4 asiakkaiden luottamusta ja voi johtaa nopeampiin ja tietoisempiin ostop\u00e4\u00e4t\u00f6ksiin.  <\/p><div class=\"uagb-ifb-separator\"><\/div><\/div><\/div>\n\n\n\n<div class=\"wp-block-uagb-info-box uagb-block-8d79e3a5 uagb-infobox__content-wrap  uagb-infobox-icon-above-title uagb-infobox-image-valign-top\"><div class=\"uagb-ifb-content\"><div class=\"uagb-ifb-title-wrap\"><h3 class=\"uagb-ifb-title\">Korkeampi muuntumisaste<\/h3><\/div><p class=\"uagb-ifb-desc\">Kun asiakkaat saavat tarkemman ja realistisemman kuvan tuotteesta, ostajan katumuksen ja virheellisten tilausten riski pienenee.T\u00e4m\u00e4 selkeys ja l\u00e4pin\u00e4kyvyys voi johtaa korkeampiin konversiolukuihin, kun asiakkaat tuntevat olonsa luottavaisemmaksi ostostensa suhteen.3D-visualisoinnit voivat my\u00f6s v\u00e4hent\u00e4\u00e4 palautuksia ja valituksia, koska asiakas tiet\u00e4\u00e4 tarkalleen, mit\u00e4 h\u00e4n on saamassa.  <\/p><div class=\"uagb-ifb-separator\"><\/div><\/div><\/div>\n\n\n\n<div class=\"wp-block-uagb-info-box uagb-block-cba06e60 uagb-infobox__content-wrap  uagb-infobox-icon-above-title uagb-infobox-image-valign-top\"><div class=\"uagb-ifb-content\"><div class=\"uagb-ifb-title-wrap\"><h3 class=\"uagb-ifb-title\">Kilpailuetu<\/h3><\/div><p class=\"uagb-ifb-desc\">3D-visualisoinnin tarjoaminen verkossa voi erottaa yrityksen kilpailijoistaan.Se osoittaa, ett\u00e4 yritys on teknologian eturintamassa ja sitoutunut tarjoamaan parhaan mahdollisen asiakaskokemuksen.T\u00e4m\u00e4 voi olla ratkaiseva tekij\u00e4, kun asiakas p\u00e4\u00e4tt\u00e4\u00e4 valita tuotemerkkisi toisen sijaan.  <\/p><\/div><\/div>\n\n\n\n<div class=\"wp-block-uagb-info-box uagb-block-1eb12d96 uagb-infobox__content-wrap  uagb-infobox-icon-above-title uagb-infobox-image-valign-top\"><div class=\"uagb-ifb-content\"><div class=\"uagb-ifb-title-wrap\"><h3 class=\"uagb-ifb-title\">Parempi markkinointi<\/h3><\/div><p class=\"uagb-ifb-desc\">Markkinointimateriaaleissa voidaan k\u00e4ytt\u00e4\u00e4 3D-visualisointeja, jotta kampanjoista saadaan kiinnostavampia ja mieleenpainuvampia.Niit\u00e4 voidaan k\u00e4ytt\u00e4\u00e4 sosiaalisessa mediassa, mainoksissa ja muilla digitaalisilla alustoilla asiakkaiden huomion her\u00e4tt\u00e4miseksi ja tuotteiden esittelemiseksi houkuttelevammalla tavalla. <\/p><\/div><\/div>\n<\/div>\n\n\n\n<figure class=\"wp-block-image alignfull size-large\"><img decoding=\"async\" width=\"1024\" height=\"640\" src=\"https:\/\/konfigurator.nu\/wp-content\/uploads\/2024\/07\/Macbook_iPad_iPhone-Mockup-Mall_Ewellix-1024x640.png\" alt=\"Web\" class=\"wp-image-4060\" srcset=\"https:\/\/konfigurator.nu\/wp-content\/uploads\/2024\/07\/Macbook_iPad_iPhone-Mockup-Mall_Ewellix-1024x640.png 1024w, https:\/\/konfigurator.nu\/wp-content\/uploads\/2024\/07\/Macbook_iPad_iPhone-Mockup-Mall_Ewellix-300x188.png 300w, https:\/\/konfigurator.nu\/wp-content\/uploads\/2024\/07\/Macbook_iPad_iPhone-Mockup-Mall_Ewellix-768x480.png 768w, https:\/\/konfigurator.nu\/wp-content\/uploads\/2024\/07\/Macbook_iPad_iPhone-Mockup-Mall_Ewellix-1536x960.png 1536w, https:\/\/konfigurator.nu\/wp-content\/uploads\/2024\/07\/Macbook_iPad_iPhone-Mockup-Mall_Ewellix-2048x1280.png 2048w\" sizes=\"(max-width: 1024px) 100vw, 1024px\" \/><\/figure>\n\n\n\n<div class=\"wp-block-uagb-info-box uagb-block-f5f5fdc4 uagb-infobox__content-wrap  uagb-infobox-icon-above-title uagb-infobox-image-valign-top\"><div class=\"uagb-ifb-content\"><div class=\"uagb-ifb-title-wrap\"><h2 class=\"uagb-ifb-title\">Yhteiset k\u00e4ytt\u00f6alueet<\/h2><\/div><\/div><\/div>\n\n\n\n<div class=\"wp-block-uagb-container uagb-layout-grid uagb-block-b1a6a8d0\">\n<div class=\"wp-block-uagb-info-box uagb-block-b45c349d uagb-infobox__content-wrap  uagb-infobox-icon-above-title uagb-infobox-image-valign-top\"><div class=\"uagb-ifb-content\"><div class=\"uagb-ifb-title-wrap\"><h3 class=\"uagb-ifb-title\">S\u00e4hk\u00f6inen kaupank\u00e4ynti<\/h3><\/div><p class=\"uagb-ifb-desc\">S\u00e4hk\u00f6isess\u00e4 kaupank\u00e4ynniss\u00e4 3D-visualisointeja k\u00e4ytet\u00e4\u00e4n tuotteiden esittelyn tehostamiseen.Asiakkaat voivat n\u00e4hd\u00e4 yksityiskohtaisia 3D-malleja tuotteista, kuten vaatteista, huonekaluista, elektroniikasta ja koruista, mik\u00e4 auttaa heit\u00e4 tekem\u00e4\u00e4n parempia ostop\u00e4\u00e4t\u00f6ksi\u00e4. <\/p><div class=\"uagb-ifb-separator\"><\/div><\/div><\/div>\n\n\n\n<div class=\"wp-block-uagb-info-box uagb-block-1566ed18 uagb-infobox__content-wrap  uagb-infobox-icon-above-title uagb-infobox-image-valign-top\"><div class=\"uagb-ifb-content\"><div class=\"uagb-ifb-title-wrap\"><h3 class=\"uagb-ifb-title\">Autoteollisuus<\/h3><\/div><p class=\"uagb-ifb-desc\">Autonvalmistajat ja j\u00e4lleenmyyj\u00e4t k\u00e4ytt\u00e4v\u00e4t <a href=\"https:\/\/konfigurator.nu\/fi\/3d-konfiguraattori\/\" data-type=\"link\" data-id=\"https:\/\/konfigurator.nu\/fi\/3d-konfiguraattori\/\">3D-konfiguraattoreita<\/a>, joiden avulla asiakkaat voivat r\u00e4\u00e4t\u00e4l\u00f6id\u00e4 ja visualisoida autoja verkossa.Asiakkaat voivat valita v\u00e4rit, vanteet, sisustusmateriaalit ja lis\u00e4varusteet ja n\u00e4hd\u00e4, miten heid\u00e4n valintansa vaikuttavat auton ulkon\u00e4k\u00f6\u00f6n ja toimintaan. <\/p><div class=\"uagb-ifb-separator\"><\/div><\/div><\/div>\n\n\n\n<div class=\"wp-block-uagb-info-box uagb-block-653e03ed uagb-infobox__content-wrap  uagb-infobox-icon-above-title uagb-infobox-image-valign-top\"><div class=\"uagb-ifb-content\"><div class=\"uagb-ifb-title-wrap\"><h3 class=\"uagb-ifb-title\">Muoti ja muotoilu<\/h3><\/div><p class=\"uagb-ifb-desc\">Muotiteollisuudessa 3D-visualisointeja k\u00e4ytet\u00e4\u00e4n n\u00e4ytt\u00e4m\u00e4\u00e4n vaatteita ja asusteita malleilla tai osana virtuaalista catwalkia.N\u00e4in asiakkaat saavat paremman k\u00e4sityksen siit\u00e4, milt\u00e4 vaatteet n\u00e4ytt\u00e4v\u00e4t ja miten ne istuvat oikealle ihmiselle. <\/p><\/div><\/div>\n\n\n\n<div class=\"wp-block-uagb-info-box uagb-block-43797ea1 uagb-infobox__content-wrap  uagb-infobox-icon-above-title uagb-infobox-image-valign-top\"><div class=\"uagb-ifb-content\"><div class=\"uagb-ifb-title-wrap\"><h3 class=\"uagb-ifb-title\">Huonekalut ja sisustus<\/h3><\/div><p class=\"uagb-ifb-desc\">Huonekalu- ja sisustussuunnittelussa k\u00e4ytet\u00e4\u00e4n 3D-visualisointeja n\u00e4ytt\u00e4m\u00e4\u00e4n, milt\u00e4 huonekalut ja kalusteet n\u00e4ytt\u00e4v\u00e4t eri ymp\u00e4rist\u00f6iss\u00e4.Asiakkaat voivat n\u00e4hd\u00e4, miten eri huonekalut sopivat yhteen huoneessa, s\u00e4\u00e4t\u00e4\u00e4 v\u00e4rej\u00e4, materiaaleja ja sijoittelua saadakseen paremman k\u00e4sityksen lopputuloksesta ennen ostop\u00e4\u00e4t\u00f6st\u00e4. <\/p><\/div><\/div>\n<\/div>\n\n\n\n<div class=\"wp-block-uagb-separator uagb-block-0fe696ca\"><div class=\"uagb-separator-spacing-wrapper\"><div class=\"wp-block-uagb-separator__inner\" style=\"--my-background-image:\"><\/div><\/div><\/div>\n\n\n\n<div class=\"wp-block-uagb-info-box uagb-block-376ade61 uagb-infobox__content-wrap  uagb-infobox-icon-above-title uagb-infobox-image-valign-top\"><div class=\"uagb-ifb-content\"><div class=\"uagb-ifb-title-wrap\"><h2 class=\"uagb-ifb-title\">Kokeile erilaisia 3D-kokemuksia verkossa<\/h2><\/div><\/div><\/div>\n<\/div><\/div>\n\n\n\n<div class=\"wp-block-media-text is-stacked-on-mobile\" style=\"padding-top:0;padding-bottom:var(--wp--preset--spacing--40)\"><figure class=\"wp-block-media-text__media\"><img decoding=\"async\" width=\"800\" height=\"450\" src=\"https:\/\/konfigurator.nu\/wp-content\/uploads\/2024\/09\/Elfa-GIF.gif\" alt=\"Verkossa\" class=\"wp-image-4061 size-full\"\/><\/figure><div class=\"wp-block-media-text__content\">\n<p class=\"has-medium-font-size\">Fj\u00e4llr\u00e4ven &#8221;K\u00e5nken Me&#8221; 3D-konfiguraattori: <a href=\"https:\/\/www.fjallraven.com\/se\/sv-se\/vaskor-utrustning\/kanken\/kanken-ryggsackar\/kanken-me\/?v=F23520::7323450746926\" target=\"_blank\" rel=\"noopener\">LINKKI<\/a><\/p>\n\n\n\n<p class=\"has-medium-font-size\">Ewellix Virtual 3D Showroom: <a href=\"https:\/\/virtual-showroom.ewellix.com\/\" target=\"_blank\" rel=\"noopener\">LINKKI<\/a><\/p>\n\n\n\n<p class=\"has-medium-font-size\">ELFA &#8221;Planner&#8221; 3D-rakentaja: <a href=\"https:\/\/elfa.com\/sv-se\/planering\" target=\"_blank\" rel=\"noopener\">LINKKI<\/a><\/p>\n\n\n\n<p class=\"has-medium-font-size\">Digitaalinen 3D-kaksoiskuva eritt\u00e4in korkealla laadulla: <a href=\"https:\/\/watch.animech.com\/\" target=\"_blank\" rel=\"noopener\">LINK<\/a><\/p>\n<\/div><\/div>\n\n\n\n<p><\/p>\n","protected":false},"excerpt":{"rendered":"<p>3D verkossa 3D:n edut verkossa Nykyp\u00e4iv\u00e4n nopeasti kehittyv\u00e4ss\u00e4 digitaalisessa ymp\u00e4rist\u00f6ss\u00e4 3D-visualisoinnilla on yh\u00e4 t\u00e4rke\u00e4mpi rooli verkossa. Teknologia tarjoaa yrityksille ja asiakkaille entist\u00e4 monipuolisemman ja kiinnostavamman kokemuksen, mik\u00e4 on ratkaisevan t\u00e4rke\u00e4\u00e4, jotta he pysyv\u00e4t markkinoilla k\u00e4rjess\u00e4. Seuraavassa on yleiskatsaus siihen, miksi 3D:st\u00e4 on niin paljon hy\u00f6ty\u00e4 verkossa, sek\u00e4 3D-visualisoinnin yleisiin k\u00e4ytt\u00f6tarkoituksiin ja erityisiin hy\u00f6tyihin. Fj\u00e4llr\u00e4ven &#8221;K\u00e5nken [&hellip;]<\/p>\n","protected":false},"author":2,"featured_media":0,"parent":0,"menu_order":0,"comment_status":"closed","ping_status":"closed","template":"","meta":{"_uag_custom_page_level_css":"","site-sidebar-layout":"no-sidebar","site-content-layout":"plain-container","ast-site-content-layout":"normal-width-container","site-content-style":"unboxed","site-sidebar-style":"unboxed","ast-global-header-display":"","ast-banner-title-visibility":"","ast-main-header-display":"","ast-hfb-above-header-display":"","ast-hfb-below-header-display":"","ast-hfb-mobile-header-display":"","site-post-title":"disabled","ast-breadcrumbs-content":"","ast-featured-img":"disabled","footer-sml-layout":"","ast-disable-related-posts":"","theme-transparent-header-meta":"enabled","adv-header-id-meta":"","stick-header-meta":"","header-above-stick-meta":"","header-main-stick-meta":"","header-below-stick-meta":"","astra-migrate-meta-layouts":"set","ast-page-background-enabled":"default","ast-page-background-meta":{"desktop":{"background-color":"","background-image":"","background-repeat":"repeat","background-position":"center center","background-size":"auto","background-attachment":"scroll","background-type":"","background-media":"","overlay-type":"","overlay-color":"","overlay-opacity":"","overlay-gradient":""},"tablet":{"background-color":"","background-image":"","background-repeat":"repeat","background-position":"center center","background-size":"auto","background-attachment":"scroll","background-type":"","background-media":"","overlay-type":"","overlay-color":"","overlay-opacity":"","overlay-gradient":""},"mobile":{"background-color":"","background-image":"","background-repeat":"repeat","background-position":"center center","background-size":"auto","background-attachment":"scroll","background-type":"","background-media":"","overlay-type":"","overlay-color":"","overlay-opacity":"","overlay-gradient":""}},"ast-content-background-meta":{"desktop":{"background-color":"var(--ast-global-color-5)","background-image":"","background-repeat":"repeat","background-position":"center center","background-size":"auto","background-attachment":"scroll","background-type":"","background-media":"","overlay-type":"","overlay-color":"","overlay-opacity":"","overlay-gradient":""},"tablet":{"background-color":"var(--ast-global-color-5)","background-image":"","background-repeat":"repeat","background-position":"center center","background-size":"auto","background-attachment":"scroll","background-type":"","background-media":"","overlay-type":"","overlay-color":"","overlay-opacity":"","overlay-gradient":""},"mobile":{"background-color":"var(--ast-global-color-5)","background-image":"","background-repeat":"repeat","background-position":"center center","background-size":"auto","background-attachment":"scroll","background-type":"","background-media":"","overlay-type":"","overlay-color":"","overlay-opacity":"","overlay-gradient":""}},"footnotes":""},"class_list":["post-3384","page","type-page","status-publish","hentry"],"uagb_featured_image_src":{"full":false,"thumbnail":false,"medium":false,"medium_large":false,"large":false,"1536x1536":false,"2048x2048":false},"uagb_author_info":{"display_name":"Staffan Hagberg","author_link":"https:\/\/konfigurator.nu\/fi\/author\/staffan_konfigurator-nu\/"},"uagb_comment_info":0,"uagb_excerpt":"3D verkossa 3D:n edut verkossa Nykyp\u00e4iv\u00e4n nopeasti kehittyv\u00e4ss\u00e4 digitaalisessa ymp\u00e4rist\u00f6ss\u00e4 3D-visualisoinnilla on yh\u00e4 t\u00e4rke\u00e4mpi rooli verkossa. Teknologia tarjoaa yrityksille ja asiakkaille entist\u00e4 monipuolisemman ja kiinnostavamman kokemuksen, mik\u00e4 on ratkaisevan t\u00e4rke\u00e4\u00e4, jotta he pysyv\u00e4t markkinoilla k\u00e4rjess\u00e4. Seuraavassa on yleiskatsaus siihen, miksi 3D:st\u00e4 on niin paljon hy\u00f6ty\u00e4 verkossa, sek\u00e4 3D-visualisoinnin yleisiin k\u00e4ytt\u00f6tarkoituksiin ja erityisiin hy\u00f6tyihin. Fj\u00e4llr\u00e4ven &#8221;K\u00e5nken&hellip;","_links":{"self":[{"href":"https:\/\/konfigurator.nu\/fi\/wp-json\/wp\/v2\/pages\/3384","targetHints":{"allow":["GET"]}}],"collection":[{"href":"https:\/\/konfigurator.nu\/fi\/wp-json\/wp\/v2\/pages"}],"about":[{"href":"https:\/\/konfigurator.nu\/fi\/wp-json\/wp\/v2\/types\/page"}],"author":[{"embeddable":true,"href":"https:\/\/konfigurator.nu\/fi\/wp-json\/wp\/v2\/users\/2"}],"replies":[{"embeddable":true,"href":"https:\/\/konfigurator.nu\/fi\/wp-json\/wp\/v2\/comments?post=3384"}],"version-history":[{"count":5,"href":"https:\/\/konfigurator.nu\/fi\/wp-json\/wp\/v2\/pages\/3384\/revisions"}],"predecessor-version":[{"id":4383,"href":"https:\/\/konfigurator.nu\/fi\/wp-json\/wp\/v2\/pages\/3384\/revisions\/4383"}],"wp:attachment":[{"href":"https:\/\/konfigurator.nu\/fi\/wp-json\/wp\/v2\/media?parent=3384"}],"curies":[{"name":"wp","href":"https:\/\/api.w.org\/{rel}","templated":true}]}}