{"id":3415,"date":"2024-06-10T11:36:47","date_gmt":"2024-06-10T09:36:47","guid":{"rendered":"https:\/\/konfigurator.nu\/konfiguraattorit\/"},"modified":"2026-04-13T15:15:20","modified_gmt":"2026-04-13T13:15:20","slug":"konfiguraattorit","status":"publish","type":"page","link":"https:\/\/konfigurator.nu\/fi\/konfiguraattorit\/","title":{"rendered":"Konfiguraattorit"},"content":{"rendered":"\n<div class=\"wp-block-uagb-container uagb-block-7154df4d alignfull uagb-is-root-container\"><div class=\"uagb-container__video-wrap\"><video autoplay loop muted playsinline><source src=\"https:\/\/konfigurator.nu\/wp-content\/uploads\/2024\/07\/6454963_Animation_Data-Processing_1920x1080.mp4\" type=\"video\/mp4\"\/><\/video><\/div><div class=\"uagb-container-inner-blocks-wrap\">\n<div class=\"wp-block-uagb-advanced-heading uagb-block-c0791479\"><h1 class=\"uagb-heading-text\">Konfiguraattorit<\/h1><\/div>\n<\/div><\/div>\n\n\n\n<p><\/p>\n\n\n\n<p>Konfiguraattoreita on erityyppisi\u00e4, ja jokaisella on omat etunsa ja haittansa.\nT\u00e4ss\u00e4 jaksossa kuvataan erityyppisi\u00e4 konfiguraattoreita ja niiden toimintaa sek\u00e4 annetaan esimerkkej\u00e4 eri toimialoilta ja sovelluksista.\nSelitykset ovat hieman yksinkertaistettuja perusymm\u00e4rryksen aikaansaamiseksi, sill\u00e4 konfiguraattorit ovat usein sekoitus erityyppisi\u00e4 ratkaisuja, ja niit\u00e4 voidaan r\u00e4\u00e4t\u00e4l\u00f6id\u00e4 erityistarpeiden ja -monimutkaisuuksien mukaan.\nT\u00e4m\u00e4 on kuitenkin johdanto erilaisiin tapoihin puuttua konfiguraatio-ongelmaan, mik\u00e4 voi auttaa yrityksi\u00e4 ja yksityishenkil\u00f6it\u00e4 valitsemaan oikean ty\u00f6kalun omaan tilanteeseensa.   <\/p>\n\n\n\n<p><strong>T\u00e4ss\u00e4 kuvataan seuraavat konfiguraattorityypit:<\/strong><\/p>\n\n\n\n<div class=\"wp-block-uagb-info-box uagb-block-86bf9543 uagb-infobox__content-wrap  uagb-infobox-icon-above-title uagb-infobox-image-valign-top\"><div class=\"uagb-ifb-content\"><div class=\"uagb-ifb-image-content\"><img decoding=\"async\" src=\"https:\/\/konfigurator.nu\/wp-content\/uploads\/2024\/07\/Cytiva_ipad.png\" alt=\"Tietoa\" width=\"\" height=\"0\" loading=\"lazy\"\/><\/div><div class=\"uagb-ifb-title-wrap\"><h4 class=\"uagb-ifb-title\">Jatkuva konfiguraattori<\/h4><\/div><p class=\"uagb-ifb-desc\">Per\u00e4kk\u00e4inen konfiguraattori ohjaa k\u00e4ytt\u00e4j\u00e4\u00e4 ennalta m\u00e4\u00e4r\u00e4ttyjen vaiheiden l\u00e4pi, ja jokainen vaihe perustuu edelliseen.\nK\u00e4ytt\u00e4j\u00e4 tekee valintoja tietyss\u00e4 j\u00e4rjestyksess\u00e4, ja n\u00e4m\u00e4 valinnat vaikuttavat seuraavissa vaiheissa k\u00e4ytett\u00e4viss\u00e4 oleviin vaihtoehtoihin.\nT\u00e4m\u00e4ntyyppiset konfiguraattorit ovat yleisi\u00e4 autoteollisuudessa, tietokoneiden rakentamisessa ja vastaavilla aloilla, joilla valinnoilla on selke\u00e4 ja looginen j\u00e4rjestys.\nMenetelm\u00e4n etuna on, ett\u00e4 se on k\u00e4ytt\u00e4j\u00e4lle yksinkertainen ja intuitiivinen ja ett\u00e4 se v\u00e4hent\u00e4\u00e4 yhteensopimattomien valintojen tekemisen riski\u00e4.   <br><br><br><br>E<strong>dut<\/strong> Helppo luoda &#8211; intuitiivinen Ei tarvita lis\u00e4ohjelmia<br><br><br><br><br>H<strong>aitat<\/strong> K\u00e4ytt\u00e4j\u00e4n on vastattava kysymyksiin tietyss\u00e4 j\u00e4rjestyksess\u00e4 Ristiriitojen ratkaiseminen k\u00e4ytt\u00e4j\u00e4lle on vaikeaa Tietojen muutokset edellytt\u00e4v\u00e4t muutoksia konfiguraattorin koodiin.\n<br>Ohjelmoijan on yleens\u00e4 teht\u00e4v\u00e4 muutokset Logiikan yll\u00e4pito on hyvin aikaa viev\u00e4\u00e4. <\/p><\/div><\/div>\n\n\n\n<div class=\"wp-block-uagb-separator uagb-block-eec44656\"><div class=\"uagb-separator-spacing-wrapper\"><div class=\"wp-block-uagb-separator__inner\" style=\"--my-background-image:\"><\/div><\/div><\/div>\n\n\n\n<div class=\"wp-block-uagb-info-box uagb-block-7799c1a1 uagb-infobox__content-wrap  uagb-infobox-icon-above-title uagb-infobox-image-valign-top\"><div class=\"uagb-ifb-content\"><div class=\"uagb-ifb-image-content\"><img decoding=\"async\" src=\"https:\/\/konfigurator.nu\/wp-content\/uploads\/2024\/07\/cibes1-scaled.webp\" alt=\"\" width=\"\" height=\"0\" loading=\"lazy\"\/><\/div><div class=\"uagb-ifb-title-wrap\"><h4 class=\"uagb-ifb-title\">Suhteisiin perustuva konfiguraattori<\/h4><\/div><p class=\"uagb-ifb-desc\">Relationaalinen konfiguraattori k\u00e4ytt\u00e4\u00e4 logiikkaa ja s\u00e4\u00e4nt\u00f6j\u00e4 eri komponenttien tai valintojen v\u00e4listen monimutkaisten suhteiden hallintaan.<br>T\u00e4m\u00e4n ansiosta se on eritt\u00e4in joustava ja pystyy k\u00e4sittelem\u00e4\u00e4n tuotteita tai palveluja, joissa on monia riippuvuuksia.<br>Esimerkiksi tietyn moottorin valinta koneen konfiguraattorissa voi vaikuttaa siihen, mitk\u00e4 muut komponentit ovat yhteensopivia.<br>T\u00e4m\u00e4 l\u00e4hestymistapa on erityisen hy\u00f6dyllinen teollisessa valmistuksessa ja ohjelmistojen konfiguroinnissa, jossa monimutkaisia riippuvuuksia on hallittava huolellisesti.   <br><br><br><br>E<strong>dut<\/strong> Helppo luoda &#8211; ei vaadi ohjelmointitaitoja Intuitiiviset yhteydet<br><br><br><br><br>H<strong>aitat<\/strong> Taulukko kasvaa rajusti jokaisen uuden komponentin lis\u00e4\u00e4misen my\u00f6t\u00e4 Yll\u00e4pidosta voi tulla painajainen tietokannan kasvaessa Jos komponenttien yhteensopivuusehdot muuttuvat, konfiguraattori on periaatteessa teht\u00e4v\u00e4 uudelleen.<br>OK\/Ei OK ei kerro, mik\u00e4 oikeastaan tekee komponenteista yhteensopivia.<\/p><\/div><\/div>\n\n\n\n<figure class=\"wp-block-table is-style-regular\"><table class=\"has-light-green-cyan-background-color has-background has-fixed-layout\" style=\"border-width:1px\"><tbody><tr><td><\/td><td class=\"has-text-align-center\" data-align=\"center\"><strong>Kone A<\/strong><\/td><td class=\"has-text-align-center\" data-align=\"center\"><strong>Kone B<\/strong><\/td><td class=\"has-text-align-center\" data-align=\"center\"><strong>Kone C<\/strong><\/td><td class=\"has-text-align-center\" data-align=\"center\"><strong>Kone D<\/strong><\/td><\/tr><tr><td><strong>Comp X<\/strong><\/td><td class=\"has-text-align-center\" data-align=\"center\">EJ OK<\/td><td class=\"has-text-align-center\" data-align=\"center\">OK<\/td><td class=\"has-text-align-center\" data-align=\"center\">OK<\/td><td class=\"has-text-align-center\" data-align=\"center\">OK<\/td><\/tr><tr><td><strong>Comp Y<\/strong><\/td><td class=\"has-text-align-center\" data-align=\"center\">EJ OK<\/td><td class=\"has-text-align-center\" data-align=\"center\">EJ OK<\/td><td class=\"has-text-align-center\" data-align=\"center\">EJ OK<\/td><td class=\"has-text-align-center\" data-align=\"center\">OK<\/td><\/tr><tr><td><strong>Comp Z<\/strong><\/td><td class=\"has-text-align-center\" data-align=\"center\">EJ OK<\/td><td class=\"has-text-align-center\" data-align=\"center\">OK<\/td><td class=\"has-text-align-center\" data-align=\"center\">EJ OK<\/td><td class=\"has-text-align-center\" data-align=\"center\">OK<\/td><\/tr><tr><td><strong>Comp W<\/strong><\/td><td class=\"has-text-align-center\" data-align=\"center\">OK<\/td><td class=\"has-text-align-center\" data-align=\"center\">EJ OK<\/td><td class=\"has-text-align-center\" data-align=\"center\">OK<\/td><td class=\"has-text-align-center\" data-align=\"center\">OK<\/td><\/tr><\/tbody><\/table><\/figure>\n\n\n\n<div class=\"wp-block-uagb-separator uagb-block-56925262\"><div class=\"uagb-separator-spacing-wrapper\"><div class=\"wp-block-uagb-separator__inner\" style=\"--my-background-image:\"><\/div><\/div><\/div>\n\n\n\n<div class=\"wp-block-uagb-info-box uagb-block-ace10fa5 uagb-infobox__content-wrap  uagb-infobox-icon-above-title uagb-infobox-image-valign-top\"><div class=\"uagb-ifb-content\"><div class=\"uagb-ifb-image-content\"><img decoding=\"async\" src=\"https:\/\/konfigurator.nu\/wp-content\/uploads\/2024\/07\/excel1.png\" alt=\"Konfiguraattorit\" width=\"\" height=\"0\" loading=\"lazy\"\/><\/div><div class=\"uagb-ifb-title-wrap\"><h4 class=\"uagb-ifb-title\">Excel-konfiguraattori<\/h4><\/div><p class=\"uagb-ifb-desc\">Excel-<a href=\"https:\/\/animech.com\/en\/animech-platform\/\" data-type=\"link\" data-id=\"https:\/\/animech.com\/en\/animech-platform\/\" target=\"_blank\" rel=\"noopener\">konfiguraattori <\/a>on yksinkertaisempi ja usein helpommin saatavilla oleva ratkaisu, jossa k\u00e4ytet\u00e4\u00e4n Microsoft Exceli\u00e4 konfigurointiprosessien luomiseen ja hallintaan.<br>Hy\u00f6dynt\u00e4m\u00e4ll\u00e4 Excelin kaavoja, makroja ja tietojen validointia yritykset voivat luoda r\u00e4\u00e4t\u00e4l\u00f6ityj\u00e4 ratkaisuja tuotekonfigurointiin, projektinhallintaan ja muuhun.<br>T\u00e4m\u00e4 on kustannustehokas l\u00e4hestymistapa, joka on helppo toteuttaa ja mukauttaa, erityisesti pienemmille yrityksille tai <a href=\"https:\/\/konfigurator.nu\/fi\/tuotekonfiguraattori\/\" data-type=\"link\" data-id=\"https:\/\/konfigurator.nu\/fi\/tuotekonfiguraattori\/\">projekteille, jotka eiv\u00e4t vaadi kehittyneit\u00e4 konfigurointij\u00e4rjestelmi\u00e4.<br><\/a><br><br><br><br>E<strong>dut<\/strong> Ei tarvitse ostaa uusia ohjelmistoja (yleens\u00e4) Tiet\u00e4mys on usein talon sis\u00e4ll\u00e4 Ymp\u00e4rist\u00f6 on useimmille k\u00e4ytt\u00e4jille tuttu.<br><br><br><br><br>H<strong>aitat<\/strong> Usein hankala yll\u00e4pit\u00e4\u00e4 Usein hankala k\u00e4ytt\u00e4j\u00e4lle Ei voida (helposti) linkitt\u00e4\u00e4 verkkoon.<\/p><\/div><\/div>\n\n\n\n<div class=\"wp-block-uagb-separator uagb-block-afe58e57\"><div class=\"uagb-separator-spacing-wrapper\"><div class=\"wp-block-uagb-separator__inner\" style=\"--my-background-image:\"><\/div><\/div><\/div>\n\n\n\n<div class=\"wp-block-uagb-info-box uagb-block-6c8ab49b uagb-infobox__content-wrap  uagb-infobox-icon-above-title uagb-infobox-image-valign-top\"><div class=\"uagb-ifb-content\"><div class=\"uagb-ifb-image-content\"><img decoding=\"async\" src=\"https:\/\/konfigurator.nu\/wp-content\/uploads\/2024\/07\/multi_nobackground.png\" alt=\"https:\/\/animech.com\/en\/animech-platform\/\" width=\"\" height=\"0\" loading=\"lazy\"\/><\/div><div class=\"uagb-ifb-title-wrap\"><h4 class=\"uagb-ifb-title\">Tietokannan konfiguraattori<\/h4><\/div><p class=\"uagb-ifb-desc\">Tietokantakonfiguraattori k\u00e4ytt\u00e4\u00e4 tietokantaa tuotteiden tai palvelujen kaikkien mahdollisten vaihtoehtojen ja yhdistelmien hallintaan ja tallentamiseen.<br>T\u00e4m\u00e4ntyyppinen konfiguraattori on usein integroitu yrityksen ERP- tai CRM-j\u00e4rjestelm\u00e4\u00e4n, ja sit\u00e4 k\u00e4ytet\u00e4\u00e4n suurten tietom\u00e4\u00e4rien ja monimutkaisten tuoterakenteiden hallintaan.<br>Tietokantakonfiguraattorit ovat tehokkaita ja skaalautuvia ratkaisuja, jotka pystyv\u00e4t k\u00e4sittelem\u00e4\u00e4n laajoja ja yksityiskohtaisia tuoteluetteloita, joten ne sopivat erinomaisesti s\u00e4hk\u00f6isen kaupank\u00e4ynnin alustoihin ja teollisiin sovelluksiin.  <br><br><br><br>E<strong>dut<\/strong>Suhteellisen tehokas K\u00e4ytt\u00e4j\u00e4 voi vastata kysymyksiin haluamassaan j\u00e4rjestyksess\u00e4.<br><br><br><br><br>M<strong>iinukset<\/strong> Saatat joutua tilanteeseen, jossa konfiguraattori ei l\u00f6yd\u00e4 ratkaisua (kun olet vastannut kymmeniin kysymyksiin) Yll\u00e4pidon raskaus J\u00e4rjestelm\u00e4 hidastuu, mit\u00e4 enemm\u00e4n tietoa tietokannassa on.<\/p><\/div><\/div>\n\n\n\n<figure class=\"wp-block-table is-style-regular\"><table class=\"has-pale-cyan-blue-background-color has-background has-fixed-layout\" style=\"border-width:1px\"><tbody><tr><td><\/td><td class=\"has-text-align-center\" data-align=\"center\"><strong>N\u00e4yt\u00f6n n\u00e4ytt\u00f6<\/strong><\/td><td class=\"has-text-align-center\" data-align=\"center\"><strong>Prosessori<\/strong><\/td><td class=\"has-text-align-center\" data-align=\"center\"><strong>Muisti<\/strong><\/td><\/tr><tr><td><strong>Ratkaisu 1<\/strong><\/td><td class=\"has-text-align-center\" data-align=\"center\">14&#8243;, 15&#8243;<\/td><td class=\"has-text-align-center\" data-align=\"center\">1,3 GHz, 1,4 GHz<\/td><td class=\"has-text-align-center\" data-align=\"center\">256 MB, 512 MB<\/td><\/tr><tr><td><strong>Ratkaisu 2<\/strong><\/td><td class=\"has-text-align-center\" data-align=\"center\">15&#8243;<\/td><td class=\"has-text-align-center\" data-align=\"center\">1,5 GHz<\/td><td class=\"has-text-align-center\" data-align=\"center\">1024 MT<\/td><\/tr><tr><td><strong>Ratkaisu 3<\/strong><\/td><td class=\"has-text-align-center\" data-align=\"center\">14&#8243;, 17&#8243;<\/td><td class=\"has-text-align-center\" data-align=\"center\">1,3 GHz, 1,5 GHz<\/td><td class=\"has-text-align-center\" data-align=\"center\">512 MB, 1024 MB<\/td><\/tr><\/tbody><\/table><\/figure>\n","protected":false},"excerpt":{"rendered":"<p>Konfiguraattorit Konfiguraattoreita on erityyppisi\u00e4, ja jokaisella on omat etunsa ja haittansa. T\u00e4ss\u00e4 jaksossa kuvataan erityyppisi\u00e4 konfiguraattoreita ja niiden toimintaa sek\u00e4 annetaan esimerkkej\u00e4 eri toimialoilta ja sovelluksista. Selitykset ovat hieman yksinkertaistettuja perusymm\u00e4rryksen aikaansaamiseksi, sill\u00e4 konfiguraattorit ovat usein sekoitus erityyppisi\u00e4 ratkaisuja, ja niit\u00e4 voidaan r\u00e4\u00e4t\u00e4l\u00f6id\u00e4 erityistarpeiden ja -monimutkaisuuksien mukaan. T\u00e4m\u00e4 on kuitenkin johdanto erilaisiin tapoihin puuttua konfiguraatio-ongelmaan, [&hellip;]<\/p>\n","protected":false},"author":2,"featured_media":0,"parent":0,"menu_order":0,"comment_status":"closed","ping_status":"closed","template":"","meta":{"_uag_custom_page_level_css":"","site-sidebar-layout":"no-sidebar","site-content-layout":"plain-container","ast-site-content-layout":"normal-width-container","site-content-style":"unboxed","site-sidebar-style":"unboxed","ast-global-header-display":"","ast-banner-title-visibility":"","ast-main-header-display":"","ast-hfb-above-header-display":"","ast-hfb-below-header-display":"","ast-hfb-mobile-header-display":"","site-post-title":"disabled","ast-breadcrumbs-content":"","ast-featured-img":"disabled","footer-sml-layout":"","ast-disable-related-posts":"","theme-transparent-header-meta":"enabled","adv-header-id-meta":"","stick-header-meta":"","header-above-stick-meta":"","header-main-stick-meta":"","header-below-stick-meta":"","astra-migrate-meta-layouts":"set","ast-page-background-enabled":"default","ast-page-background-meta":{"desktop":{"background-color":"","background-image":"","background-repeat":"repeat","background-position":"center center","background-size":"auto","background-attachment":"scroll","background-type":"","background-media":"","overlay-type":"","overlay-color":"","overlay-opacity":"","overlay-gradient":""},"tablet":{"background-color":"","background-image":"","background-repeat":"repeat","background-position":"center center","background-size":"auto","background-attachment":"scroll","background-type":"","background-media":"","overlay-type":"","overlay-color":"","overlay-opacity":"","overlay-gradient":""},"mobile":{"background-color":"","background-image":"","background-repeat":"repeat","background-position":"center center","background-size":"auto","background-attachment":"scroll","background-type":"","background-media":"","overlay-type":"","overlay-color":"","overlay-opacity":"","overlay-gradient":""}},"ast-content-background-meta":{"desktop":{"background-color":"var(--ast-global-color-5)","background-image":"","background-repeat":"repeat","background-position":"center center","background-size":"auto","background-attachment":"scroll","background-type":"","background-media":"","overlay-type":"","overlay-color":"","overlay-opacity":"","overlay-gradient":""},"tablet":{"background-color":"var(--ast-global-color-5)","background-image":"","background-repeat":"repeat","background-position":"center center","background-size":"auto","background-attachment":"scroll","background-type":"","background-media":"","overlay-type":"","overlay-color":"","overlay-opacity":"","overlay-gradient":""},"mobile":{"background-color":"var(--ast-global-color-5)","background-image":"","background-repeat":"repeat","background-position":"center center","background-size":"auto","background-attachment":"scroll","background-type":"","background-media":"","overlay-type":"","overlay-color":"","overlay-opacity":"","overlay-gradient":""}},"footnotes":""},"class_list":["post-3415","page","type-page","status-publish","hentry"],"uagb_featured_image_src":{"full":false,"thumbnail":false,"medium":false,"medium_large":false,"large":false,"1536x1536":false,"2048x2048":false},"uagb_author_info":{"display_name":"Staffan Hagberg","author_link":"https:\/\/konfigurator.nu\/fi\/author\/staffan_konfigurator-nu\/"},"uagb_comment_info":0,"uagb_excerpt":"Konfiguraattorit Konfiguraattoreita on erityyppisi\u00e4, ja jokaisella on omat etunsa ja haittansa. T\u00e4ss\u00e4 jaksossa kuvataan erityyppisi\u00e4 konfiguraattoreita ja niiden toimintaa sek\u00e4 annetaan esimerkkej\u00e4 eri toimialoilta ja sovelluksista. Selitykset ovat hieman yksinkertaistettuja perusymm\u00e4rryksen aikaansaamiseksi, sill\u00e4 konfiguraattorit ovat usein sekoitus erityyppisi\u00e4 ratkaisuja, ja niit\u00e4 voidaan r\u00e4\u00e4t\u00e4l\u00f6id\u00e4 erityistarpeiden ja -monimutkaisuuksien mukaan. T\u00e4m\u00e4 on kuitenkin johdanto erilaisiin tapoihin puuttua konfiguraatio-ongelmaan,&hellip;","_links":{"self":[{"href":"https:\/\/konfigurator.nu\/fi\/wp-json\/wp\/v2\/pages\/3415","targetHints":{"allow":["GET"]}}],"collection":[{"href":"https:\/\/konfigurator.nu\/fi\/wp-json\/wp\/v2\/pages"}],"about":[{"href":"https:\/\/konfigurator.nu\/fi\/wp-json\/wp\/v2\/types\/page"}],"author":[{"embeddable":true,"href":"https:\/\/konfigurator.nu\/fi\/wp-json\/wp\/v2\/users\/2"}],"replies":[{"embeddable":true,"href":"https:\/\/konfigurator.nu\/fi\/wp-json\/wp\/v2\/comments?post=3415"}],"version-history":[{"count":4,"href":"https:\/\/konfigurator.nu\/fi\/wp-json\/wp\/v2\/pages\/3415\/revisions"}],"predecessor-version":[{"id":4393,"href":"https:\/\/konfigurator.nu\/fi\/wp-json\/wp\/v2\/pages\/3415\/revisions\/4393"}],"wp:attachment":[{"href":"https:\/\/konfigurator.nu\/fi\/wp-json\/wp\/v2\/media?parent=3415"}],"curies":[{"name":"wp","href":"https:\/\/api.w.org\/{rel}","templated":true}]}}