{"id":3472,"date":"2024-07-23T10:44:33","date_gmt":"2024-07-23T08:44:33","guid":{"rendered":"https:\/\/konfigurator.nu\/3d-konfiguraattori\/"},"modified":"2026-04-13T15:11:04","modified_gmt":"2026-04-13T13:11:04","slug":"3d-konfiguraattori","status":"publish","type":"page","link":"https:\/\/konfigurator.nu\/fi\/3d-konfiguraattori\/","title":{"rendered":"3D-konfiguraattori"},"content":{"rendered":"\n<div class=\"wp-block-uagb-container uagb-block-d6924da0 alignfull uagb-is-root-container\"><div class=\"uagb-container__video-wrap\"><video autoplay loop muted playsinline><source src=\"https:\/\/konfigurator.nu\/wp-content\/uploads\/2024\/09\/Car01_0000.mp4\" type=\"video\/mp4\"\/><\/video><\/div><div class=\"uagb-container-inner-blocks-wrap\">\n<div class=\"wp-block-uagb-advanced-heading uagb-block-efa76908\"><h1 class=\"uagb-heading-text\">3D-KONFIGURAATTORI<\/h1><\/div>\n<\/div><\/div>\n\n\n\n<div class=\"wp-block-uagb-container uagb-layout-grid uagb-block-24299646 alignfull uagb-is-root-container\"><div class=\"uagb-container-inner-blocks-wrap\">\n<div class=\"wp-block-uagb-info-box uagb-block-f02872bf uagb-infobox__content-wrap  uagb-infobox-icon-above-title uagb-infobox-image-valign-top\"><div class=\"uagb-ifb-content\"><div class=\"uagb-ifb-title-wrap\"><h3 class=\"uagb-ifb-title\">Konfigurointi 3D:ss\u00e4<\/h3><\/div><p class=\"uagb-ifb-desc\">Nykyp\u00e4iv\u00e4n digitaalisella aikakaudella <a href=\"https:\/\/animech.com\/en\/3d-configurator\/\" target=\"_blank\" rel=\"noopener\">3D-konfiguraattorit<\/a> ovat v\u00e4ltt\u00e4m\u00e4t\u00f6n osa nykyaikaista myynti- ja markkinointistrategiaa. N\u00e4m\u00e4 edistykselliset ty\u00f6kalut tarjoavat mullistavan kokemuksen sek\u00e4 yrityksille ett\u00e4 asiakkaille, ja niist\u00e4 tulee todenn\u00e4k\u00f6isesti tulevaisuudessa ratkaisevan t\u00e4rkeit\u00e4 potentiaalisten asiakkaiden tavoittamisessa. Yritykset, jotka eiv\u00e4t astu t\u00e4h\u00e4n maailmaan, ovat vaarassa j\u00e4\u00e4d\u00e4 j\u00e4lkeen ja menett\u00e4\u00e4 arvokkaita myyntimahdollisuuksia.  <br><br>Konfiguraattorit ovat ep\u00e4ilem\u00e4tt\u00e4 verkkokaupan ja digitaalisen myynnin tulevaisuus. Ne tarjoavat ainutlaatuisen ja mukaansatempaavan ostokokemuksen, jota on vaikea toistaa muilla alustoilla. Yritykset, jotka investoivat t\u00e4h\u00e4n teknologiaan, ovat hyvin varustautuneita vastaamaan yh\u00e4 digitalisoituneempien markkinoiden kasvaviin vaatimuksiin, kun taas yritykset, jotka eiv\u00e4t investoi, ovat vaarassa j\u00e4\u00e4d\u00e4 j\u00e4lkeen ja menett\u00e4\u00e4 mahdollisuuksia myyntiin ja kasvuun.  <\/p><\/div><\/div>\n\n\n\n<figure class=\"wp-block-image size-full\"><img fetchpriority=\"high\" decoding=\"async\" width=\"574\" height=\"400\" src=\"https:\/\/konfigurator.nu\/wp-content\/uploads\/2024\/07\/Showroom_SKF-Small-20-fps.gif\" alt=\"3D\" class=\"wp-image-4382\"\/><\/figure>\n<\/div><\/div>\n\n\n\n<div class=\"wp-block-uagb-container uagb-block-6be40f00 alignfull uagb-is-root-container\"><div class=\"uagb-container-inner-blocks-wrap\">\n<div class=\"wp-block-uagb-advanced-heading uagb-block-8e598847\"><h3 class=\"uagb-heading-text\">Toiminnallisuus ja k\u00e4ytt\u00f6tarkoitukset<\/h3><\/div>\n\n\n\n<div class=\"wp-block-uagb-container uagb-layout-grid uagb-block-2b8639e4\">\n<div class=\"wp-block-uagb-advanced-heading uagb-block-dda0e0fa\"><h4 class=\"uagb-heading-text\">3D-konfiguraattoreiden edut<\/h4><p class=\"uagb-desc-text\"><strong>Parempi asiakkaiden sitoutuminen<\/strong>: Interaktiiviset 3D-mallit sitouttavat asiakkaita, sill\u00e4 niiden avulla he voivat tutkia ja muokata tuotteita sek\u00e4 hauskalla ett\u00e4 informatiivisella tavalla. T\u00e4m\u00e4 parantaa asiakaskokemusta ja voi johtaa korkeampiin konversiolukuihin. <br><br><strong>Palautusten ja reklamaatioiden v\u00e4heneminen<\/strong>: Kun asiakkaat saavat selke\u00e4n ja tarkan kuvan tuotteesta ennen ostamista, v\u00e4\u00e4rink\u00e4sitysten ja virheellisten tilausten riski pienenee. T\u00e4m\u00e4 v\u00e4hent\u00e4\u00e4 palautuksia ja valituksia, mik\u00e4 s\u00e4\u00e4st\u00e4\u00e4 yrityksesi aikaa ja rahaa. <br><br><strong>Vahvempi kilpailuetu<\/strong>: Yritykset, jotka k\u00e4ytt\u00e4v\u00e4t konfiguraattoreita, voivat erottautua tarjoamalla ylivoimaisen ja ainutlaatuisen asiakaskokemuksen. T\u00e4m\u00e4 voi houkutella lis\u00e4\u00e4 asiakkaita ja lis\u00e4t\u00e4 nykyisten asiakkaiden uskollisuutta. <br><br><strong>Tehokkuuden ja kannattavuuden parantaminen<\/strong>: Kun virheet v\u00e4henev\u00e4t ja konfigurointiprosessi tehostuu, yritykset voivat parantaa kokonaistehokkuuttaan. Lis\u00e4\u00e4ntynyt tarkkuus ja tehokkuus voivat johtaa suurempaan kannattavuuteen ja resurssien parempaan k\u00e4ytt\u00f6\u00f6n. <\/p><\/div>\n\n\n\n<div class=\"wp-block-uagb-advanced-heading uagb-block-b946363e\"><h4 class=\"uagb-heading-text\">Yhteiset k\u00e4ytt\u00f6alueet<\/h4><p class=\"uagb-desc-text\"><br><strong>S\u00e4hk\u00f6inen kaupank\u00e4ynti<\/strong>: Tavoitteena on luoda entist\u00e4 kiinnostavampi ostokokemus, jossa asiakkaat voivat muokata tuotteita, kuten huonekaluja, vaatteita, koruja ja elektroniikkaa.<br><strong>Autoteollisuus<\/strong>: Asiakkaat voivat konfiguroida ja visualisoida autojaan eri v\u00e4reill\u00e4, sis\u00e4tiloilla ja vaihtoehdoilla, mik\u00e4 antaa realistisen kuvan lopullisesta tuotteesta.<br><strong>Kiinteist\u00f6kehitys<\/strong>: Mahdollistaa ostajille kodin tai liikekiinteist\u00f6n eri n\u00e4k\u00f6kohtien tarkastelun ja mukauttamisen ennen ostoa.<br><strong>Huonekaluteollisuus<\/strong>: Asiakkaat voivat mukauttaa huonekaluja eri materiaaleilla, v\u00e4reill\u00e4 ja mitoilla ja n\u00e4hd\u00e4, milt\u00e4 ne n\u00e4ytt\u00e4v\u00e4t virtuaaliymp\u00e4rist\u00f6ss\u00e4.<br><strong>Teollinen suunnittelu ja valmistus<\/strong>: Auttaa insin\u00f6\u00f6rej\u00e4 ja suunnittelijoita visualisoimaan ja mukauttamaan monimutkaisia koneita ja laitteita ennen tuotantoa.<\/p><\/div>\n\n\n\n<figure class=\"wp-block-gallery has-nested-images columns-default is-cropped wp-block-gallery-1 is-layout-flex wp-block-gallery-is-layout-flex\">\n<figure class=\"wp-block-image size-full has-custom-border is-style-default\"><img decoding=\"async\" width=\"1024\" height=\"1792\" data-id=\"4384\" src=\"https:\/\/konfigurator.nu\/wp-content\/uploads\/2024\/09\/DALL\u00b7E-2024-09-05-16.13.32-A-realistic-image-of-a-PC-monitor-in-portrait-mode-displaying-3D-models-with-a-simplified-user-interface.-The-screen-shows-a-clean-minimalistic-layou.webp\" alt=\"3D\" class=\"wp-image-4384\" style=\"border-style:none;border-width:0px;border-radius:0px\" srcset=\"https:\/\/konfigurator.nu\/wp-content\/uploads\/2024\/09\/DALL\u00b7E-2024-09-05-16.13.32-A-realistic-image-of-a-PC-monitor-in-portrait-mode-displaying-3D-models-with-a-simplified-user-interface.-The-screen-shows-a-clean-minimalistic-layou.webp 1024w, https:\/\/konfigurator.nu\/wp-content\/uploads\/2024\/09\/DALL\u00b7E-2024-09-05-16.13.32-A-realistic-image-of-a-PC-monitor-in-portrait-mode-displaying-3D-models-with-a-simplified-user-interface.-The-screen-shows-a-clean-minimalistic-layou-171x300.webp 171w, https:\/\/konfigurator.nu\/wp-content\/uploads\/2024\/09\/DALL\u00b7E-2024-09-05-16.13.32-A-realistic-image-of-a-PC-monitor-in-portrait-mode-displaying-3D-models-with-a-simplified-user-interface.-The-screen-shows-a-clean-minimalistic-layou-585x1024.webp 585w, https:\/\/konfigurator.nu\/wp-content\/uploads\/2024\/09\/DALL\u00b7E-2024-09-05-16.13.32-A-realistic-image-of-a-PC-monitor-in-portrait-mode-displaying-3D-models-with-a-simplified-user-interface.-The-screen-shows-a-clean-minimalistic-layou-768x1344.webp 768w, https:\/\/konfigurator.nu\/wp-content\/uploads\/2024\/09\/DALL\u00b7E-2024-09-05-16.13.32-A-realistic-image-of-a-PC-monitor-in-portrait-mode-displaying-3D-models-with-a-simplified-user-interface.-The-screen-shows-a-clean-minimalistic-layou-878x1536.webp 878w\" sizes=\"(max-width: 1024px) 100vw, 1024px\" \/><\/figure>\n<\/figure>\n<\/div>\n\n\n\n<p><\/p>\n\n\n\n<p><a href=\"https:\/\/konfigurator.nu\/fi\/ota-yhteytta\/\">Ota meihin yhteytt\u00e4<\/a>, jos haluat tiet\u00e4\u00e4 lis\u00e4\u00e4 siit\u00e4, miten voit saada tuotteesi 3D-muodossa verkkoon.<\/p>\n\n\n\n<p><\/p>\n\n\n\n<div class=\"wp-block-uagb-advanced-heading uagb-block-9f28fc9e\"><p class=\"uagb-heading-text\">Esimerkki 3D-konfiguraattorista on <strong><a href=\"https:\/\/www.inr.se\/planera-badrum\/planera-badrum-verktyg-3d\/\" target=\"_blank\" rel=\"noopener\">huonekaluty\u00f6paja<\/a> <\/strong>jonka on kehitt\u00e4nyt <a href=\"https:\/\/animech.com\/sv\/\" target=\"_blank\" rel=\"noopener\"><strong>Animech<\/strong><\/a>.<\/p><\/div>\n<\/div><\/div>\n\n\n\n<p><\/p>\n","protected":false},"excerpt":{"rendered":"<p>3D-KONFIGURAATTORI Toiminnallisuus ja k\u00e4ytt\u00f6tarkoitukset 3D-konfiguraattoreiden edut Parempi asiakkaiden sitoutuminen: Interaktiiviset 3D-mallit sitouttavat asiakkaita, sill\u00e4 niiden avulla he voivat tutkia ja muokata tuotteita sek\u00e4 hauskalla ett\u00e4 informatiivisella tavalla. T\u00e4m\u00e4 parantaa asiakaskokemusta ja voi johtaa korkeampiin konversiolukuihin. Palautusten ja reklamaatioiden v\u00e4heneminen: Kun asiakkaat saavat selke\u00e4n ja tarkan kuvan tuotteesta ennen ostamista, v\u00e4\u00e4rink\u00e4sitysten ja virheellisten tilausten riski pienenee. [&hellip;]<\/p>\n","protected":false},"author":3,"featured_media":0,"parent":0,"menu_order":0,"comment_status":"closed","ping_status":"closed","template":"","meta":{"_uag_custom_page_level_css":"","site-sidebar-layout":"default","site-content-layout":"","ast-site-content-layout":"default","site-content-style":"default","site-sidebar-style":"default","ast-global-header-display":"","ast-banner-title-visibility":"","ast-main-header-display":"","ast-hfb-above-header-display":"","ast-hfb-below-header-display":"","ast-hfb-mobile-header-display":"","site-post-title":"disabled","ast-breadcrumbs-content":"","ast-featured-img":"","footer-sml-layout":"","ast-disable-related-posts":"","theme-transparent-header-meta":"","adv-header-id-meta":"","stick-header-meta":"","header-above-stick-meta":"","header-main-stick-meta":"","header-below-stick-meta":"","astra-migrate-meta-layouts":"set","ast-page-background-enabled":"default","ast-page-background-meta":{"desktop":{"background-color":"","background-image":"","background-repeat":"repeat","background-position":"center center","background-size":"auto","background-attachment":"scroll","background-type":"","background-media":"","overlay-type":"","overlay-color":"","overlay-opacity":"","overlay-gradient":""},"tablet":{"background-color":"","background-image":"","background-repeat":"repeat","background-position":"center center","background-size":"auto","background-attachment":"scroll","background-type":"","background-media":"","overlay-type":"","overlay-color":"","overlay-opacity":"","overlay-gradient":""},"mobile":{"background-color":"","background-image":"","background-repeat":"repeat","background-position":"center center","background-size":"auto","background-attachment":"scroll","background-type":"","background-media":"","overlay-type":"","overlay-color":"","overlay-opacity":"","overlay-gradient":""}},"ast-content-background-meta":{"desktop":{"background-color":"var(--ast-global-color-5)","background-image":"","background-repeat":"repeat","background-position":"center center","background-size":"auto","background-attachment":"scroll","background-type":"","background-media":"","overlay-type":"","overlay-color":"","overlay-opacity":"","overlay-gradient":""},"tablet":{"background-color":"var(--ast-global-color-5)","background-image":"","background-repeat":"repeat","background-position":"center center","background-size":"auto","background-attachment":"scroll","background-type":"","background-media":"","overlay-type":"","overlay-color":"","overlay-opacity":"","overlay-gradient":""},"mobile":{"background-color":"var(--ast-global-color-5)","background-image":"","background-repeat":"repeat","background-position":"center center","background-size":"auto","background-attachment":"scroll","background-type":"","background-media":"","overlay-type":"","overlay-color":"","overlay-opacity":"","overlay-gradient":""}},"footnotes":""},"class_list":["post-3472","page","type-page","status-publish","hentry"],"uagb_featured_image_src":{"full":false,"thumbnail":false,"medium":false,"medium_large":false,"large":false,"1536x1536":false,"2048x2048":false},"uagb_author_info":{"display_name":"Tino Karazeimbekis","author_link":"https:\/\/konfigurator.nu\/fi\/author\/tino\/"},"uagb_comment_info":0,"uagb_excerpt":"3D-KONFIGURAATTORI Toiminnallisuus ja k\u00e4ytt\u00f6tarkoitukset 3D-konfiguraattoreiden edut Parempi asiakkaiden sitoutuminen: Interaktiiviset 3D-mallit sitouttavat asiakkaita, sill\u00e4 niiden avulla he voivat tutkia ja muokata tuotteita sek\u00e4 hauskalla ett\u00e4 informatiivisella tavalla. T\u00e4m\u00e4 parantaa asiakaskokemusta ja voi johtaa korkeampiin konversiolukuihin. Palautusten ja reklamaatioiden v\u00e4heneminen: Kun asiakkaat saavat selke\u00e4n ja tarkan kuvan tuotteesta ennen ostamista, v\u00e4\u00e4rink\u00e4sitysten ja virheellisten tilausten riski pienenee.&hellip;","_links":{"self":[{"href":"https:\/\/konfigurator.nu\/fi\/wp-json\/wp\/v2\/pages\/3472","targetHints":{"allow":["GET"]}}],"collection":[{"href":"https:\/\/konfigurator.nu\/fi\/wp-json\/wp\/v2\/pages"}],"about":[{"href":"https:\/\/konfigurator.nu\/fi\/wp-json\/wp\/v2\/types\/page"}],"author":[{"embeddable":true,"href":"https:\/\/konfigurator.nu\/fi\/wp-json\/wp\/v2\/users\/3"}],"replies":[{"embeddable":true,"href":"https:\/\/konfigurator.nu\/fi\/wp-json\/wp\/v2\/comments?post=3472"}],"version-history":[{"count":4,"href":"https:\/\/konfigurator.nu\/fi\/wp-json\/wp\/v2\/pages\/3472\/revisions"}],"predecessor-version":[{"id":4385,"href":"https:\/\/konfigurator.nu\/fi\/wp-json\/wp\/v2\/pages\/3472\/revisions\/4385"}],"wp:attachment":[{"href":"https:\/\/konfigurator.nu\/fi\/wp-json\/wp\/v2\/media?parent=3472"}],"curies":[{"name":"wp","href":"https:\/\/api.w.org\/{rel}","templated":true}]}}