{"id":3488,"date":"2024-07-23T10:43:08","date_gmt":"2024-07-23T08:43:08","guid":{"rendered":"https:\/\/konfigurator.nu\/tuotekonfiguraattori\/"},"modified":"2026-04-13T15:19:00","modified_gmt":"2026-04-13T13:19:00","slug":"tuotekonfiguraattori","status":"publish","type":"page","link":"https:\/\/konfigurator.nu\/fi\/tuotekonfiguraattori\/","title":{"rendered":"Tuotekonfiguraattori"},"content":{"rendered":"\n<div class=\"wp-block-uagb-container uagb-block-d6924da0 alignfull uagb-is-root-container\"><div class=\"uagb-container__video-wrap\"><video autoplay loop muted playsinline><source src=\"https:\/\/konfigurator.nu\/wp-content\/uploads\/2024\/09\/Bags.mp4\" type=\"video\/mp4\"\/><\/video><\/div><div class=\"uagb-container-inner-blocks-wrap\">\n<div class=\"wp-block-uagb-advanced-heading uagb-block-efa76908\"><h1 class=\"uagb-heading-text\">TUOTEKONFIGURAATTORI<\/h1><\/div>\n<\/div><\/div>\n\n\n\n<div class=\"wp-block-uagb-container uagb-layout-grid uagb-block-24299646 alignfull uagb-is-root-container\"><div class=\"uagb-container-inner-blocks-wrap\">\n<div class=\"wp-block-uagb-info-box uagb-block-f02872bf uagb-infobox__content-wrap  uagb-infobox-icon-above-title uagb-infobox-image-valign-top\"><div class=\"uagb-ifb-content\"><div class=\"uagb-ifb-title-wrap\"><h3 class=\"uagb-ifb-title\">Tuotekonfiguraattori<\/h3><\/div><p class=\"uagb-ifb-desc\">Tuotekonfiguraattori on tehokas digitaalinen ty\u00f6kalu, joka mullistaa tuotteiden myynnin ja konfiguroinnin. Yhdist\u00e4m\u00e4ll\u00e4 kehittynyt teknologia ja laaja-alainen tiet\u00e4mys tuotekonfiguraattori voi tuoda myyntiprosessiin vaikuttavan tehokkuuden ja tarkkuuden tason. T\u00e4m\u00e4ntyyppinen ty\u00f6kalu v\u00e4hent\u00e4\u00e4 asiantuntijoiden tarvetta k\u00e4sitell\u00e4 jokaista yksitt\u00e4ist\u00e4 kysymyst\u00e4 ja vapauttaa heid\u00e4n aikaansa edistyneempiin ja erikoistuneempiin teht\u00e4viin.  <\/p><\/div><\/div>\n\n\n\n<figure class=\"wp-block-image size-full has-custom-border\"><img fetchpriority=\"high\" decoding=\"async\" width=\"2560\" height=\"1440\" src=\"https:\/\/konfigurator.nu\/wp-content\/uploads\/2024\/08\/Shoes04.jpg\" alt=\"\" class=\"has-border-color has-ast-global-color-5-border-color wp-image-4398\" style=\"border-width:16px;border-radius:0px\" srcset=\"https:\/\/konfigurator.nu\/wp-content\/uploads\/2024\/08\/Shoes04.jpg 2560w, https:\/\/konfigurator.nu\/wp-content\/uploads\/2024\/08\/Shoes04-300x169.jpg 300w, https:\/\/konfigurator.nu\/wp-content\/uploads\/2024\/08\/Shoes04-1024x576.jpg 1024w, https:\/\/konfigurator.nu\/wp-content\/uploads\/2024\/08\/Shoes04-768x432.jpg 768w, https:\/\/konfigurator.nu\/wp-content\/uploads\/2024\/08\/Shoes04-1536x864.jpg 1536w, https:\/\/konfigurator.nu\/wp-content\/uploads\/2024\/08\/Shoes04-2048x1152.jpg 2048w\" sizes=\"(max-width: 2560px) 100vw, 2560px\" \/><\/figure>\n<\/div><\/div>\n\n\n\n<div class=\"wp-block-uagb-container uagb-block-6be40f00 alignfull uagb-is-root-container\"><div class=\"uagb-container-inner-blocks-wrap\">\n<div class=\"wp-block-uagb-advanced-heading uagb-block-8e598847\"><h3 class=\"uagb-heading-text\">Toiminnallisuus ja k\u00e4ytt\u00f6tarkoitukset<\/h3><\/div>\n\n\n\n<div class=\"wp-block-uagb-container uagb-layout-grid uagb-block-2b8639e4\">\n<div class=\"wp-block-uagb-advanced-heading uagb-block-dda0e0fa\"><h4 class=\"uagb-heading-text\">Tuotekonfiguraattoreiden edut<\/h4><p class=\"uagb-desc-text\"><strong>Myyntiprosessin virtaviivaistaminen<\/strong>: <a href=\"https:\/\/konfigurator.nu\/fi\/konfiguraattorit\/\">Monimutkaisten valintojen ja kokoonpanojen automatisointi<\/a> s\u00e4\u00e4st\u00e4\u00e4 aikaa ja resursseja, mutta se my\u00f6s sujuvoittaa myyntiprosessia. Perinteisesti r\u00e4\u00e4t\u00e4l\u00f6ityjen kokoonpanojen tekeminen edellytt\u00e4\u00e4 asiantuntijan l\u00e4sn\u00e4oloa, joka opastaa asiakasta jokaisen vaiheen l\u00e4pi. <br><br><strong>Pienempi virhemarginaali<\/strong>: Yksi suurimmista tuotekonfiguroinnin haasteista on varmistaa, ett\u00e4 kaikki komponentit ja eritelm\u00e4t ovat yhteensopivia. Virheelliset kokoonpanot voivat johtaa kalliisiin palautuksiin, valituksiin ja asiakastyytyv\u00e4isyyden menetykseen. Konfiguraattorit k\u00e4ytt\u00e4v\u00e4t \u00e4lykk\u00e4it\u00e4 algoritmeja yhteensopivuuden ja eritelmien automaattiseen tarkistamiseen reaaliajassa.  <br><br><strong>Asiakkaiden sitoutumisen lis\u00e4\u00e4minen<\/strong>: Konfiguraattorit tarjoavat asiakkaille mielenkiintoisen ja vuorovaikutteisen kokemuksen. Tarjoamalla visuaalisia ja reaaliaikaisia p\u00e4ivityksi\u00e4 asiakkaat n\u00e4kev\u00e4t suoraan, miten heid\u00e4n valintansa vaikuttavat lopputulokseen. T\u00e4m\u00e4 luo osallisuuden ja henkil\u00f6kohtaisuuden tunteen, joka voi lis\u00e4t\u00e4 asiakastyytyv\u00e4isyytt\u00e4 ja -uskollisuutta. Monille asiakkaille mahdollisuus tutkia ja muokata tuotteita visuaalisesti on t\u00e4rke\u00e4 osa ostokokemusta.   <br><br><strong>Tietojen analysointi ja asiakasymm\u00e4rrys<\/strong>: Kyky ker\u00e4t\u00e4 ja analysoida tietoja asiakkaiden mieltymyksist\u00e4 ja k\u00e4ytt\u00e4ytymisest\u00e4 on yksi tuotekonfiguraattoreiden arvokkaimmista ominaisuuksista. Seuraamalla asiakkaiden tekemi\u00e4 valintoja ja yhdistelmi\u00e4 yritykset voivat saada syv\u00e4llist\u00e4 tietoa markkinasuuntauksista ja asiakkaiden mieltymyksist\u00e4. N\u00e4it\u00e4 tietoja voidaan k\u00e4ytt\u00e4\u00e4 tarjonnan parantamiseen tunnistamalla, mitk\u00e4 ominaisuudet ja vaihtoehdot ovat suosituimpia ja mit\u00e4 niist\u00e4 olisi ehk\u00e4 muutettava tai poistettava.  <\/p><\/div>\n\n\n\n<div class=\"wp-block-uagb-advanced-heading uagb-block-b946363e\"><h4 class=\"uagb-heading-text\">Yhteiset k\u00e4ytt\u00f6alueet<\/h4><p class=\"uagb-desc-text\"><strong>Automotive<\/strong><br><a href=\"https:\/\/virtual-showroom.ewellix.com\/\" target=\"_blank\" rel=\"noopener\">Autoteollisuudessa <\/a>konfiguraattorit ovat t\u00e4rke\u00e4 osa myyntiprosessia. Asiakkaat voivat r\u00e4\u00e4t\u00e4l\u00f6id\u00e4 autonsa valitsemalla mallin, moottorin, v\u00e4rin, sisustuksen, lis\u00e4varusteet ja lis\u00e4varusteet. K\u00e4ytt\u00e4m\u00e4ll\u00e4 konfiguraattoria asiakkaat saavat visuaalisen esityksen r\u00e4\u00e4t\u00e4l\u00f6idyst\u00e4 autostaan ja n\u00e4kev\u00e4t heti, miten heid\u00e4n valintansa vaikuttavat hintaan. T\u00e4m\u00e4 lis\u00e4\u00e4 asiakkaiden sitoutumista ja tekee ostokokemuksesta vuorovaikutteisemman ja tyydytt\u00e4v\u00e4mm\u00e4n.   <br><br><strong>Huonekalujen valmistus<\/strong><br>Huonekalujen valmistajat k\u00e4ytt\u00e4v\u00e4t konfiguraattoreita, jotta asiakkaat voivat muokata huonekalujaan. Asiakkaat voivat valita materiaalit, v\u00e4rit, koot ja muut ominaisuudet luodakseen huonekalut, jotka sopivat t\u00e4ydellisesti heid\u00e4n kotiinsa. T\u00e4llaisen konfiguraattorin avulla asiakkaiden on helppo hahmottaa lopputulos ja varmistaa, ett\u00e4 he saavat juuri sen, mit\u00e4 haluavat.  <br><br><strong>Elektroniikka ja tietokoneet<br><\/strong>Elektroniikka- ja tietokoneteollisuudessa tuotekonfiguraattorit ovat eritt\u00e4in hy\u00f6dyllisi\u00e4 r\u00e4\u00e4t\u00e4l\u00f6ityjen tietokoneiden ja muiden elektroniikkalaitteiden rakentamisessa. Asiakkaat voivat valita erilaisia komponentteja, kuten prosessoreita, n\u00e4yt\u00f6nohjaimia, muistia ja tallennuslaitteita, ja n\u00e4in luoda tietokoneen, joka vastaa heid\u00e4n erityistarpeitaan. N\u00e4in asiakkaat voivat hallita suorituskyky\u00e4 ja hintaa ja samalla v\u00e4hent\u00e4\u00e4 yhteensopimattomien komponenttien riski\u00e4.  <\/p><\/div>\n\n\n\n<figure class=\"wp-block-gallery has-nested-images columns-default is-cropped wp-block-gallery-1 is-layout-flex wp-block-gallery-is-layout-flex\">\n<figure class=\"wp-block-image alignfull size-full\"><img decoding=\"async\" width=\"1024\" height=\"1792\" data-id=\"4399\" src=\"https:\/\/konfigurator.nu\/wp-content\/uploads\/2024\/08\/DALL\u00b7E-2024-08-28-14.29.29-A-realistic-scene-of-a-person-sitting-comfortably-with-a-tablet-in-hand-using-a-product-configurator-to-design-a-pair-of-sneakers.-The-tablet-screen-.webp\" alt=\"Produkt\" class=\"wp-image-4399\" srcset=\"https:\/\/konfigurator.nu\/wp-content\/uploads\/2024\/08\/DALL\u00b7E-2024-08-28-14.29.29-A-realistic-scene-of-a-person-sitting-comfortably-with-a-tablet-in-hand-using-a-product-configurator-to-design-a-pair-of-sneakers.-The-tablet-screen-.webp 1024w, https:\/\/konfigurator.nu\/wp-content\/uploads\/2024\/08\/DALL\u00b7E-2024-08-28-14.29.29-A-realistic-scene-of-a-person-sitting-comfortably-with-a-tablet-in-hand-using-a-product-configurator-to-design-a-pair-of-sneakers.-The-tablet-screen--171x300.webp 171w, https:\/\/konfigurator.nu\/wp-content\/uploads\/2024\/08\/DALL\u00b7E-2024-08-28-14.29.29-A-realistic-scene-of-a-person-sitting-comfortably-with-a-tablet-in-hand-using-a-product-configurator-to-design-a-pair-of-sneakers.-The-tablet-screen--585x1024.webp 585w, https:\/\/konfigurator.nu\/wp-content\/uploads\/2024\/08\/DALL\u00b7E-2024-08-28-14.29.29-A-realistic-scene-of-a-person-sitting-comfortably-with-a-tablet-in-hand-using-a-product-configurator-to-design-a-pair-of-sneakers.-The-tablet-screen--768x1344.webp 768w, https:\/\/konfigurator.nu\/wp-content\/uploads\/2024\/08\/DALL\u00b7E-2024-08-28-14.29.29-A-realistic-scene-of-a-person-sitting-comfortably-with-a-tablet-in-hand-using-a-product-configurator-to-design-a-pair-of-sneakers.-The-tablet-screen--878x1536.webp 878w\" sizes=\"(max-width: 1024px) 100vw, 1024px\" \/><\/figure>\n<\/figure>\n<\/div>\n\n\n\n<div class=\"wp-block-uagb-advanced-heading uagb-block-b1b03653\"><\/div>\n<\/div><\/div>\n\n\n\n<p><\/p>\n","protected":false},"excerpt":{"rendered":"<p>TUOTEKONFIGURAATTORI Toiminnallisuus ja k\u00e4ytt\u00f6tarkoitukset Tuotekonfiguraattoreiden edut Myyntiprosessin virtaviivaistaminen: Monimutkaisten valintojen ja kokoonpanojen automatisointi s\u00e4\u00e4st\u00e4\u00e4 aikaa ja resursseja, mutta se my\u00f6s sujuvoittaa myyntiprosessia. Perinteisesti r\u00e4\u00e4t\u00e4l\u00f6ityjen kokoonpanojen tekeminen edellytt\u00e4\u00e4 asiantuntijan l\u00e4sn\u00e4oloa, joka opastaa asiakasta jokaisen vaiheen l\u00e4pi. Pienempi virhemarginaali: Yksi suurimmista tuotekonfiguroinnin haasteista on varmistaa, ett\u00e4 kaikki komponentit ja eritelm\u00e4t ovat yhteensopivia. Virheelliset kokoonpanot voivat johtaa kalliisiin [&hellip;]<\/p>\n","protected":false},"author":3,"featured_media":0,"parent":0,"menu_order":0,"comment_status":"closed","ping_status":"closed","template":"","meta":{"_uag_custom_page_level_css":"","site-sidebar-layout":"default","site-content-layout":"","ast-site-content-layout":"default","site-content-style":"default","site-sidebar-style":"default","ast-global-header-display":"","ast-banner-title-visibility":"","ast-main-header-display":"","ast-hfb-above-header-display":"","ast-hfb-below-header-display":"","ast-hfb-mobile-header-display":"","site-post-title":"disabled","ast-breadcrumbs-content":"","ast-featured-img":"","footer-sml-layout":"","ast-disable-related-posts":"","theme-transparent-header-meta":"","adv-header-id-meta":"","stick-header-meta":"","header-above-stick-meta":"","header-main-stick-meta":"","header-below-stick-meta":"","astra-migrate-meta-layouts":"set","ast-page-background-enabled":"default","ast-page-background-meta":{"desktop":{"background-color":"","background-image":"","background-repeat":"repeat","background-position":"center center","background-size":"auto","background-attachment":"scroll","background-type":"","background-media":"","overlay-type":"","overlay-color":"","overlay-opacity":"","overlay-gradient":""},"tablet":{"background-color":"","background-image":"","background-repeat":"repeat","background-position":"center center","background-size":"auto","background-attachment":"scroll","background-type":"","background-media":"","overlay-type":"","overlay-color":"","overlay-opacity":"","overlay-gradient":""},"mobile":{"background-color":"","background-image":"","background-repeat":"repeat","background-position":"center center","background-size":"auto","background-attachment":"scroll","background-type":"","background-media":"","overlay-type":"","overlay-color":"","overlay-opacity":"","overlay-gradient":""}},"ast-content-background-meta":{"desktop":{"background-color":"var(--ast-global-color-5)","background-image":"","background-repeat":"repeat","background-position":"center center","background-size":"auto","background-attachment":"scroll","background-type":"","background-media":"","overlay-type":"","overlay-color":"","overlay-opacity":"","overlay-gradient":""},"tablet":{"background-color":"var(--ast-global-color-5)","background-image":"","background-repeat":"repeat","background-position":"center center","background-size":"auto","background-attachment":"scroll","background-type":"","background-media":"","overlay-type":"","overlay-color":"","overlay-opacity":"","overlay-gradient":""},"mobile":{"background-color":"var(--ast-global-color-5)","background-image":"","background-repeat":"repeat","background-position":"center center","background-size":"auto","background-attachment":"scroll","background-type":"","background-media":"","overlay-type":"","overlay-color":"","overlay-opacity":"","overlay-gradient":""}},"footnotes":""},"class_list":["post-3488","page","type-page","status-publish","hentry"],"uagb_featured_image_src":{"full":false,"thumbnail":false,"medium":false,"medium_large":false,"large":false,"1536x1536":false,"2048x2048":false},"uagb_author_info":{"display_name":"Tino Karazeimbekis","author_link":"https:\/\/konfigurator.nu\/fi\/author\/tino\/"},"uagb_comment_info":0,"uagb_excerpt":"TUOTEKONFIGURAATTORI Toiminnallisuus ja k\u00e4ytt\u00f6tarkoitukset Tuotekonfiguraattoreiden edut Myyntiprosessin virtaviivaistaminen: Monimutkaisten valintojen ja kokoonpanojen automatisointi s\u00e4\u00e4st\u00e4\u00e4 aikaa ja resursseja, mutta se my\u00f6s sujuvoittaa myyntiprosessia. Perinteisesti r\u00e4\u00e4t\u00e4l\u00f6ityjen kokoonpanojen tekeminen edellytt\u00e4\u00e4 asiantuntijan l\u00e4sn\u00e4oloa, joka opastaa asiakasta jokaisen vaiheen l\u00e4pi. Pienempi virhemarginaali: Yksi suurimmista tuotekonfiguroinnin haasteista on varmistaa, ett\u00e4 kaikki komponentit ja eritelm\u00e4t ovat yhteensopivia. Virheelliset kokoonpanot voivat johtaa kalliisiin&hellip;","_links":{"self":[{"href":"https:\/\/konfigurator.nu\/fi\/wp-json\/wp\/v2\/pages\/3488","targetHints":{"allow":["GET"]}}],"collection":[{"href":"https:\/\/konfigurator.nu\/fi\/wp-json\/wp\/v2\/pages"}],"about":[{"href":"https:\/\/konfigurator.nu\/fi\/wp-json\/wp\/v2\/types\/page"}],"author":[{"embeddable":true,"href":"https:\/\/konfigurator.nu\/fi\/wp-json\/wp\/v2\/users\/3"}],"replies":[{"embeddable":true,"href":"https:\/\/konfigurator.nu\/fi\/wp-json\/wp\/v2\/comments?post=3488"}],"version-history":[{"count":5,"href":"https:\/\/konfigurator.nu\/fi\/wp-json\/wp\/v2\/pages\/3488\/revisions"}],"predecessor-version":[{"id":4400,"href":"https:\/\/konfigurator.nu\/fi\/wp-json\/wp\/v2\/pages\/3488\/revisions\/4400"}],"wp:attachment":[{"href":"https:\/\/konfigurator.nu\/fi\/wp-json\/wp\/v2\/media?parent=3488"}],"curies":[{"name":"wp","href":"https:\/\/api.w.org\/{rel}","templated":true}]}}