{"id":3354,"date":"2024-06-10T11:36:47","date_gmt":"2024-06-10T09:36:47","guid":{"rendered":"https:\/\/konfigurator.nu\/3d\/"},"modified":"2026-04-13T15:21:11","modified_gmt":"2026-04-13T13:21:11","slug":"3d-web","status":"publish","type":"page","link":"https:\/\/konfigurator.nu\/nl\/3d-web\/","title":{"rendered":"3D"},"content":{"rendered":"\n<div class=\"wp-block-uagb-container uagb-block-c54c600d alignfull uagb-is-root-container\"><div class=\"uagb-container__video-wrap\"><video autoplay loop muted playsinline><source src=\"https:\/\/konfigurator.nu\/wp-content\/uploads\/2024\/09\/603603_Future_Futuristic_1280x720.mp4\" type=\"video\/mp4\"\/><\/video><\/div><div class=\"uagb-container-inner-blocks-wrap\">\n<div class=\"wp-block-uagb-advanced-heading uagb-block-8b796fc7\"><h1 class=\"uagb-heading-text\">3D op het web<\/h1><\/div>\n<\/div><\/div>\n\n\n\n<div class=\"wp-block-uagb-container uagb-block-7637fadb alignfull uagb-is-root-container\"><div class=\"uagb-container-inner-blocks-wrap\">\n<div class=\"wp-block-media-text is-stacked-on-mobile\"><figure class=\"wp-block-media-text__media\"><img fetchpriority=\"high\" decoding=\"async\" width=\"1024\" height=\"1024\" src=\"https:\/\/konfigurator.nu\/wp-content\/uploads\/2024\/09\/DALL\u00b7E-2024-09-05-16.19.10-A-realistic-depiction-of-the-future-of-virtual-reality-VR-and-how-the-web-may-look.-The-image-shows-a-person-wearing-a-sleek-modern-VR-headset-in-a-1.webp\" alt=\"Webben\" class=\"wp-image-4401 size-full\" srcset=\"https:\/\/konfigurator.nu\/wp-content\/uploads\/2024\/09\/DALL\u00b7E-2024-09-05-16.19.10-A-realistic-depiction-of-the-future-of-virtual-reality-VR-and-how-the-web-may-look.-The-image-shows-a-person-wearing-a-sleek-modern-VR-headset-in-a-1.webp 1024w, https:\/\/konfigurator.nu\/wp-content\/uploads\/2024\/09\/DALL\u00b7E-2024-09-05-16.19.10-A-realistic-depiction-of-the-future-of-virtual-reality-VR-and-how-the-web-may-look.-The-image-shows-a-person-wearing-a-sleek-modern-VR-headset-in-a-1-300x300.webp 300w, https:\/\/konfigurator.nu\/wp-content\/uploads\/2024\/09\/DALL\u00b7E-2024-09-05-16.19.10-A-realistic-depiction-of-the-future-of-virtual-reality-VR-and-how-the-web-may-look.-The-image-shows-a-person-wearing-a-sleek-modern-VR-headset-in-a-1-150x150.webp 150w, https:\/\/konfigurator.nu\/wp-content\/uploads\/2024\/09\/DALL\u00b7E-2024-09-05-16.19.10-A-realistic-depiction-of-the-future-of-virtual-reality-VR-and-how-the-web-may-look.-The-image-shows-a-person-wearing-a-sleek-modern-VR-headset-in-a-1-768x768.webp 768w\" sizes=\"(max-width: 1024px) 100vw, 1024px\" \/><\/figure><div class=\"wp-block-media-text__content\">\n<h3 class=\"wp-block-heading\">Voordelen van 3D op het web<\/h3>\n\n\n\n<p style=\"font-size:18px\">In het snel evoluerende digitale landschap van vandaag speelt 3D-visualisatie een steeds belangrijkere rol op het web. De technologie biedt bedrijven en klanten een rijkere en boeiendere ervaring, wat cruciaal is om voorop te blijven lopen in de markt. Hier volgt een overzicht van waarom 3D op het web zo nuttig is, evenals veelvoorkomende toepassingen en specifieke voordelen van 3D-visualisatie.  <\/p>\n<\/div><\/div>\n\n\n\n<div class=\"wp-block-uagb-info-box uagb-block-1de365e1 uagb-infobox__content-wrap  uagb-infobox-icon-above-title uagb-infobox-image-valign-top wp-block-uagb-info-box--has-margin\"><div class=\"uagb-infobox-margin-wrapper\"><div class=\"uagb-ifb-content\"><div class=\"uagb-ifb-title-wrap\"><h2 class=\"uagb-ifb-title\">Waarom 3D op het web de toekomst is<\/h2><\/div><\/div><\/div><\/div>\n\n\n\n<div class=\"wp-block-uagb-container uagb-layout-grid uagb-block-c7842b82\">\n<div class=\"wp-block-uagb-info-box uagb-block-8b0629f9 uagb-infobox__content-wrap  uagb-infobox-icon-above-title uagb-infobox-image-valign-top\"><div class=\"uagb-ifb-content\"><div class=\"uagb-ifb-title-wrap\"><h3 class=\"uagb-ifb-title\">De klantervaring verbeteren<\/h3><\/div><p class=\"uagb-ifb-desc\">3D-visualisaties op het web bieden een interactieve en dynamische gebruikerservaring waar traditionele tweedimensionale afbeeldingen en teksten niet aan kunnen tippen.Klanten kunnen het product in realtime draaien, zoomen en ermee interageren, waardoor ze een beter inzicht krijgen in het uiterlijk, de functie en de kwaliteit van het product.Dit vergroot het vertrouwen van de klant en kan leiden tot snellere en beter ge\u00efnformeerde aankoopbeslissingen.  <\/p><div class=\"uagb-ifb-separator\"><\/div><\/div><\/div>\n\n\n\n<div class=\"wp-block-uagb-info-box uagb-block-8d79e3a5 uagb-infobox__content-wrap  uagb-infobox-icon-above-title uagb-infobox-image-valign-top\"><div class=\"uagb-ifb-content\"><div class=\"uagb-ifb-title-wrap\"><h3 class=\"uagb-ifb-title\">Hoger conversiepercentage<\/h3><\/div><p class=\"uagb-ifb-desc\">Als klanten een nauwkeuriger en realistischer beeld van het product krijgen, wordt het risico op koperswroeging en verkeerde bestellingen kleiner.Deze duidelijkheid en transparantie kunnen leiden tot een hogere conversie, omdat klanten meer vertrouwen hebben in hun aankoop.3D-visualisaties kunnen ook retourzendingen en klachten verminderen doordat de klant precies weet wat hij krijgt.  <\/p><div class=\"uagb-ifb-separator\"><\/div><\/div><\/div>\n\n\n\n<div class=\"wp-block-uagb-info-box uagb-block-cba06e60 uagb-infobox__content-wrap  uagb-infobox-icon-above-title uagb-infobox-image-valign-top\"><div class=\"uagb-ifb-content\"><div class=\"uagb-ifb-title-wrap\"><h3 class=\"uagb-ifb-title\">Concurrentievoordeel<\/h3><\/div><p class=\"uagb-ifb-desc\">Het aanbieden van 3D-visualisatie op het web kan een bedrijf onderscheiden van zijn concurrenten.Het laat zien dat het bedrijf voorop loopt op het gebied van technologie en zich inzet om de best mogelijke klantervaring te bieden.Dit kan een doorslaggevende factor zijn in de beslissing van een klant om uw merk boven een ander te verkiezen.  <\/p><\/div><\/div>\n\n\n\n<div class=\"wp-block-uagb-info-box uagb-block-1eb12d96 uagb-infobox__content-wrap  uagb-infobox-icon-above-title uagb-infobox-image-valign-top\"><div class=\"uagb-ifb-content\"><div class=\"uagb-ifb-title-wrap\"><h3 class=\"uagb-ifb-title\">Betere marketing<\/h3><\/div><p class=\"uagb-ifb-desc\">3D-visualisaties kunnen worden gebruikt in marketingmateriaal om boeiendere en gedenkwaardige campagnes te maken.Ze kunnen worden gebruikt in sociale media, advertenties en andere digitale platforms om de aandacht van klanten te trekken en producten op een meer verleidelijke manier te laten zien. <\/p><\/div><\/div>\n<\/div>\n\n\n\n<figure class=\"wp-block-image alignfull size-large\"><img decoding=\"async\" width=\"1024\" height=\"640\" src=\"https:\/\/konfigurator.nu\/wp-content\/uploads\/2024\/07\/Macbook_iPad_iPhone-Mockup-Mall_Ewellix-1024x640.png\" alt=\"Web\" class=\"wp-image-4074\" srcset=\"https:\/\/konfigurator.nu\/wp-content\/uploads\/2024\/07\/Macbook_iPad_iPhone-Mockup-Mall_Ewellix-1024x640.png 1024w, https:\/\/konfigurator.nu\/wp-content\/uploads\/2024\/07\/Macbook_iPad_iPhone-Mockup-Mall_Ewellix-300x188.png 300w, https:\/\/konfigurator.nu\/wp-content\/uploads\/2024\/07\/Macbook_iPad_iPhone-Mockup-Mall_Ewellix-768x480.png 768w, https:\/\/konfigurator.nu\/wp-content\/uploads\/2024\/07\/Macbook_iPad_iPhone-Mockup-Mall_Ewellix-1536x960.png 1536w, https:\/\/konfigurator.nu\/wp-content\/uploads\/2024\/07\/Macbook_iPad_iPhone-Mockup-Mall_Ewellix-2048x1280.png 2048w\" sizes=\"(max-width: 1024px) 100vw, 1024px\" \/><\/figure>\n\n\n\n<div class=\"wp-block-uagb-info-box uagb-block-f5f5fdc4 uagb-infobox__content-wrap  uagb-infobox-icon-above-title uagb-infobox-image-valign-top\"><div class=\"uagb-ifb-content\"><div class=\"uagb-ifb-title-wrap\"><h2 class=\"uagb-ifb-title\">Gebruikelijke toepassingen<\/h2><\/div><\/div><\/div>\n\n\n\n<div class=\"wp-block-uagb-container uagb-layout-grid uagb-block-b1a6a8d0\">\n<div class=\"wp-block-uagb-info-box uagb-block-b45c349d uagb-infobox__content-wrap  uagb-infobox-icon-above-title uagb-infobox-image-valign-top\"><div class=\"uagb-ifb-content\"><div class=\"uagb-ifb-title-wrap\"><h3 class=\"uagb-ifb-title\">E-commerce<\/h3><\/div><p class=\"uagb-ifb-desc\">In e-commerce worden 3D-visualisaties gebruikt om de productpresentatie te verbeteren.Klanten kunnen gedetailleerde 3D-modellen zien van producten zoals kleding, meubels, elektronica en sieraden, waardoor ze betere aankoopbeslissingen kunnen nemen. <\/p><div class=\"uagb-ifb-separator\"><\/div><\/div><\/div>\n\n\n\n<div class=\"wp-block-uagb-info-box uagb-block-1566ed18 uagb-infobox__content-wrap  uagb-infobox-icon-above-title uagb-infobox-image-valign-top\"><div class=\"uagb-ifb-content\"><div class=\"uagb-ifb-title-wrap\"><h3 class=\"uagb-ifb-title\">Auto-industrie<\/h3><\/div><p class=\"uagb-ifb-desc\">Autofabrikanten en dealers gebruiken <a href=\"https:\/\/konfigurator.nu\/nl\/3d-configurator\/\" data-type=\"link\" data-id=\"https:\/\/konfigurator.nu\/3d-konfigurator\/\">3D-configurators<\/a> om klanten in staat te stellen om auto&#8217;s online aan te passen en te visualiseren. Klanten kunnen kleuren, velgen, interieurmaterialen en accessoires kiezen en zien hoe hun keuzes het uiterlijk en de functie van de auto be\u00efnvloeden. <\/p><div class=\"uagb-ifb-separator\"><\/div><\/div><\/div>\n\n\n\n<div class=\"wp-block-uagb-info-box uagb-block-653e03ed uagb-infobox__content-wrap  uagb-infobox-icon-above-title uagb-infobox-image-valign-top\"><div class=\"uagb-ifb-content\"><div class=\"uagb-ifb-title-wrap\"><h3 class=\"uagb-ifb-title\">Mode en ontwerp<\/h3><\/div><p class=\"uagb-ifb-desc\">In de mode-industrie worden 3D-visualisaties gebruikt om kleding en accessoires te tonen op modellen of als onderdeel van een virtuele catwalk.Dit geeft klanten een beter idee van hoe de kledingstukken eruit zien en passen op een echt persoon. <\/p><\/div><\/div>\n\n\n\n<div class=\"wp-block-uagb-info-box uagb-block-43797ea1 uagb-infobox__content-wrap  uagb-infobox-icon-above-title uagb-infobox-image-valign-top\"><div class=\"uagb-ifb-content\"><div class=\"uagb-ifb-title-wrap\"><h3 class=\"uagb-ifb-title\">Meubels en interieurontwerp<\/h3><\/div><p class=\"uagb-ifb-desc\">Bij meubel- en interieurontwerp worden 3D-visualisaties gebruikt om te laten zien hoe meubels en accessoires er in verschillende omgevingen uitzien.Klanten kunnen zien hoe verschillende meubelstukken in een kamer bij elkaar passen en kleuren, materialen en plaatsing aanpassen om een beter idee te krijgen van het eindresultaat voordat ze een aankoop doen. <\/p><\/div><\/div>\n<\/div>\n\n\n\n<div class=\"wp-block-uagb-separator uagb-block-0fe696ca\"><div class=\"uagb-separator-spacing-wrapper\"><div class=\"wp-block-uagb-separator__inner\" style=\"--my-background-image:\"><\/div><\/div><\/div>\n\n\n\n<div class=\"wp-block-uagb-info-box uagb-block-376ade61 uagb-infobox__content-wrap  uagb-infobox-icon-above-title uagb-infobox-image-valign-top\"><div class=\"uagb-ifb-content\"><div class=\"uagb-ifb-title-wrap\"><h2 class=\"uagb-ifb-title\">Probeer verschillende 3D-ervaringen op het web<\/h2><\/div><\/div><\/div>\n<\/div><\/div>\n\n\n\n<div class=\"wp-block-media-text is-stacked-on-mobile\" style=\"padding-top:0;padding-bottom:var(--wp--preset--spacing--40)\"><figure class=\"wp-block-media-text__media\"><img decoding=\"async\" width=\"800\" height=\"450\" src=\"https:\/\/konfigurator.nu\/wp-content\/uploads\/2024\/09\/Elfa-GIF.gif\" alt=\"Verkossa\" class=\"wp-image-4075 size-full\"\/><\/figure><div class=\"wp-block-media-text__content\">\n<p class=\"has-medium-font-size\">Fj\u00e4llr\u00e4ven &#8220;K\u00e5nken Me&#8221; 3D Configurator: <a href=\"https:\/\/www.fjallraven.com\/se\/sv-se\/vaskor-utrustning\/kanken\/kanken-ryggsackar\/kanken-me\/?v=F23520::7323450746926\" target=\"_blank\" rel=\"noopener\">LINK<\/a><\/p>\n\n\n\n<p class=\"has-medium-font-size\">Ewellix virtuele 3D toonzaal: <a href=\"https:\/\/virtual-showroom.ewellix.com\/\" target=\"_blank\" rel=\"noopener\">LINK<\/a><\/p>\n\n\n\n<p class=\"has-medium-font-size\">ELFA &#8220;Planner&#8221; 3D bouwer: <a href=\"https:\/\/elfa.com\/sv-se\/planering\" target=\"_blank\" rel=\"noopener\">LINK<\/a><\/p>\n\n\n\n<p class=\"has-medium-font-size\">Digitale 3D Twin met extreem hoge kwaliteit: <a href=\"https:\/\/watch.animech.com\/\" target=\"_blank\" rel=\"noopener\">LINK<\/a><\/p>\n<\/div><\/div>\n\n\n\n<p><\/p>\n","protected":false},"excerpt":{"rendered":"<p>3D op het web Voordelen van 3D op het web In het snel evoluerende digitale landschap van vandaag speelt 3D-visualisatie een steeds belangrijkere rol op het web. De technologie biedt bedrijven en klanten een rijkere en boeiendere ervaring, wat cruciaal is om voorop te blijven lopen in de markt. Hier volgt een overzicht van waarom [&hellip;]<\/p>\n","protected":false},"author":2,"featured_media":0,"parent":0,"menu_order":0,"comment_status":"closed","ping_status":"closed","template":"","meta":{"_uag_custom_page_level_css":"","site-sidebar-layout":"no-sidebar","site-content-layout":"plain-container","ast-site-content-layout":"normal-width-container","site-content-style":"unboxed","site-sidebar-style":"unboxed","ast-global-header-display":"","ast-banner-title-visibility":"","ast-main-header-display":"","ast-hfb-above-header-display":"","ast-hfb-below-header-display":"","ast-hfb-mobile-header-display":"","site-post-title":"disabled","ast-breadcrumbs-content":"","ast-featured-img":"disabled","footer-sml-layout":"","ast-disable-related-posts":"","theme-transparent-header-meta":"enabled","adv-header-id-meta":"","stick-header-meta":"","header-above-stick-meta":"","header-main-stick-meta":"","header-below-stick-meta":"","astra-migrate-meta-layouts":"set","ast-page-background-enabled":"default","ast-page-background-meta":{"desktop":{"background-color":"","background-image":"","background-repeat":"repeat","background-position":"center center","background-size":"auto","background-attachment":"scroll","background-type":"","background-media":"","overlay-type":"","overlay-color":"","overlay-opacity":"","overlay-gradient":""},"tablet":{"background-color":"","background-image":"","background-repeat":"repeat","background-position":"center center","background-size":"auto","background-attachment":"scroll","background-type":"","background-media":"","overlay-type":"","overlay-color":"","overlay-opacity":"","overlay-gradient":""},"mobile":{"background-color":"","background-image":"","background-repeat":"repeat","background-position":"center center","background-size":"auto","background-attachment":"scroll","background-type":"","background-media":"","overlay-type":"","overlay-color":"","overlay-opacity":"","overlay-gradient":""}},"ast-content-background-meta":{"desktop":{"background-color":"var(--ast-global-color-5)","background-image":"","background-repeat":"repeat","background-position":"center center","background-size":"auto","background-attachment":"scroll","background-type":"","background-media":"","overlay-type":"","overlay-color":"","overlay-opacity":"","overlay-gradient":""},"tablet":{"background-color":"var(--ast-global-color-5)","background-image":"","background-repeat":"repeat","background-position":"center center","background-size":"auto","background-attachment":"scroll","background-type":"","background-media":"","overlay-type":"","overlay-color":"","overlay-opacity":"","overlay-gradient":""},"mobile":{"background-color":"var(--ast-global-color-5)","background-image":"","background-repeat":"repeat","background-position":"center center","background-size":"auto","background-attachment":"scroll","background-type":"","background-media":"","overlay-type":"","overlay-color":"","overlay-opacity":"","overlay-gradient":""}},"footnotes":""},"class_list":["post-3354","page","type-page","status-publish","hentry"],"uagb_featured_image_src":{"full":false,"thumbnail":false,"medium":false,"medium_large":false,"large":false,"1536x1536":false,"2048x2048":false},"uagb_author_info":{"display_name":"Staffan Hagberg","author_link":"https:\/\/konfigurator.nu\/nl\/author\/staffan_konfigurator-nu\/"},"uagb_comment_info":0,"uagb_excerpt":"3D op het web Voordelen van 3D op het web In het snel evoluerende digitale landschap van vandaag speelt 3D-visualisatie een steeds belangrijkere rol op het web. De technologie biedt bedrijven en klanten een rijkere en boeiendere ervaring, wat cruciaal is om voorop te blijven lopen in de markt. Hier volgt een overzicht van waarom&hellip;","_links":{"self":[{"href":"https:\/\/konfigurator.nu\/nl\/wp-json\/wp\/v2\/pages\/3354","targetHints":{"allow":["GET"]}}],"collection":[{"href":"https:\/\/konfigurator.nu\/nl\/wp-json\/wp\/v2\/pages"}],"about":[{"href":"https:\/\/konfigurator.nu\/nl\/wp-json\/wp\/v2\/types\/page"}],"author":[{"embeddable":true,"href":"https:\/\/konfigurator.nu\/nl\/wp-json\/wp\/v2\/users\/2"}],"replies":[{"embeddable":true,"href":"https:\/\/konfigurator.nu\/nl\/wp-json\/wp\/v2\/comments?post=3354"}],"version-history":[{"count":6,"href":"https:\/\/konfigurator.nu\/nl\/wp-json\/wp\/v2\/pages\/3354\/revisions"}],"predecessor-version":[{"id":4403,"href":"https:\/\/konfigurator.nu\/nl\/wp-json\/wp\/v2\/pages\/3354\/revisions\/4403"}],"wp:attachment":[{"href":"https:\/\/konfigurator.nu\/nl\/wp-json\/wp\/v2\/media?parent=3354"}],"curies":[{"name":"wp","href":"https:\/\/api.w.org\/{rel}","templated":true}]}}