{"id":3458,"date":"2024-07-23T10:44:33","date_gmt":"2024-07-23T08:44:33","guid":{"rendered":"https:\/\/konfigurator.nu\/3d-configurator\/"},"modified":"2026-04-13T15:22:05","modified_gmt":"2026-04-13T13:22:05","slug":"3d-configurator","status":"publish","type":"page","link":"https:\/\/konfigurator.nu\/nl\/3d-configurator\/","title":{"rendered":"3D-configurator"},"content":{"rendered":"\n<div class=\"wp-block-uagb-container uagb-block-d6924da0 alignfull uagb-is-root-container\"><div class=\"uagb-container__video-wrap\"><video autoplay loop muted playsinline><source src=\"https:\/\/konfigurator.nu\/wp-content\/uploads\/2024\/09\/Car01_0000.mp4\" type=\"video\/mp4\"\/><\/video><\/div><div class=\"uagb-container-inner-blocks-wrap\">\n<div class=\"wp-block-uagb-advanced-heading uagb-block-efa76908\"><h1 class=\"uagb-heading-text\">3D CONFIGURATOR<\/h1><\/div>\n<\/div><\/div>\n\n\n\n<div class=\"wp-block-uagb-container uagb-layout-grid uagb-block-24299646 alignfull uagb-is-root-container\"><div class=\"uagb-container-inner-blocks-wrap\">\n<div class=\"wp-block-uagb-info-box uagb-block-f02872bf uagb-infobox__content-wrap  uagb-infobox-icon-above-title uagb-infobox-image-valign-top\"><div class=\"uagb-ifb-content\"><div class=\"uagb-ifb-title-wrap\"><h3 class=\"uagb-ifb-title\">Configuratie in 3D<\/h3><\/div><p class=\"uagb-ifb-desc\">In het huidige digitale tijdperk zijn <a href=\"https:\/\/animech.com\/en\/3d-configurator\/\" target=\"_blank\" rel=\"noopener\">3D-configuratoren<\/a> een onmisbaar onderdeel van de moderne verkoop- en marketingstrategie. Deze geavanceerde tools bieden een revolutionaire ervaring voor zowel bedrijven als klanten en zullen in de toekomst waarschijnlijk cruciaal worden bij het bereiken van potenti\u00eble klanten. Bedrijven die deze wereld niet betreden, lopen het risico achterop te raken en waardevolle verkoopkansen mis te lopen.  <br><br>3D-configurators zijn ongetwijfeld de toekomst van web- en digitale verkoop. Ze bieden een unieke en aantrekkelijke winkelervaring die op andere platforms moeilijk te evenaren is. Bedrijven die investeren in deze technologie zullen goed uitgerust zijn om te voldoen aan de groeiende eisen van een steeds meer gedigitaliseerde markt, terwijl bedrijven die dat niet doen het risico lopen achterop te raken en kansen op verkoop en groei mis te lopen.  <\/p><\/div><\/div>\n\n\n\n<figure class=\"wp-block-image size-full\"><img fetchpriority=\"high\" decoding=\"async\" width=\"574\" height=\"400\" src=\"https:\/\/konfigurator.nu\/wp-content\/uploads\/2024\/07\/Showroom_SKF-Small-20-fps.gif\" alt=\"3D\" class=\"wp-image-4402\"\/><\/figure>\n<\/div><\/div>\n\n\n\n<div class=\"wp-block-uagb-container uagb-block-6be40f00 alignfull uagb-is-root-container\"><div class=\"uagb-container-inner-blocks-wrap\">\n<div class=\"wp-block-uagb-advanced-heading uagb-block-8e598847\"><h3 class=\"uagb-heading-text\">Functionaliteit en gebruik<\/h3><\/div>\n\n\n\n<div class=\"wp-block-uagb-container uagb-layout-grid uagb-block-2b8639e4\">\n<div class=\"wp-block-uagb-advanced-heading uagb-block-dda0e0fa\"><h4 class=\"uagb-heading-text\">Voordelen van 3D-configurators<\/h4><p class=\"uagb-desc-text\"><strong>Verbeterde klantbetrokkenheid<\/strong>: Interactieve 3D-modellen betrekken klanten door hen in staat te stellen producten te verkennen en te personaliseren op een manier die zowel leuk als informatief is. Dit verbetert de klantervaring en kan leiden tot een hogere conversie. <br><br><strong>Minder retourzendingen en klachten<\/strong>: Door klanten een duidelijk en nauwkeurig beeld van het product te geven voordat ze het kopen, wordt de kans op misverstanden en verkeerde bestellingen kleiner. Dit leidt tot minder retourzendingen en klachten, waardoor uw bedrijf tijd en geld bespaart. <br><br><strong>Sterker concurrentievoordeel<\/strong>: Bedrijven die 3D-configuratoren gebruiken, kunnen zich onderscheiden door een superieure en unieke klantervaring te bieden. Dit kan meer klanten aantrekken en de loyaliteit van bestaande klanten vergroten. <br><br><strong>Verhoogde effici\u00ebntie en winstgevendheid<\/strong>: Met minder fouten en een effici\u00ebnter configuratieproces kunnen bedrijven hun algehele effici\u00ebntie verbeteren. Deze verhoogde nauwkeurigheid en effici\u00ebntie kunnen leiden tot een hogere winstgevendheid en een beter gebruik van middelen. <\/p><\/div>\n\n\n\n<div class=\"wp-block-uagb-advanced-heading uagb-block-b946363e\"><h4 class=\"uagb-heading-text\">Gebruikelijke toepassingen<\/h4><p class=\"uagb-desc-text\"><br><strong>E-commerce<\/strong>: Een aantrekkelijkere winkelervaring cre\u00ebren waarbij klanten producten als meubels, kleding, sieraden en elektronica kunnen aanpassen.<br><strong>Auto-industrie<\/strong>: Klanten kunnen hun auto&#8217;s configureren en visualiseren met verschillende kleuren, interieurs en opties, waardoor een realistisch beeld van het eindproduct ontstaat.<br><strong>Vastgoedontwikkeling<\/strong>: Biedt kopers de mogelijkheid om verschillende aspecten van een huis of bedrijfspand te bekijken en aan te passen voor de aankoop.<br><strong>Meubelindustrie<\/strong>: Klanten kunnen meubels aanpassen met verschillende materialen, kleuren en afmetingen en zien hoe het eruit ziet in een virtuele omgeving.<br><strong>Industrieel ontwerp en productie<\/strong>: Helpt ingenieurs en ontwerpers om complexe machines en apparatuur te visualiseren en aan te passen voor de productie.<\/p><\/div>\n\n\n\n<figure class=\"wp-block-gallery has-nested-images columns-default is-cropped wp-block-gallery-1 is-layout-flex wp-block-gallery-is-layout-flex\">\n<figure class=\"wp-block-image size-full has-custom-border is-style-default\"><img decoding=\"async\" width=\"1024\" height=\"1792\" data-id=\"4029\" src=\"https:\/\/konfigurator.nu\/wp-content\/uploads\/2024\/09\/DALL\u00b7E-2024-09-05-15.54.11-A-realistic-image-of-a-PC-monitor-in-portrait-mode-displaying-a-spatial-planning-tool-interface.-The-screen-shows-a-detailed-city-layout-with-roads-b.webp\" alt=\"Spatial\" class=\"wp-image-4029\" style=\"border-style:none;border-width:0px;border-radius:0px\" srcset=\"https:\/\/konfigurator.nu\/wp-content\/uploads\/2024\/09\/DALL\u00b7E-2024-09-05-15.54.11-A-realistic-image-of-a-PC-monitor-in-portrait-mode-displaying-a-spatial-planning-tool-interface.-The-screen-shows-a-detailed-city-layout-with-roads-b.webp 1024w, https:\/\/konfigurator.nu\/wp-content\/uploads\/2024\/09\/DALL\u00b7E-2024-09-05-15.54.11-A-realistic-image-of-a-PC-monitor-in-portrait-mode-displaying-a-spatial-planning-tool-interface.-The-screen-shows-a-detailed-city-layout-with-roads-b-171x300.webp 171w, https:\/\/konfigurator.nu\/wp-content\/uploads\/2024\/09\/DALL\u00b7E-2024-09-05-15.54.11-A-realistic-image-of-a-PC-monitor-in-portrait-mode-displaying-a-spatial-planning-tool-interface.-The-screen-shows-a-detailed-city-layout-with-roads-b-585x1024.webp 585w, https:\/\/konfigurator.nu\/wp-content\/uploads\/2024\/09\/DALL\u00b7E-2024-09-05-15.54.11-A-realistic-image-of-a-PC-monitor-in-portrait-mode-displaying-a-spatial-planning-tool-interface.-The-screen-shows-a-detailed-city-layout-with-roads-b-768x1344.webp 768w, https:\/\/konfigurator.nu\/wp-content\/uploads\/2024\/09\/DALL\u00b7E-2024-09-05-15.54.11-A-realistic-image-of-a-PC-monitor-in-portrait-mode-displaying-a-spatial-planning-tool-interface.-The-screen-shows-a-detailed-city-layout-with-roads-b-878x1536.webp 878w\" sizes=\"(max-width: 1024px) 100vw, 1024px\" \/><\/figure>\n<\/figure>\n<\/div>\n\n\n\n<p><\/p>\n\n\n\n<p>Neem <a href=\"https:\/\/konfigurator.nu\/nl\/neem-contact-met-ons-op\/\">contact met ons op<\/a> als u meer wilt weten over hoe u uw producten in 3D op het web kunt krijgen<\/p>\n\n\n\n<p><\/p>\n\n\n\n<div class=\"wp-block-uagb-advanced-heading uagb-block-9f28fc9e\"><p class=\"uagb-heading-text\">Een voorbeeld van 3D-configurator is <strong><a href=\"https:\/\/www.inr.se\/planera-badrum\/planera-badrum-verktyg-3d\/\" target=\"_blank\" rel=\"noopener\">de meubelwerkplaats<\/a> <\/strong>ontwikkeld door <a href=\"https:\/\/animech.com\/sv\/\" target=\"_blank\" rel=\"noopener\"><strong>Animech<\/strong><\/a>.<\/p><\/div>\n<\/div><\/div>\n\n\n\n<p><\/p>\n","protected":false},"excerpt":{"rendered":"<p>3D CONFIGURATOR Functionaliteit en gebruik Voordelen van 3D-configurators Verbeterde klantbetrokkenheid: Interactieve 3D-modellen betrekken klanten door hen in staat te stellen producten te verkennen en te personaliseren op een manier die zowel leuk als informatief is. Dit verbetert de klantervaring en kan leiden tot een hogere conversie. Minder retourzendingen en klachten: Door klanten een duidelijk en [&hellip;]<\/p>\n","protected":false},"author":3,"featured_media":0,"parent":0,"menu_order":0,"comment_status":"closed","ping_status":"closed","template":"","meta":{"_uag_custom_page_level_css":"","site-sidebar-layout":"default","site-content-layout":"","ast-site-content-layout":"default","site-content-style":"default","site-sidebar-style":"default","ast-global-header-display":"","ast-banner-title-visibility":"","ast-main-header-display":"","ast-hfb-above-header-display":"","ast-hfb-below-header-display":"","ast-hfb-mobile-header-display":"","site-post-title":"disabled","ast-breadcrumbs-content":"","ast-featured-img":"","footer-sml-layout":"","ast-disable-related-posts":"","theme-transparent-header-meta":"","adv-header-id-meta":"","stick-header-meta":"","header-above-stick-meta":"","header-main-stick-meta":"","header-below-stick-meta":"","astra-migrate-meta-layouts":"set","ast-page-background-enabled":"default","ast-page-background-meta":{"desktop":{"background-color":"","background-image":"","background-repeat":"repeat","background-position":"center center","background-size":"auto","background-attachment":"scroll","background-type":"","background-media":"","overlay-type":"","overlay-color":"","overlay-opacity":"","overlay-gradient":""},"tablet":{"background-color":"","background-image":"","background-repeat":"repeat","background-position":"center center","background-size":"auto","background-attachment":"scroll","background-type":"","background-media":"","overlay-type":"","overlay-color":"","overlay-opacity":"","overlay-gradient":""},"mobile":{"background-color":"","background-image":"","background-repeat":"repeat","background-position":"center center","background-size":"auto","background-attachment":"scroll","background-type":"","background-media":"","overlay-type":"","overlay-color":"","overlay-opacity":"","overlay-gradient":""}},"ast-content-background-meta":{"desktop":{"background-color":"var(--ast-global-color-5)","background-image":"","background-repeat":"repeat","background-position":"center center","background-size":"auto","background-attachment":"scroll","background-type":"","background-media":"","overlay-type":"","overlay-color":"","overlay-opacity":"","overlay-gradient":""},"tablet":{"background-color":"var(--ast-global-color-5)","background-image":"","background-repeat":"repeat","background-position":"center center","background-size":"auto","background-attachment":"scroll","background-type":"","background-media":"","overlay-type":"","overlay-color":"","overlay-opacity":"","overlay-gradient":""},"mobile":{"background-color":"var(--ast-global-color-5)","background-image":"","background-repeat":"repeat","background-position":"center center","background-size":"auto","background-attachment":"scroll","background-type":"","background-media":"","overlay-type":"","overlay-color":"","overlay-opacity":"","overlay-gradient":""}},"footnotes":""},"class_list":["post-3458","page","type-page","status-publish","hentry"],"uagb_featured_image_src":{"full":false,"thumbnail":false,"medium":false,"medium_large":false,"large":false,"1536x1536":false,"2048x2048":false},"uagb_author_info":{"display_name":"Tino Karazeimbekis","author_link":"https:\/\/konfigurator.nu\/nl\/author\/tino\/"},"uagb_comment_info":0,"uagb_excerpt":"3D CONFIGURATOR Functionaliteit en gebruik Voordelen van 3D-configurators Verbeterde klantbetrokkenheid: Interactieve 3D-modellen betrekken klanten door hen in staat te stellen producten te verkennen en te personaliseren op een manier die zowel leuk als informatief is. Dit verbetert de klantervaring en kan leiden tot een hogere conversie. Minder retourzendingen en klachten: Door klanten een duidelijk en&hellip;","_links":{"self":[{"href":"https:\/\/konfigurator.nu\/nl\/wp-json\/wp\/v2\/pages\/3458","targetHints":{"allow":["GET"]}}],"collection":[{"href":"https:\/\/konfigurator.nu\/nl\/wp-json\/wp\/v2\/pages"}],"about":[{"href":"https:\/\/konfigurator.nu\/nl\/wp-json\/wp\/v2\/types\/page"}],"author":[{"embeddable":true,"href":"https:\/\/konfigurator.nu\/nl\/wp-json\/wp\/v2\/users\/3"}],"replies":[{"embeddable":true,"href":"https:\/\/konfigurator.nu\/nl\/wp-json\/wp\/v2\/comments?post=3458"}],"version-history":[{"count":4,"href":"https:\/\/konfigurator.nu\/nl\/wp-json\/wp\/v2\/pages\/3458\/revisions"}],"predecessor-version":[{"id":4405,"href":"https:\/\/konfigurator.nu\/nl\/wp-json\/wp\/v2\/pages\/3458\/revisions\/4405"}],"wp:attachment":[{"href":"https:\/\/konfigurator.nu\/nl\/wp-json\/wp\/v2\/media?parent=3458"}],"curies":[{"name":"wp","href":"https:\/\/api.w.org\/{rel}","templated":true}]}}