{"id":3322,"date":"2024-07-23T10:44:33","date_gmt":"2024-07-23T08:44:33","guid":{"rendered":"https:\/\/konfigurator.nu\/3d-konfigurator\/"},"modified":"2026-04-13T14:54:57","modified_gmt":"2026-04-13T12:54:57","slug":"3d-konfigurator","status":"publish","type":"page","link":"https:\/\/konfigurator.nu\/no\/3d-konfigurator\/","title":{"rendered":"3D-konfigurator"},"content":{"rendered":"\n<div class=\"wp-block-uagb-container uagb-block-d6924da0 alignfull uagb-is-root-container\"><div class=\"uagb-container__video-wrap\"><video autoplay loop muted playsinline><source src=\"https:\/\/konfigurator.nu\/wp-content\/uploads\/2024\/09\/Car01_0000.mp4\" type=\"video\/mp4\"\/><\/video><\/div><div class=\"uagb-container-inner-blocks-wrap\">\n<div class=\"wp-block-uagb-advanced-heading uagb-block-efa76908\"><h1 class=\"uagb-heading-text\">3D-KONFIGURATOR<\/h1><\/div>\n<\/div><\/div>\n\n\n\n<div class=\"wp-block-uagb-container uagb-layout-grid uagb-block-24299646 alignfull uagb-is-root-container\"><div class=\"uagb-container-inner-blocks-wrap\">\n<div class=\"wp-block-uagb-info-box uagb-block-f02872bf uagb-infobox__content-wrap  uagb-infobox-icon-above-title uagb-infobox-image-valign-top\"><div class=\"uagb-ifb-content\"><div class=\"uagb-ifb-title-wrap\"><h3 class=\"uagb-ifb-title\">Konfigurasjon i 3D<\/h3><\/div><p class=\"uagb-ifb-desc\">I dagens digitale tidsalder er <a href=\"https:\/\/animech.com\/en\/3d-configurator\/\" target=\"_blank\" rel=\"noopener\">3D-konfiguratorer<\/a> en uunnv\u00e6rlig del av den moderne salgs- og markedsf\u00f8ringsstrategien. Disse avanserte verkt\u00f8yene gir en revolusjonerende opplevelse for b\u00e5de bedrifter og kunder, og vil sannsynligvis bli avgj\u00f8rende for \u00e5 n\u00e5 ut til potensielle kunder i fremtiden. Virksomheter som ikke tar steget inn i denne verdenen, risikerer \u00e5 sakke akterut og g\u00e5 glipp av verdifulle salgsmuligheter.  <br><br>3D-konfiguratorer er utvilsomt fremtiden for nettbasert og digitalt salg. De tilbyr en unik og engasjerende kj\u00f8psopplevelse som er vanskelig \u00e5 gjenskape p\u00e5 andre plattformer. Bedrifter som investerer i denne teknologien, vil v\u00e6re godt rustet til \u00e5 m\u00f8te de \u00f8kende kravene fra et stadig mer digitalisert marked, mens de som ikke gj\u00f8r det, risikerer \u00e5 sakke akterut og g\u00e5 glipp av muligheter for salg og vekst.  <\/p><\/div><\/div>\n\n\n\n<figure class=\"wp-block-image size-full\"><img fetchpriority=\"high\" decoding=\"async\" width=\"574\" height=\"400\" src=\"https:\/\/konfigurator.nu\/wp-content\/uploads\/2024\/07\/Showroom_SKF-Small-20-fps.gif\" alt=\"3D\" class=\"wp-image-4343\"\/><\/figure>\n<\/div><\/div>\n\n\n\n<div class=\"wp-block-uagb-container uagb-block-6be40f00 alignfull uagb-is-root-container\"><div class=\"uagb-container-inner-blocks-wrap\">\n<div class=\"wp-block-uagb-advanced-heading uagb-block-8e598847\"><h3 class=\"uagb-heading-text\">Funksjonalitet og bruksomr\u00e5der<\/h3><\/div>\n\n\n\n<div class=\"wp-block-uagb-container uagb-layout-grid uagb-block-2b8639e4\">\n<div class=\"wp-block-uagb-advanced-heading uagb-block-dda0e0fa\"><h4 class=\"uagb-heading-text\">Fordeler med 3D-konfiguratorer<\/h4><p class=\"uagb-desc-text\"><strong>Forbedret kundeengasjement<\/strong>: Interaktive 3D-modeller engasjerer kundene ved at de kan utforske og tilpasse produktene p\u00e5 en m\u00e5te som er b\u00e5de morsom og informativ. Dette forbedrer kundeopplevelsen og kan f\u00f8re til h\u00f8yere konverteringsrater. <br><br><strong>F\u00e6rre returer og reklamasjoner<\/strong>: Ved \u00e5 gi kundene et klart og n\u00f8yaktig bilde av produktet f\u00f8r kj\u00f8pet, reduseres risikoen for misforst\u00e5elser og feilbestillinger. Dette f\u00f8rer til f\u00e6rre returer og reklamasjoner, noe som sparer bedriften din for tid og penger. <br><br><strong>Sterkere konkurransefortrinn<\/strong>: Bedrifter som bruker 3D-konfiguratorer, kan skille seg ut ved \u00e5 tilby en overlegen og unik kundeopplevelse. Dette kan tiltrekke seg flere kunder og \u00f8ke lojaliteten til eksisterende kunder. <br><br><strong>\u00d8kt effektivitet og l\u00f8nnsomhet<\/strong>: Med f\u00e6rre feil og en mer effektiv konfigurasjonsprosess kan bedrifter forbedre sin generelle effektivitet. Denne \u00f8kte n\u00f8yaktigheten og effektiviteten kan f\u00f8re til h\u00f8yere l\u00f8nnsomhet og bedre ressursutnyttelse. <\/p><\/div>\n\n\n\n<div class=\"wp-block-uagb-advanced-heading uagb-block-b946363e\"><h4 class=\"uagb-heading-text\">Felles bruksomr\u00e5der<\/h4><p class=\"uagb-desc-text\"><br><strong>E-handel<\/strong>: For \u00e5 skape en mer engasjerende handleopplevelse der kundene kan tilpasse produkter som m\u00f8bler, kl\u00e6r, smykker og elektronikk.<br><strong>Bilbransjen<\/strong>: Kundene kan konfigurere og visualisere bilene sine med ulike farger, interi\u00f8r og alternativer, noe som gir et realistisk bilde av det endelige produktet.<br><strong>Eiendomsutvikling<\/strong>: Gj\u00f8r det mulig for kj\u00f8pere \u00e5 se og tilpasse ulike aspekter ved en bolig eller n\u00e6ringseiendom f\u00f8r de kj\u00f8per den.<br><strong>M\u00f8belindustri<\/strong>: Kundene kan tilpasse m\u00f8bler med ulike materialer, farger og dimensjoner og se hvordan de ser ut i et virtuelt milj\u00f8.<br><strong>Industriell design og<\/strong> produksjon: Hjelper ingeni\u00f8rer og designere med \u00e5 visualisere og justere komplekse maskiner og utstyr f\u00f8r produksjon.<\/p><\/div>\n\n\n\n<figure class=\"wp-block-gallery has-nested-images columns-default is-cropped wp-block-gallery-1 is-layout-flex wp-block-gallery-is-layout-flex\">\n<figure class=\"wp-block-image size-full has-custom-border is-style-default\"><img decoding=\"async\" width=\"1024\" height=\"1792\" data-id=\"4345\" src=\"https:\/\/konfigurator.nu\/wp-content\/uploads\/2024\/09\/DALL\u00b7E-2024-09-05-16.13.32-A-realistic-image-of-a-PC-monitor-in-portrait-mode-displaying-3D-models-with-a-simplified-user-interface.-The-screen-shows-a-clean-minimalistic-layou.webp\" alt=\"3D\" class=\"wp-image-4345\" style=\"border-style:none;border-width:0px;border-radius:0px\" srcset=\"https:\/\/konfigurator.nu\/wp-content\/uploads\/2024\/09\/DALL\u00b7E-2024-09-05-16.13.32-A-realistic-image-of-a-PC-monitor-in-portrait-mode-displaying-3D-models-with-a-simplified-user-interface.-The-screen-shows-a-clean-minimalistic-layou.webp 1024w, https:\/\/konfigurator.nu\/wp-content\/uploads\/2024\/09\/DALL\u00b7E-2024-09-05-16.13.32-A-realistic-image-of-a-PC-monitor-in-portrait-mode-displaying-3D-models-with-a-simplified-user-interface.-The-screen-shows-a-clean-minimalistic-layou-171x300.webp 171w, https:\/\/konfigurator.nu\/wp-content\/uploads\/2024\/09\/DALL\u00b7E-2024-09-05-16.13.32-A-realistic-image-of-a-PC-monitor-in-portrait-mode-displaying-3D-models-with-a-simplified-user-interface.-The-screen-shows-a-clean-minimalistic-layou-585x1024.webp 585w, https:\/\/konfigurator.nu\/wp-content\/uploads\/2024\/09\/DALL\u00b7E-2024-09-05-16.13.32-A-realistic-image-of-a-PC-monitor-in-portrait-mode-displaying-3D-models-with-a-simplified-user-interface.-The-screen-shows-a-clean-minimalistic-layou-768x1344.webp 768w, https:\/\/konfigurator.nu\/wp-content\/uploads\/2024\/09\/DALL\u00b7E-2024-09-05-16.13.32-A-realistic-image-of-a-PC-monitor-in-portrait-mode-displaying-3D-models-with-a-simplified-user-interface.-The-screen-shows-a-clean-minimalistic-layou-878x1536.webp 878w\" sizes=\"(max-width: 1024px) 100vw, 1024px\" \/><\/figure>\n<\/figure>\n<\/div>\n\n\n\n<p><\/p>\n\n\n\n<p><a href=\"https:\/\/konfigurator.nu\/no\/kontakt-oss\/\">Kontakt oss<\/a> hvis du vil vite mer om hvordan du kan f\u00e5 produktene dine i 3D p\u00e5 nettet<\/p>\n\n\n\n<p><\/p>\n\n\n\n<div class=\"wp-block-uagb-advanced-heading uagb-block-9f28fc9e\"><p class=\"uagb-heading-text\">Et eksempel p\u00e5 3D-konfigurator er <strong><a href=\"https:\/\/www.inr.se\/planera-badrum\/planera-badrum-verktyg-3d\/\" target=\"_blank\" rel=\"noopener\">m\u00f8belverkstedet<\/a> <\/strong>utviklet av <a href=\"https:\/\/animech.com\/sv\/\" target=\"_blank\" rel=\"noopener\"><strong>Animech<\/strong><\/a>.<\/p><\/div>\n<\/div><\/div>\n\n\n\n<p><\/p>\n","protected":false},"excerpt":{"rendered":"<p>3D-KONFIGURATOR Funksjonalitet og bruksomr\u00e5der Fordeler med 3D-konfiguratorer Forbedret kundeengasjement: Interaktive 3D-modeller engasjerer kundene ved at de kan utforske og tilpasse produktene p\u00e5 en m\u00e5te som er b\u00e5de morsom og informativ. Dette forbedrer kundeopplevelsen og kan f\u00f8re til h\u00f8yere konverteringsrater. F\u00e6rre returer og reklamasjoner: Ved \u00e5 gi kundene et klart og n\u00f8yaktig bilde av produktet f\u00f8r [&hellip;]<\/p>\n","protected":false},"author":3,"featured_media":0,"parent":0,"menu_order":0,"comment_status":"closed","ping_status":"closed","template":"","meta":{"_uag_custom_page_level_css":"","site-sidebar-layout":"default","site-content-layout":"","ast-site-content-layout":"default","site-content-style":"default","site-sidebar-style":"default","ast-global-header-display":"","ast-banner-title-visibility":"","ast-main-header-display":"","ast-hfb-above-header-display":"","ast-hfb-below-header-display":"","ast-hfb-mobile-header-display":"","site-post-title":"disabled","ast-breadcrumbs-content":"","ast-featured-img":"","footer-sml-layout":"","ast-disable-related-posts":"","theme-transparent-header-meta":"","adv-header-id-meta":"","stick-header-meta":"","header-above-stick-meta":"","header-main-stick-meta":"","header-below-stick-meta":"","astra-migrate-meta-layouts":"set","ast-page-background-enabled":"default","ast-page-background-meta":{"desktop":{"background-color":"","background-image":"","background-repeat":"repeat","background-position":"center center","background-size":"auto","background-attachment":"scroll","background-type":"","background-media":"","overlay-type":"","overlay-color":"","overlay-opacity":"","overlay-gradient":""},"tablet":{"background-color":"","background-image":"","background-repeat":"repeat","background-position":"center center","background-size":"auto","background-attachment":"scroll","background-type":"","background-media":"","overlay-type":"","overlay-color":"","overlay-opacity":"","overlay-gradient":""},"mobile":{"background-color":"","background-image":"","background-repeat":"repeat","background-position":"center center","background-size":"auto","background-attachment":"scroll","background-type":"","background-media":"","overlay-type":"","overlay-color":"","overlay-opacity":"","overlay-gradient":""}},"ast-content-background-meta":{"desktop":{"background-color":"var(--ast-global-color-5)","background-image":"","background-repeat":"repeat","background-position":"center center","background-size":"auto","background-attachment":"scroll","background-type":"","background-media":"","overlay-type":"","overlay-color":"","overlay-opacity":"","overlay-gradient":""},"tablet":{"background-color":"var(--ast-global-color-5)","background-image":"","background-repeat":"repeat","background-position":"center center","background-size":"auto","background-attachment":"scroll","background-type":"","background-media":"","overlay-type":"","overlay-color":"","overlay-opacity":"","overlay-gradient":""},"mobile":{"background-color":"var(--ast-global-color-5)","background-image":"","background-repeat":"repeat","background-position":"center center","background-size":"auto","background-attachment":"scroll","background-type":"","background-media":"","overlay-type":"","overlay-color":"","overlay-opacity":"","overlay-gradient":""}},"footnotes":""},"class_list":["post-3322","page","type-page","status-publish","hentry"],"uagb_featured_image_src":{"full":false,"thumbnail":false,"medium":false,"medium_large":false,"large":false,"1536x1536":false,"2048x2048":false},"uagb_author_info":{"display_name":"Tino Karazeimbekis","author_link":"https:\/\/konfigurator.nu\/no\/author\/tino\/"},"uagb_comment_info":0,"uagb_excerpt":"3D-KONFIGURATOR Funksjonalitet og bruksomr\u00e5der Fordeler med 3D-konfiguratorer Forbedret kundeengasjement: Interaktive 3D-modeller engasjerer kundene ved at de kan utforske og tilpasse produktene p\u00e5 en m\u00e5te som er b\u00e5de morsom og informativ. Dette forbedrer kundeopplevelsen og kan f\u00f8re til h\u00f8yere konverteringsrater. F\u00e6rre returer og reklamasjoner: Ved \u00e5 gi kundene et klart og n\u00f8yaktig bilde av produktet f\u00f8r&hellip;","_links":{"self":[{"href":"https:\/\/konfigurator.nu\/no\/wp-json\/wp\/v2\/pages\/3322","targetHints":{"allow":["GET"]}}],"collection":[{"href":"https:\/\/konfigurator.nu\/no\/wp-json\/wp\/v2\/pages"}],"about":[{"href":"https:\/\/konfigurator.nu\/no\/wp-json\/wp\/v2\/types\/page"}],"author":[{"embeddable":true,"href":"https:\/\/konfigurator.nu\/no\/wp-json\/wp\/v2\/users\/3"}],"replies":[{"embeddable":true,"href":"https:\/\/konfigurator.nu\/no\/wp-json\/wp\/v2\/comments?post=3322"}],"version-history":[{"count":4,"href":"https:\/\/konfigurator.nu\/no\/wp-json\/wp\/v2\/pages\/3322\/revisions"}],"predecessor-version":[{"id":4346,"href":"https:\/\/konfigurator.nu\/no\/wp-json\/wp\/v2\/pages\/3322\/revisions\/4346"}],"wp:attachment":[{"href":"https:\/\/konfigurator.nu\/no\/wp-json\/wp\/v2\/media?parent=3322"}],"curies":[{"name":"wp","href":"https:\/\/api.w.org\/{rel}","templated":true}]}}