{"id":3346,"date":"2024-07-23T10:38:47","date_gmt":"2024-07-23T08:38:47","guid":{"rendered":"https:\/\/konfigurator.nu\/salgskonfigurator\/"},"modified":"2026-04-13T15:01:34","modified_gmt":"2026-04-13T13:01:34","slug":"salgskonfigurator","status":"publish","type":"page","link":"https:\/\/konfigurator.nu\/no\/salgskonfigurator\/","title":{"rendered":"Salgskonfigurator"},"content":{"rendered":"\n<div class=\"wp-block-uagb-container uagb-block-d6924da0 alignfull uagb-is-root-container\"><div class=\"uagb-container__video-wrap\"><video autoplay loop muted playsinline><source src=\"https:\/\/konfigurator.nu\/wp-content\/uploads\/2024\/07\/5705647_Coll_wavebreak_Animation_1920x1080.mp4\" type=\"video\/mp4\"\/><\/video><\/div><div class=\"uagb-container-inner-blocks-wrap\">\n<div class=\"wp-block-uagb-advanced-heading uagb-block-efa76908\"><h1 class=\"uagb-heading-text\">SALGSKONFIGURATOR<\/h1><\/div>\n<\/div><\/div>\n\n\n\n<div class=\"wp-block-uagb-container uagb-layout-grid uagb-block-24299646 alignfull uagb-is-root-container\"><div class=\"uagb-container-inner-blocks-wrap\">\n<div class=\"wp-block-uagb-info-box uagb-block-f02872bf uagb-infobox__content-wrap  uagb-infobox-icon-above-title uagb-infobox-image-valign-top\"><div class=\"uagb-ifb-content\"><div class=\"uagb-ifb-title-wrap\"><h3 class=\"uagb-ifb-title\">Salgskonfigurator<\/h3><\/div><p class=\"uagb-ifb-desc\">En salgskonfigurator er en sofistikert type konfigurator som brukes til \u00e5 forenkle prosessen b\u00e5de internt av bedriftens <a href=\"https:\/\/www.salesforce.com\/sales\/cpq\/what-is-cpq\/\" data-type=\"link\" data-id=\"https:\/\/www.salesforce.com\/sales\/cpq\/what-is-cpq\/\" target=\"_blank\" rel=\"noopener\">salgsteam <\/a>og eksternt av kundene via nettet. Denne typen konfigurator er utformet for \u00e5 v\u00e6re sv\u00e6rt brukervennlig og inneholder ofte avanserte funksjoner for \u00e5 h\u00e5ndtere komplekse produkt- eller tjenestekonfigurasjoner. <br><br>Disse konfiguratorene skiller seg fra tradisjonelle produktkonfiguratorer ved at de har en mer avansert logikk og er i stand til \u00e5 stille brukervennlige sp\u00f8rsm\u00e5l. Mens en vanlig produktkonfigurator kan sp\u00f8rre brukeren &laquo;Hva slags maskin vil du ha?&raquo; og presentere et utvalg av spesifikke maskiner (f.eks. Maskin X, Maskin Y), vil konfiguratorer i stedet stille mer \u00e5pne og behovsbaserte sp\u00f8rsm\u00e5l som &laquo;Hva skal maskinen brukes til?&raquo;. Basert p\u00e5 svarene kan konfiguratoren deretter foresl\u00e5 en tilpasset konfigurasjon som best oppfyller brukerens behov.  <\/p><\/div><\/div>\n\n\n\n<div class=\"wp-block-columns is-layout-flex wp-container-core-columns-is-layout-28f84493 wp-block-columns-is-layout-flex\">\n<div class=\"wp-block-column is-layout-flow wp-block-column-is-layout-flow\" style=\"flex-basis:100%\">\n<figure class=\"wp-block-image size-large\"><img fetchpriority=\"high\" decoding=\"async\" width=\"1024\" height=\"793\" src=\"https:\/\/konfigurator.nu\/wp-content\/uploads\/2024\/07\/multi_nobackground-1024x793.png\" alt=\"https:\/\/animech.com\/en\/animech-platform\/\" class=\"wp-image-2965\" srcset=\"https:\/\/konfigurator.nu\/wp-content\/uploads\/2024\/07\/multi_nobackground-1024x793.png 1024w, https:\/\/konfigurator.nu\/wp-content\/uploads\/2024\/07\/multi_nobackground-300x232.png 300w, https:\/\/konfigurator.nu\/wp-content\/uploads\/2024\/07\/multi_nobackground-768x595.png 768w, https:\/\/konfigurator.nu\/wp-content\/uploads\/2024\/07\/multi_nobackground-1536x1190.png 1536w, https:\/\/konfigurator.nu\/wp-content\/uploads\/2024\/07\/multi_nobackground-2048x1587.png 2048w\" sizes=\"(max-width: 1024px) 100vw, 1024px\" \/><\/figure>\n<\/div>\n<\/div>\n<\/div><\/div>\n\n\n\n<div class=\"wp-block-uagb-container uagb-block-6be40f00 alignfull uagb-is-root-container\"><div class=\"uagb-container-inner-blocks-wrap\">\n<div class=\"wp-block-uagb-advanced-heading uagb-block-8e598847\"><h3 class=\"uagb-heading-text\">Funksjonalitet og bruksomr\u00e5der<\/h3><\/div>\n\n\n\n<div class=\"wp-block-uagb-container uagb-layout-grid uagb-block-2b8639e4\">\n<div class=\"wp-block-uagb-advanced-heading uagb-block-dda0e0fa\"><h4 class=\"uagb-heading-text\">Fordeler med salgskonfiguratorer<\/h4><p class=\"uagb-desc-text\"><strong>Brukervennlighet<\/strong>: En av de st\u00f8rste fordelene er fokuset p\u00e5 brukervennlighet. Ved \u00e5 stille enkle, behovsbaserte sp\u00f8rsm\u00e5l kan selv brukere uten teknisk ekspertise lage komplekse konfigurasjoner. <br><br><strong>Avansert log<\/strong>ikk: <a href=\"https:\/\/konfigurator.nu\/3d\/\">Konfiguratorene <\/a>har innebygd avansert logikk som kan h\u00e5ndtere komplekse avhengigheter og regler. Dette gj\u00f8r det mulig \u00e5 skape mer n\u00f8yaktige og relevante produktforslag basert p\u00e5 brukerens spesifikke behov og preferanser. <br><br><strong>Informativ konfliktl\u00f8sning<\/strong>: Disse konfiguratorene kan h\u00e5ndtere og l\u00f8se konflikter i sanntid. Hvis en brukers valg ikke er kompatibelt med tidligere valg, tilbyr konfiguratoren alternativer og forklaringer for \u00e5 hjelpe brukeren med \u00e5 gj\u00f8re de riktige justeringene. <br><br><strong>Fleksibilitet i sp\u00f8rsm\u00e5lsrekkef\u00f8lgen<\/strong>: Brukerne kan ofte svare p\u00e5 sp\u00f8rsm\u00e5l i hvilken som helst rekkef\u00f8lge, noe som gir en mer fleksibel og tilpassbar opplevelse. Dette gj\u00f8r at brukeren kan navigere gjennom konfigurasjonsprosessen p\u00e5 den m\u00e5ten som f\u00f8les mest naturlig for dem. <br><br><strong>Rapportgenerering<\/strong>: Konfiguratorer tilbyr ofte funksjoner for \u00e5 generere tilpassede rapporter som oppsummerer konfigurasjonen. Disse kan inneholde detaljer om produktspesifikasjoner, kostnader og leveringstider, noe som er sv\u00e6rt verdifullt for b\u00e5de selgere og kunder. <\/p><\/div>\n\n\n\n<div class=\"wp-block-uagb-advanced-heading uagb-block-b946363e\"><h4 class=\"uagb-heading-text\">Felles bruksomr\u00e5der<\/h4><p class=\"uagb-desc-text\">Salgskonfiguratorer brukes i en lang rekke bransjer og sammenhenger, blant annet<br><strong>E-handel<\/strong>: p\u00e5 nettsteder der kundene kan konfigurere og kj\u00f8pe produkter direkte p\u00e5 nettet. Konfiguratorer gj\u00f8r det enkelt for kundene \u00e5 tilpasse produktene til sine spesifikke behov og f\u00e5 et klart bilde av kostnader og leveringstid. <br><strong>Bedriftssalg<\/strong>: Internt i bedrifter der teamet bruker konfiguratorer til raskt og effektivt \u00e5 lage tilpassede produktforslag til kundene. Dette sparer tid og reduserer risikoen for feilbestillinger. <br><strong>Industrielt og teknisk salg<\/strong>: I bransjer der produktene er teknisk komplekse og krever n\u00f8ye konfigurering, kan konfigurat\u00f8rene h\u00e5ndtere de mange variablene og spesifikasjonene som disse produktene ofte inneb\u00e6rer. <\/p><\/div>\n\n\n\n<figure class=\"wp-block-gallery has-nested-images columns-default is-cropped wp-block-gallery-1 is-layout-flex wp-block-gallery-is-layout-flex\">\n<figure class=\"wp-block-image size-full has-custom-border is-style-default\"><img decoding=\"async\" width=\"1024\" height=\"1783\" data-id=\"4201\" src=\"https:\/\/konfigurator.nu\/wp-content\/uploads\/2026\/03\/2024-08-28-14.43.45-A-realistic-scene-of-a-salesperson-sitting-in-an-office-focused-on-a-laptop-screen-where-they-are-configuring-a-warehouse-system.-The-interface-on-th-e1773735162943-1.webp\" alt=\"Salg\" class=\"wp-image-4201\" style=\"border-style:none;border-width:0px\" srcset=\"https:\/\/konfigurator.nu\/wp-content\/uploads\/2026\/03\/2024-08-28-14.43.45-A-realistic-scene-of-a-salesperson-sitting-in-an-office-focused-on-a-laptop-screen-where-they-are-configuring-a-warehouse-system.-The-interface-on-th-e1773735162943-1.webp 1024w, https:\/\/konfigurator.nu\/wp-content\/uploads\/2026\/03\/2024-08-28-14.43.45-A-realistic-scene-of-a-salesperson-sitting-in-an-office-focused-on-a-laptop-screen-where-they-are-configuring-a-warehouse-system.-The-interface-on-th-e1773735162943-1-172x300.webp 172w, https:\/\/konfigurator.nu\/wp-content\/uploads\/2026\/03\/2024-08-28-14.43.45-A-realistic-scene-of-a-salesperson-sitting-in-an-office-focused-on-a-laptop-screen-where-they-are-configuring-a-warehouse-system.-The-interface-on-th-e1773735162943-1-588x1024.webp 588w, https:\/\/konfigurator.nu\/wp-content\/uploads\/2026\/03\/2024-08-28-14.43.45-A-realistic-scene-of-a-salesperson-sitting-in-an-office-focused-on-a-laptop-screen-where-they-are-configuring-a-warehouse-system.-The-interface-on-th-e1773735162943-1-768x1337.webp 768w, https:\/\/konfigurator.nu\/wp-content\/uploads\/2026\/03\/2024-08-28-14.43.45-A-realistic-scene-of-a-salesperson-sitting-in-an-office-focused-on-a-laptop-screen-where-they-are-configuring-a-warehouse-system.-The-interface-on-th-e1773735162943-1-882x1536.webp 882w\" sizes=\"(max-width: 1024px) 100vw, 1024px\" \/><\/figure>\n<\/figure>\n\n\n\n<p><\/p>\n\n\n\n<p><\/p>\n\n\n\n<div class=\"wp-block-uagb-advanced-heading uagb-block-c4c70dbd\"><\/div>\n\n\n\n<p><\/p>\n<\/div>\n<\/div><\/div>\n\n\n\n<p><\/p>\n","protected":false},"excerpt":{"rendered":"<p>SALGSKONFIGURATOR Funksjonalitet og bruksomr\u00e5der Fordeler med salgskonfiguratorer Brukervennlighet: En av de st\u00f8rste fordelene er fokuset p\u00e5 brukervennlighet. Ved \u00e5 stille enkle, behovsbaserte sp\u00f8rsm\u00e5l kan selv brukere uten teknisk ekspertise lage komplekse konfigurasjoner. Avansert logikk: Konfiguratorene har innebygd avansert logikk som kan h\u00e5ndtere komplekse avhengigheter og regler. Dette gj\u00f8r det mulig \u00e5 skape mer n\u00f8yaktige og [&hellip;]<\/p>\n","protected":false},"author":3,"featured_media":0,"parent":0,"menu_order":0,"comment_status":"closed","ping_status":"closed","template":"","meta":{"_uag_custom_page_level_css":"","site-sidebar-layout":"default","site-content-layout":"","ast-site-content-layout":"default","site-content-style":"default","site-sidebar-style":"default","ast-global-header-display":"","ast-banner-title-visibility":"","ast-main-header-display":"","ast-hfb-above-header-display":"","ast-hfb-below-header-display":"","ast-hfb-mobile-header-display":"","site-post-title":"disabled","ast-breadcrumbs-content":"","ast-featured-img":"","footer-sml-layout":"","ast-disable-related-posts":"","theme-transparent-header-meta":"","adv-header-id-meta":"","stick-header-meta":"","header-above-stick-meta":"","header-main-stick-meta":"","header-below-stick-meta":"","astra-migrate-meta-layouts":"set","ast-page-background-enabled":"default","ast-page-background-meta":{"desktop":{"background-color":"","background-image":"","background-repeat":"repeat","background-position":"center center","background-size":"auto","background-attachment":"scroll","background-type":"","background-media":"","overlay-type":"","overlay-color":"","overlay-opacity":"","overlay-gradient":""},"tablet":{"background-color":"","background-image":"","background-repeat":"repeat","background-position":"center center","background-size":"auto","background-attachment":"scroll","background-type":"","background-media":"","overlay-type":"","overlay-color":"","overlay-opacity":"","overlay-gradient":""},"mobile":{"background-color":"","background-image":"","background-repeat":"repeat","background-position":"center center","background-size":"auto","background-attachment":"scroll","background-type":"","background-media":"","overlay-type":"","overlay-color":"","overlay-opacity":"","overlay-gradient":""}},"ast-content-background-meta":{"desktop":{"background-color":"var(--ast-global-color-5)","background-image":"","background-repeat":"repeat","background-position":"center center","background-size":"auto","background-attachment":"scroll","background-type":"","background-media":"","overlay-type":"","overlay-color":"","overlay-opacity":"","overlay-gradient":""},"tablet":{"background-color":"var(--ast-global-color-5)","background-image":"","background-repeat":"repeat","background-position":"center center","background-size":"auto","background-attachment":"scroll","background-type":"","background-media":"","overlay-type":"","overlay-color":"","overlay-opacity":"","overlay-gradient":""},"mobile":{"background-color":"var(--ast-global-color-5)","background-image":"","background-repeat":"repeat","background-position":"center center","background-size":"auto","background-attachment":"scroll","background-type":"","background-media":"","overlay-type":"","overlay-color":"","overlay-opacity":"","overlay-gradient":""}},"footnotes":""},"class_list":["post-3346","page","type-page","status-publish","hentry"],"uagb_featured_image_src":{"full":false,"thumbnail":false,"medium":false,"medium_large":false,"large":false,"1536x1536":false,"2048x2048":false},"uagb_author_info":{"display_name":"Tino Karazeimbekis","author_link":"https:\/\/konfigurator.nu\/no\/author\/tino\/"},"uagb_comment_info":0,"uagb_excerpt":"SALGSKONFIGURATOR Funksjonalitet og bruksomr\u00e5der Fordeler med salgskonfiguratorer Brukervennlighet: En av de st\u00f8rste fordelene er fokuset p\u00e5 brukervennlighet. Ved \u00e5 stille enkle, behovsbaserte sp\u00f8rsm\u00e5l kan selv brukere uten teknisk ekspertise lage komplekse konfigurasjoner. Avansert logikk: Konfiguratorene har innebygd avansert logikk som kan h\u00e5ndtere komplekse avhengigheter og regler. Dette gj\u00f8r det mulig \u00e5 skape mer n\u00f8yaktige og&hellip;","_links":{"self":[{"href":"https:\/\/konfigurator.nu\/no\/wp-json\/wp\/v2\/pages\/3346","targetHints":{"allow":["GET"]}}],"collection":[{"href":"https:\/\/konfigurator.nu\/no\/wp-json\/wp\/v2\/pages"}],"about":[{"href":"https:\/\/konfigurator.nu\/no\/wp-json\/wp\/v2\/types\/page"}],"author":[{"embeddable":true,"href":"https:\/\/konfigurator.nu\/no\/wp-json\/wp\/v2\/users\/3"}],"replies":[{"embeddable":true,"href":"https:\/\/konfigurator.nu\/no\/wp-json\/wp\/v2\/comments?post=3346"}],"version-history":[{"count":5,"href":"https:\/\/konfigurator.nu\/no\/wp-json\/wp\/v2\/pages\/3346\/revisions"}],"predecessor-version":[{"id":4360,"href":"https:\/\/konfigurator.nu\/no\/wp-json\/wp\/v2\/pages\/3346\/revisions\/4360"}],"wp:attachment":[{"href":"https:\/\/konfigurator.nu\/no\/wp-json\/wp\/v2\/media?parent=3346"}],"curies":[{"name":"wp","href":"https:\/\/api.w.org\/{rel}","templated":true}]}}