{"id":3392,"date":"2024-06-10T11:36:47","date_gmt":"2024-06-10T09:36:47","guid":{"rendered":"https:\/\/konfigurator.nu\/3d\/"},"modified":"2026-04-13T14:54:18","modified_gmt":"2026-04-13T12:54:18","slug":"3d-nettet","status":"publish","type":"page","link":"https:\/\/konfigurator.nu\/no\/3d-nettet\/","title":{"rendered":"3D"},"content":{"rendered":"\n<div class=\"wp-block-uagb-container uagb-block-c54c600d alignfull uagb-is-root-container\"><div class=\"uagb-container__video-wrap\"><video autoplay loop muted playsinline><source src=\"https:\/\/konfigurator.nu\/wp-content\/uploads\/2024\/09\/603603_Future_Futuristic_1280x720.mp4\" type=\"video\/mp4\"\/><\/video><\/div><div class=\"uagb-container-inner-blocks-wrap\">\n<div class=\"wp-block-uagb-advanced-heading uagb-block-8b796fc7\"><h1 class=\"uagb-heading-text\">3D p\u00e5 nettet<\/h1><\/div>\n<\/div><\/div>\n\n\n\n<div class=\"wp-block-uagb-container uagb-block-7637fadb alignfull uagb-is-root-container\"><div class=\"uagb-container-inner-blocks-wrap\">\n<div class=\"wp-block-media-text is-stacked-on-mobile\"><figure class=\"wp-block-media-text__media\"><img fetchpriority=\"high\" decoding=\"async\" width=\"1024\" height=\"1024\" src=\"https:\/\/konfigurator.nu\/wp-content\/uploads\/2024\/09\/DALL\u00b7E-2024-09-05-16.19.10-A-realistic-depiction-of-the-future-of-virtual-reality-VR-and-how-the-web-may-look.-The-image-shows-a-person-wearing-a-sleek-modern-VR-headset-in-a.webp\" alt=\"Nettet\" class=\"wp-image-3247 size-full\" srcset=\"https:\/\/konfigurator.nu\/wp-content\/uploads\/2024\/09\/DALL\u00b7E-2024-09-05-16.19.10-A-realistic-depiction-of-the-future-of-virtual-reality-VR-and-how-the-web-may-look.-The-image-shows-a-person-wearing-a-sleek-modern-VR-headset-in-a.webp 1024w, https:\/\/konfigurator.nu\/wp-content\/uploads\/2024\/09\/DALL\u00b7E-2024-09-05-16.19.10-A-realistic-depiction-of-the-future-of-virtual-reality-VR-and-how-the-web-may-look.-The-image-shows-a-person-wearing-a-sleek-modern-VR-headset-in-a-300x300.webp 300w, https:\/\/konfigurator.nu\/wp-content\/uploads\/2024\/09\/DALL\u00b7E-2024-09-05-16.19.10-A-realistic-depiction-of-the-future-of-virtual-reality-VR-and-how-the-web-may-look.-The-image-shows-a-person-wearing-a-sleek-modern-VR-headset-in-a-150x150.webp 150w, https:\/\/konfigurator.nu\/wp-content\/uploads\/2024\/09\/DALL\u00b7E-2024-09-05-16.19.10-A-realistic-depiction-of-the-future-of-virtual-reality-VR-and-how-the-web-may-look.-The-image-shows-a-person-wearing-a-sleek-modern-VR-headset-in-a-768x768.webp 768w\" sizes=\"(max-width: 1024px) 100vw, 1024px\" \/><\/figure><div class=\"wp-block-media-text__content\">\n<h3 class=\"wp-block-heading\">Fordelene med 3D p\u00e5 nettet<\/h3>\n\n\n\n<p style=\"font-size:18px\">I dagens digitale landskap, som er i rask utvikling, spiller 3D-visualisering en stadig viktigere rolle p\u00e5 nettet. Teknologien gir bedrifter og kunder en rikere og mer engasjerende opplevelse, noe som er avgj\u00f8rende for \u00e5 holde seg i forkant i markedet. Her f\u00e5r du en oversikt over hvorfor 3D p\u00e5 nettet er s\u00e5 nyttig, samt vanlige bruksomr\u00e5der og spesifikke fordeler med 3D-visualisering.  <\/p>\n<\/div><\/div>\n\n\n\n<div class=\"wp-block-uagb-info-box uagb-block-1de365e1 uagb-infobox__content-wrap  uagb-infobox-icon-above-title uagb-infobox-image-valign-top wp-block-uagb-info-box--has-margin\"><div class=\"uagb-infobox-margin-wrapper\"><div class=\"uagb-ifb-content\"><div class=\"uagb-ifb-title-wrap\"><h2 class=\"uagb-ifb-title\">Hvorfor 3D p\u00e5 nettet er fremtiden<\/h2><\/div><\/div><\/div><\/div>\n\n\n\n<div class=\"wp-block-uagb-container uagb-layout-grid uagb-block-c7842b82\">\n<div class=\"wp-block-uagb-info-box uagb-block-8b0629f9 uagb-infobox__content-wrap  uagb-infobox-icon-above-title uagb-infobox-image-valign-top\"><div class=\"uagb-ifb-content\"><div class=\"uagb-ifb-title-wrap\"><h3 class=\"uagb-ifb-title\">Forbedre kundeopplevelsen<\/h3><\/div><p class=\"uagb-ifb-desc\">3D-visualiseringer p\u00e5 nettet gir en interaktiv og dynamisk brukeropplevelse som tradisjonelle todimensjonale bilder og tekster ikke kan matche. Kundene kan rotere, zoome og samhandle med produktet i sanntid, noe som gir en dypere forst\u00e5else av produktets utseende, funksjon og kvalitet. Dette \u00f8ker kundenes tillit og kan f\u00f8re til raskere og mer informerte kj\u00f8psbeslutninger.  <\/p><div class=\"uagb-ifb-separator\"><\/div><\/div><\/div>\n\n\n\n<div class=\"wp-block-uagb-info-box uagb-block-8d79e3a5 uagb-infobox__content-wrap  uagb-infobox-icon-above-title uagb-infobox-image-valign-top\"><div class=\"uagb-ifb-content\"><div class=\"uagb-ifb-title-wrap\"><h3 class=\"uagb-ifb-title\">H\u00f8yere konverteringsfrekvens<\/h3><\/div><p class=\"uagb-ifb-desc\">N\u00e5r kundene f\u00e5r et mer n\u00f8yaktig og realistisk bilde av produktet, reduseres risikoen for d\u00e5rlig samvittighet og feilbestillinger. Denne klarheten og gjennomsiktigheten kan f\u00f8re til h\u00f8yere konverteringsrater, ettersom kundene f\u00f8ler seg tryggere p\u00e5 kj\u00f8pene sine. 3D-visualiseringer kan ogs\u00e5 redusere returer og reklamasjoner ved \u00e5 sikre at kunden vet n\u00f8yaktig hva de f\u00e5r.  <\/p><div class=\"uagb-ifb-separator\"><\/div><\/div><\/div>\n\n\n\n<div class=\"wp-block-uagb-info-box uagb-block-cba06e60 uagb-infobox__content-wrap  uagb-infobox-icon-above-title uagb-infobox-image-valign-top\"><div class=\"uagb-ifb-content\"><div class=\"uagb-ifb-title-wrap\"><h3 class=\"uagb-ifb-title\">Konkurransefortrinn<\/h3><\/div><p class=\"uagb-ifb-desc\">Ved \u00e5 tilby 3D-visualisering p\u00e5 nettet kan en bedrift skille seg ut fra konkurrentene. Det viser at bedriften ligger i forkant av den teknologiske utviklingen og er opptatt av \u00e5 tilby en best mulig kundeopplevelse. Dette kan v\u00e6re en avgj\u00f8rende faktor n\u00e5r en kunde skal velge ditt varemerke fremfor et annet.  <\/p><\/div><\/div>\n\n\n\n<div class=\"wp-block-uagb-info-box uagb-block-1eb12d96 uagb-infobox__content-wrap  uagb-infobox-icon-above-title uagb-infobox-image-valign-top\"><div class=\"uagb-ifb-content\"><div class=\"uagb-ifb-title-wrap\"><h3 class=\"uagb-ifb-title\">Bedre markedsf\u00f8ring<\/h3><\/div><p class=\"uagb-ifb-desc\">3D-visualiseringer kan brukes i markedsf\u00f8ringsmateriell for \u00e5 skape mer engasjerende og minneverdige kampanjer. De kan brukes i sosiale medier, annonser og andre digitale plattformer for \u00e5 fange kundenes oppmerksomhet og vise frem produkter p\u00e5 en mer fristende m\u00e5te. <\/p><\/div><\/div>\n<\/div>\n\n\n\n<figure class=\"wp-block-image alignfull size-large\"><img decoding=\"async\" width=\"1024\" height=\"640\" src=\"https:\/\/konfigurator.nu\/wp-content\/uploads\/2024\/07\/Macbook_iPad_iPhone-Mockup-Mall_Ewellix-1024x640.png\" alt=\"Web\" class=\"wp-image-3085\" srcset=\"https:\/\/konfigurator.nu\/wp-content\/uploads\/2024\/07\/Macbook_iPad_iPhone-Mockup-Mall_Ewellix-1024x640.png 1024w, https:\/\/konfigurator.nu\/wp-content\/uploads\/2024\/07\/Macbook_iPad_iPhone-Mockup-Mall_Ewellix-300x188.png 300w, https:\/\/konfigurator.nu\/wp-content\/uploads\/2024\/07\/Macbook_iPad_iPhone-Mockup-Mall_Ewellix-768x480.png 768w, https:\/\/konfigurator.nu\/wp-content\/uploads\/2024\/07\/Macbook_iPad_iPhone-Mockup-Mall_Ewellix-1536x960.png 1536w, https:\/\/konfigurator.nu\/wp-content\/uploads\/2024\/07\/Macbook_iPad_iPhone-Mockup-Mall_Ewellix-2048x1280.png 2048w\" sizes=\"(max-width: 1024px) 100vw, 1024px\" \/><\/figure>\n\n\n\n<div class=\"wp-block-uagb-info-box uagb-block-f5f5fdc4 uagb-infobox__content-wrap  uagb-infobox-icon-above-title uagb-infobox-image-valign-top\"><div class=\"uagb-ifb-content\"><div class=\"uagb-ifb-title-wrap\"><h2 class=\"uagb-ifb-title\">Felles bruksomr\u00e5der<\/h2><\/div><\/div><\/div>\n\n\n\n<div class=\"wp-block-uagb-container uagb-layout-grid uagb-block-b1a6a8d0\">\n<div class=\"wp-block-uagb-info-box uagb-block-b45c349d uagb-infobox__content-wrap  uagb-infobox-icon-above-title uagb-infobox-image-valign-top\"><div class=\"uagb-ifb-content\"><div class=\"uagb-ifb-title-wrap\"><h3 class=\"uagb-ifb-title\">E-handel<\/h3><\/div><p class=\"uagb-ifb-desc\">I netthandel brukes 3D-visualiseringer til \u00e5 forbedre produktpresentasjonen. Kundene kan se detaljerte 3D-modeller av produkter som kl\u00e6r, m\u00f8bler, elektronikk og smykker, noe som hjelper dem med \u00e5 ta bedre kj\u00f8psbeslutninger. <\/p><div class=\"uagb-ifb-separator\"><\/div><\/div><\/div>\n\n\n\n<div class=\"wp-block-uagb-info-box uagb-block-1566ed18 uagb-infobox__content-wrap  uagb-infobox-icon-above-title uagb-infobox-image-valign-top\"><div class=\"uagb-ifb-content\"><div class=\"uagb-ifb-title-wrap\"><h3 class=\"uagb-ifb-title\">Bilindustrien<\/h3><\/div><p class=\"uagb-ifb-desc\">Bilprodusenter og -forhandlere bruker <a href=\"https:\/\/konfigurator.nu\/no\/3d-konfigurator\/\" data-type=\"link\" data-id=\"https:\/\/konfigurator.nu\/no\/3d-konfigurator\/\">3D-konfiguratorer<\/a> for \u00e5 gi kundene mulighet til \u00e5 tilpasse og visualisere biler p\u00e5 nettet. Kundene kan velge farger, felger, interi\u00f8rmaterialer og tilbeh\u00f8r og se hvordan valgene deres p\u00e5virker bilens utseende og funksjon.<\/p><div class=\"uagb-ifb-separator\"><\/div><\/div><\/div>\n\n\n\n<div class=\"wp-block-uagb-info-box uagb-block-653e03ed uagb-infobox__content-wrap  uagb-infobox-icon-above-title uagb-infobox-image-valign-top\"><div class=\"uagb-ifb-content\"><div class=\"uagb-ifb-title-wrap\"><h3 class=\"uagb-ifb-title\">Mote og design<\/h3><\/div><p class=\"uagb-ifb-desc\">I motebransjen brukes 3D-visualiseringer til \u00e5 vise kl\u00e6r og tilbeh\u00f8r p\u00e5 modeller eller som en del av en virtuell catwalk. Dette gir kundene en bedre id\u00e9 om hvordan plaggene vil se ut og passe p\u00e5 en ekte person. <\/p><\/div><\/div>\n\n\n\n<div class=\"wp-block-uagb-info-box uagb-block-43797ea1 uagb-infobox__content-wrap  uagb-infobox-icon-above-title uagb-infobox-image-valign-top\"><div class=\"uagb-ifb-content\"><div class=\"uagb-ifb-title-wrap\"><h3 class=\"uagb-ifb-title\">M\u00f8bler og interi\u00f8rdesign<\/h3><\/div><p class=\"uagb-ifb-desc\">Innen m\u00f8bel- og interi\u00f8rdesign brukes 3D-visualiseringer for \u00e5 vise hvordan m\u00f8bler og innredning ser ut i ulike milj\u00f8er. Kundene kan se hvordan ulike m\u00f8bler passer sammen i et rom, justere farger, materialer og plassering for \u00e5 f\u00e5 et bedre inntrykk av sluttresultatet f\u00f8r de kj\u00f8per. <\/p><\/div><\/div>\n<\/div>\n\n\n\n<div class=\"wp-block-uagb-separator uagb-block-0fe696ca\"><div class=\"uagb-separator-spacing-wrapper\"><div class=\"wp-block-uagb-separator__inner\" style=\"--my-background-image:\"><\/div><\/div><\/div>\n\n\n\n<div class=\"wp-block-uagb-info-box uagb-block-376ade61 uagb-infobox__content-wrap  uagb-infobox-icon-above-title uagb-infobox-image-valign-top\"><div class=\"uagb-ifb-content\"><div class=\"uagb-ifb-title-wrap\"><h2 class=\"uagb-ifb-title\">Pr\u00f8v ut ulike 3D-opplevelser p\u00e5 nettet<\/h2><\/div><\/div><\/div>\n<\/div><\/div>\n\n\n\n<div class=\"wp-block-media-text is-stacked-on-mobile\" style=\"padding-top:0;padding-bottom:var(--wp--preset--spacing--40)\"><figure class=\"wp-block-media-text__media\"><img decoding=\"async\" width=\"800\" height=\"450\" src=\"https:\/\/konfigurator.nu\/wp-content\/uploads\/2024\/09\/Elfa-GIF.gif\" alt=\"Verkossa\" class=\"wp-image-3265 size-full\"\/><\/figure><div class=\"wp-block-media-text__content\">\n<p class=\"has-medium-font-size\">Fj\u00e4llr\u00e4ven &laquo;K\u00e5nken Me&raquo; 3D-konfigurator: <a href=\"https:\/\/www.fjallraven.com\/se\/sv-se\/vaskor-utrustning\/kanken\/kanken-ryggsackar\/kanken-me\/?v=F23520::7323450746926\" target=\"_blank\" rel=\"noopener\">LINK<\/a><\/p>\n\n\n\n<p class=\"has-medium-font-size\">Ewellix Virtual 3D Showroom: <a href=\"https:\/\/virtual-showroom.ewellix.com\/\" target=\"_blank\" rel=\"noopener\">LINK<\/a><\/p>\n\n\n\n<p class=\"has-medium-font-size\">ELFA &laquo;Planner&raquo; 3D Builder: <a href=\"https:\/\/elfa.com\/sv-se\/planering\" target=\"_blank\" rel=\"noopener\">LINK<\/a><\/p>\n\n\n\n<p class=\"has-medium-font-size\">Digital 3D Twin med ekstremt h\u00f8y kvalitet: <a href=\"https:\/\/watch.animech.com\/\" target=\"_blank\" rel=\"noopener\">LINK<\/a><\/p>\n<\/div><\/div>\n\n\n\n<p><\/p>\n","protected":false},"excerpt":{"rendered":"<p>3D p\u00e5 nettet Fordelene med 3D p\u00e5 nettet I dagens digitale landskap, som er i rask utvikling, spiller 3D-visualisering en stadig viktigere rolle p\u00e5 nettet. Teknologien gir bedrifter og kunder en rikere og mer engasjerende opplevelse, noe som er avgj\u00f8rende for \u00e5 holde seg i forkant i markedet. Her f\u00e5r du en oversikt over hvorfor [&hellip;]<\/p>\n","protected":false},"author":2,"featured_media":0,"parent":0,"menu_order":0,"comment_status":"closed","ping_status":"closed","template":"","meta":{"_uag_custom_page_level_css":"","site-sidebar-layout":"no-sidebar","site-content-layout":"plain-container","ast-site-content-layout":"normal-width-container","site-content-style":"unboxed","site-sidebar-style":"unboxed","ast-global-header-display":"","ast-banner-title-visibility":"","ast-main-header-display":"","ast-hfb-above-header-display":"","ast-hfb-below-header-display":"","ast-hfb-mobile-header-display":"","site-post-title":"disabled","ast-breadcrumbs-content":"","ast-featured-img":"disabled","footer-sml-layout":"","ast-disable-related-posts":"","theme-transparent-header-meta":"enabled","adv-header-id-meta":"","stick-header-meta":"","header-above-stick-meta":"","header-main-stick-meta":"","header-below-stick-meta":"","astra-migrate-meta-layouts":"set","ast-page-background-enabled":"default","ast-page-background-meta":{"desktop":{"background-color":"","background-image":"","background-repeat":"repeat","background-position":"center center","background-size":"auto","background-attachment":"scroll","background-type":"","background-media":"","overlay-type":"","overlay-color":"","overlay-opacity":"","overlay-gradient":""},"tablet":{"background-color":"","background-image":"","background-repeat":"repeat","background-position":"center center","background-size":"auto","background-attachment":"scroll","background-type":"","background-media":"","overlay-type":"","overlay-color":"","overlay-opacity":"","overlay-gradient":""},"mobile":{"background-color":"","background-image":"","background-repeat":"repeat","background-position":"center center","background-size":"auto","background-attachment":"scroll","background-type":"","background-media":"","overlay-type":"","overlay-color":"","overlay-opacity":"","overlay-gradient":""}},"ast-content-background-meta":{"desktop":{"background-color":"var(--ast-global-color-5)","background-image":"","background-repeat":"repeat","background-position":"center center","background-size":"auto","background-attachment":"scroll","background-type":"","background-media":"","overlay-type":"","overlay-color":"","overlay-opacity":"","overlay-gradient":""},"tablet":{"background-color":"var(--ast-global-color-5)","background-image":"","background-repeat":"repeat","background-position":"center center","background-size":"auto","background-attachment":"scroll","background-type":"","background-media":"","overlay-type":"","overlay-color":"","overlay-opacity":"","overlay-gradient":""},"mobile":{"background-color":"var(--ast-global-color-5)","background-image":"","background-repeat":"repeat","background-position":"center center","background-size":"auto","background-attachment":"scroll","background-type":"","background-media":"","overlay-type":"","overlay-color":"","overlay-opacity":"","overlay-gradient":""}},"footnotes":""},"class_list":["post-3392","page","type-page","status-publish","hentry"],"uagb_featured_image_src":{"full":false,"thumbnail":false,"medium":false,"medium_large":false,"large":false,"1536x1536":false,"2048x2048":false},"uagb_author_info":{"display_name":"Staffan Hagberg","author_link":"https:\/\/konfigurator.nu\/no\/author\/staffan_konfigurator-nu\/"},"uagb_comment_info":0,"uagb_excerpt":"3D p\u00e5 nettet Fordelene med 3D p\u00e5 nettet I dagens digitale landskap, som er i rask utvikling, spiller 3D-visualisering en stadig viktigere rolle p\u00e5 nettet. Teknologien gir bedrifter og kunder en rikere og mer engasjerende opplevelse, noe som er avgj\u00f8rende for \u00e5 holde seg i forkant i markedet. Her f\u00e5r du en oversikt over hvorfor&hellip;","_links":{"self":[{"href":"https:\/\/konfigurator.nu\/no\/wp-json\/wp\/v2\/pages\/3392","targetHints":{"allow":["GET"]}}],"collection":[{"href":"https:\/\/konfigurator.nu\/no\/wp-json\/wp\/v2\/pages"}],"about":[{"href":"https:\/\/konfigurator.nu\/no\/wp-json\/wp\/v2\/types\/page"}],"author":[{"embeddable":true,"href":"https:\/\/konfigurator.nu\/no\/wp-json\/wp\/v2\/users\/2"}],"replies":[{"embeddable":true,"href":"https:\/\/konfigurator.nu\/no\/wp-json\/wp\/v2\/comments?post=3392"}],"version-history":[{"count":7,"href":"https:\/\/konfigurator.nu\/no\/wp-json\/wp\/v2\/pages\/3392\/revisions"}],"predecessor-version":[{"id":4344,"href":"https:\/\/konfigurator.nu\/no\/wp-json\/wp\/v2\/pages\/3392\/revisions\/4344"}],"wp:attachment":[{"href":"https:\/\/konfigurator.nu\/no\/wp-json\/wp\/v2\/media?parent=3392"}],"curies":[{"name":"wp","href":"https:\/\/api.w.org\/{rel}","templated":true}]}}