{"id":3444,"date":"2024-06-10T11:36:47","date_gmt":"2024-06-10T09:36:47","guid":{"rendered":"https:\/\/konfigurator.nu\/konfiguratorer\/"},"modified":"2026-04-13T14:57:16","modified_gmt":"2026-04-13T12:57:16","slug":"konfiguratorer","status":"publish","type":"page","link":"https:\/\/konfigurator.nu\/no\/konfiguratorer\/","title":{"rendered":"Konfiguratorer"},"content":{"rendered":"\n<div class=\"wp-block-uagb-container uagb-block-7154df4d alignfull uagb-is-root-container\"><div class=\"uagb-container__video-wrap\"><video autoplay loop muted playsinline><source src=\"https:\/\/konfigurator.nu\/wp-content\/uploads\/2024\/07\/6454963_Animation_Data-Processing_1920x1080.mp4\" type=\"video\/mp4\"\/><\/video><\/div><div class=\"uagb-container-inner-blocks-wrap\">\n<div class=\"wp-block-uagb-advanced-heading uagb-block-c0791479\"><h1 class=\"uagb-heading-text\">Konfiguratorer<\/h1><\/div>\n<\/div><\/div>\n\n\n\n<p><\/p>\n\n\n\n<h2 class=\"wp-block-heading\">Konfiguratorer<\/h2>\n\n\n\n<p>Det finnes ulike typer konfiguratorer, og hver av dem har sine unike fordeler og ulemper.\nI dette avsnittet beskrives de ulike typene konfiguratorer og hvordan de fungerer, med eksempler fra ulike bransjer og bruksomr\u00e5der.\nForklaringene er noe forenklet for \u00e5 gi en grunnleggende forst\u00e5else, ettersom konfiguratorer ofte er en blanding av ulike typer l\u00f8sninger og kan tilpasses spesifikke behov og kompleksitet.\nDette er imidlertid en introduksjon til de ulike m\u00e5tene \u00e5 angripe et konfigurasjonsproblem p\u00e5, noe som kan hjelpe bedrifter og enkeltpersoner med \u00e5 velge riktig verkt\u00f8y for deres spesifikke situasjon.   <\/p>\n\n\n\n<p><strong>F\u00f8lgende typer konfiguratorer er beskrevet her:<\/strong><\/p>\n\n\n\n<div class=\"wp-block-uagb-info-box uagb-block-86bf9543 uagb-infobox__content-wrap  uagb-infobox-icon-above-title uagb-infobox-image-valign-top\"><div class=\"uagb-ifb-content\"><div class=\"uagb-ifb-image-content\"><img decoding=\"async\" src=\"https:\/\/konfigurator.nu\/wp-content\/uploads\/2024\/07\/Cytiva_ipad-scaled.webp\" alt=\"Configurators\" width=\"\" height=\"0\" loading=\"lazy\"\/><\/div><div class=\"uagb-ifb-title-wrap\"><h4 class=\"uagb-ifb-title\">Sekvensiell konfigurator<\/h4><\/div><p class=\"uagb-ifb-desc\">En sekvensiell konfigurator veileder brukeren gjennom en forh\u00e5ndsbestemt flyt av trinn, der hvert trinn bygger p\u00e5 det foreg\u00e5ende.\nBrukeren gj\u00f8r valg i en bestemt rekkef\u00f8lge, og disse valgene p\u00e5virker hvilke alternativer som er tilgjengelige i de p\u00e5f\u00f8lgende trinnene.\nDenne typen konfiguratorer er vanlig i bilindustrien, databygging og lignende omr\u00e5der der valgene har en klar og logisk rekkef\u00f8lge.\nFordelen med denne metoden er at den er enkel og intuitiv for brukeren, og den reduserer risikoen for \u00e5 gj\u00f8re inkompatible valg.   <br><br><br><br>F<strong>ordeler<\/strong> Enkelt \u00e5 lage &#8211; intuitivt Ingen ekstra programvare kreves<br><br><br><br><br>U<strong>lemper<\/strong> Brukeren m\u00e5 svare p\u00e5 sp\u00f8rsm\u00e5lene i en bestemt rekkef\u00f8lge Vanskelig \u00e5 l\u00f8se konflikter for brukeren Endringer i data krever endringer i konfiguratorkoden.\n<br>Endringer m\u00e5 vanligvis gj\u00f8res av en programmerer Det er sv\u00e6rt tidkrevende \u00e5 vedlikeholde logikken <\/p><\/div><\/div>\n\n\n\n<div class=\"wp-block-uagb-separator uagb-block-eec44656\"><div class=\"uagb-separator-spacing-wrapper\"><div class=\"wp-block-uagb-separator__inner\" style=\"--my-background-image:\"><\/div><\/div><\/div>\n\n\n\n<div class=\"wp-block-uagb-info-box uagb-block-7799c1a1 uagb-infobox__content-wrap  uagb-infobox-icon-above-title uagb-infobox-image-valign-top\"><div class=\"uagb-ifb-content\"><div class=\"uagb-ifb-image-content\"><img decoding=\"async\" src=\"https:\/\/konfigurator.nu\/wp-content\/uploads\/2024\/07\/cibes1-scaled.webp\" alt=\"\" width=\"\" height=\"0\" loading=\"lazy\"\/><\/div><div class=\"uagb-ifb-title-wrap\"><h4 class=\"uagb-ifb-title\">Relasjonsbasert konfigurator<\/h4><\/div><p class=\"uagb-ifb-desc\">En relasjonell konfigurator bruker logikk og regler for \u00e5 h\u00e5ndtere komplekse relasjoner mellom ulike komponenter eller valg.<br>Dette gj\u00f8r den sv\u00e6rt fleksibel og i stand til \u00e5 h\u00e5ndtere produkter eller tjenester med mange avhengigheter.<br>For eksempel kan valget av en bestemt motor i en maskinkonfigurator p\u00e5virke hvilke andre komponenter som er kompatible.<br>Denne tiln\u00e6rmingen er spesielt nyttig innen industriell produksjon og programvarekonfigurasjon, der komplekse avhengigheter m\u00e5 h\u00e5ndteres n\u00f8ye.   <br><br><br><br>F<strong>ordeler<\/strong> Enkelt \u00e5 lage &#8211; ingen programmeringskunnskaper kreves Intuitive tilkoblinger<br><br><br><br><br>U<strong>lemper<\/strong> Tabellen \u00f8ker drastisk for hver ny komponent som legges til Vedlikehold kan bli et mareritt etter hvert som databasen vokser Hvis forutsetningene for komponentenes kompatibilitet endres, m\u00e5 konfiguratoren i utgangspunktet gj\u00f8res om p\u00e5 nytt.<br>OK \/ Ikke OK sier ingenting om hva som faktisk gj\u00f8r komponentene kompatible.<\/p><\/div><\/div>\n\n\n\n<figure class=\"wp-block-table is-style-regular\"><table class=\"has-light-green-cyan-background-color has-background has-fixed-layout\" style=\"border-width:1px\"><tbody><tr><td><\/td><td class=\"has-text-align-center\" data-align=\"center\"><strong>Maskin A<\/strong><\/td><td class=\"has-text-align-center\" data-align=\"center\"><strong>Maskin B<\/strong><\/td><td class=\"has-text-align-center\" data-align=\"center\"><strong>Maskin C<\/strong><\/td><td class=\"has-text-align-center\" data-align=\"center\"><strong>Maskin D<\/strong><\/td><\/tr><tr><td><strong>Comp X<\/strong><\/td><td class=\"has-text-align-center\" data-align=\"center\">EJ OK<\/td><td class=\"has-text-align-center\" data-align=\"center\">OK<\/td><td class=\"has-text-align-center\" data-align=\"center\">OK<\/td><td class=\"has-text-align-center\" data-align=\"center\">OK<\/td><\/tr><tr><td><strong>Comp Y<\/strong><\/td><td class=\"has-text-align-center\" data-align=\"center\">EJ OK<\/td><td class=\"has-text-align-center\" data-align=\"center\">EJ OK<\/td><td class=\"has-text-align-center\" data-align=\"center\">EJ OK<\/td><td class=\"has-text-align-center\" data-align=\"center\">OK<\/td><\/tr><tr><td><strong>Comp Z<\/strong><\/td><td class=\"has-text-align-center\" data-align=\"center\">EJ OK<\/td><td class=\"has-text-align-center\" data-align=\"center\">OK<\/td><td class=\"has-text-align-center\" data-align=\"center\">EJ OK<\/td><td class=\"has-text-align-center\" data-align=\"center\">OK<\/td><\/tr><tr><td><strong>Comp W<\/strong><\/td><td class=\"has-text-align-center\" data-align=\"center\">OK<\/td><td class=\"has-text-align-center\" data-align=\"center\">EJ OK<\/td><td class=\"has-text-align-center\" data-align=\"center\">OK<\/td><td class=\"has-text-align-center\" data-align=\"center\">OK<\/td><\/tr><\/tbody><\/table><\/figure>\n\n\n\n<div class=\"wp-block-uagb-separator uagb-block-56925262\"><div class=\"uagb-separator-spacing-wrapper\"><div class=\"wp-block-uagb-separator__inner\" style=\"--my-background-image:\"><\/div><\/div><\/div>\n\n\n\n<div class=\"wp-block-uagb-info-box uagb-block-ace10fa5 uagb-infobox__content-wrap  uagb-infobox-icon-above-title uagb-infobox-image-valign-top\"><div class=\"uagb-ifb-content\"><div class=\"uagb-ifb-image-content\"><img decoding=\"async\" src=\"https:\/\/konfigurator.nu\/wp-content\/uploads\/2024\/07\/excel1-scaled.webp\" alt=\"Konfiguratorer\" width=\"\" height=\"0\" loading=\"lazy\"\/><\/div><div class=\"uagb-ifb-title-wrap\"><h4 class=\"uagb-ifb-title\">Excel-konfigurator<\/h4><\/div><p class=\"uagb-ifb-desc\">En Excel-konfigurator er en enklere og ofte mer tilgjengelig l\u00f8sning som bruker Microsoft Excel til \u00e5 opprette og administrere konfigurasjonsprosesser.\nVed \u00e5 utnytte Excels formler, makroer og datavalidering kan bedrifter lage skreddersydde l\u00f8sninger for produktkonfigurasjon, prosjektstyring med mer.\nDette er en kostnadseffektiv tiln\u00e6rming som er enkel \u00e5 implementere og tilpasse, spesielt for mindre selskaper eller prosjekter som ikke krever avanserte konfigurasjonssystemer.  <br><br><br><br><br>F<strong>ordeler<\/strong> Ingen behov for \u00e5 kj\u00f8pe ny programvare (vanligvis) Kunnskapen finnes ofte internt Milj\u00f8et er kjent for de fleste brukerne<br><br><br><br><br>U<strong>lemper<\/strong> Ofte vanskelig \u00e5 vedlikeholde Ofte vanskelig for brukeren Kan ikke (enkelt) kobles til nettet<\/p><\/div><\/div>\n\n\n\n<div class=\"wp-block-uagb-separator uagb-block-afe58e57\"><div class=\"uagb-separator-spacing-wrapper\"><div class=\"wp-block-uagb-separator__inner\" style=\"--my-background-image:\"><\/div><\/div><\/div>\n\n\n\n<div class=\"wp-block-uagb-info-box uagb-block-6c8ab49b uagb-infobox__content-wrap  uagb-infobox-icon-above-title uagb-infobox-image-valign-top\"><div class=\"uagb-ifb-content\"><div class=\"uagb-ifb-image-content\"><img decoding=\"async\" src=\"https:\/\/konfigurator.nu\/wp-content\/uploads\/2024\/07\/multi_nobackground.png\" alt=\"https:\/\/animech.com\/en\/animech-platform\/\" width=\"\" height=\"0\" loading=\"lazy\"\/><\/div><div class=\"uagb-ifb-title-wrap\"><h4 class=\"uagb-ifb-title\">Database-<a href=\"https:\/\/animech.com\/en\/animech-platform\/\" data-type=\"link\" data-id=\"https:\/\/animech.com\/en\/animech-platform\/\" target=\"_blank\" rel=\"noopener\">konfigurator<\/a><\/h4><\/div><p class=\"uagb-ifb-desc\">En databasekonfigurator bruker en database til \u00e5 administrere og lagre alle mulige valg og kombinasjoner av produkter eller tjenester.<br>Denne typen konfiguratorer er ofte integrert med bedriftens ERP- eller CRM-system og brukes til \u00e5 h\u00e5ndtere store datamengder og komplekse produktstrukturer.<br>Databasekonfiguratorer er kraftige og skalerbare l\u00f8sninger som kan h\u00e5ndtere omfattende og detaljerte produktkataloger, noe som gj\u00f8r dem ideelle for <a href=\"https:\/\/konfigurator.nu\/no\/produktkonfigurator\/\" data-type=\"link\" data-id=\"https:\/\/konfigurator.nu\/no\/produktkonfigurator\/\">e-handelsplattformer og industrielle applikasjoner.<\/a><br><br><br><br>F<strong>ordeler<\/strong> Relativt kraftig Brukeren kan svare p\u00e5 sp\u00f8rsm\u00e5lene i den rekkef\u00f8lgen han eller hun \u00f8nsker<br><br><br><br><br>U<strong>lemper<\/strong> Du kan komme i en situasjon der konfiguratoren ikke finner en l\u00f8sning (etter \u00e5 ha svart p\u00e5 et dusin sp\u00f8rsm\u00e5l) Tungt \u00e5 vedlikeholde Den blir tregere jo mer data man har i databasen.<\/p><\/div><\/div>\n\n\n\n<figure class=\"wp-block-table is-style-regular\"><table class=\"has-pale-cyan-blue-background-color has-background has-fixed-layout\" style=\"border-width:1px\"><tbody><tr><td><\/td><td class=\"has-text-align-center\" data-align=\"center\"><strong>Visningsskjerm<\/strong><\/td><td class=\"has-text-align-center\" data-align=\"center\"><strong>Prosessor<\/strong><\/td><td class=\"has-text-align-center\" data-align=\"center\"><strong>Hukommelse<\/strong><\/td><\/tr><tr><td><strong>L\u00f8sning 1<\/strong><\/td><td class=\"has-text-align-center\" data-align=\"center\">14&#8243;, 15&#8243;<\/td><td class=\"has-text-align-center\" data-align=\"center\">1,3 GHz, 1,4 GHz<\/td><td class=\"has-text-align-center\" data-align=\"center\">256 MB, 512 MB<\/td><\/tr><tr><td><strong>L\u00f8sning 2<\/strong><\/td><td class=\"has-text-align-center\" data-align=\"center\">15&#8243;<\/td><td class=\"has-text-align-center\" data-align=\"center\">1,5 GHz<\/td><td class=\"has-text-align-center\" data-align=\"center\">1024 MB<\/td><\/tr><tr><td><strong>L\u00f8sning 3<\/strong><\/td><td class=\"has-text-align-center\" data-align=\"center\">14&#8243;, 17&#8243;<\/td><td class=\"has-text-align-center\" data-align=\"center\">1,3 GHz, 1,5 GHz<\/td><td class=\"has-text-align-center\" data-align=\"center\">512 MB, 1024 MB<\/td><\/tr><\/tbody><\/table><\/figure>\n","protected":false},"excerpt":{"rendered":"<p>Konfiguratorer Konfiguratorer Det finnes ulike typer konfiguratorer, og hver av dem har sine unike fordeler og ulemper. I dette avsnittet beskrives de ulike typene konfiguratorer og hvordan de fungerer, med eksempler fra ulike bransjer og bruksomr\u00e5der. Forklaringene er noe forenklet for \u00e5 gi en grunnleggende forst\u00e5else, ettersom konfiguratorer ofte er en blanding av ulike typer [&hellip;]<\/p>\n","protected":false},"author":2,"featured_media":0,"parent":0,"menu_order":0,"comment_status":"closed","ping_status":"closed","template":"","meta":{"_uag_custom_page_level_css":"","site-sidebar-layout":"no-sidebar","site-content-layout":"plain-container","ast-site-content-layout":"normal-width-container","site-content-style":"unboxed","site-sidebar-style":"unboxed","ast-global-header-display":"","ast-banner-title-visibility":"","ast-main-header-display":"","ast-hfb-above-header-display":"","ast-hfb-below-header-display":"","ast-hfb-mobile-header-display":"","site-post-title":"disabled","ast-breadcrumbs-content":"","ast-featured-img":"disabled","footer-sml-layout":"","ast-disable-related-posts":"","theme-transparent-header-meta":"enabled","adv-header-id-meta":"","stick-header-meta":"","header-above-stick-meta":"","header-main-stick-meta":"","header-below-stick-meta":"","astra-migrate-meta-layouts":"set","ast-page-background-enabled":"default","ast-page-background-meta":{"desktop":{"background-color":"","background-image":"","background-repeat":"repeat","background-position":"center center","background-size":"auto","background-attachment":"scroll","background-type":"","background-media":"","overlay-type":"","overlay-color":"","overlay-opacity":"","overlay-gradient":""},"tablet":{"background-color":"","background-image":"","background-repeat":"repeat","background-position":"center center","background-size":"auto","background-attachment":"scroll","background-type":"","background-media":"","overlay-type":"","overlay-color":"","overlay-opacity":"","overlay-gradient":""},"mobile":{"background-color":"","background-image":"","background-repeat":"repeat","background-position":"center center","background-size":"auto","background-attachment":"scroll","background-type":"","background-media":"","overlay-type":"","overlay-color":"","overlay-opacity":"","overlay-gradient":""}},"ast-content-background-meta":{"desktop":{"background-color":"var(--ast-global-color-5)","background-image":"","background-repeat":"repeat","background-position":"center center","background-size":"auto","background-attachment":"scroll","background-type":"","background-media":"","overlay-type":"","overlay-color":"","overlay-opacity":"","overlay-gradient":""},"tablet":{"background-color":"var(--ast-global-color-5)","background-image":"","background-repeat":"repeat","background-position":"center center","background-size":"auto","background-attachment":"scroll","background-type":"","background-media":"","overlay-type":"","overlay-color":"","overlay-opacity":"","overlay-gradient":""},"mobile":{"background-color":"var(--ast-global-color-5)","background-image":"","background-repeat":"repeat","background-position":"center center","background-size":"auto","background-attachment":"scroll","background-type":"","background-media":"","overlay-type":"","overlay-color":"","overlay-opacity":"","overlay-gradient":""}},"footnotes":""},"class_list":["post-3444","page","type-page","status-publish","hentry"],"uagb_featured_image_src":{"full":false,"thumbnail":false,"medium":false,"medium_large":false,"large":false,"1536x1536":false,"2048x2048":false},"uagb_author_info":{"display_name":"Staffan Hagberg","author_link":"https:\/\/konfigurator.nu\/no\/author\/staffan_konfigurator-nu\/"},"uagb_comment_info":0,"uagb_excerpt":"Konfiguratorer Konfiguratorer Det finnes ulike typer konfiguratorer, og hver av dem har sine unike fordeler og ulemper. I dette avsnittet beskrives de ulike typene konfiguratorer og hvordan de fungerer, med eksempler fra ulike bransjer og bruksomr\u00e5der. Forklaringene er noe forenklet for \u00e5 gi en grunnleggende forst\u00e5else, ettersom konfiguratorer ofte er en blanding av ulike typer&hellip;","_links":{"self":[{"href":"https:\/\/konfigurator.nu\/no\/wp-json\/wp\/v2\/pages\/3444","targetHints":{"allow":["GET"]}}],"collection":[{"href":"https:\/\/konfigurator.nu\/no\/wp-json\/wp\/v2\/pages"}],"about":[{"href":"https:\/\/konfigurator.nu\/no\/wp-json\/wp\/v2\/types\/page"}],"author":[{"embeddable":true,"href":"https:\/\/konfigurator.nu\/no\/wp-json\/wp\/v2\/users\/2"}],"replies":[{"embeddable":true,"href":"https:\/\/konfigurator.nu\/no\/wp-json\/wp\/v2\/comments?post=3444"}],"version-history":[{"count":4,"href":"https:\/\/konfigurator.nu\/no\/wp-json\/wp\/v2\/pages\/3444\/revisions"}],"predecessor-version":[{"id":4353,"href":"https:\/\/konfigurator.nu\/no\/wp-json\/wp\/v2\/pages\/3444\/revisions\/4353"}],"wp:attachment":[{"href":"https:\/\/konfigurator.nu\/no\/wp-json\/wp\/v2\/media?parent=3444"}],"curies":[{"name":"wp","href":"https:\/\/api.w.org\/{rel}","templated":true}]}}