{"id":3446,"date":"2024-09-05T07:28:22","date_gmt":"2024-09-05T05:28:22","guid":{"rendered":"https:\/\/konfigurator.nu\/om-oss\/"},"modified":"2026-04-13T14:58:50","modified_gmt":"2026-04-13T12:58:50","slug":"om-oss","status":"publish","type":"page","link":"https:\/\/konfigurator.nu\/no\/om-oss\/","title":{"rendered":"Om oss"},"content":{"rendered":"\n<header class=\"wp-block-uagb-container uagb-block-c54c600d alignfull uagb-is-root-container\"><div class=\"uagb-container__video-wrap\"><video autoplay loop muted playsinline><source src=\"https:\/\/konfigurator.nu\/wp-content\/uploads\/2024\/09\/7891_Particles_Particle_1920x1080.mp4\" type=\"video\/mp4\"\/><\/video><\/div>\n<div class=\"wp-block-uagb-advanced-heading uagb-block-8b796fc7\"><h1 class=\"uagb-heading-text\">Om oss<\/h1><\/div>\n<\/header>\n\n\n\n<p><\/p>\n\n\n\n<div class=\"wp-block-uagb-container uagb-block-bca1f375 alignfull uagb-is-root-container\"><div class=\"uagb-container-inner-blocks-wrap\">\n<h2 class=\"wp-block-heading has-text-align-center\">Velkommen til <a href=\"https:\/\/konfigurator.nu\/no\/\" target=\"_blank\" rel=\"noreferrer noopener\">Konfigurator.nu<\/a><\/h2>\n<\/div><\/div>\n\n\n\n<div class=\"wp-block-uagb-container uagb-layout-grid uagb-block-f919d7e3 alignfull uagb-is-root-container\"><div class=\"uagb-container-inner-blocks-wrap\">\n<div class=\"wp-block-uagb-info-box uagb-block-6acb23fb uagb-infobox__content-wrap  uagb-infobox-icon-above-title uagb-infobox-image-valign-top\"><div class=\"uagb-ifb-content\"><div class=\"uagb-ifb-title-wrap\"><h2 class=\"uagb-ifb-title\">En pedagogisk plattform skapt av <a href=\"https:\/\/animech.com\/sv\/\" data-type=\"link\" data-id=\"https:\/\/animech.com\/sv\/\" target=\"_blank\" rel=\"noopener\">Animech<\/a>!<\/h2><\/div><p class=\"uagb-ifb-desc\">En pedagogisk plattform skapt av Animech &#8211; der lidenskap for teknologi, innovasjon og b\u00e6rekraft m\u00f8tes. Hos Animech er vi opptatt av \u00e5 utvikle avanserte og skreddersydde l\u00f8sninger for 3D-konfiguratorer og andre programvaresystemer, slik at vi kan hjelpe bedrifter med \u00e5 forbedre prosessene sine og oppfylle de \u00f8kende kravene i en digital verden. <br><br>Konfiguratorer har blitt et stadig mer relevant og kraftfullt verkt\u00f8y i dagens raskt skiftende forretningsmilj\u00f8. Med den \u00f8kende ettersp\u00f8rselen etter digitalisering, automatisering og kundetilpassede l\u00f8sninger, spesielt i produksjons- og e-handelsbransjen, kan den rette konfiguratoren utgj\u00f8re en stor forskjell. Vi forst\u00e5r at temaet kan f\u00f8les overveldende for bedrifter er nye p\u00e5 dette feltet, og derfor har vi opprettet Configurator.nu &#8211; en ressurs og kunnskapsbase kan hjelpe deg med \u00e5 navigere i denne raskt voksende bransjen.  <\/p><div class=\"uagb-ifb-button-wrapper wp-block-button\"><a href=\"konfigurator.nu\/konfiguratorer\" class=\"uagb-infobox-cta-link wp-block-button__link\" target=\"_self\" rel=\"noopener noreferrer\" onclick=\"return true;\"><span class=\"uagb-inline-editing\">L\u00e4s mer<\/span><\/a><\/div><\/div><\/div>\n\n\n\n<figure class=\"wp-block-image size-large is-resized\"><img fetchpriority=\"high\" decoding=\"async\" width=\"1024\" height=\"793\" src=\"https:\/\/konfigurator.nu\/wp-content\/uploads\/2024\/07\/multi_nobackground-1024x793.webp\" alt=\"Om\" class=\"wp-image-4351\" style=\"width:601px;height:auto\" srcset=\"https:\/\/konfigurator.nu\/wp-content\/uploads\/2024\/07\/multi_nobackground-1024x793.webp 1024w, https:\/\/konfigurator.nu\/wp-content\/uploads\/2024\/07\/multi_nobackground-300x232.webp 300w, https:\/\/konfigurator.nu\/wp-content\/uploads\/2024\/07\/multi_nobackground-768x595.webp 768w, https:\/\/konfigurator.nu\/wp-content\/uploads\/2024\/07\/multi_nobackground-1536x1190.webp 1536w, https:\/\/konfigurator.nu\/wp-content\/uploads\/2024\/07\/multi_nobackground-2048x1587.webp 2048w\" sizes=\"(max-width: 1024px) 100vw, 1024px\" \/><\/figure>\n<\/div><\/div>\n\n\n\n<div class=\"wp-block-uagb-container uagb-block-7637fadb alignfull uagb-is-root-container\"><div class=\"uagb-container-inner-blocks-wrap\">\n<div class=\"wp-block-uagb-info-box uagb-block-1de365e1 uagb-infobox__content-wrap  uagb-infobox-icon-above-title uagb-infobox-image-valign-top\"><div class=\"uagb-ifb-content\"><div class=\"uagb-ifb-title-wrap\"><h3 class=\"uagb-ifb-title\">Konfiguratorer: Et kraftig verkt\u00f8y for digital transformasjon<\/h3><\/div><\/div><\/div>\n\n\n\n<div class=\"wp-block-uagb-container uagb-layout-grid uagb-block-c7842b82\">\n<div class=\"wp-block-uagb-info-box uagb-block-8b0629f9 uagb-infobox__content-wrap  uagb-infobox-icon-above-title uagb-infobox-image-valign-top\"><div class=\"uagb-ifb-content\"><div class=\"uagb-ifb-title-wrap\"><h4 class=\"uagb-ifb-title\">\u00d8kt effektivitet og forbedret kundeopplevelse<\/h4><\/div><p class=\"uagb-ifb-desc\">Ved \u00e5 tilby innsiktsfull oppl\u00e6ring og praktiske verkt\u00f8y \u00f8nsker vi \u00e5 hjelpe bedrifter med \u00e5 forst\u00e5 hvilke muligheter konfiguratorer gir. Ikke bare muliggj\u00f8r disse systemene \u00f8kt effektivitet og reduserte kostnader ved hjelp av automatisering, men de spiller ogs\u00e5 en avgj\u00f8rende rolle i \u00e5 forbedre kundeopplevelsen ved \u00e5 tilby individualiserte l\u00f8sninger. Etter hvert forbrukernes forventninger til skredders\u00f8m og b\u00e6rekraft fortsetter \u00e5 \u00f8ke, blir konfiguratorer en kritisk del av hvordan bedrifter kan differensiere seg i markedet og oppfylle disse kravene p\u00e5 en b\u00e6rekraftig m\u00e5te.  <\/p><div class=\"uagb-ifb-separator\"><\/div><\/div><\/div>\n\n\n\n<div class=\"wp-block-uagb-info-box uagb-block-8d79e3a5 uagb-infobox__content-wrap  uagb-infobox-icon-above-title uagb-infobox-image-valign-top\"><div class=\"uagb-ifb-content\"><div class=\"uagb-ifb-title-wrap\"><h4 class=\"uagb-ifb-title\">B\u00e6rekraft og reduserte produksjonskostnader<\/h4><\/div><p class=\"uagb-ifb-desc\">I en tid der milj\u00f8bevissthet og b\u00e6rekraft er avgj\u00f8rende for \u00e5 lykkes, gir konfiguratorer ogs\u00e5 muligheter til \u00e5 redusere materialsvinn og overproduksjon ved \u00e5 optimalisere produksjonsprosessene og s\u00f8rge for at bare akkurat det trengs, blir produsert. Dette betyr ikke bare \u00f8konomiske fordeler for bedriftene, men ogs\u00e5 en positiv innvirkning p\u00e5 planeten v\u00e5r &#8211; noe vi i Animech er stolte av \u00e5 bidra til. <br><br><br><\/p><div class=\"uagb-ifb-separator\"><\/div><\/div><\/div>\n\n\n\n<div class=\"wp-block-uagb-info-box uagb-block-cba06e60 uagb-infobox__content-wrap  uagb-infobox-icon-above-title uagb-infobox-image-valign-top\"><div class=\"uagb-ifb-content\"><div class=\"uagb-ifb-title-wrap\"><h4 class=\"uagb-ifb-title\">Din ressurs for oppl\u00e6ring og veiledning<\/h4><\/div><p class=\"uagb-ifb-desc\">P\u00e5 Configurator.nu finner du et vell av ressurser, inkludert artikler, guider og casestudier, som dekker alt fra grunnleggende forst\u00e5else av konfiguratorer til mer avanserte emner med integrasjon og andre systemer, og hvordan disse l\u00f8sningene kan brukes til \u00e5 skalere opp virksomheten din. Vi tilbyr ogs\u00e5 innsikt i de nyeste trendene innen Industri 4.0, digital transformasjon og hvordan teknologi, AI og maskinl\u00e6ring i \u00f8kende grad integreres i moderne konfiguratorl\u00f8sninger. <\/p><\/div><\/div>\n\n\n\n<div class=\"wp-block-uagb-info-box uagb-block-1eb12d96 uagb-infobox__content-wrap  uagb-infobox-icon-above-title uagb-infobox-image-valign-top\"><div class=\"uagb-ifb-content\"><div class=\"uagb-ifb-title-wrap\"><h4 class=\"uagb-ifb-title\">St\u00f8tte til \u00e5 ta de riktige beslutningene<\/h4><\/div><p class=\"uagb-ifb-desc\">Vi er overbevist om at velutdannede kunder ikke bare er bedre rustet til \u00e5 ta de riktige beslutningene, men ogs\u00e5 til \u00e5 maksimere fordelene med teknologiene de implementerer. Ved \u00e5 bruke Configurator.nu, oppl\u00e6ringsplattformen din, f\u00e5r du tilgang til den nyeste innsikten og de nyeste verkt\u00f8yene du trenger for \u00e5 lykkes i en digitalisert fremtid. <\/p><\/div><\/div>\n<\/div>\n\n\n\n<figure class=\"wp-block-gallery alignfull has-nested-images columns-default is-cropped wp-block-gallery-1 is-layout-flex wp-block-gallery-is-layout-flex\">\n<figure class=\"wp-block-image size-large\"><img decoding=\"async\" width=\"1024\" height=\"793\" data-id=\"2935\" src=\"https:\/\/konfigurator.nu\/wp-content\/uploads\/2024\/07\/Cytiva_ipad-1024x793.webp\" alt=\"Configurators\" class=\"wp-image-2935\" srcset=\"https:\/\/konfigurator.nu\/wp-content\/uploads\/2024\/07\/Cytiva_ipad-1024x793.webp 1024w, https:\/\/konfigurator.nu\/wp-content\/uploads\/2024\/07\/Cytiva_ipad-300x232.webp 300w, https:\/\/konfigurator.nu\/wp-content\/uploads\/2024\/07\/Cytiva_ipad-768x595.webp 768w, https:\/\/konfigurator.nu\/wp-content\/uploads\/2024\/07\/Cytiva_ipad-1536x1190.webp 1536w, https:\/\/konfigurator.nu\/wp-content\/uploads\/2024\/07\/Cytiva_ipad-2048x1587.webp 2048w\" sizes=\"(max-width: 1024px) 100vw, 1024px\" \/><\/figure>\n\n\n\n<figure class=\"wp-block-image size-large\"><img decoding=\"async\" width=\"1024\" height=\"793\" data-id=\"4351\" src=\"https:\/\/konfigurator.nu\/wp-content\/uploads\/2024\/07\/multi_nobackground-1024x793.webp\" alt=\"Om\" class=\"wp-image-4351\" srcset=\"https:\/\/konfigurator.nu\/wp-content\/uploads\/2024\/07\/multi_nobackground-1024x793.webp 1024w, https:\/\/konfigurator.nu\/wp-content\/uploads\/2024\/07\/multi_nobackground-300x232.webp 300w, https:\/\/konfigurator.nu\/wp-content\/uploads\/2024\/07\/multi_nobackground-768x595.webp 768w, https:\/\/konfigurator.nu\/wp-content\/uploads\/2024\/07\/multi_nobackground-1536x1190.webp 1536w, https:\/\/konfigurator.nu\/wp-content\/uploads\/2024\/07\/multi_nobackground-2048x1587.webp 2048w\" sizes=\"(max-width: 1024px) 100vw, 1024px\" \/><\/figure>\n\n\n\n<figure class=\"wp-block-image size-large\"><img loading=\"lazy\" decoding=\"async\" width=\"1024\" height=\"640\" data-id=\"3175\" src=\"https:\/\/konfigurator.nu\/wp-content\/uploads\/2024\/09\/Anipart_isolated_tablet_laptop_and_smartphone_composition-1024x640.png\" alt=\"About\" class=\"wp-image-3175\" srcset=\"https:\/\/konfigurator.nu\/wp-content\/uploads\/2024\/09\/Anipart_isolated_tablet_laptop_and_smartphone_composition-1024x640.png 1024w, https:\/\/konfigurator.nu\/wp-content\/uploads\/2024\/09\/Anipart_isolated_tablet_laptop_and_smartphone_composition-300x188.png 300w, https:\/\/konfigurator.nu\/wp-content\/uploads\/2024\/09\/Anipart_isolated_tablet_laptop_and_smartphone_composition-768x480.png 768w, https:\/\/konfigurator.nu\/wp-content\/uploads\/2024\/09\/Anipart_isolated_tablet_laptop_and_smartphone_composition-1536x960.png 1536w, https:\/\/konfigurator.nu\/wp-content\/uploads\/2024\/09\/Anipart_isolated_tablet_laptop_and_smartphone_composition-2048x1280.png 2048w\" sizes=\"(max-width: 1024px) 100vw, 1024px\" \/><\/figure>\n<\/figure>\n\n\n\n<div class=\"wp-block-uagb-separator uagb-block-09d80435\"><div class=\"uagb-separator-spacing-wrapper\"><div class=\"wp-block-uagb-separator__inner\" style=\"--my-background-image:\"><\/div><\/div><\/div>\n\n\n\n<div class=\"wp-block-uagb-info-box uagb-block-f5f5fdc4 uagb-infobox__content-wrap  uagb-infobox-icon-above-title uagb-infobox-image-valign-top wp-block-uagb-info-box--has-margin\"><div class=\"uagb-infobox-margin-wrapper\"><div class=\"uagb-ifb-content\"><div class=\"uagb-ifb-title-wrap\"><h3 class=\"uagb-ifb-title\">Kontakt oss for mer informasjon<\/h3><\/div><\/div><\/div><\/div>\n\n\n\n<div class=\"wp-block-columns is-layout-flex wp-container-core-columns-is-layout-28f84493 wp-block-columns-is-layout-flex\">\n<div class=\"wp-block-column is-layout-flow wp-block-column-is-layout-flow\" style=\"flex-basis:100%\">\n<p class=\"has-text-align-center has-medium-font-size\">Takk for at du bes\u00f8ker Konfigurator.nu!  <\/p>\n\n\n\n<p class=\"has-text-align-center\">Vi er her for \u00e5 st\u00f8tte deg p\u00e5 din reise mot en vellykket digital transformasjon.Hvis du har sp\u00f8rsm\u00e5l, eller hvis du \u00f8nsker \u00e5 diskutere hvordan en konfigurator kan passe for din virksomhet, er du velkommen til \u00e5 kontakte oss i Animech.Vi ser frem til \u00e5 hjelpe deg med \u00e5 realisere alle fordelene som konfiguratorer kan tilby!  <\/p>\n<\/div>\n<\/div>\n<\/div><\/div>\n\n\n\n<p><\/p>\n","protected":false},"excerpt":{"rendered":"<p>Om oss Velkommen til Konfigurator.nu Takk for at du bes\u00f8ker Konfigurator.nu! Vi er her for \u00e5 st\u00f8tte deg p\u00e5 din reise mot en vellykket digital transformasjon.Hvis du har sp\u00f8rsm\u00e5l, eller hvis du \u00f8nsker \u00e5 diskutere hvordan en konfigurator kan passe for din virksomhet, er du velkommen til \u00e5 kontakte oss i Animech.Vi ser frem til [&hellip;]<\/p>\n","protected":false},"author":3,"featured_media":0,"parent":0,"menu_order":0,"comment_status":"closed","ping_status":"closed","template":"","meta":{"_uag_custom_page_level_css":"","site-sidebar-layout":"default","site-content-layout":"","ast-site-content-layout":"default","site-content-style":"default","site-sidebar-style":"default","ast-global-header-display":"","ast-banner-title-visibility":"","ast-main-header-display":"","ast-hfb-above-header-display":"","ast-hfb-below-header-display":"","ast-hfb-mobile-header-display":"","site-post-title":"disabled","ast-breadcrumbs-content":"","ast-featured-img":"","footer-sml-layout":"","ast-disable-related-posts":"","theme-transparent-header-meta":"","adv-header-id-meta":"","stick-header-meta":"","header-above-stick-meta":"","header-main-stick-meta":"","header-below-stick-meta":"","astra-migrate-meta-layouts":"set","ast-page-background-enabled":"default","ast-page-background-meta":{"desktop":{"background-color":"","background-image":"","background-repeat":"repeat","background-position":"center center","background-size":"auto","background-attachment":"scroll","background-type":"","background-media":"","overlay-type":"","overlay-color":"","overlay-opacity":"","overlay-gradient":""},"tablet":{"background-color":"","background-image":"","background-repeat":"repeat","background-position":"center center","background-size":"auto","background-attachment":"scroll","background-type":"","background-media":"","overlay-type":"","overlay-color":"","overlay-opacity":"","overlay-gradient":""},"mobile":{"background-color":"","background-image":"","background-repeat":"repeat","background-position":"center center","background-size":"auto","background-attachment":"scroll","background-type":"","background-media":"","overlay-type":"","overlay-color":"","overlay-opacity":"","overlay-gradient":""}},"ast-content-background-meta":{"desktop":{"background-color":"var(--ast-global-color-5)","background-image":"","background-repeat":"repeat","background-position":"center center","background-size":"auto","background-attachment":"scroll","background-type":"","background-media":"","overlay-type":"","overlay-color":"","overlay-opacity":"","overlay-gradient":""},"tablet":{"background-color":"var(--ast-global-color-5)","background-image":"","background-repeat":"repeat","background-position":"center center","background-size":"auto","background-attachment":"scroll","background-type":"","background-media":"","overlay-type":"","overlay-color":"","overlay-opacity":"","overlay-gradient":""},"mobile":{"background-color":"var(--ast-global-color-5)","background-image":"","background-repeat":"repeat","background-position":"center center","background-size":"auto","background-attachment":"scroll","background-type":"","background-media":"","overlay-type":"","overlay-color":"","overlay-opacity":"","overlay-gradient":""}},"footnotes":""},"class_list":["post-3446","page","type-page","status-publish","hentry"],"uagb_featured_image_src":{"full":false,"thumbnail":false,"medium":false,"medium_large":false,"large":false,"1536x1536":false,"2048x2048":false},"uagb_author_info":{"display_name":"Tino Karazeimbekis","author_link":"https:\/\/konfigurator.nu\/no\/author\/tino\/"},"uagb_comment_info":0,"uagb_excerpt":"Om oss Velkommen til Konfigurator.nu Takk for at du bes\u00f8ker Konfigurator.nu! Vi er her for \u00e5 st\u00f8tte deg p\u00e5 din reise mot en vellykket digital transformasjon.Hvis du har sp\u00f8rsm\u00e5l, eller hvis du \u00f8nsker \u00e5 diskutere hvordan en konfigurator kan passe for din virksomhet, er du velkommen til \u00e5 kontakte oss i Animech.Vi ser frem til&hellip;","_links":{"self":[{"href":"https:\/\/konfigurator.nu\/no\/wp-json\/wp\/v2\/pages\/3446","targetHints":{"allow":["GET"]}}],"collection":[{"href":"https:\/\/konfigurator.nu\/no\/wp-json\/wp\/v2\/pages"}],"about":[{"href":"https:\/\/konfigurator.nu\/no\/wp-json\/wp\/v2\/types\/page"}],"author":[{"embeddable":true,"href":"https:\/\/konfigurator.nu\/no\/wp-json\/wp\/v2\/users\/3"}],"replies":[{"embeddable":true,"href":"https:\/\/konfigurator.nu\/no\/wp-json\/wp\/v2\/comments?post=3446"}],"version-history":[{"count":8,"href":"https:\/\/konfigurator.nu\/no\/wp-json\/wp\/v2\/pages\/3446\/revisions"}],"predecessor-version":[{"id":4355,"href":"https:\/\/konfigurator.nu\/no\/wp-json\/wp\/v2\/pages\/3446\/revisions\/4355"}],"wp:attachment":[{"href":"https:\/\/konfigurator.nu\/no\/wp-json\/wp\/v2\/media?parent=3446"}],"curies":[{"name":"wp","href":"https:\/\/api.w.org\/{rel}","templated":true}]}}