{"id":3456,"date":"2024-07-23T16:13:25","date_gmt":"2024-07-23T14:13:25","guid":{"rendered":"https:\/\/konfigurator.nu\/romlig-konfigurator\/"},"modified":"2026-04-13T15:00:23","modified_gmt":"2026-04-13T13:00:23","slug":"romlig-konfigurator","status":"publish","type":"page","link":"https:\/\/konfigurator.nu\/no\/romlig-konfigurator\/","title":{"rendered":"Romlig konfigurator"},"content":{"rendered":"\n<div class=\"wp-block-uagb-container uagb-block-d6924da0 alignfull uagb-is-root-container\"><div class=\"uagb-container__video-wrap\"><video autoplay loop muted playsinline><source src=\"https:\/\/konfigurator.nu\/wp-content\/uploads\/2024\/09\/Room01_0000.mp4\" type=\"video\/mp4\"\/><\/video><\/div><div class=\"uagb-container-inner-blocks-wrap\">\n<div class=\"wp-block-uagb-advanced-heading uagb-block-efa76908\"><h1 class=\"uagb-heading-text\">sPATIAL kONFIGURATOR<\/h1><\/div>\n<\/div><\/div>\n\n\n\n<div class=\"wp-block-uagb-container uagb-layout-grid uagb-block-24299646 alignfull uagb-is-root-container\"><div class=\"uagb-container-inner-blocks-wrap\"><\/div><\/div>\n\n\n\n<div class=\"wp-block-media-text is-stacked-on-mobile\"><figure class=\"wp-block-media-text__media\"><img fetchpriority=\"high\" decoding=\"async\" width=\"1024\" height=\"768\" src=\"https:\/\/konfigurator.nu\/wp-content\/uploads\/2024\/09\/Bild4_klar_mobler-1024x768.webp\" alt=\"Spatial\" class=\"wp-image-4358 size-full\" srcset=\"https:\/\/konfigurator.nu\/wp-content\/uploads\/2024\/09\/Bild4_klar_mobler-1024x768.webp 1024w, https:\/\/konfigurator.nu\/wp-content\/uploads\/2024\/09\/Bild4_klar_mobler-300x225.webp 300w, https:\/\/konfigurator.nu\/wp-content\/uploads\/2024\/09\/Bild4_klar_mobler-768x576.webp 768w, https:\/\/konfigurator.nu\/wp-content\/uploads\/2024\/09\/Bild4_klar_mobler-1536x1152.webp 1536w, https:\/\/konfigurator.nu\/wp-content\/uploads\/2024\/09\/Bild4_klar_mobler-2048x1536.webp 2048w\" sizes=\"(max-width: 1024px) 100vw, 1024px\" \/><\/figure><div class=\"wp-block-media-text__content\">\n<h3 class=\"wp-block-heading\">Romlig konfigurator<\/h3>\n\n\n\n<p style=\"font-size:18px\">En <a href=\"https:\/\/animech.com\/en\/portfolio\/elfa\/\" target=\"_blank\" rel=\"noopener\">romlig konfigur<\/a>ator, ogs\u00e5 kjent som en spatial konfigurator, er et kraftig verkt\u00f8y som gj\u00f8r det mulig \u00e5 tilpasse og visualisere produkter eller milj\u00f8er i et tredimensjonalt (3D) rom. Denne typen konfigurator er spesielt verdifull i sammenhenger der romlige relasjoner og plasseringer er avgj\u00f8rende. Her f\u00e5r du en oversikt over hvorfor konfiguratorer er nyttige, samt vanlige bruksomr\u00e5der og spesifikke fordeler med denne teknologien.  <br><br>Romkonfiguratorer gir mange fordeler for b\u00e5de bedrifter og kunder ved at de forbedrer visualiseringen, \u00f8ker interaktiviteten og engasjementet, reduserer risikoen for feil og \u00f8ker effektiviteten. Vanlige bruksomr\u00e5der er interi\u00f8rdesign, eiendomsutvikling, industridesign, e-handel og eventplanlegging. Ved \u00e5 investere i romkonfiguratorer kan bedrifter tilby kundene sine en overlegen og moderne opplevelse som hjelper dem med \u00e5 ta bedre beslutninger og \u00f8ke kundetilfredsheten.  <\/p>\n<\/div><\/div>\n\n\n\n<div class=\"wp-block-uagb-container uagb-block-6be40f00 alignfull uagb-is-root-container\"><div class=\"uagb-container-inner-blocks-wrap\">\n<div class=\"wp-block-uagb-advanced-heading uagb-block-8e598847\"><h3 class=\"uagb-heading-text\">Funksjonalitet og bruksomr\u00e5der<\/h3><\/div>\n\n\n\n<div class=\"wp-block-uagb-container uagb-layout-grid uagb-block-2b8639e4\">\n<div class=\"wp-block-uagb-advanced-heading uagb-block-dda0e0fa\"><h4 class=\"uagb-heading-text\">Fordeler med romlige konfiguratorer<\/h4><p class=\"uagb-desc-text\"><strong>Bedre visualisering og forst\u00e5else<\/strong>: En av de mest \u00e5penbare fordelene med en romlig konfigurator er dens evne til \u00e5 forbedre visualiseringen og forst\u00e5elsen av komplekse produkter eller milj\u00f8er. Brukerne kan se hvordan ulike elementer samhandler i et ekte 3D-milj\u00f8, noe som gj\u00f8r det lettere \u00e5 forst\u00e5 proporsjoner, plassering og samspill mellom komponenter. Dette er spesielt nyttig for produkter som m\u00e5 passe inn i bestemte rom eller for komplekse installasjoner.  <br><br><strong>Interaktiv og engasjerende bruker<\/strong>opplevelse:<br>Spatial-konfiguratorer gir en interaktiv og engasjerende brukeropplevelse ved at brukerne kan manipulere og utforske 3D-modeller i sanntid. Brukerne kan rotere, zoome og flytte objekter i det virtuelle milj\u00f8et, noe som gir dem en f\u00f8lelse av kontroll og engasjement. Denne interaktiviteten gj\u00f8r konfigurasjonsprosessen mer intuitiv og tilfredsstillende.  <br><br><strong>N\u00f8ye planlegging og design<\/strong>: For prosjekter som inneb\u00e6rer n\u00f8ye planlegging og design, for eksempel arkitektur og interi\u00f8rdesign, er romkonfiguratorer uvurderlige. De lar brukerne plassere m\u00f8bler, utstyr og andre gjenstander i en virtuell kopi av det faktiske milj\u00f8et, noe som bidrar til \u00e5 sikre at alt passer riktig f\u00f8r selve installasjonen eller byggingen begynner. Dette minimerer risikoen for feil og kostbart omarbeid.  <\/p><\/div>\n\n\n\n<div class=\"wp-block-uagb-advanced-heading uagb-block-b946363e\"><h4 class=\"uagb-heading-text\">Felles bruksomr\u00e5der<\/h4><p class=\"uagb-desc-text\"><strong>Interi\u00f8rdesign<\/strong> og innredning: Interi\u00f8rarkitekter og <a href=\"https:\/\/konfigurator.nu\/no\/salgskonfigurator\/\">kunder <\/a>kan bruke romkonfiguratorer til \u00e5 plassere m\u00f8bler og dekorative gjenstander i virtuelle rom. Dette gj\u00f8r det mulig \u00e5 eksperimentere med ulike oppsett og stiler for \u00e5 finne den perfekte kombinasjonen f\u00f8r noe fysisk kj\u00f8pes eller endres. Kundene kan se hvordan m\u00f8blene passer inn i hjemmet deres og justere farger og materialer i sanntid.  <br><br><strong>Eiendomsutvikling og arkitektur<\/strong>: For eiendomsutviklere og arkitekter er romkonfiguratorer et viktig verkt\u00f8y for \u00e5 visualisere bygninger og deres interi\u00f8r i detalj. Brukerne kan g\u00e5 gjennom virtuelle modeller av bygninger, se hvordan ulike designvalg p\u00e5virker det endelige resultatet og gj\u00f8re justeringer f\u00f8r byggeprosessen begynner. Dette sikrer at designet oppfyller kundens forventninger og krav.  <br><br><strong>Industridesign og produksjon<\/strong>: Industridesignere og produsenter bruker romlige konfiguratorer til \u00e5 lage og teste prototyper i et virtuelt milj\u00f8. Dette gj\u00f8r det mulig \u00e5 identifisere og l\u00f8se potensielle problemer tidlig i designprosessen, noe som sparer tid og ressurser. Konfiguratorer kan ogs\u00e5 brukes til \u00e5 optimalisere produksjonsoppsett og sikre at alle komponenter passer riktig sammen.  <br><br><strong>E-handel og virtuelle utstillingslokaler<\/strong>: Romlige konfiguratorer kan brukes i e-handel for \u00e5 skape virtuelle utstillingslokaler der kundene kan utforske og tilpasse produkter i et 3D-milj\u00f8. Dette er spesielt nyttig for produkter som m\u00f8bler, kj\u00f8ret\u00f8y og eiendom. Kundene kan se hvordan produktene ser ut og fungerer i et realistisk milj\u00f8, noe som gj\u00f8r det enklere \u00e5 ta en kj\u00f8psbeslutning.  <\/p><\/div>\n\n\n\n<figure class=\"wp-block-gallery has-nested-images columns-default is-cropped wp-block-gallery-1 is-layout-flex wp-block-gallery-is-layout-flex\">\n<figure class=\"wp-block-image size-full has-custom-border\"><img decoding=\"async\" width=\"1024\" height=\"1792\" data-id=\"3235\" src=\"https:\/\/konfigurator.nu\/wp-content\/uploads\/2024\/09\/DALL\u00b7E-2024-09-05-15.54.11-A-realistic-image-of-a-PC-monitor-in-portrait-mode-displaying-a-spatial-planning-tool-interface.-The-screen-shows-a-detailed-city-layout-with-roads-b.webp\" alt=\"Spatial\" class=\"wp-image-3235\" style=\"border-style:none;border-width:0px;border-radius:0px\" srcset=\"https:\/\/konfigurator.nu\/wp-content\/uploads\/2024\/09\/DALL\u00b7E-2024-09-05-15.54.11-A-realistic-image-of-a-PC-monitor-in-portrait-mode-displaying-a-spatial-planning-tool-interface.-The-screen-shows-a-detailed-city-layout-with-roads-b.webp 1024w, https:\/\/konfigurator.nu\/wp-content\/uploads\/2024\/09\/DALL\u00b7E-2024-09-05-15.54.11-A-realistic-image-of-a-PC-monitor-in-portrait-mode-displaying-a-spatial-planning-tool-interface.-The-screen-shows-a-detailed-city-layout-with-roads-b-171x300.webp 171w, https:\/\/konfigurator.nu\/wp-content\/uploads\/2024\/09\/DALL\u00b7E-2024-09-05-15.54.11-A-realistic-image-of-a-PC-monitor-in-portrait-mode-displaying-a-spatial-planning-tool-interface.-The-screen-shows-a-detailed-city-layout-with-roads-b-585x1024.webp 585w, https:\/\/konfigurator.nu\/wp-content\/uploads\/2024\/09\/DALL\u00b7E-2024-09-05-15.54.11-A-realistic-image-of-a-PC-monitor-in-portrait-mode-displaying-a-spatial-planning-tool-interface.-The-screen-shows-a-detailed-city-layout-with-roads-b-768x1344.webp 768w, https:\/\/konfigurator.nu\/wp-content\/uploads\/2024\/09\/DALL\u00b7E-2024-09-05-15.54.11-A-realistic-image-of-a-PC-monitor-in-portrait-mode-displaying-a-spatial-planning-tool-interface.-The-screen-shows-a-detailed-city-layout-with-roads-b-878x1536.webp 878w\" sizes=\"(max-width: 1024px) 100vw, 1024px\" \/><\/figure>\n<\/figure>\n<\/div>\n\n\n\n<p><\/p>\n<\/div><\/div>\n\n\n\n<p><\/p>\n","protected":false},"excerpt":{"rendered":"<p>sPATIAL kONFIGURATOR Romlig konfigurator En romlig konfigurator, ogs\u00e5 kjent som en spatial konfigurator, er et kraftig verkt\u00f8y som gj\u00f8r det mulig \u00e5 tilpasse og visualisere produkter eller milj\u00f8er i et tredimensjonalt (3D) rom. Denne typen konfigurator er spesielt verdifull i sammenhenger der romlige relasjoner og plasseringer er avgj\u00f8rende. Her f\u00e5r du en oversikt over hvorfor [&hellip;]<\/p>\n","protected":false},"author":3,"featured_media":0,"parent":0,"menu_order":0,"comment_status":"closed","ping_status":"closed","template":"","meta":{"_uag_custom_page_level_css":"","site-sidebar-layout":"default","site-content-layout":"","ast-site-content-layout":"default","site-content-style":"default","site-sidebar-style":"default","ast-global-header-display":"","ast-banner-title-visibility":"","ast-main-header-display":"","ast-hfb-above-header-display":"","ast-hfb-below-header-display":"","ast-hfb-mobile-header-display":"","site-post-title":"disabled","ast-breadcrumbs-content":"","ast-featured-img":"","footer-sml-layout":"","ast-disable-related-posts":"","theme-transparent-header-meta":"","adv-header-id-meta":"","stick-header-meta":"","header-above-stick-meta":"","header-main-stick-meta":"","header-below-stick-meta":"","astra-migrate-meta-layouts":"set","ast-page-background-enabled":"default","ast-page-background-meta":{"desktop":{"background-color":"","background-image":"","background-repeat":"repeat","background-position":"center center","background-size":"auto","background-attachment":"scroll","background-type":"","background-media":"","overlay-type":"","overlay-color":"","overlay-opacity":"","overlay-gradient":""},"tablet":{"background-color":"","background-image":"","background-repeat":"repeat","background-position":"center center","background-size":"auto","background-attachment":"scroll","background-type":"","background-media":"","overlay-type":"","overlay-color":"","overlay-opacity":"","overlay-gradient":""},"mobile":{"background-color":"","background-image":"","background-repeat":"repeat","background-position":"center center","background-size":"auto","background-attachment":"scroll","background-type":"","background-media":"","overlay-type":"","overlay-color":"","overlay-opacity":"","overlay-gradient":""}},"ast-content-background-meta":{"desktop":{"background-color":"var(--ast-global-color-5)","background-image":"","background-repeat":"repeat","background-position":"center center","background-size":"auto","background-attachment":"scroll","background-type":"","background-media":"","overlay-type":"","overlay-color":"","overlay-opacity":"","overlay-gradient":""},"tablet":{"background-color":"var(--ast-global-color-5)","background-image":"","background-repeat":"repeat","background-position":"center center","background-size":"auto","background-attachment":"scroll","background-type":"","background-media":"","overlay-type":"","overlay-color":"","overlay-opacity":"","overlay-gradient":""},"mobile":{"background-color":"var(--ast-global-color-5)","background-image":"","background-repeat":"repeat","background-position":"center center","background-size":"auto","background-attachment":"scroll","background-type":"","background-media":"","overlay-type":"","overlay-color":"","overlay-opacity":"","overlay-gradient":""}},"footnotes":""},"class_list":["post-3456","page","type-page","status-publish","hentry"],"uagb_featured_image_src":{"full":false,"thumbnail":false,"medium":false,"medium_large":false,"large":false,"1536x1536":false,"2048x2048":false},"uagb_author_info":{"display_name":"Tino Karazeimbekis","author_link":"https:\/\/konfigurator.nu\/no\/author\/tino\/"},"uagb_comment_info":0,"uagb_excerpt":"sPATIAL kONFIGURATOR Romlig konfigurator En romlig konfigurator, ogs\u00e5 kjent som en spatial konfigurator, er et kraftig verkt\u00f8y som gj\u00f8r det mulig \u00e5 tilpasse og visualisere produkter eller milj\u00f8er i et tredimensjonalt (3D) rom. Denne typen konfigurator er spesielt verdifull i sammenhenger der romlige relasjoner og plasseringer er avgj\u00f8rende. Her f\u00e5r du en oversikt over hvorfor&hellip;","_links":{"self":[{"href":"https:\/\/konfigurator.nu\/no\/wp-json\/wp\/v2\/pages\/3456","targetHints":{"allow":["GET"]}}],"collection":[{"href":"https:\/\/konfigurator.nu\/no\/wp-json\/wp\/v2\/pages"}],"about":[{"href":"https:\/\/konfigurator.nu\/no\/wp-json\/wp\/v2\/types\/page"}],"author":[{"embeddable":true,"href":"https:\/\/konfigurator.nu\/no\/wp-json\/wp\/v2\/users\/3"}],"replies":[{"embeddable":true,"href":"https:\/\/konfigurator.nu\/no\/wp-json\/wp\/v2\/comments?post=3456"}],"version-history":[{"count":8,"href":"https:\/\/konfigurator.nu\/no\/wp-json\/wp\/v2\/pages\/3456\/revisions"}],"predecessor-version":[{"id":4359,"href":"https:\/\/konfigurator.nu\/no\/wp-json\/wp\/v2\/pages\/3456\/revisions\/4359"}],"wp:attachment":[{"href":"https:\/\/konfigurator.nu\/no\/wp-json\/wp\/v2\/media?parent=3456"}],"curies":[{"name":"wp","href":"https:\/\/api.w.org\/{rel}","templated":true}]}}