{"id":3486,"date":"2024-07-23T10:43:08","date_gmt":"2024-07-23T08:43:08","guid":{"rendered":"https:\/\/konfigurator.nu\/produktkonfigurator\/"},"modified":"2026-04-13T14:59:38","modified_gmt":"2026-04-13T12:59:38","slug":"produktkonfigurator","status":"publish","type":"page","link":"https:\/\/konfigurator.nu\/no\/produktkonfigurator\/","title":{"rendered":"Produktkonfigurator"},"content":{"rendered":"\n<div class=\"wp-block-uagb-container uagb-block-d6924da0 alignfull uagb-is-root-container\"><div class=\"uagb-container__video-wrap\"><video autoplay loop muted playsinline><source src=\"https:\/\/konfigurator.nu\/wp-content\/uploads\/2024\/09\/Bags.mp4\" type=\"video\/mp4\"\/><\/video><\/div><div class=\"uagb-container-inner-blocks-wrap\">\n<div class=\"wp-block-uagb-advanced-heading uagb-block-efa76908\"><h1 class=\"uagb-heading-text\">PRODUKTKONFIGURATOR<\/h1><\/div>\n<\/div><\/div>\n\n\n\n<div class=\"wp-block-uagb-container uagb-layout-grid uagb-block-24299646 alignfull uagb-is-root-container\"><div class=\"uagb-container-inner-blocks-wrap\">\n<div class=\"wp-block-uagb-info-box uagb-block-f02872bf uagb-infobox__content-wrap  uagb-infobox-icon-above-title uagb-infobox-image-valign-top\"><div class=\"uagb-ifb-content\"><div class=\"uagb-ifb-title-wrap\"><h3 class=\"uagb-ifb-title\">Produktkonfigurator<\/h3><\/div><p class=\"uagb-ifb-desc\">En produktkonfigurator er et kraftig digitalt verkt\u00f8y som revolusjonerer m\u00e5ten produkter selges og konfigureres p\u00e5. Ved \u00e5 integrere avansert teknologi med omfattende kunnskap kan en produktkonfigurator bidra til en imponerende grad av effektivitet og n\u00f8yaktighet i salgsprosessen. Denne typen verkt\u00f8y reduserer behovet for at ekspertene m\u00e5 ta seg av hvert enkelt sp\u00f8rsm\u00e5l, og frigj\u00f8r tid til mer avanserte og spesialiserte oppgaver.  <\/p><\/div><\/div>\n\n\n\n<figure class=\"wp-block-image size-full has-custom-border\"><img fetchpriority=\"high\" decoding=\"async\" width=\"2560\" height=\"1440\" src=\"https:\/\/konfigurator.nu\/wp-content\/uploads\/2024\/08\/Shoes04.jpg\" alt=\"Pro\" class=\"has-border-color has-ast-global-color-5-border-color wp-image-3121\" style=\"border-width:16px;border-radius:0px\" srcset=\"https:\/\/konfigurator.nu\/wp-content\/uploads\/2024\/08\/Shoes04.jpg 2560w, https:\/\/konfigurator.nu\/wp-content\/uploads\/2024\/08\/Shoes04-300x169.jpg 300w, https:\/\/konfigurator.nu\/wp-content\/uploads\/2024\/08\/Shoes04-1024x576.jpg 1024w, https:\/\/konfigurator.nu\/wp-content\/uploads\/2024\/08\/Shoes04-768x432.jpg 768w, https:\/\/konfigurator.nu\/wp-content\/uploads\/2024\/08\/Shoes04-1536x864.jpg 1536w, https:\/\/konfigurator.nu\/wp-content\/uploads\/2024\/08\/Shoes04-2048x1152.jpg 2048w\" sizes=\"(max-width: 2560px) 100vw, 2560px\" \/><\/figure>\n<\/div><\/div>\n\n\n\n<div class=\"wp-block-uagb-container uagb-block-6be40f00 alignfull uagb-is-root-container\"><div class=\"uagb-container-inner-blocks-wrap\">\n<div class=\"wp-block-uagb-advanced-heading uagb-block-8e598847\"><h3 class=\"uagb-heading-text\">Funksjonalitet og bruksomr\u00e5der<\/h3><\/div>\n\n\n\n<div class=\"wp-block-uagb-container uagb-layout-grid uagb-block-2b8639e4\">\n<div class=\"wp-block-uagb-advanced-heading uagb-block-dda0e0fa\"><h4 class=\"uagb-heading-text\">Fordeler med produktkonfiguratorer<\/h4><p class=\"uagb-desc-text\"><strong>Effektivisering av salgsprosessen<\/strong>: <a href=\"https:\/\/konfigurator.nu\/no\/konfiguratorer\/\">Automatisering av komplekse valg og konfigurasjoner<\/a> sparer ikke bare tid og ressurser, men skaper ogs\u00e5 en mer str\u00f8mlinjeformet salgsprosess. Tradisjonelt sett krever tilpasset konfigurasjon at en ekspert er til stede for \u00e5 veilede kundene gjennom hvert trinn. <br><br><strong>Redusert feilmargin<\/strong>: En av de st\u00f8rste utfordringene ved produktkonfigurasjon er \u00e5 sikre at alle komponenter og spesifikasjoner er kompatible. Feil konfigurasjoner kan f\u00f8re til kostbare returer, reklamasjoner og tap av kundetilfredshet. Konfiguratorer bruker intelligente algoritmer til automatisk \u00e5 sjekke kompatibilitet og spesifikasjoner i sanntid.  <br><br><strong>\u00d8kt kundeengasjement<\/strong>: Konfiguratorer gir kundene en engasjerende og interaktiv opplevelse. Ved \u00e5 tilby visuelle oppdateringer i sanntid kan kundene se hvordan valgene deres p\u00e5virker det endelige resultatet direkte. Dette skaper en f\u00f8lelse av involvering og personalisering som kan \u00f8ke kundetilfredsheten og lojaliteten. For mange kunder er muligheten til \u00e5 utforske og tilpasse produkter visuelt en viktig del av kj\u00f8psopplevelsen.   <br><br><strong>Dataanalyse og kundeinnsikt<\/strong>: Muligheten til \u00e5 samle inn og analysere data om kundepreferanser og -atferd er et av de mest verdifulle aspektene ved produktkonfiguratorer. Ved \u00e5 spore hvilke valg og kombinasjoner kundene gj\u00f8r, kan bedriftene f\u00e5 dyp innsikt i markedstrender og kundepreferanser. Denne informasjonen kan brukes til \u00e5 forbedre tilbudet ved \u00e5 identifisere hvilke funksjoner og alternativer som er mest popul\u00e6re, og hvilke som kanskje b\u00f8r justeres eller fjernes.  <\/p><\/div>\n\n\n\n<div class=\"wp-block-uagb-advanced-heading uagb-block-b946363e\"><h4 class=\"uagb-heading-text\">Felles bruksomr\u00e5der<\/h4><p class=\"uagb-desc-text\"><strong>Automotive<\/strong><br>I <a href=\"https:\/\/virtual-showroom.ewellix.com\/\" target=\"_blank\" rel=\"noopener\">bilindustrien <\/a>er produktkonfiguratorer en viktig del av salgsprosessen. Kundene kan tilpasse bilene sine ved \u00e5 velge modell, motor, farge, interi\u00f8r, ekstrautstyr og tilbeh\u00f8r. Ved \u00e5 bruke en konfigurator kan kundene f\u00e5 en visuell fremstilling av den tilpassede bilen og umiddelbart se hvordan valgene deres p\u00e5virker prisen. Dette \u00f8ker kundenes engasjement og gj\u00f8r kj\u00f8psopplevelsen mer interaktiv og tilfredsstillende.   <br><br><strong>M\u00f8belproduksjon<\/strong><br>M\u00f8belprodusenter bruker konfiguratorer for \u00e5 gi kundene mulighet til \u00e5 skreddersy m\u00f8blene sine. Kundene kan velge materialer, farger, st\u00f8rrelser og andre spesifikasjoner for \u00e5 skape m\u00f8bler som passer perfekt inn i hjemmet. Denne typen konfiguratorer gj\u00f8r det enkelt for kundene \u00e5 visualisere sluttresultatet og sikrer at de f\u00e5r akkurat det de \u00f8nsker seg.  <br><br><strong>Elektronikk ogdatamaskiner <br>I elektronikk- og databransjen er produktkonfiguratorer sv\u00e6rt nyttige for \u00e5 bygge skreddersydde datamaskiner og andre elektroniske enheter. Kundene kan velge ulike komponenter som prosessorer, grafikkort, minne og lagringsenheter for \u00e5 lage en datamaskin som oppfyller deres spesifikke behov. Dette gir kundene kontroll over ytelse og pris, samtidig som risikoen for inkompatible komponenter reduseres.<\/strong>  <\/p><\/div>\n\n\n\n<figure class=\"wp-block-gallery has-nested-images columns-default is-cropped wp-block-gallery-1 is-layout-flex wp-block-gallery-is-layout-flex\">\n<figure class=\"wp-block-image alignfull size-full\"><img decoding=\"async\" width=\"1024\" height=\"1792\" data-id=\"4356\" src=\"https:\/\/konfigurator.nu\/wp-content\/uploads\/2024\/08\/DALL\u00b7E-2024-08-28-14.29.29-A-realistic-scene-of-a-person-sitting-comfortably-with-a-tablet-in-hand-using-a-product-configurator-to-design-a-pair-of-sneakers.-The-tablet-screen-.webp\" alt=\"Produkt\" class=\"wp-image-4356\" srcset=\"https:\/\/konfigurator.nu\/wp-content\/uploads\/2024\/08\/DALL\u00b7E-2024-08-28-14.29.29-A-realistic-scene-of-a-person-sitting-comfortably-with-a-tablet-in-hand-using-a-product-configurator-to-design-a-pair-of-sneakers.-The-tablet-screen-.webp 1024w, https:\/\/konfigurator.nu\/wp-content\/uploads\/2024\/08\/DALL\u00b7E-2024-08-28-14.29.29-A-realistic-scene-of-a-person-sitting-comfortably-with-a-tablet-in-hand-using-a-product-configurator-to-design-a-pair-of-sneakers.-The-tablet-screen--171x300.webp 171w, https:\/\/konfigurator.nu\/wp-content\/uploads\/2024\/08\/DALL\u00b7E-2024-08-28-14.29.29-A-realistic-scene-of-a-person-sitting-comfortably-with-a-tablet-in-hand-using-a-product-configurator-to-design-a-pair-of-sneakers.-The-tablet-screen--585x1024.webp 585w, https:\/\/konfigurator.nu\/wp-content\/uploads\/2024\/08\/DALL\u00b7E-2024-08-28-14.29.29-A-realistic-scene-of-a-person-sitting-comfortably-with-a-tablet-in-hand-using-a-product-configurator-to-design-a-pair-of-sneakers.-The-tablet-screen--768x1344.webp 768w, https:\/\/konfigurator.nu\/wp-content\/uploads\/2024\/08\/DALL\u00b7E-2024-08-28-14.29.29-A-realistic-scene-of-a-person-sitting-comfortably-with-a-tablet-in-hand-using-a-product-configurator-to-design-a-pair-of-sneakers.-The-tablet-screen--878x1536.webp 878w\" sizes=\"(max-width: 1024px) 100vw, 1024px\" \/><\/figure>\n<\/figure>\n<\/div>\n\n\n\n<div class=\"wp-block-uagb-advanced-heading uagb-block-b1b03653\"><\/div>\n<\/div><\/div>\n\n\n\n<p><\/p>\n","protected":false},"excerpt":{"rendered":"<p>PRODUKTKONFIGURATOR Funksjonalitet og bruksomr\u00e5der Fordeler med produktkonfiguratorer Effektivisering av salgsprosessen: Automatisering av komplekse valg og konfigurasjoner sparer ikke bare tid og ressurser, men skaper ogs\u00e5 en mer str\u00f8mlinjeformet salgsprosess. Tradisjonelt sett krever tilpasset konfigurasjon at en ekspert er til stede for \u00e5 veilede kundene gjennom hvert trinn. Redusert feilmargin: En av de st\u00f8rste utfordringene ved [&hellip;]<\/p>\n","protected":false},"author":3,"featured_media":0,"parent":0,"menu_order":0,"comment_status":"closed","ping_status":"closed","template":"","meta":{"_uag_custom_page_level_css":"","site-sidebar-layout":"default","site-content-layout":"","ast-site-content-layout":"default","site-content-style":"default","site-sidebar-style":"default","ast-global-header-display":"","ast-banner-title-visibility":"","ast-main-header-display":"","ast-hfb-above-header-display":"","ast-hfb-below-header-display":"","ast-hfb-mobile-header-display":"","site-post-title":"disabled","ast-breadcrumbs-content":"","ast-featured-img":"","footer-sml-layout":"","ast-disable-related-posts":"","theme-transparent-header-meta":"","adv-header-id-meta":"","stick-header-meta":"","header-above-stick-meta":"","header-main-stick-meta":"","header-below-stick-meta":"","astra-migrate-meta-layouts":"set","ast-page-background-enabled":"default","ast-page-background-meta":{"desktop":{"background-color":"","background-image":"","background-repeat":"repeat","background-position":"center center","background-size":"auto","background-attachment":"scroll","background-type":"","background-media":"","overlay-type":"","overlay-color":"","overlay-opacity":"","overlay-gradient":""},"tablet":{"background-color":"","background-image":"","background-repeat":"repeat","background-position":"center center","background-size":"auto","background-attachment":"scroll","background-type":"","background-media":"","overlay-type":"","overlay-color":"","overlay-opacity":"","overlay-gradient":""},"mobile":{"background-color":"","background-image":"","background-repeat":"repeat","background-position":"center center","background-size":"auto","background-attachment":"scroll","background-type":"","background-media":"","overlay-type":"","overlay-color":"","overlay-opacity":"","overlay-gradient":""}},"ast-content-background-meta":{"desktop":{"background-color":"var(--ast-global-color-5)","background-image":"","background-repeat":"repeat","background-position":"center center","background-size":"auto","background-attachment":"scroll","background-type":"","background-media":"","overlay-type":"","overlay-color":"","overlay-opacity":"","overlay-gradient":""},"tablet":{"background-color":"var(--ast-global-color-5)","background-image":"","background-repeat":"repeat","background-position":"center center","background-size":"auto","background-attachment":"scroll","background-type":"","background-media":"","overlay-type":"","overlay-color":"","overlay-opacity":"","overlay-gradient":""},"mobile":{"background-color":"var(--ast-global-color-5)","background-image":"","background-repeat":"repeat","background-position":"center center","background-size":"auto","background-attachment":"scroll","background-type":"","background-media":"","overlay-type":"","overlay-color":"","overlay-opacity":"","overlay-gradient":""}},"footnotes":""},"class_list":["post-3486","page","type-page","status-publish","hentry"],"uagb_featured_image_src":{"full":false,"thumbnail":false,"medium":false,"medium_large":false,"large":false,"1536x1536":false,"2048x2048":false},"uagb_author_info":{"display_name":"Tino Karazeimbekis","author_link":"https:\/\/konfigurator.nu\/no\/author\/tino\/"},"uagb_comment_info":0,"uagb_excerpt":"PRODUKTKONFIGURATOR Funksjonalitet og bruksomr\u00e5der Fordeler med produktkonfiguratorer Effektivisering av salgsprosessen: Automatisering av komplekse valg og konfigurasjoner sparer ikke bare tid og ressurser, men skaper ogs\u00e5 en mer str\u00f8mlinjeformet salgsprosess. Tradisjonelt sett krever tilpasset konfigurasjon at en ekspert er til stede for \u00e5 veilede kundene gjennom hvert trinn. Redusert feilmargin: En av de st\u00f8rste utfordringene ved&hellip;","_links":{"self":[{"href":"https:\/\/konfigurator.nu\/no\/wp-json\/wp\/v2\/pages\/3486","targetHints":{"allow":["GET"]}}],"collection":[{"href":"https:\/\/konfigurator.nu\/no\/wp-json\/wp\/v2\/pages"}],"about":[{"href":"https:\/\/konfigurator.nu\/no\/wp-json\/wp\/v2\/types\/page"}],"author":[{"embeddable":true,"href":"https:\/\/konfigurator.nu\/no\/wp-json\/wp\/v2\/users\/3"}],"replies":[{"embeddable":true,"href":"https:\/\/konfigurator.nu\/no\/wp-json\/wp\/v2\/comments?post=3486"}],"version-history":[{"count":7,"href":"https:\/\/konfigurator.nu\/no\/wp-json\/wp\/v2\/pages\/3486\/revisions"}],"predecessor-version":[{"id":4357,"href":"https:\/\/konfigurator.nu\/no\/wp-json\/wp\/v2\/pages\/3486\/revisions\/4357"}],"wp:attachment":[{"href":"https:\/\/konfigurator.nu\/no\/wp-json\/wp\/v2\/media?parent=3486"}],"curies":[{"name":"wp","href":"https:\/\/api.w.org\/{rel}","templated":true}]}}